{"id":6995,"date":"2026-02-06T12:41:06","date_gmt":"2026-02-06T11:41:06","guid":{"rendered":"https:\/\/www.jupit.de\/produktwelt\/?post_type=product&#038;p=6995"},"modified":"2026-02-26T07:04:13","modified_gmt":"2026-02-26T06:04:13","slug":"audio-analogue-aaphono-mm-mc-phonovorverstaerker","status":"publish","type":"product","link":"https:\/\/www.jupit.de\/produktwelt\/produkt\/phono-vorverstaerker\/audio-analogue-aaphono-mm-mc-phonovorverstaerker\/","title":{"rendered":"Audio Analogue AAphono MM\/MC-Phonovorverst\u00e4rker"},"content":{"rendered":"<div class=\"icon-text__text\">\n<h2>Analog-Perfektion aus der Toskana: MM\/MC Phono-Vorverst\u00e4rker Audio Analogue AA Phono<\/h2>\n<div>Der Phono-Vorverst\u00e4rker Audio Analogue AAphono geh\u00f6rt zur PureAA-Reihe. Wie der Verst\u00e4rker AAcento ist auch dieser ein Produkt, das voll und ganz an die Philosophie von Audio Analogue ankn\u00fcpft: klares Design, Leistung auf h\u00f6chstem Niveau, gro\u00dfe Sorgfalt bei den Verarbeitungen, bei der Auswahl der Materialien und der Komponenten, verbunden mit einer bemerkenswerten Benutzerfreundlichkeit, machen dieses Ger\u00e4t zum perfekten Begleiter f\u00fcr Plattenspieler und Tonabnehmer jeder Art und Qualit\u00e4t. AAphono ist ideal, um Ihre<\/div>\n<div>geliebten Schallplatten am besten zu h\u00f6ren.<\/div>\n<div>\n<ul>\n<li>MM und MC-Phonovorverst\u00e4rker<\/li>\n<li>einstellbare Impedanz f\u00fcr MC-Systeme: 100, 400, 680 oder 1000 Ohm<\/li>\n<li>einstellbare Kapazit\u00e4t f\u00fcr MM-Systeme: Min, 100, 150 und 250 pF<\/li>\n<li>Subsonic-Filter schaltba<\/li>\n<\/ul>\n<\/div>\n<\/div>\n<div>\u00dcberaus feiner und nat\u00fcrlich-luftiger Klang mit tollen Klangfarben. <em><strong>Das<\/strong> <\/em>Upgrade f\u00fcr Ihren Plattenspieler!<\/div>\n","protected":false},"excerpt":{"rendered":"<p>Der <strong data-start=\"76\" data-end=\"102\">Audio Analogue AAphono<\/strong> ist ein hochwertiger Phonovorverst\u00e4rker f\u00fcr <strong data-start=\"147\" data-end=\"173\">MM- und MC-Tonabnehmer<\/strong>, der mit diskretem Schaltungsaufbau, pr\u00e4ziser Entzerrung und musikalischer Abstimmung \u00fcberzeugt. Er bietet rauscharme Signalverarbeitung und ist die ideale Erg\u00e4nzung f\u00fcr anspruchsvolle Vinyl-Setups mit hohen klanglichen Anspr\u00fcchen.<\/p>\n","protected":false},"featured_media":6996,"template":"","meta":{"_acf_changed":false},"product_brand":[493],"product_cat":[531],"product_tag":[],"class_list":{"0":"post-6995","1":"product","2":"type-product","3":"status-publish","4":"has-post-thumbnail","6":"product_brand-audio-analogue","7":"product_cat-phono-vorverstaerker","9":"first","10":"instock","11":"shipping-taxable","12":"product-type-simple"},"acf":[],"_links":{"self":[{"href":"https:\/\/www.jupit.de\/produktwelt\/wp-json\/wp\/v2\/product\/6995","targetHints":{"allow":["GET"]}}],"collection":[{"href":"https:\/\/www.jupit.de\/produktwelt\/wp-json\/wp\/v2\/product"}],"about":[{"href":"https:\/\/www.jupit.de\/produktwelt\/wp-json\/wp\/v2\/types\/product"}],"wp:featuredmedia":[{"embeddable":true,"href":"https:\/\/www.jupit.de\/produktwelt\/wp-json\/wp\/v2\/media\/6996"}],"wp:attachment":[{"href":"https:\/\/www.jupit.de\/produktwelt\/wp-json\/wp\/v2\/media?parent=6995"}],"wp:term":[{"taxonomy":"product_brand","embeddable":true,"href":"https:\/\/www.jupit.de\/produktwelt\/wp-json\/wp\/v2\/product_brand?post=6995"},{"taxonomy":"product_cat","embeddable":true,"href":"https:\/\/www.jupit.de\/produktwelt\/wp-json\/wp\/v2\/product_cat?post=6995"},{"taxonomy":"product_tag","embeddable":true,"href":"https:\/\/www.jupit.de\/produktwelt\/wp-json\/wp\/v2\/product_tag?post=6995"}],"curies":[{"name":"wp","href":"https:\/\/api.w.org\/{rel}","templated":true}]}}