{"id":6987,"date":"2026-02-06T11:09:24","date_gmt":"2026-02-06T10:09:24","guid":{"rendered":"https:\/\/www.jupit.de\/produktwelt\/?post_type=product&#038;p=6987"},"modified":"2026-02-09T05:37:54","modified_gmt":"2026-02-09T04:37:54","slug":"epson-eh-ls9000w-4k-laserprojektor","status":"publish","type":"product","link":"https:\/\/www.jupit.de\/produktwelt\/produkt\/projektoren\/epson-eh-ls9000w-4k-laserprojektor\/","title":{"rendered":"Epson EH-LS9000W 4K-Laserprojektor"},"content":{"rendered":"<div class=\"buy-box__description\">\n<h2 class=\"buy-box__headline\">4K-Laserprojektor f\u00fcr ultimative Filmabende<\/h2>\n<div class=\"buy-box__key-features\">\n<div class=\"blockdown description\">\n<ul class=\"features\">\n<li><strong>4K-Laserprojektion f\u00fcr Heimkino<\/strong> Bringen Sie die Kinoleinwand mit einer Aufl\u00f6sung von 4K (3.840 \u00d7 2.160) und einer robusten Laserlichtquelle nach Hause.<\/li>\n<li><strong>Verbesserte Bewegung und Detailgenauigkeit f\u00fcr Filmliebhaber<\/strong> 4K Frame Interpolation (Zwischenbildberechnung) und Super Resolution sorgen f\u00fcr scharfe und reibungslose Action. HDR10+ liefert lebendige, lebensechte Bilder.<\/li>\n<li><strong>Tiefer Kontrast und satte Farbgenauigkeit<\/strong> Genie\u00dfen Sie ein immersives Filmerlebnis mit lebendigen Farbt\u00f6nen und einem hohen dynamischen Kontrastverh\u00e4ltnis von 2.500.000:1.<\/li>\n<li><strong>Flexible Installation f\u00fcr Kinor\u00e4ume<\/strong> Motorisierte Lens-Shift-Funktion, Zoom und Fokus erm\u00f6glichen eine einfache Einrichtung in speziellen Heimkinoumgebungen.<\/li>\n<li><strong>Objektiv-Speicher f\u00fcr verschiedene Leinwandformate<\/strong> Wechseln Sie zwischen Inhaltstypen mit 10 gespeicherten Objektiveinstellungen f\u00fcr verschiedene Bildformate.<\/li>\n<li><strong>Langlebige Leistung, geringe Wartung<\/strong> Lasertechnologie bedeutet gleichbleibende Bildqualit\u00e4t und mehr Zeit zum Genie\u00dfen von Filmen.<\/li>\n<\/ul>\n<\/div>\n<\/div>\n<\/div>\n","protected":false},"excerpt":{"rendered":"<p>Der <strong data-start=\"63\" data-end=\"83\">Epson EH-LS9000W<\/strong> ist ein hochwertiger 4K-Laserprojektor mit hoher Lichtleistung, pr\u00e4ziser Farbwiedergabe und langlebiger Laserlichtquelle. Dank modernster Bildverarbeitung, HDR-Unterst\u00fctzung und flexibler Installation eignet er sich ideal f\u00fcr anspruchsvolle Heimkino-Installationen mit gro\u00dfer Bildfl\u00e4che und hoher Bildqualit\u00e4t.<\/p>\n","protected":false},"featured_media":6988,"template":"","meta":{"_acf_changed":false},"product_brand":[794],"product_cat":[272],"product_tag":[],"class_list":{"0":"post-6987","1":"product","2":"type-product","3":"status-publish","4":"has-post-thumbnail","6":"product_brand-epson","7":"product_cat-projektoren","9":"first","10":"instock","11":"shipping-taxable","12":"product-type-simple"},"acf":[],"_links":{"self":[{"href":"https:\/\/www.jupit.de\/produktwelt\/wp-json\/wp\/v2\/product\/6987","targetHints":{"allow":["GET"]}}],"collection":[{"href":"https:\/\/www.jupit.de\/produktwelt\/wp-json\/wp\/v2\/product"}],"about":[{"href":"https:\/\/www.jupit.de\/produktwelt\/wp-json\/wp\/v2\/types\/product"}],"wp:featuredmedia":[{"embeddable":true,"href":"https:\/\/www.jupit.de\/produktwelt\/wp-json\/wp\/v2\/media\/6988"}],"wp:attachment":[{"href":"https:\/\/www.jupit.de\/produktwelt\/wp-json\/wp\/v2\/media?parent=6987"}],"wp:term":[{"taxonomy":"product_brand","embeddable":true,"href":"https:\/\/www.jupit.de\/produktwelt\/wp-json\/wp\/v2\/product_brand?post=6987"},{"taxonomy":"product_cat","embeddable":true,"href":"https:\/\/www.jupit.de\/produktwelt\/wp-json\/wp\/v2\/product_cat?post=6987"},{"taxonomy":"product_tag","embeddable":true,"href":"https:\/\/www.jupit.de\/produktwelt\/wp-json\/wp\/v2\/product_tag?post=6987"}],"curies":[{"name":"wp","href":"https:\/\/api.w.org\/{rel}","templated":true}]}}