{"id":6980,"date":"2026-02-05T17:51:02","date_gmt":"2026-02-05T16:51:02","guid":{"rendered":"https:\/\/www.jupit.de\/produktwelt\/?post_type=product&#038;p=6980"},"modified":"2026-02-09T05:41:51","modified_gmt":"2026-02-09T04:41:51","slug":"hisense-pt1-4k-laser-tv","status":"publish","type":"product","link":"https:\/\/www.jupit.de\/produktwelt\/produkt\/laser-tv\/hisense-pt1-4k-laser-tv\/","title":{"rendered":"Hisense PT1 4K Laser TV"},"content":{"rendered":"<h2><em>Die<\/em> Alternative zu gro\u00dfen Fernsehern &#8211; 80&#8243; &#8211; 150&#8243; Projektionsgr\u00f6\u00dfe m\u00f6glich<\/h2>\n<p>Der Hisense PT1 ist ein kompakter 4K-Laser-TV, der sich durch die Trichroma-RGB-Lasertechnologie mit 110% BT.2020 Farbraum, 2.500 ANSI-Lumen Helligkeit und ein sehr kurzes Projektionsverh\u00e4ltnis (0,2:1) auszeichnet. Er bietet ein gro\u00dfes, helles Bild (80-150 Zoll) mit hoher Farbgenauigkeit, Dolby Vision\/Atmos, integriertes VIDAA U7.6 System und einen niedrigen Input-Lag f\u00fcr Gaming.<\/p>\n<h3><strong>Hauptmerkmale des Hisense PT1:<\/strong><\/h3>\n<ul>\n<li><strong>Bildqualit\u00e4t &amp; Technologie:<\/strong> Nutzt eine Triple-Laser-Lichtquelle (RGB) f\u00fcr 4K-UHD-Aufl\u00f6sung, was 110 % des BT.2020-Farbraums und lebendige Farben erm\u00f6glicht. Mit 2.500 ANSI-Lumen ist er f\u00fcr helle Wohnr\u00e4ume geeignet.<\/li>\n<li><strong>Ultra-Kurzdistanz (UST):<\/strong> Durch das 0,2:1 Projektionsverh\u00e4ltnis kann der Beamer extrem nah an der Wand platziert werden (ca. 18,3 cm Wandabstand f\u00fcr 100 Zoll).<\/li>\n<li><strong>Ausstattung &amp; Smart TV:<\/strong> Das Ger\u00e4t l\u00e4uft mit dem schnellen VIDAA U7.6 Betriebssystem (Streaming-Apps wie Netflix, Prime Video, Disney+), unterst\u00fctzt Dolby Vision, HDR10+ und bietet eine integrierte 2.1-Soundbar mit Dolby Atmos.<\/li>\n<li><strong>Design &amp; Komfort:<\/strong> Der PT1 ist relativ kompakt (521 x 282 x 119 mm) und in Schwarz mit bronzefarbenen Akzenten gehalten. Er verf\u00fcgt \u00fcber eine automatische Bildanpassung (Auto Screen Fit).<\/li>\n<li><strong>Gaming-Funktionen:<\/strong> Niedriger Input-Lag (ca. 36 ms, im Turbomodus &lt;18 ms) und Unterst\u00fctzung von 3D machen ihn f\u00fcr Gamer attraktiv.<\/li>\n<\/ul>\n","protected":false},"excerpt":{"rendered":"<p>Modernes Fernsehen von heute.<\/p>\n<p>Der <strong data-start=\"52\" data-end=\"67\">Hisense PT1<\/strong> ist ein kompakter 4K-Laser-TV mit Ultra-Kurzdistanz-Technologie, hoher Helligkeit und pr\u00e4ziser Farbwiedergabe. Dank Laserlichtquelle, HDR-Unterst\u00fctzung und smartem TV-System bietet er gro\u00dfes Kinoerlebnis auf k\u00fcrzeste Distanz \u2013 ideal f\u00fcr moderne Wohnr\u00e4ume ohne klassische Projektorinstallation.<\/p>\n","protected":false},"featured_media":6981,"template":"","meta":{"_acf_changed":false},"product_brand":[791],"product_cat":[790],"product_tag":[],"class_list":{"0":"post-6980","1":"product","2":"type-product","3":"status-publish","4":"has-post-thumbnail","6":"product_brand-hisense","7":"product_cat-laser-tv","9":"first","10":"instock","11":"shipping-taxable","12":"product-type-simple"},"acf":[],"_links":{"self":[{"href":"https:\/\/www.jupit.de\/produktwelt\/wp-json\/wp\/v2\/product\/6980","targetHints":{"allow":["GET"]}}],"collection":[{"href":"https:\/\/www.jupit.de\/produktwelt\/wp-json\/wp\/v2\/product"}],"about":[{"href":"https:\/\/www.jupit.de\/produktwelt\/wp-json\/wp\/v2\/types\/product"}],"wp:featuredmedia":[{"embeddable":true,"href":"https:\/\/www.jupit.de\/produktwelt\/wp-json\/wp\/v2\/media\/6981"}],"wp:attachment":[{"href":"https:\/\/www.jupit.de\/produktwelt\/wp-json\/wp\/v2\/media?parent=6980"}],"wp:term":[{"taxonomy":"product_brand","embeddable":true,"href":"https:\/\/www.jupit.de\/produktwelt\/wp-json\/wp\/v2\/product_brand?post=6980"},{"taxonomy":"product_cat","embeddable":true,"href":"https:\/\/www.jupit.de\/produktwelt\/wp-json\/wp\/v2\/product_cat?post=6980"},{"taxonomy":"product_tag","embeddable":true,"href":"https:\/\/www.jupit.de\/produktwelt\/wp-json\/wp\/v2\/product_tag?post=6980"}],"curies":[{"name":"wp","href":"https:\/\/api.w.org\/{rel}","templated":true}]}}