{"id":6826,"date":"2025-11-27T14:17:30","date_gmt":"2025-11-27T13:17:30","guid":{"rendered":"https:\/\/www.jupit.de\/produktwelt\/?post_type=product&#038;p=6826"},"modified":"2026-02-05T15:07:35","modified_gmt":"2026-02-05T14:07:35","slug":"pro-ject-flatten-it-schallplattenbuegler","status":"publish","type":"product","link":"https:\/\/www.jupit.de\/produktwelt\/produkt\/pflegen-reinigen\/pro-ject-flatten-it-schallplattenbuegler\/","title":{"rendered":"Pro-Ject Flatten it Schallplattenb\u00fcgler"},"content":{"rendered":"<h2>Pro-Ject Flatten it Schallplattenb\u00fcgler<\/h2>\n<h3>Die kosteng\u00fcnstige L\u00f6sung f\u00fcr wellige Vinyl-Schallplatten<\/h3>\n<p>Ein gro\u00dfes Problem f\u00fcr jeden Vinyl-Liebhaber kann der mechanische Zustand seiner Schallplatten sein, denn der ist die Grundlage den Vinyl-Genuss. Die meisten Schallplatten da drau\u00dfen sind gebraucht und oft schmutzig, was sich mit Plattenreinigungsmaschinen (z.B. dem Nessie Vinylcleaner) leicht beheben l\u00e4sst. Schwieriger wird es, wenn die Schallplatten aufgrund unsachgem\u00e4\u00dfer Lagerung wellig sind. Dann klingt es oft \u201eunrund\u201c und leiernd. Im schlimmsten Fall kann sogar der Tonabnehmer auf der Platte aufsetzen und diese weiter besch\u00e4digen.<\/p>\n<p>Seit einiger Zeit sind Schallplattenb\u00fcgler erh\u00e4ltlich, doch die sind bisher ziemlich teuer. Pro-Ject hat dieses Problem nun gel\u00f6st und Flatten it entwickelt. Diese relativ kleine, einfach zu bedienende und optisch wie haptisch attraktive \u201eB\u00fcgelstation\u201c f\u00fcr Schallplatten ist ein au\u00dfergew\u00f6hnliches Produkt, das in einem sehr hochwertigen, robusten Geh\u00e4use in Europa hergestellt wird. Und Schallplattenliebhaber k\u00f6nnen es mit bestem Vertrauen in seine typischen Pro-Ject-Eigenschaften ihr Eigen nennen: Mit hoher Material- und Fertigungsqualit\u00e4t \u2013 nicht billig, aber sehr vern\u00fcnftig.<\/p>\n<p>Flatten it gl\u00e4ttet wellige Schallplatten sanft und sicher dank seiner pr\u00e4zisen Temperaturregelung \u00fcber beheizte Aluminiumplatten. Flatten it ist mit allen Gr\u00f6\u00dfen und Dicken von Schallplatzen kompatibel. Das Ergebnis sind perfekt flache Vinylscheiben, die mit pr\u00e4ziser und gleichbleibender Geschwindigkeit immer im optimalen Winkel abgetastet werden k\u00f6nnen. Alles f\u00fcr Ihren Musikgenuss!<\/p>\n<p>Gerne b\u00fcgeln wir auch einzelne (!) Schallplatten f\u00fcr Sie, inklusive einer Plattenw\u00e4sche und neuer Innenh\u00fclle berechnen wir f\u00fcr diesen Service \u20ac 17,50.\u00a0 Bitte bedenken Sie, dass der zeitliche Aufwand f\u00fcr das B\u00fcgeln einer einzigen Schallplate ungef\u00e4hr 4 Stunden betr\u00e4gt.<\/p>\n","protected":false},"excerpt":{"rendered":"<ul>\n<li>Gl\u00e4ttet wellige Schallplatten sanft und sicher<\/li>\n<li>Verbessert die Wiedergabequalit\u00e4t<\/li>\n<li>Kompatibel mit allen Gr\u00f6\u00dfen und Dicken<\/li>\n<li>Hochwertige beheizte Aluminiumplatten<\/li>\n<li>Pr\u00e4zise Temperaturregelung<\/li>\n<li>Einfach zu verwenden<\/li>\n<li>Hergestellt in Europa<\/li>\n<li>Unser B\u00fcgelservice f\u00fcr Sie: \u20ac 17,50 pro Platte inkl. Plattenw\u00e4sche<\/li>\n<\/ul>\n","protected":false},"featured_media":6827,"template":"","meta":{"_acf_changed":false},"product_brand":[439],"product_cat":[298],"product_tag":[],"class_list":{"0":"post-6826","1":"product","2":"type-product","3":"status-publish","4":"has-post-thumbnail","6":"product_brand-pro-ject","7":"product_cat-pflegen-reinigen","9":"first","10":"instock","11":"shipping-taxable","12":"product-type-simple"},"acf":[],"_links":{"self":[{"href":"https:\/\/www.jupit.de\/produktwelt\/wp-json\/wp\/v2\/product\/6826","targetHints":{"allow":["GET"]}}],"collection":[{"href":"https:\/\/www.jupit.de\/produktwelt\/wp-json\/wp\/v2\/product"}],"about":[{"href":"https:\/\/www.jupit.de\/produktwelt\/wp-json\/wp\/v2\/types\/product"}],"wp:featuredmedia":[{"embeddable":true,"href":"https:\/\/www.jupit.de\/produktwelt\/wp-json\/wp\/v2\/media\/6827"}],"wp:attachment":[{"href":"https:\/\/www.jupit.de\/produktwelt\/wp-json\/wp\/v2\/media?parent=6826"}],"wp:term":[{"taxonomy":"product_brand","embeddable":true,"href":"https:\/\/www.jupit.de\/produktwelt\/wp-json\/wp\/v2\/product_brand?post=6826"},{"taxonomy":"product_cat","embeddable":true,"href":"https:\/\/www.jupit.de\/produktwelt\/wp-json\/wp\/v2\/product_cat?post=6826"},{"taxonomy":"product_tag","embeddable":true,"href":"https:\/\/www.jupit.de\/produktwelt\/wp-json\/wp\/v2\/product_tag?post=6826"}],"curies":[{"name":"wp","href":"https:\/\/api.w.org\/{rel}","templated":true}]}}