{"id":6735,"date":"2025-08-16T12:13:21","date_gmt":"2025-08-16T10:13:21","guid":{"rendered":"https:\/\/www.jupit.de\/produktwelt\/?post_type=product&#038;p=6735"},"modified":"2026-01-20T20:09:56","modified_gmt":"2026-01-20T19:09:56","slug":"vortex-hifi-ronde-20-sigma","status":"publish","type":"product","link":"https:\/\/www.jupit.de\/produktwelt\/produkt\/zubehoer\/vortex-hifi-ronde-20-sigma\/","title":{"rendered":"Vortex HiFi Ronde 20 Sigma"},"content":{"rendered":"<h2>Die Vortex HiFi Ronde 20 Sigma wird hergestellt aus Bergkristall.<\/h2>\n<p>Die Sigma Ronde 20 ist ein sehr universell einsetzbares Entst\u00f6rprodukt f\u00fcr HiFi Ger\u00e4te. Mit der Vortex HiFi Ronde 20 Sigma k\u00f6nnen Sie beispielsweise Glasfl\u00e4chen, Kabel, Stromkabel, Lautsprecher und HiFi-Komponenten entst\u00f6ren. Sie eignet sich ebenfalls zur Entst\u00f6rung von Computer-Technik wie z.B. WLAN-Router, Handy-Schaltnetzteile und Lampenfassungen.<\/p>\n<p>Sigma ist die neuste Ausbaustufe der Vortex HiFi Informierung. Diese auf dem medizinischen Prinzip der Information beruhende Entst\u00f6rtechnik reduziert die biologisch st\u00f6renden Potentialwirbel. Zus\u00e4tzlich verringern die neuesten Sigma Antistress Informationen der Vortex Sigma Informierung die Beeintr\u00e4chtigung des Musikh\u00f6rens durch die im H\u00f6rraum befindlichen Netzsteckdosen ganz erheblich.<\/p>\n<p>Sprechen Sie \u00fcber dieses Thema mit unserem Spezialisten Jens Bruning!<\/p>\n<p>&nbsp;<\/p>\n","protected":false},"excerpt":{"rendered":"<p>Ausf\u00fchrliche Informationen zu verschiedenen Vortex Produkten:<\/p>\n<p><a href=\"https:\/\/www.bellevueaudio.de\/wp-content\/uploads\/2021\/05\/Sonderdruck_VORTEX_HIFI_Erfahrungen.pdf\">Erfahrungen \u00fcber VORTEX HiFiProdukte PDF<\/a><\/p>\n<p>Beratung, Planung und Vorf\u00fchrung auch vor Ort m\u00f6glich<\/p>\n<p>Ihr Ansprechpartner bei Jupit: Jens Bruning<\/p>\n","protected":false},"featured_media":6736,"template":"","meta":{"_acf_changed":false},"product_brand":[568],"product_cat":[264],"product_tag":[],"class_list":{"0":"post-6735","1":"product","2":"type-product","3":"status-publish","4":"has-post-thumbnail","6":"product_brand-vortex","7":"product_cat-zubehoer","9":"first","10":"instock","11":"shipping-taxable","12":"product-type-simple"},"acf":[],"_links":{"self":[{"href":"https:\/\/www.jupit.de\/produktwelt\/wp-json\/wp\/v2\/product\/6735","targetHints":{"allow":["GET"]}}],"collection":[{"href":"https:\/\/www.jupit.de\/produktwelt\/wp-json\/wp\/v2\/product"}],"about":[{"href":"https:\/\/www.jupit.de\/produktwelt\/wp-json\/wp\/v2\/types\/product"}],"wp:featuredmedia":[{"embeddable":true,"href":"https:\/\/www.jupit.de\/produktwelt\/wp-json\/wp\/v2\/media\/6736"}],"wp:attachment":[{"href":"https:\/\/www.jupit.de\/produktwelt\/wp-json\/wp\/v2\/media?parent=6735"}],"wp:term":[{"taxonomy":"product_brand","embeddable":true,"href":"https:\/\/www.jupit.de\/produktwelt\/wp-json\/wp\/v2\/product_brand?post=6735"},{"taxonomy":"product_cat","embeddable":true,"href":"https:\/\/www.jupit.de\/produktwelt\/wp-json\/wp\/v2\/product_cat?post=6735"},{"taxonomy":"product_tag","embeddable":true,"href":"https:\/\/www.jupit.de\/produktwelt\/wp-json\/wp\/v2\/product_tag?post=6735"}],"curies":[{"name":"wp","href":"https:\/\/api.w.org\/{rel}","templated":true}]}}