{"id":6724,"date":"2025-07-25T11:45:47","date_gmt":"2025-07-25T09:45:47","guid":{"rendered":"https:\/\/www.jupit.de\/produktwelt\/?post_type=product&#038;p=6724"},"modified":"2026-02-04T12:58:57","modified_gmt":"2026-02-04T11:58:57","slug":"audioquest-jitterbug-fmj","status":"publish","type":"product","link":"https:\/\/www.jupit.de\/produktwelt\/produkt\/zubehoer\/audioquest-jitterbug-fmj\/","title":{"rendered":"AudioQuest JitterBug FMJ USB-HF-Rauschfilter"},"content":{"rendered":"<div class=\"product-description ng-binding\" data-ng-bind-html=\"product.formattedText\">\n<p>Zehntausende Musikliebhaber genie\u00dfen dank des AudioQuest-USB-Rauschfilters JitterBug bereits besseren Klang \u2013 angeschlossen an die USB-Buchse in Autos, an Laptops oder USB-Service-Buchsen von Ethernet-Streamern oder anderen Ger\u00e4ten.<\/p>\n<p>Jetzt setzt der JitterBug FMJ mit seinem Metallgeh\u00e4use, dem Full Metal Jacket, noch einen drauf.<\/p>\n<p>Der JitterBug reduziert die Verunreinigungen durch von Computern, vom Auto oder anderen Ger\u00e4ten erzeugtes HF-Rauschen, egal ob er in Reihe (seriell) oder parallel eingesetzt wird. Der JitterBug FMJ bek\u00e4mpft au\u00dferdem HF-St\u00f6rungen aus der Umgebung, die diese anf\u00e4llige Schnittstelle ausnutzen.<\/p>\n<p>Die auff\u00e4lligste Ver\u00e4nderung ist das neue Metallgeh\u00e4use \u2013 aber auch das scheinbar harmlose, aufklappbare \u201eGummiteil\u201c, das den Ausgang des JitterBug abdeckt, tr\u00e4gt seinen entscheidenden Anteil an der verbesserten Leistung des JitterBug bei. Diese kleine schwarze \u201eT\u00fcr\u201c ist HF-dicht, da das Material aus stark HF-absorbierendem Carbon besteht.<\/p>\n<p>Verwenden Sie einen JitterBug in Reihe zwischen einem Computer, Smartphone, NAS, Streamer oder Car-Audio-System und einem USB-Eingang. F\u00fcr eine zus\u00e4tzliche Klangverbesserung verwenden Sie einen zweiten JitterBug in einem weiteren, nicht belegten USB-Port parallel zum ersten \u2013 hier jedoch mit geschlossener Haust\u00fcr am JitterBug FMJ.<\/p>\n<p>In Reihe mit den AudioQuest DragonFlys Black oder Red verwendet, hilft der JitterBug diesen wunderbaren Gesch\u00f6pfen, h\u00f6her und schneller zu fliegen als bisher. Wollen Sie einen JitterBug vor einem DragonFly Cobalt einsetzen, ist es jedoch ratsam, zu experimentieren. Der DragonFly Cobalt nutzt selbst einen Teil der JitterBug-Filterung, und daher k\u00f6nnen diese zwei in Reihe arbeitenden Filter die Wiedergabe verbessern oder beeintr\u00e4chtigen \u2013 je nach Anlage und Umfeld.<\/p>\n<p>Rauschableitung und Reduzierung von St\u00f6rungen \u2013 daf\u00fcr steht AudioQuest! Das allgegenw\u00e4rtige HF-Rauschen unserer modernen Welt selbst ist zwar nicht h\u00f6rbar, aber die von ihm verursachten St\u00f6rungen rauben uns Details und Kontraste und \u00fcberdecken jede Menge Feinheiten. Schlagen Sie mit dem JitterBug FMJ zur\u00fcck.<\/p>\n<\/div>\n","protected":false},"excerpt":{"rendered":"<p>Dieser kleine Rauschfilter leitet am USB-Anschluss ein rauschfreies, unverzerrtes, digitales Audiosignal an einen D\/A-Wandler in mobiler aber auch station\u00e4rer Form weiter.<\/p>\n","protected":false},"featured_media":6725,"template":"","meta":{"_acf_changed":false},"product_brand":[621],"product_cat":[264],"product_tag":[],"class_list":{"0":"post-6724","1":"product","2":"type-product","3":"status-publish","4":"has-post-thumbnail","6":"product_brand-audioquest","7":"product_cat-zubehoer","9":"first","10":"instock","11":"shipping-taxable","12":"product-type-simple"},"acf":[],"_links":{"self":[{"href":"https:\/\/www.jupit.de\/produktwelt\/wp-json\/wp\/v2\/product\/6724","targetHints":{"allow":["GET"]}}],"collection":[{"href":"https:\/\/www.jupit.de\/produktwelt\/wp-json\/wp\/v2\/product"}],"about":[{"href":"https:\/\/www.jupit.de\/produktwelt\/wp-json\/wp\/v2\/types\/product"}],"wp:featuredmedia":[{"embeddable":true,"href":"https:\/\/www.jupit.de\/produktwelt\/wp-json\/wp\/v2\/media\/6725"}],"wp:attachment":[{"href":"https:\/\/www.jupit.de\/produktwelt\/wp-json\/wp\/v2\/media?parent=6724"}],"wp:term":[{"taxonomy":"product_brand","embeddable":true,"href":"https:\/\/www.jupit.de\/produktwelt\/wp-json\/wp\/v2\/product_brand?post=6724"},{"taxonomy":"product_cat","embeddable":true,"href":"https:\/\/www.jupit.de\/produktwelt\/wp-json\/wp\/v2\/product_cat?post=6724"},{"taxonomy":"product_tag","embeddable":true,"href":"https:\/\/www.jupit.de\/produktwelt\/wp-json\/wp\/v2\/product_tag?post=6724"}],"curies":[{"name":"wp","href":"https:\/\/api.w.org\/{rel}","templated":true}]}}