{"id":6712,"date":"2025-07-22T13:20:21","date_gmt":"2025-07-22T11:20:21","guid":{"rendered":"https:\/\/www.jupit.de\/produktwelt\/?post_type=product&#038;p=6712"},"modified":"2026-01-21T06:20:46","modified_gmt":"2026-01-21T05:20:46","slug":"shunyata-theta-speaker-cable","status":"publish","type":"product","link":"https:\/\/www.jupit.de\/produktwelt\/produkt\/zubehoer\/shunyata-theta-speaker-cable\/","title":{"rendered":"Shunyata Theta Speaker Cable"},"content":{"rendered":"<div class=\"offcanvas-body\">\n<div class=\"product-detail-description tab-pane-container\">\n<h2 class=\"h3 product-detail-description-title\">Shunyata Theta Lautsprecherkabel<\/h2>\n<div class=\"product-detail-description-text\">\n<p>Die <strong>Theta Series<\/strong>-Signal-, Digital- und Netzkabel wurden mit wissenschaftlichen Innovationen entwickelt, die Shunyata Research als wichtigen Beitrag f\u00fcr die weltweit f\u00fchrenden Tonstudios und Herzchirurgie-Labore etabliert haben. Jedes Bauteil, Material und jeder Leiter der Theta Series wurde individuell entwickelt, um die Grenzen der Signalaufl\u00f6sung zu erweitern \u2013 selbst im Vergleich zu Produkten ohne Kosteneinschr\u00e4nkungen. Die Produkte der Theta Series bauen weiter auf Shunyata Researchs Verm\u00e4chtnis auf, kompromisslose Leistung zu liefern und dabei die Erwartungen an Produkte in ihrer Kategorie zu \u00fcbertreffen.<\/p>\n<h3><strong>ADVANCING TECHNOLOGY<\/strong><\/h3>\n<p>Die Signal- und Digitalkabel der Theta Series verf\u00fcgen \u00fcber kontinuierlich gegossenes Ohno-Kupfer. Dieses extrem reine Material wird durch erhitzte Formen gezogen, die den Draht zu einer einzigen kristallinen Struktur formen. Die Ohno-Leiter der Theta Series werden anschlie\u00dfend mit einem Fluorcarbon-Dielektrikum und ma\u00dfgeschneiderten Abschirmelementen extrudiert, unter Anwendung des exklusiven <strong>PMZ (Precision Matched Impedance)<\/strong>-Prozesses von Shunyata Research. Dieses Verfahren verfeinert die Toleranzen der Leiteroberfl\u00e4che, des Dielektrikums und der pr\u00e4zisen Abschirmplatzierung. Um diese feinen Toleranzen zu erreichen, m\u00fcssen die Extrusions- und Flechtmaschinen mit einem Viertel der normalen Geschwindigkeit betrieben werden.<\/p>\n<p>Die Lautsprecherkabel und Netzkabel der Theta Series sind mit <strong>VTX\u2122<\/strong>-Leitern (hohler Kern) und <strong>VTX-Ag\u2122<\/strong>-Leitern (reines Silber im Kern) ausgestattet, beide mit einer \u00e4u\u00dferen Schicht aus ultra-reinem OFE-Kupfer f\u00fcr eine verbesserte Leistung. Schlie\u00dflich werden alle Theta-Kabel vier Tage lang mit dem <strong>Kinetic Phase Inversion Process\u2122 (KPIPv2\u2122)<\/strong> von Shunyata Research konditioniert, der die Metalle der Leiter auf molekularer Ebene optimiert. Die Kabel der Theta Series sind mit ma\u00dfgeschneiderten Steckern und kalt verl\u00f6teten Anschl\u00fcssen von Shunyata versehen, was ihre Leistung weit \u00fcber die Erwartungen hinaus hebt \u2013 unabh\u00e4ngig von den Kosten.<\/p>\n<h3><strong>THE SOUND AND FURY<\/strong><\/h3>\n<p>Die Theta-Kabel verschwinden praktisch und lassen das System pl\u00f6tzliche dynamische Verschiebungen in Timing und Frequenz m\u00fchelos und nuanciert ausdr\u00fccken. Ein Komplettset von Theta-Kabeln erm\u00f6glicht es einem komplexen System aus Elektronik und Lautsprechern, mit einer einzigen koh\u00e4renten Stimme zu sprechen.<\/p>\n<p>Wie ihre erschwinglicheren Pendants aus der Gamma Series verleihen die Theta-Kabel dem System ein unersch\u00fctterliches Gef\u00fchl von Koh\u00e4renz, als ob alles perfekt fokussiert w\u00e4re, ohne Verzerrungen oder harte Transienten. Es gibt keine wahrnehmbaren St\u00f6rungen, was es erm\u00f6glicht, spektrale und texturale Feinheiten in den Vordergrund zu bringen. Im Gegensatz zu herk\u00f6mmlichen Kupferkabeln bieten die Theta-Kabel explosive Dynamik und perfekt abgestimmte Frequenzbereiche \u2013 selbst im Vergleich zu wesentlich teureren Kabeln. Die gr\u00f6\u00dferen VTX\u2122-Leiter der Theta-Kabel verleihen Gewicht, Dimensionalit\u00e4t und eine raumf\u00fcllende Klangb\u00fchne.<\/p>\n<h3><strong><u>TECHNOLOGIEN<\/u><\/strong><\/h3>\n<h4><i>VTX<\/i><\/h4>\n<p>Die exklusiven <strong>VTX\u2122-Leiter<\/strong> von Shunyata Research sind in Form virtueller R\u00f6hren gefertigt. Der Kern des Leiters ist vollst\u00e4ndig hohl, um Skin-Effekte und zuf\u00e4llige Wirbelstr\u00f6me zu minimieren. Sie werden aus <strong>OFE Alloy-101<\/strong> hergestellt.<\/p>\n<h4><i>ArNi<\/i><\/h4>\n<p><strong>ArNi\u00ae<\/strong> ist ein von Shunyata Research entwickelter Drahttyp, der h\u00f6chste Qualit\u00e4t f\u00fcr Audiozwecke bietet. Er besteht aus extrem reinem Kupfer (OFE C10100 oder Ohno-Einkristall) und wird als virtuelles Hohlrohr geformt, um Skin-Effekte und Wirbelstromverzerrungen zu eliminieren. Hochwertige Fluorcarbon-Isolierungen verbessern die Aufl\u00f6sung und Klarheit erheblich. Der Draht durchl\u00e4uft zus\u00e4tzlich den firmeneigenen <strong>KPIP\u2122-Prozess<\/strong>.<\/p>\n<h4><i>OFE 101<\/i><\/h4>\n<p>Shunyata Research verwendet ausschlie\u00dflich das reinste Kupfer f\u00fcr die Herstellung seiner Drahtprodukte. <strong>OFE Alloy 101<\/strong> oder <strong>C10100<\/strong> ist die h\u00f6chste Kupferqualit\u00e4t mit einer Mindestreinheit von 99,99 % und einer Leitf\u00e4higkeit von 101 % IACS. OFE steht f\u00fcr \u201eoxygen-free electrolytic\u201c und ersetzt den Begriff \u201eOFHC (oxygen-free high conductivity)\u201c. <strong>C10100<\/strong> ist die einzige Kupferqualit\u00e4t, die mit einem schriftlichen Reinheitszertifikat geliefert wird.<\/p>\n<h4><i>Fluorcarbon-Dielektrika<\/i><\/h4>\n<p>Fluorcarbon-Dielektrika, die normalerweise in der Luft- und Raumfahrt sowie in Satelliten verwendet werden, bieten eine sehr geringe dielektrische Absorption, hohe dielektrische Festigkeit und au\u00dfergew\u00f6hnliche W\u00e4rmebest\u00e4ndigkeit. Diese Eigenschaften reduzieren wahrgenommene dynamische Kompression und verbessern die Aufl\u00f6sung und Klarheit bei niedrigen Signalpegeln.<\/p>\n<h4><i>KPIP v2<\/i><\/h4>\n<p>Der <strong>Kinetic Phase Inversion Process (KPIP v2\u2122)<\/strong> ist ein propriet\u00e4rer Konditionierungsprozess, der die Leiter \u00fcber einen Zeitraum von 4 Tagen auf molekularer Ebene verfeinert. Dies reduziert die Einspielzeit drastisch und verbessert die klangliche Leistung, was eine lebendige und entspannte Klangwiedergabe erm\u00f6glicht.<\/p>\n<\/div>\n<div class=\"offcanvas-body\">\n<div class=\"owntabs-tab1-tab-pane-container tab-pane-container\">\n<h3><u>Spezifikationen<\/u><\/h3>\n<ul>\n<li><strong>Leiter:<\/strong> OFE-Kupfer<\/li>\n<li><strong>Leitungsquerschnitt:<\/strong> 08<\/li>\n<li><strong>Technologie:<\/strong> VTX\u2122<\/li>\n<li><strong>Konstruktion:<\/strong> Tri-Flex<\/li>\n<li><strong>Dielektrikum:<\/strong> Fluorcarbon<\/li>\n<li><strong>Anschl\u00fcsse:<\/strong> Austauschbare STIS v3, kaltverschwei\u00dft<\/li>\n<li><strong>Farbe:<\/strong> Schwarze Ummantelung<\/li>\n<li><strong>STIS v3:<\/strong> Ja<\/li>\n<li><strong>KPIP-Verarbeitung:<\/strong> 4 Tage<\/li>\n<li><u>Standardl\u00e4nge<\/u><\/li>\n<li><strong>Lautsprecherkabel:<\/strong> 2,50 Meter<\/li>\n<li><strong>Lautsprecherbr\u00fccken:<\/strong> 0,25 Meter, zus\u00e4tzliche L\u00e4ngen verf\u00fcgbar<\/li>\n<li><u>Sicherheitspr\u00fcfung<\/u><\/li>\n<li>Pr\u00fcfung auf Kontinuit\u00e4t und Polarit\u00e4t \u2013 durch zwei Techniker<\/li>\n<li>HiPOT-Pr\u00fcfung zur Isolationsfestigkeit bei 1.200 VAC<\/li>\n<\/ul>\n<\/div>\n<\/div>\n<\/div>\n<\/div>\n","protected":false},"excerpt":{"rendered":"<p data-start=\"221\" data-end=\"548\">Mit der <strong data-start=\"229\" data-end=\"244\">Theta-Serie<\/strong> pr\u00e4sentiert der amerikanische Spezialist <strong data-start=\"286\" data-end=\"307\">Shunyata Research<\/strong> eine neue Generation hochwertiger Audiokabel. Das hier angebotene <strong data-start=\"374\" data-end=\"395\">Lautsprecherkabel<\/strong> wird als <strong data-start=\"405\" data-end=\"452\">konfektioniertes Stereoset in 3 Meter L\u00e4nge<\/strong> geliefert und \u00fcberzeugt durch pr\u00e4zise Verarbeitung sowie eine klanglich ausgewogene Abstimmung.<\/p>\n<p data-start=\"550\" data-end=\"742\">Erg\u00e4nzend zum Lautsprecherkabel umfasst die Theta-Serie auch <strong data-start=\"611\" data-end=\"652\">NF-Kabel, Stromkabel und Digitalkabel<\/strong>, sodass sich komplette, systematisch abgestimmte Verkabelungsl\u00f6sungen realisieren lassen.<\/p>\n","protected":false},"featured_media":6713,"template":"","meta":{"_acf_changed":false},"product_brand":[618],"product_cat":[264],"product_tag":[],"class_list":{"0":"post-6712","1":"product","2":"type-product","3":"status-publish","4":"has-post-thumbnail","6":"product_brand-shunyata","7":"product_cat-zubehoer","9":"first","10":"instock","11":"shipping-taxable","12":"product-type-simple"},"acf":[],"_links":{"self":[{"href":"https:\/\/www.jupit.de\/produktwelt\/wp-json\/wp\/v2\/product\/6712","targetHints":{"allow":["GET"]}}],"collection":[{"href":"https:\/\/www.jupit.de\/produktwelt\/wp-json\/wp\/v2\/product"}],"about":[{"href":"https:\/\/www.jupit.de\/produktwelt\/wp-json\/wp\/v2\/types\/product"}],"wp:featuredmedia":[{"embeddable":true,"href":"https:\/\/www.jupit.de\/produktwelt\/wp-json\/wp\/v2\/media\/6713"}],"wp:attachment":[{"href":"https:\/\/www.jupit.de\/produktwelt\/wp-json\/wp\/v2\/media?parent=6712"}],"wp:term":[{"taxonomy":"product_brand","embeddable":true,"href":"https:\/\/www.jupit.de\/produktwelt\/wp-json\/wp\/v2\/product_brand?post=6712"},{"taxonomy":"product_cat","embeddable":true,"href":"https:\/\/www.jupit.de\/produktwelt\/wp-json\/wp\/v2\/product_cat?post=6712"},{"taxonomy":"product_tag","embeddable":true,"href":"https:\/\/www.jupit.de\/produktwelt\/wp-json\/wp\/v2\/product_tag?post=6712"}],"curies":[{"name":"wp","href":"https:\/\/api.w.org\/{rel}","templated":true}]}}