{"id":6706,"date":"2025-07-22T12:34:45","date_gmt":"2025-07-22T10:34:45","guid":{"rendered":"https:\/\/www.jupit.de\/produktwelt\/?post_type=product&#038;p=6706"},"modified":"2026-02-04T15:31:07","modified_gmt":"2026-02-04T14:31:07","slug":"mcintosh-msa5500-ac","status":"publish","type":"product","link":"https:\/\/www.jupit.de\/produktwelt\/produkt\/streaming-verstaerker\/mcintosh-msa5500-ac\/","title":{"rendered":"McIntosh MSA5500 AC"},"content":{"rendered":"<div class=\"offcanvas-body\">\n<div class=\"product-detail-description tab-pane-container\">\n<h2 class=\"h3 product-detail-description-title\">Streaming-Vollverst\u00e4rker McIntosh MSA5500 AC<\/h2>\n<div class=\"product-detail-description-text\">\n<div>\n<p>Der McIntosh MSA5500 Streaming Integrated Amplifier kombiniert leistungsstarke Streaming-Funktionalit\u00e4t mit einem integrierten Verst\u00e4rker in einem kompakten Design. Ob als Einstieg in die Welt der High-Fidelity-Audio, als Erg\u00e4nzung zu einem bestehenden System oder als audiophiler Begleiter im B\u00fcro oder Ferienhaus \u2013 der MSA5500 \u00fcberzeugt auf ganzer Linie. Seine kompakte Bauweise macht ihn ideal f\u00fcr moderne Wohnr\u00e4ume, in denen herausragender Klang auch bei begrenztem Platz nicht fehlen darf.<\/p>\n<h3>Vielseitige Streaming-M\u00f6glichkeiten<\/h3>\n<p>Der MSA5500 unterst\u00fctzt f\u00fchrende Streaming-Plattformen wie Apple AirPlay\u00ae, Bluetooth\u00ae 5.0, Google Cast\u2122, Spotify\u00ae Connect und TIDAL\u00ae Connect, einschlie\u00dflich TIDAL HiFi Lossless Qualit\u00e4. Dank seiner intuitiven Bedienung k\u00f6nnen Sie Ihre Lieblingsmusik direkt von Ihrem Smartphone streamen \u2013 ohne spezielle Apps oder technische Vorkenntnisse.<\/p>\n<h4>Bluetooth und kabellose Konnektivit\u00e4t<\/h4>\n<p>F\u00fcr Bluetooth-Streaming bietet der MSA5500 erstklassige Standards wie AAC, Qualcomm\u00ae aptX\u2122 HD und aptX Adaptive f\u00fcr hochaufl\u00f6senden, unterbrechungsfreien Klang. Mit zwei Wi-Fi 6-Antennen und einer Bluetooth-Antenne garantiert der MSA5500 stabile kabellose Verbindungen. Alternativ steht ein Ethernet-Anschluss f\u00fcr kabelgebundene Verbindungen zur Verf\u00fcgung.<\/p>\n<h3>Herausragende Klangqualit\u00e4t<\/h3>\n<p>Ein audiophiler Digital-Analog-Wandler (DAC) der n\u00e4chsten Generation sorgt f\u00fcr beeindruckenden Klang. Der Quad Balanced 8-Kanal-32-Bit-DAC bietet eine enorme Dynamik und minimale Verzerrungen \u2013 unabh\u00e4ngig vom Dateiformat. Der MSA5500 ist au\u00dferdem Roon Ready zertifiziert, sodass Sie alle Vorteile des Roon-Musikplayers nutzen k\u00f6nnen, wie erweiterte Metadaten, K\u00fcnstler-Biografien und vieles mehr.<\/p>\n<h3>Umfangreiche Anschlussm\u00f6glichkeiten<\/h3>\n<p>Neben den vielf\u00e4ltigen Streaming-Funktionen bietet der MSA5500 sieben digitale und f\u00fcnf analoge Eing\u00e4nge, darunter einen Moving Magnet Phono-Eingang f\u00fcr Plattenspieler. Die digitalen Eing\u00e4nge unterst\u00fctzen hochaufl\u00f6sende Formate, und der USB-Anschluss erm\u00f6glicht native DSD512- und DXD-Wiedergabe bis 384 kHz.<\/p>\n<h4>Fernseher und Heimkino<\/h4>\n<p>\u00dcber HDMI (ARC) lassen sich Fernseher anschlie\u00dfen, um Filme und Serien mit \u00fcberragender Klangqualit\u00e4t zu genie\u00dfen. Der MSA5500 unterst\u00fctzt Dolby\u00ae und DTS\u00ae Mehrkanal-Formate und wandelt diese in hochwertiges Zweikanal-Audio um. Ein Subwoofer-Ausgang erm\u00f6glicht zudem die Erweiterung um einen aktiven Subwoofer.<\/p>\n<h3>Un\u00fcbertroffene Verst\u00e4rkung<\/h3>\n<p>Die Verst\u00e4rkereinheit liefert 100 Watt pro Kanal an 8-Ohm-Lautsprecher oder 160 Watt an 4-Ohm-Modelle. Die charakteristischen McIntosh Watt-Meter visualisieren die Leistung in Echtzeit. Technologien wie Power Guard\u00ae, Sentry Monitor\u2122, Monogrammed Heatsinks\u2122 und Solid Cinch\u2122 sorgen f\u00fcr Langlebigkeit, Schutz und Effizienz.<\/p>\n<h3>Zukunftssicher und flexibel<\/h3>\n<p>Der MSA5500 passt sich Ihren wachsenden Anforderungen an. Bei Bedarf kann der Verst\u00e4rker durch eine separate Endstufe erweitert werden, w\u00e4hrend die Streaming- und Vorverst\u00e4rkerfunktionen weiterhin genutzt werden. Egal, wie sich Ihre Bed\u00fcrfnisse entwickeln \u2013 der MSA5500 bleibt ein treuer Begleiter f\u00fcr audiophile Erlebnisse.<\/p>\n<p>&nbsp;<\/p>\n<\/div>\n<div class=\"offcanvas-body\">\n<div class=\"owntabs-tab1-tab-pane-container tab-pane-container\">\n<div>\n<h3>Technische Daten<\/h3>\n<h4>Elektronische Spezifikationen<\/h4>\n<ul>\n<li>FTC-Leistungsangabe: 100 W<\/li>\n<li>Leistung pro Kanal: 100 W an 8 Ohm, 160 W an 4 Ohm<\/li>\n<li>Anzahl der Kan\u00e4le: 2<\/li>\n<li>Leistungsbereich: 20 Hz bis 20 kHz<\/li>\n<li>Gesamtklirrfaktor: 0,005 %<\/li>\n<li>Dynamikbereich: 1,8 dB<\/li>\n<li>Frequenzgang (+0, -0,5 dB): 20 Hz bis 20 kHz<\/li>\n<li>Frequenzgang (+0, -3 dB): 10 Hz bis 100 kHz<\/li>\n<li>Empfindlichkeit Phono (Moving Coil): N\/A<\/li>\n<li>Empfindlichkeit Phono (Moving Magnet): 2,5 mV<\/li>\n<li>Empfindlichkeit Hochpegel (symmetrisch\/unsymmetrisch): 0,5 V\/0,25 V<\/li>\n<li>Empfindlichkeit (Power Amp Eingang): 1 V<\/li>\n<li>Signal-Rausch-Verh\u00e4ltnis (Moving Coil): N\/A<\/li>\n<li>Signal-Rausch-Verh\u00e4ltnis (Moving Magnet): 82 dB<\/li>\n<li>Signal-Rausch-Verh\u00e4ltnis (Hochpegel): 95 dB<\/li>\n<li>Signal-Rausch-Verh\u00e4ltnis (Power Amp Eingang): 110 dB<\/li>\n<li>Eingangsimpedanz (symmetrisch\/unsymmetrisch): 20 kOhm\/20 kOhm<\/li>\n<li>D\u00e4mpfungsfaktor: 8 Ohm: &gt;200, 4 Ohm: &gt;100<\/li>\n<li>Maximale Ausgangsspannung (unsymmetrisch): 8 V<\/li>\n<\/ul>\n<h4><\/h4>\n<h4>Konnektivit\u00e4t<\/h4>\n<ul>\n<li>Symmetrischer Eingang: 1<\/li>\n<li>Unsymmetrische Eing\u00e4nge: 4<\/li>\n<li>Phono-Eingang Moving Coil: 0<\/li>\n<li>Phono-Eingang Moving Magnet: 1 (feste Last)<\/li>\n<li>Upgradef\u00e4higes Digital-Audio-Modul: Nein<\/li>\n<li>Digitaler Koaxial-Eingang: 2<\/li>\n<li>Digitaler Optischer Eingang: 2<\/li>\n<li>Digitaler MCT-Eingang: 1<\/li>\n<li>Digitaler USB-Eingang: 1<\/li>\n<li>HDMI (ARC) Eingang: 1<\/li>\n<li>Symmetrischer variabler Ausgang: 0<\/li>\n<li>Unsymmetrischer fixer Ausgang: 0<\/li>\n<li>Unsymmetrischer variabler Ausgang: 1<\/li>\n<li>Kopfh\u00f6rerausgang: 6,35 mm High Drive mit Headphone Crossfeed Director (HXD\u00ae)<\/li>\n<li>Subwoofer-Ausgang: 1<\/li>\n<li>AM\/FM-Tuner-Option: Nein<\/li>\n<li>Home Theater PassThru: Ja<\/li>\n<li>Unsymmetrischer Analoganschluss-Typ: Standard<\/li>\n<li>Lautsprecher-Anschlussklemmen-Typ: Standard<\/li>\n<li>Service-Port: 1<\/li>\n<\/ul>\n<h4><\/h4>\n<h4>Digitale Audiospezifikationen<\/h4>\n<ul>\n<li>Typ des Digital-Analog-Wandlers (DAC): 8-Kanal, 32-Bit\/384kHz PCM\/DSD, Quad Balanced<\/li>\n<li>Abtastrate digitaler Koaxial-Eingang: 24 Bit\/44,1 kHz bis 192 kHz<\/li>\n<li>Abtastrate digitaler Optischer Eingang: 24 Bit\/44,1 kHz bis 192 kHz<\/li>\n<li>Abtastrate digitaler MCT-Eingang: 16 Bit\/44,1 kHz (CD), DSD64 (SACD)<\/li>\n<li>Abtastrate digitaler USB-Eingang: 32 Bit\/44,1 kHz bis 384 kHz (PCM), DSD64, DSD128, DSD256, DXD352,8 kHz, DXD384 kHz<\/li>\n<\/ul>\n<h4><\/h4>\n<h4>Steuerung<\/h4>\n<ul>\n<li>Klangregelung: Bass und H\u00f6hen<\/li>\n<li>Bypass und Eingangszuordnung: Ja<\/li>\n<li>RS232-Steuerungseingang: Ja<\/li>\n<li>Power-Control-Ausgang: 1 Haupt<\/li>\n<li>Datenschnittstellen am R\u00fcckpaneel: 2<\/li>\n<li>IR-Sensor-Eingang am R\u00fcckpaneel: Ja<\/li>\n<li>Eingangspegelabgleich: Ja<\/li>\n<\/ul>\n<h4><\/h4>\n<h4>Allgemeine Spezifikationen<\/h4>\n<ul>\n<li>R\u00f6hren- oder Transistortechnik: Transistor<\/li>\n<li>Ausgangstyp: Direkt gekoppelt<\/li>\n<li>Ausgangsmesser: Ja<\/li>\n<li>Doppelchassis: Ja<\/li>\n<li>Chassis-Finish: Schwarz lackierter Stahl<\/li>\n<li>McIntosh Monogrammed Heatsinks\u2122: Ja<\/li>\n<li>Strombedarf: 100 V, 50\/60 Hz bei 3,7 A; 110 V, 50\/60 Hz bei 3,4 A; 120 V, 50\/60 Hz bei 3,2 A; 220 V, 50\/60 Hz bei 1,8 A; 230 V, 50\/60 Hz bei 1,6 A; 240 V, 50\/60 Hz bei 1,6 A<\/li>\n<li>Standby-Stromverbrauch: &lt;0,25 Watt<\/li>\n<\/ul>\n<h4><\/h4>\n<h4>Gewicht und Abmessungen<\/h4>\n<ul>\n<li>Abmessungen (B x H x T): 44,45 cm x 15,2 cm (20,6 cm mit vertikaler Antenne) x 47,6 cm (56,5 cm mit horizontaler Antenne)<\/li>\n<li>Gewicht: 17,2 kg<\/li>\n<li>Versandgewicht: 25,2 kg<\/li>\n<\/ul>\n<\/div>\n<\/div>\n<\/div>\n<\/div>\n<\/div>\n<\/div>\n","protected":false},"excerpt":{"rendered":"<p>Der <strong data-start=\"222\" data-end=\"245\">McIntosh MSA5500 AC<\/strong> ist ein leistungsstarker Streaming-Vollverst\u00e4rker, der klassische McIntosh-Klangqualit\u00e4t mit moderner Netzwerk- und Digitaltechnik verbindet. Mit integrierter Streaming-Plattform, hochwertigem DAC und kraftvoller Endstufe bietet er eine elegante All-in-One-L\u00f6sung f\u00fcr anspruchsvolle Stereo-Setups \u2013 ideal f\u00fcr Musikliebhaber, die Komfort und audiophile Performance in einem Ger\u00e4t vereinen m\u00f6chten.<\/p>\n","protected":false},"featured_media":6707,"template":"","meta":{"_acf_changed":false},"product_brand":[616],"product_cat":[275],"product_tag":[],"class_list":{"0":"post-6706","1":"product","2":"type-product","3":"status-publish","4":"has-post-thumbnail","6":"product_brand-mcintosh","7":"product_cat-streaming-verstaerker","9":"first","10":"instock","11":"shipping-taxable","12":"product-type-simple"},"acf":[],"_links":{"self":[{"href":"https:\/\/www.jupit.de\/produktwelt\/wp-json\/wp\/v2\/product\/6706","targetHints":{"allow":["GET"]}}],"collection":[{"href":"https:\/\/www.jupit.de\/produktwelt\/wp-json\/wp\/v2\/product"}],"about":[{"href":"https:\/\/www.jupit.de\/produktwelt\/wp-json\/wp\/v2\/types\/product"}],"wp:featuredmedia":[{"embeddable":true,"href":"https:\/\/www.jupit.de\/produktwelt\/wp-json\/wp\/v2\/media\/6707"}],"wp:attachment":[{"href":"https:\/\/www.jupit.de\/produktwelt\/wp-json\/wp\/v2\/media?parent=6706"}],"wp:term":[{"taxonomy":"product_brand","embeddable":true,"href":"https:\/\/www.jupit.de\/produktwelt\/wp-json\/wp\/v2\/product_brand?post=6706"},{"taxonomy":"product_cat","embeddable":true,"href":"https:\/\/www.jupit.de\/produktwelt\/wp-json\/wp\/v2\/product_cat?post=6706"},{"taxonomy":"product_tag","embeddable":true,"href":"https:\/\/www.jupit.de\/produktwelt\/wp-json\/wp\/v2\/product_tag?post=6706"}],"curies":[{"name":"wp","href":"https:\/\/api.w.org\/{rel}","templated":true}]}}