{"id":6699,"date":"2025-07-17T12:09:36","date_gmt":"2025-07-17T10:09:36","guid":{"rendered":"https:\/\/www.jupit.de\/produktwelt\/?post_type=product&#038;p=6699"},"modified":"2025-12-15T11:35:22","modified_gmt":"2025-12-15T10:35:22","slug":"vortex-power-optimizer-4-sigma","status":"publish","type":"product","link":"https:\/\/www.jupit.de\/produktwelt\/produkt\/zubehoer\/vortex-power-optimizer-4-sigma\/","title":{"rendered":"Vortex Power Optimizer 4 Sigma Netzfilter"},"content":{"rendered":"<p><strong>Vortex<\/strong> bietet drei verschiedene <strong>Power Optimizer<\/strong> in drei Qualit\u00e4tsklassen an, hier sehen sie die Spitzenvariante &#8222;Power Optimizer 4 Sigma&#8220;. Die Bauteile sind vibrationsged\u00e4mpft eingebaut und teilvergossen. Die Qualit\u00e4tsklassen sind preisabh\u00e4ngig mit allen Techniken Versehen, die <strong>Vortex<\/strong> HiFi zum Entst\u00f6ren und Entstressen zur Verf\u00fcgung hat.<br \/>\nDie Umweltmedizin zeigt den Zusammenhang zwischen extrem hohen Oberwellen sowie Transienten im Bereich oberhalb von 4.000 Hz auf den Menschen. Wie die Umweltmedizinischen Untersuchungen unter dem Oberbegriff <em>Dirty Power<\/em> oder <em>Dirty Electricity<\/em> zeigen, ver\u00e4ndern sich nicht nur viele Krankheitsbilder durch St\u00f6rungen oberhalb von 4.000 Hz, sondern Sie zeigt auch explizit St\u00f6rungen des H\u00f6rsystems in Form von Ohrger\u00e4uschen auf.<\/p>\n<p>Parallel \u2013 Netzfilter mit Vortex HiFi BOB \u2013 Konzept. 15uF Kondensator mit Ultra Speed HF \u2013 Kompensation bis 51.000 Volt\/uSec. Neu Diamond \u2013 P.I. \u2013 Informierung mit 4 zus\u00e4tzlichen Edelsteinen inclusive Diamanten und biologischer Vital \u2013 Keramik. Vibrationsd\u00e4mpfung. Verdrahtung mit informierten, versilberten Leitern. 1 Schuko-Steckdose.<\/p>\n<p>Parallel-Netzfilter<br \/>\nBiologisches Filterkonzept<br \/>\nBOB-Technik<br \/>\nHigh-Speed Technologie<br \/>\nExtreme Bandbreite<br \/>\nSlew-Rate 51.000 V\/\u00b5sek<br \/>\ninformiertes Silberlot und Verdratung<\/p>\n<p>&nbsp;<\/p>\n","protected":false},"excerpt":{"rendered":"<p>Wenn aus Musik Emotionen werden sollen, sind die Entst\u00f6rprodukte von VORTEX HIFI ein perfekter Begleiter. Diese Erfahrungen sowie die Einsch\u00e4tzungen zahlreicher JUPIT-Kunden und HiFi-Club Mitglieder zeigen, worum es bei den Produkten von Vortex HiFi geht:<\/p>\n<p>Den Menschen dazu zu bef\u00e4higen, Musik in ihrer Tiefe ganzheitlich wahrzunehmen und umfassend zu empfinden! Mit den innovativen Produkten von Vortex zur Minimierung der mittlerweile allgegenw\u00e4rtigen NF- und HF-Strahlung (\u201eElektrosmog\u201c) ist es in der heutigen problematischen h\u00e4uslichen Umgebung m\u00f6glich, wieder ein livehaftiges und nat\u00fcrliches H\u00f6rerlebnis zu schaffen.Eine gut aufeinander abgestimmte HiFi-Kette bleibt selbstverst\u00e4ndlich die Basis! Ein optimales Musik-Erlebnis entsteht allerdings erst durch den gezielten Einsatz von Entst\u00f6rprodukten.<\/p>\n<p>Wenn Sie Interesse an diesem \u201eanderen Weg\u201c der Klangverbesserung und des Musikempfindens haben, stehen Ihnen das Jupit Team und die HIFI-Club Mitglieder gerne mit Ihren Erfahrungen zur Seite. Vereinbaren Sie Ihren pers\u00f6nlichen Vorf\u00fchrtermin.<\/p>\n<p><strong>Marie von Vortex zeigt Dir die Anwendung der Power Optimizer<\/strong><\/p>\n<p><strong>Einfach und verst\u00e4ndlich erkl\u00e4rt<\/strong><\/p>\n<p><a href=\"https:\/\/youtu.be\/7uv2l0G6eRs\">https:\/\/youtu.be\/7uv2l0G6eRs<\/a><\/p>\n<p>&nbsp;<\/p>\n","protected":false},"featured_media":6700,"template":"","meta":{"_acf_changed":false},"product_brand":[568],"product_cat":[264],"product_tag":[443,452,445,569],"class_list":{"0":"post-6699","1":"product","2":"type-product","3":"status-publish","4":"has-post-thumbnail","6":"product_brand-vortex","7":"product_cat-zubehoer","8":"product_tag-hifi","9":"product_tag-highend","10":"product_tag-jupit","11":"product_tag-vortex","13":"first","14":"instock","15":"featured","16":"shipping-taxable","17":"product-type-simple"},"acf":[],"_links":{"self":[{"href":"https:\/\/www.jupit.de\/produktwelt\/wp-json\/wp\/v2\/product\/6699","targetHints":{"allow":["GET"]}}],"collection":[{"href":"https:\/\/www.jupit.de\/produktwelt\/wp-json\/wp\/v2\/product"}],"about":[{"href":"https:\/\/www.jupit.de\/produktwelt\/wp-json\/wp\/v2\/types\/product"}],"wp:featuredmedia":[{"embeddable":true,"href":"https:\/\/www.jupit.de\/produktwelt\/wp-json\/wp\/v2\/media\/6700"}],"wp:attachment":[{"href":"https:\/\/www.jupit.de\/produktwelt\/wp-json\/wp\/v2\/media?parent=6699"}],"wp:term":[{"taxonomy":"product_brand","embeddable":true,"href":"https:\/\/www.jupit.de\/produktwelt\/wp-json\/wp\/v2\/product_brand?post=6699"},{"taxonomy":"product_cat","embeddable":true,"href":"https:\/\/www.jupit.de\/produktwelt\/wp-json\/wp\/v2\/product_cat?post=6699"},{"taxonomy":"product_tag","embeddable":true,"href":"https:\/\/www.jupit.de\/produktwelt\/wp-json\/wp\/v2\/product_tag?post=6699"}],"curies":[{"name":"wp","href":"https:\/\/api.w.org\/{rel}","templated":true}]}}