{"id":6681,"date":"2025-07-03T16:36:21","date_gmt":"2025-07-03T14:36:21","guid":{"rendered":"https:\/\/www.jupit.de\/produktwelt\/?post_type=product&#038;p=6681"},"modified":"2026-02-11T09:05:40","modified_gmt":"2026-02-11T08:05:40","slug":"quadral-chromium-style-6-weiss","status":"publish","type":"product","link":"https:\/\/www.jupit.de\/produktwelt\/produkt\/vorfuehrware-zu-sonderpreisen\/quadral-chromium-style-6-weiss\/","title":{"rendered":"Quadral Chromium Style 6 &#8211; Wei\u00df"},"content":{"rendered":"<h2>Aus der Ausstellung ein Paar Quadral Chromium Style 6 in wei\u00df.<\/h2>\n<p>Schlank und elegant pr\u00e4sentiert sich die wohlgeformte Klangs\u00e4ule ihren Zuh\u00f6rern. Der B\u00e4ndchenhocht\u00f6ner vereint sich mit den zwei Polypropylen-Membranen zu einer faszinierenden Klangeinheit, die weit gr\u00f6\u00dfer klingt als die \u00e4u\u00dfere Form vermuten l\u00e4sst.<\/p>\n<div class=\"apm-sidemodule-textleft\">\n<h3 class=\"a-spacing-mini\">quadral CHROMIUM STYLE Serie<\/h3>\n<p><span class=\"a-text-bold\">CHROMIUM STYLE<\/span> vereint Form und Funktion zu einem \u00fcberzeugenden Sounderlebnis.<\/p>\n<p>Das elegante Geh\u00e4use gen\u00fcgt h\u00f6chsten Designanspr\u00fcchen und verringert dank der abgerundeten Seiten Klangverf\u00e4rbungen durch abstrahlenden Schall. Handpolierte Hochglanzlacke vervollst\u00e4ndigen die edle Gesamtanmutung und machen die Schallwandler zu einer hochwertigen Zierde Ihrer Wohnr\u00e4ume.<\/p>\n<p><span class=\"a-text-bold\">CHROMIUM STYLE<\/span> reproduziert Musik und Surround-Sound mit maximaler Dynamik. Dank der gro\u00dfen Bassreflexrohre mit Trompetenflanschen wird auch tiefes Film-Grollen \u00fcberzeugend wiedergegeben.<\/p>\n<p>Die hervorragende Detailverarbeitung findet ihren Abschluss in den sorgf\u00e4ltig vergoldeten<\/p>\n<p>Anschlussterminals, so dass auch High-End-Liebhaber mit dieser Lautsprecher-Serie ihre Freude haben werden.<\/p>\n<\/div>\n","protected":false},"excerpt":{"rendered":"<p>Paarpreis aus der Ausstellung<\/p>\n<p>Technisch einwandfrei<\/p>\n<p>Gebrauchsspuren \/ Lackm\u00e4ngel<\/p>\n","protected":false},"featured_media":6682,"template":"","meta":{"_acf_changed":false},"product_brand":[611],"product_cat":[607],"product_tag":[],"class_list":{"0":"post-6681","1":"product","2":"type-product","3":"status-publish","4":"has-post-thumbnail","6":"product_brand-quadral","7":"product_cat-vorfuehrware-zu-sonderpreisen","9":"first","10":"instock","11":"sale","12":"shipping-taxable","13":"product-type-simple"},"acf":[],"_links":{"self":[{"href":"https:\/\/www.jupit.de\/produktwelt\/wp-json\/wp\/v2\/product\/6681","targetHints":{"allow":["GET"]}}],"collection":[{"href":"https:\/\/www.jupit.de\/produktwelt\/wp-json\/wp\/v2\/product"}],"about":[{"href":"https:\/\/www.jupit.de\/produktwelt\/wp-json\/wp\/v2\/types\/product"}],"wp:featuredmedia":[{"embeddable":true,"href":"https:\/\/www.jupit.de\/produktwelt\/wp-json\/wp\/v2\/media\/6682"}],"wp:attachment":[{"href":"https:\/\/www.jupit.de\/produktwelt\/wp-json\/wp\/v2\/media?parent=6681"}],"wp:term":[{"taxonomy":"product_brand","embeddable":true,"href":"https:\/\/www.jupit.de\/produktwelt\/wp-json\/wp\/v2\/product_brand?post=6681"},{"taxonomy":"product_cat","embeddable":true,"href":"https:\/\/www.jupit.de\/produktwelt\/wp-json\/wp\/v2\/product_cat?post=6681"},{"taxonomy":"product_tag","embeddable":true,"href":"https:\/\/www.jupit.de\/produktwelt\/wp-json\/wp\/v2\/product_tag?post=6681"}],"curies":[{"name":"wp","href":"https:\/\/api.w.org\/{rel}","templated":true}]}}