{"id":6672,"date":"2025-07-03T14:10:51","date_gmt":"2025-07-03T12:10:51","guid":{"rendered":"https:\/\/www.jupit.de\/produktwelt\/?post_type=product&#038;p=6672"},"modified":"2026-02-04T13:01:01","modified_gmt":"2026-02-04T12:01:01","slug":"transrotor-dark-star-silver-shadow","status":"publish","type":"product","link":"https:\/\/www.jupit.de\/produktwelt\/produkt\/plattenspieler\/transrotor-dark-star-silver-shadow\/","title":{"rendered":"Transrotor &#8211; Dark Star Silver Shadow"},"content":{"rendered":"<h2>Transrotor Dark Star Silver Shadow &#8211; Hell trifft dunkel<\/h2>\n<h3><strong>Sch\u00f6nster Kontrast und maximale Laufruhe<\/strong><\/h3>\n<div class=\"block block-type-text\">\n<p>Massives Aluminium trifft auf Polyoxymethylen. Die \u00c4stheten freuen sich \u00fcber den Kontrast von hellem Glanz und mattem Schwarz. Doch vor allem klanglich macht die Kombination Sinn. Die Werkstoffe sind in ihrer Eigenresonanz komplett unterschiedlich \u2013\u00a0so k\u00f6nnen sich keine sch\u00e4dlichen Vibrationen aufschaukeln, es herrscht die beste Laufruhe. So manches Detail \u00fcberrascht erst beim ersten Lauf des Plattentellers. Der aus POM besteht, den wir aber mit f\u00fcnf m\u00e4chtigen Gewichten aus Aluminium beschwert haben. Die Laufruhe ist perfekt, die Messwerte am Rande des Erfassbaren.<\/p>\n<p>In der Ausstellung zeigen wir den Dark Star Silver Shadow mit dem Netzteil Konstant Eins, dem Rega Tonarm RB-880 und dem Transrotor MC-Tonabnehmersystem Figaro.<\/p>\n<\/div>\n","protected":false},"excerpt":{"rendered":"<p data-start=\"59\" data-end=\"411\" data-is-last-node=\"\" data-is-only-node=\"\">Der <strong data-start=\"63\" data-end=\"101\">Transrotor Dark Star Silver Shadow<\/strong> ist ein massiver High-End-Plattenspieler mit pr\u00e4ziser Lagertechnik, resonanzoptimiertem Acryl-Aluminium-Chassis und au\u00dfergew\u00f6hnlicher Laufruhe. Entwickelt f\u00fcr anspruchsvolle Vinyl-Liebhaber, bietet er hohe Stabilit\u00e4t, exakte Drehzahl und eine klanglich souver\u00e4ne Basis f\u00fcr hochwertige Tonarme und Tonabnehmer.<\/p>\n","protected":false},"featured_media":6673,"template":"","meta":{"_acf_changed":false},"product_brand":[528],"product_cat":[273],"product_tag":[],"class_list":{"0":"post-6672","1":"product","2":"type-product","3":"status-publish","4":"has-post-thumbnail","6":"product_brand-transrotor","7":"product_cat-plattenspieler","9":"first","10":"instock","11":"shipping-taxable","12":"product-type-simple"},"acf":[],"_links":{"self":[{"href":"https:\/\/www.jupit.de\/produktwelt\/wp-json\/wp\/v2\/product\/6672","targetHints":{"allow":["GET"]}}],"collection":[{"href":"https:\/\/www.jupit.de\/produktwelt\/wp-json\/wp\/v2\/product"}],"about":[{"href":"https:\/\/www.jupit.de\/produktwelt\/wp-json\/wp\/v2\/types\/product"}],"wp:featuredmedia":[{"embeddable":true,"href":"https:\/\/www.jupit.de\/produktwelt\/wp-json\/wp\/v2\/media\/6673"}],"wp:attachment":[{"href":"https:\/\/www.jupit.de\/produktwelt\/wp-json\/wp\/v2\/media?parent=6672"}],"wp:term":[{"taxonomy":"product_brand","embeddable":true,"href":"https:\/\/www.jupit.de\/produktwelt\/wp-json\/wp\/v2\/product_brand?post=6672"},{"taxonomy":"product_cat","embeddable":true,"href":"https:\/\/www.jupit.de\/produktwelt\/wp-json\/wp\/v2\/product_cat?post=6672"},{"taxonomy":"product_tag","embeddable":true,"href":"https:\/\/www.jupit.de\/produktwelt\/wp-json\/wp\/v2\/product_tag?post=6672"}],"curies":[{"name":"wp","href":"https:\/\/api.w.org\/{rel}","templated":true}]}}