{"id":6659,"date":"2025-06-27T14:49:54","date_gmt":"2025-06-27T12:49:54","guid":{"rendered":"https:\/\/www.jupit.de\/produktwelt\/?post_type=product&#038;p=6659"},"modified":"2026-02-01T11:23:36","modified_gmt":"2026-02-01T10:23:36","slug":"zion-luxury-tv","status":"publish","type":"product","link":"https:\/\/www.jupit.de\/produktwelt\/produkt\/flachbildfernseher\/zion-luxury-tv\/","title":{"rendered":"ZION Luxury TV"},"content":{"rendered":"<h2 class=\"preFade fadeIn\">Das neue Kinoerlebnis mit dem ZION Luxury TV<\/h2>\n<p class=\"preFade fadeIn\">Die Indoor Serie von ZION sorgt dank ihres einzigartig ausgewogenen <strong>Designs<\/strong> in Kombination mit ihrem monumentalen Format f\u00fcr einen <strong>avantgardistischen<\/strong> <strong>Einrichtungsstil und begeistert alle Heimkinofans.<\/strong><br \/>\nGestalten Sie die <strong>Inneneinrichtung<\/strong> Ihres Zuhauses mit diesem monumentalen Paravent mit ausgewogenem Design neu, sowohl f\u00fcr klassische als auch f\u00fcr moderne Innenr\u00e4ume.<br \/>\n<strong>ZION-Displays<\/strong> bieten ein einzigartiges Erlebnis, sowohl f\u00fcr <strong>innen <\/strong>als auch f\u00fcr <strong>au\u00dfen.<\/strong><br \/>\nDank der HD <strong>IP65-Umgebungslicht-sensortechnologie<\/strong> werden die Bildeinstellungen automatisch entsprechend der Lichtst\u00e4rke optimiert, passen sich an jeden Moment des Tages an und bewahren optimale Helligkeit und Kontrast f\u00fcr genaue und <strong>originalgetreue Bilder.<\/strong><\/p>\n<h3>Entertainment \u00fcber das ganze Jahr hinweg<\/h3>\n<p class=\"preFade fadeIn\">ZION <strong>Au\u00dfendisplays<\/strong> in <strong>LED Technik<\/strong> mit bis\u00a0 <strong>6500 Nits<\/strong> und entspiegelter Oberfl\u00e4che\u00a0 verf\u00fcgen \u00fcber ein avantgardistisches Design, dass sich durch seine schlichte Form in die Umgebung einf\u00fcgt. Ebenfalls verf\u00fcgen die Displays \u00fcber eine <strong>integrierte &amp; schwenkbare Halterung<\/strong> f\u00fcr eine einfachere Montage. Die LED-Bildschirme von ZION Luxury TV f\u00fcr den <strong>Au\u00dfenbereich<\/strong>, wie f\u00fcr den <strong>Innenbereich<\/strong>, wird Ihre Einrichtung Ihres Zuhauses neu definieren.<\/p>\n<h3>Luxury outdoor TV<\/h3>\n<p class=\"preFade fadeIn\">Unterhaltung geht \u00fcber das Zuhause hinaus. Mit den von ZION entworfenen und hergestellten gro\u00dfformatigen modularen <strong>Outdoor-Fernsehern<\/strong> haben Sie das ganze Jahr <strong>Freude im Freien,<\/strong> Ihren Blockbuster zu schauen.<br \/>\n<strong>Technologie, Innovation<\/strong> und <strong>Design<\/strong> vereinen sich zu einem <strong>hochwertigen Produkt<\/strong>, das sich nahtlos in jeden Raum einf\u00fcgt. Die Outdoor Serie gro\u00dfformatiger Fernseher von ZION ist so konzipiert, das sie den Stil und <strong>die \u00c4sthetik von G\u00e4rten, Terrassen oder anderen Au\u00dfenbereichen erg\u00e4nzt.<\/strong> Sie haben ein elegantes und modernes Erscheinungsbild und erm\u00f6glichen eine <strong>individuelle Anpassung<\/strong>, die sich nahtlos in die umgebende Einrichtung einf\u00fcgt.<\/p>\n<h3 class=\"preFade fadeIn\"><strong>Believe in Power<\/strong><\/h3>\n<p class=\"preFade fadeIn\">ZION LUXURY TV ist ein audiovisuelles Unternehmen, das sich auf den Luxus Wohnsektor konzentriert. Mit seinen riesigen modularen Innen- und Au\u00dfenfernsehern bietet ZION unseren ausgew\u00e4hlten Kunden modernste visuelle Technologie.<\/p>\n<h3>Wasser und Staubbest\u00e4ndig<\/h3>\n<p class=\"preFade fadeIn\">Unabh\u00e4ngig von der Jahreszeit bietet die Witterungsbest\u00e4ndigkeit IP65 umfassende Leistung und Schutz vor Au\u00dfeneinfl\u00fcssen wie Feuchtigkeit, Staub und Hitze.<\/p>\n<h3>Passen Sie Ihren Luxus TV an Ihre Bed\u00fcrfnisse an<\/h3>\n<div class=\"fe-block fe-block-4a2395015c97266bb401\">\n<div id=\"block-4a2395015c97266bb401\" class=\"sqs-block html-block sqs-block-html\" data-blend-mode=\"NORMAL\" data-block-type=\"2\" data-border-radii=\"{&quot;topLeft&quot;:{&quot;unit&quot;:&quot;px&quot;,&quot;value&quot;:0.0},&quot;topRight&quot;:{&quot;unit&quot;:&quot;px&quot;,&quot;value&quot;:0.0},&quot;bottomLeft&quot;:{&quot;unit&quot;:&quot;px&quot;,&quot;value&quot;:0.0},&quot;bottomRight&quot;:{&quot;unit&quot;:&quot;px&quot;,&quot;value&quot;:0.0}}\">\n<div class=\"sqs-block-content\">\n<div class=\"sqs-html-content\">\n<p class=\"preFade fadeIn\">Dank der Mikro LED Technologie k\u00f6nnen Sie die Gr\u00f6\u00dfe Ihres Bildschirmes konfigurieren, indem Sie die Module entsprechend Ihren Anforderungen hinzuf\u00fcgen oder entfernen. Auf diese Weise erhalten Sie einen Luxus TV in der gew\u00fcnschten Form und Gr\u00f6\u00dfe.<\/p>\n<h3 class=\"preFade fadeIn\"><strong>ZION MicroLED-Bildschirme: Genie\u00dfen Sie die neueste Unterhaltung:<\/strong><\/h3>\n<p class=\"preFade fadeIn\">ZION Technology war ein Pionier bei der Einf\u00fchrung der microLED-Technologie in Luxusimmobilien und bietet Unterhaltungsliebhabern ein einzigartiges Erlebnis. Diese Bildschirme sind nicht nur eine Bereicherung f\u00fcr die \u00c4sthetik Ihres Zuhauses, sondern bieten auch direkten Zugriff auf Streaming-Dienste, Bluetooth und eine beispiellose drahtlose Konnektivit\u00e4t.<\/p>\n<p class=\"preFade fadeIn\">Kurz gesagt, die MicroLED-Displays von ZION Technology sind die ultimative Wahl f\u00fcr alle, die Exzellenz in der Luxustechnologie suchen. Entdecken Sie die Revolution in der Unterhaltung mit unseren riesigen modularen Fernsehern, die f\u00fcr unvergleichliche Erlebnisse sowohl innerhalb als auch au\u00dferhalb der exklusivsten Residenzen sorgen.<\/p>\n<p>&nbsp;<\/p>\n<\/div>\n<\/div>\n<\/div>\n<\/div>\n","protected":false},"excerpt":{"rendered":"<p><strong>ZION-Displays<\/strong> bieten ein einzigartiges Erlebnis, sowohl f\u00fcr <strong>innen <\/strong>als auch f\u00fcr <strong>au\u00dfen.<\/strong><\/p>\n","protected":false},"featured_media":6661,"template":"","meta":{"_acf_changed":false},"product_brand":[597],"product_cat":[555,281],"product_tag":[],"class_list":{"0":"post-6659","1":"product","2":"type-product","3":"status-publish","4":"has-post-thumbnail","6":"product_brand-zion","7":"product_cat-projekt-loesungen","8":"product_cat-flachbildfernseher","10":"first","11":"instock","12":"shipping-taxable","13":"product-type-simple"},"acf":[],"_links":{"self":[{"href":"https:\/\/www.jupit.de\/produktwelt\/wp-json\/wp\/v2\/product\/6659","targetHints":{"allow":["GET"]}}],"collection":[{"href":"https:\/\/www.jupit.de\/produktwelt\/wp-json\/wp\/v2\/product"}],"about":[{"href":"https:\/\/www.jupit.de\/produktwelt\/wp-json\/wp\/v2\/types\/product"}],"wp:featuredmedia":[{"embeddable":true,"href":"https:\/\/www.jupit.de\/produktwelt\/wp-json\/wp\/v2\/media\/6661"}],"wp:attachment":[{"href":"https:\/\/www.jupit.de\/produktwelt\/wp-json\/wp\/v2\/media?parent=6659"}],"wp:term":[{"taxonomy":"product_brand","embeddable":true,"href":"https:\/\/www.jupit.de\/produktwelt\/wp-json\/wp\/v2\/product_brand?post=6659"},{"taxonomy":"product_cat","embeddable":true,"href":"https:\/\/www.jupit.de\/produktwelt\/wp-json\/wp\/v2\/product_cat?post=6659"},{"taxonomy":"product_tag","embeddable":true,"href":"https:\/\/www.jupit.de\/produktwelt\/wp-json\/wp\/v2\/product_tag?post=6659"}],"curies":[{"name":"wp","href":"https:\/\/api.w.org\/{rel}","templated":true}]}}