{"id":6643,"date":"2025-06-27T13:26:51","date_gmt":"2025-06-27T11:26:51","guid":{"rendered":"https:\/\/www.jupit.de\/produktwelt\/?post_type=product&#038;p=6643"},"modified":"2025-10-02T14:12:28","modified_gmt":"2025-10-02T12:12:28","slug":"decken-lift-mit-teleskop-fuer-tv-geraete","status":"publish","type":"product","link":"https:\/\/www.jupit.de\/produktwelt\/produkt\/projekt-loesungen\/decken-lift-mit-teleskop-fuer-tv-geraete\/","title":{"rendered":"Decken-Lift mit Teleskop f\u00fcr TV Ger\u00e4te"},"content":{"rendered":"<h2>Die CHRT8 Deckenklappe mit Teleskop f\u00fcr TV-Ger\u00e4te geh\u00f6rt zur CHR-Serie.<\/h2>\n<p>Der neueste Generation von TV-Deckenscharnieren mit Teleskopmechanismen, die zum Scharnieren von Bildschirmen von 40 Zoll bis 98 Zoll bis zu 90 Grad aus einer Decke geeignet sind, bevor der Bildschirm zwischen 500 mm und 750 mm abgesenkt wird. Die CHRT-Serie ist dank des Gips-Randes vollst\u00e4ndig im Deckenhohlraum verdeckt und ist auch ohne Teleskopfunktion (CHR), mit Standalone-Schwenkfunktion (CHRS) oder kombiniertem Schwenk- und Teleskop (CHRST) erh\u00e4ltlich. Eine Marine Version ist auf Anfrage erh\u00e4ltlich.<\/p>\n<p><iframe style=\"width:560px; height:315px\" title=\"YouTube video player\" allowfullscreen=\"allowfullscreen\" data-iframe=\"youtube\" data-src=\"https:\/\/www.youtube-nocookie.com\/embed\/WLc3TIxztYc?si=9r7VNVGC1rJKdO-M\"><\/iframe><\/p>\n","protected":false},"excerpt":{"rendered":"<p data-start=\"88\" data-end=\"227\">Die CHRT8 zeichnet sich durch ihre robuste Bauweise und leise Mechanik aus, die einen eleganten und st\u00f6rungsfreien Betrieb gew\u00e4hrleisten.<\/p>\n<p data-start=\"230\" data-end=\"398\" data-is-last-node=\"\">Dank der einfachen Installation und der vielseitigen Einsatzm\u00f6glichkeiten eignet sich das System sowohl f\u00fcr private Wohnr\u00e4ume als auch f\u00fcr professionelle Anwendungen.<\/p>\n","protected":false},"featured_media":6648,"template":"","meta":{"_acf_changed":false},"product_brand":[590],"product_cat":[555],"product_tag":[595,593,445],"class_list":{"0":"post-6643","1":"product","2":"type-product","3":"status-publish","4":"has-post-thumbnail","6":"product_brand-future-automation","7":"product_cat-projekt-loesungen","8":"product_tag-deckenlift","9":"product_tag-future-automation","10":"product_tag-jupit","12":"first","13":"instock","14":"shipping-taxable","15":"product-type-simple"},"acf":[],"_links":{"self":[{"href":"https:\/\/www.jupit.de\/produktwelt\/wp-json\/wp\/v2\/product\/6643","targetHints":{"allow":["GET"]}}],"collection":[{"href":"https:\/\/www.jupit.de\/produktwelt\/wp-json\/wp\/v2\/product"}],"about":[{"href":"https:\/\/www.jupit.de\/produktwelt\/wp-json\/wp\/v2\/types\/product"}],"wp:featuredmedia":[{"embeddable":true,"href":"https:\/\/www.jupit.de\/produktwelt\/wp-json\/wp\/v2\/media\/6648"}],"wp:attachment":[{"href":"https:\/\/www.jupit.de\/produktwelt\/wp-json\/wp\/v2\/media?parent=6643"}],"wp:term":[{"taxonomy":"product_brand","embeddable":true,"href":"https:\/\/www.jupit.de\/produktwelt\/wp-json\/wp\/v2\/product_brand?post=6643"},{"taxonomy":"product_cat","embeddable":true,"href":"https:\/\/www.jupit.de\/produktwelt\/wp-json\/wp\/v2\/product_cat?post=6643"},{"taxonomy":"product_tag","embeddable":true,"href":"https:\/\/www.jupit.de\/produktwelt\/wp-json\/wp\/v2\/product_tag?post=6643"}],"curies":[{"name":"wp","href":"https:\/\/api.w.org\/{rel}","templated":true}]}}