{"id":6636,"date":"2025-06-27T12:41:18","date_gmt":"2025-06-27T10:41:18","guid":{"rendered":"https:\/\/www.jupit.de\/produktwelt\/?post_type=product&#038;p=6636"},"modified":"2025-10-06T15:11:00","modified_gmt":"2025-10-06T13:11:00","slug":"ubls-display-lift","status":"publish","type":"product","link":"https:\/\/www.jupit.de\/produktwelt\/produkt\/projekt-loesungen\/ubls-display-lift\/","title":{"rendered":"UBLS Display Lift"},"content":{"rendered":"<h2>Unter Bett Display Lift mit Drehgelenk<\/h2>\n<p>Der UBLS Display Lift mit Drehgelenk ist ein einzigartiger und eindrucksvoller Mechanismus, der einen Flachbildschirm unter dem Bett aufbewahrt und in der oberen Position gedreht werden kann, um mehrere Betrachtungswinkel zu erm\u00f6glichen. Das kompakte und schlanke Design des TV-Lifts unter dem Bett bietet eine Alternative zu herk\u00f6mmlichen TV-Liften mit Flachbildschirm und tr\u00e4gt mit seinem Pop-up-Design dazu bei, eine andere Dimension der Innenausstattung eines Raums zu schaffen.<br \/>\n&nbsp;<br \/>\n<iframe style=\"width:560px; height:315px;\" data-iframe=\"youtube\" data-src=\"https:\/\/www.youtube.com\/embed\/piF3c3bq5WU\" title=\"YouTube video player\" allow=\"accelerometer; autoplay; clipboard-write; encrypted-media; gyroscope; picture-in-picture; web-share\" referrerpolicy=\"strict-origin-when-cross-origin\" allowfullscreen><\/iframe><\/p>\n","protected":false},"excerpt":{"rendered":"<p>Der Unterbettlift ist in der Form UBLS-EBF mit einer motorisierten Klappe erh\u00e4ltlich, die sich \u00f6ffnet, bevor der Bildschirm sichtbar wird, und schlie\u00dft, nachdem er verborgen wurde. Test<\/p>\n<p>&nbsp;<\/p>\n","protected":false},"featured_media":6637,"template":"","meta":{"_acf_changed":false},"product_brand":[590],"product_cat":[555],"product_tag":[593,445,592,591],"class_list":{"0":"post-6636","1":"product","2":"type-product","3":"status-publish","4":"has-post-thumbnail","6":"product_brand-future-automation","7":"product_cat-projekt-loesungen","8":"product_tag-future-automation","9":"product_tag-jupit","10":"product_tag-lift-unter-bett","11":"product_tag-projektgeschaeft","13":"first","14":"instock","15":"shipping-taxable","16":"product-type-simple"},"acf":[],"_links":{"self":[{"href":"https:\/\/www.jupit.de\/produktwelt\/wp-json\/wp\/v2\/product\/6636","targetHints":{"allow":["GET"]}}],"collection":[{"href":"https:\/\/www.jupit.de\/produktwelt\/wp-json\/wp\/v2\/product"}],"about":[{"href":"https:\/\/www.jupit.de\/produktwelt\/wp-json\/wp\/v2\/types\/product"}],"wp:featuredmedia":[{"embeddable":true,"href":"https:\/\/www.jupit.de\/produktwelt\/wp-json\/wp\/v2\/media\/6637"}],"wp:attachment":[{"href":"https:\/\/www.jupit.de\/produktwelt\/wp-json\/wp\/v2\/media?parent=6636"}],"wp:term":[{"taxonomy":"product_brand","embeddable":true,"href":"https:\/\/www.jupit.de\/produktwelt\/wp-json\/wp\/v2\/product_brand?post=6636"},{"taxonomy":"product_cat","embeddable":true,"href":"https:\/\/www.jupit.de\/produktwelt\/wp-json\/wp\/v2\/product_cat?post=6636"},{"taxonomy":"product_tag","embeddable":true,"href":"https:\/\/www.jupit.de\/produktwelt\/wp-json\/wp\/v2\/product_tag?post=6636"}],"curies":[{"name":"wp","href":"https:\/\/api.w.org\/{rel}","templated":true}]}}