{"id":6627,"date":"2025-06-26T14:49:16","date_gmt":"2025-06-26T12:49:16","guid":{"rendered":"https:\/\/www.jupit.de\/produktwelt\/?post_type=product&#038;p=6627"},"modified":"2026-02-04T15:33:42","modified_gmt":"2026-02-04T14:33:42","slug":"bluesound-powernode-n331","status":"publish","type":"product","link":"https:\/\/www.jupit.de\/produktwelt\/produkt\/streaming-verstaerker\/bluesound-powernode-n331\/","title":{"rendered":"Bluesound POWERNODE N331"},"content":{"rendered":"<h2>Der moderne High-Performance-Streaming-Verst\u00e4rker.<\/h2>\n<p>Basierend auf der Markentradition, Hi-Res-Multiroom-Streaming mit fortschrittlicher Class-D-Verst\u00e4rkertechnologie zu kombinieren, bietet der neue POWERNODE 100 Watt pro Kanal mit verfeinerter DirectDigital-Verst\u00e4rkung f\u00fcr mehr Leistung und weniger Verzerrung \u2013 egal ob beim Musikh\u00f6ren oder Filmeschauen. Der POWERNODE markiert ein neues Kapitel im Anspruch von Bluesound, High-Fidelity-Klang ohne die Komplexit\u00e4t herk\u00f6mmlicher AV-Setups zu liefern. Mit verbesserter Verst\u00e4rkung, intuitiver Steuerung und intelligenter Heim-Integration verwandelt der POWERNODE das allt\u00e4gliche H\u00f6rerlebnis.<\/p>\n<h3>Einfaches AV f\u00fcr Zuhause<\/h3>\n<p>Im Zentrum der Bluesound-Philosophie steht das Verst\u00e4ndnis, dass heutige H\u00f6rer nicht nur technische F\u00e4higkeiten erwarten \u2013 sie suchen Produkte, die sich nahtlos in den Alltag integrieren. Der neue POWERNODE ist genau diese Antwort: mehr als nur ein Stereo-Verst\u00e4rker \u2013 ein vollst\u00e4ndiges Heim-Audiosystem. Entwickelt f\u00fcr alle, die kraftvollen Klang in einem kompakten Format wollen \u2013 eine M\u00f6glichkeit, Musik zu streamen und TV zu genie\u00dfen ohne den Kabelsalat und die Komplexit\u00e4t mehrerer Ger\u00e4te, Fernbedienungen oder Boxen.<\/p>\n<p>Mit HDMI eARC und der Option, neben linken und rechten Kan\u00e4len auch einen Center-Lautsprecher hinzuzuf\u00fcgen, macht der POWERNODE gro\u00dfe AV-Receiver \u00fcberfl\u00fcssig. Dank kabelloser Surround-Funktionalit\u00e4t lassen sich Bluesound PULSE Wireless-Lautsprecher und ein PULSE SUB+ erg\u00e4nzen \u2013 f\u00fcr ein vollst\u00e4ndiges 5.1-System, das dennoch dem minimalistischen Anspruch moderner Wohnr\u00e4ume gerecht wird.<\/p>\n<h3>Mehr Leistung und Klangqualit\u00e4t<\/h3>\n<p>Der neue POWERNODE bietet eine \u00fcberarbeitete Schaltung mit verbessertem Signalweg, neuester DirectDigital-Verst\u00e4rkung und Gallium-Nitrid-(GaN)-Transistortechnologie. Damit liefert er 100 Watt pro Kanal im Stereomodus und 80 Watt pro Kanal im 3.1-System. Das Ergebnis ist ein kristallklarer, dynamischer Klang mit kaum messbarer Verzerrung \u2013 eine audiophile Klangtreue, wie sie Bluesound-Kunden erwarten. Ganz gleich ob feinste musikalische Details oder die Intensit\u00e4t eines Films \u2013 der POWERNODE gibt jede Nuance mit Tiefe, Klarheit und Kontrolle wieder.<\/p>\n<h3>Multiroom-Musik mit BluOS<\/h3>\n<p>Wie alle Bluesound-Produkte basiert auch der POWERNODE auf BluOS, der mehrfach ausgezeichneten Multiroom-Streaming-Plattform. BluOS unterst\u00fctzt \u00fcber 20 Streamingdienste \u2013 darunter TIDAL, Qobuz, Spotify, Amazon Music und Deezer \u2013 und erm\u00f6glicht die Wiedergabe hochaufl\u00f6sender Formate bis zu 24 Bit \/ 192 kHz, MQA und DSD256. Nutzer k\u00f6nnen ihre eigene Musiksammlung streamen, Internetradio h\u00f6ren oder Musik mit anderen BluOS-Ger\u00e4ten im ganzen Haus synchronisieren. Die BluOS Controller App f\u00fcr iOS, Android, macOS und Windows bietet eine intuitive Steuerung und einfachen Zugriff \u2013 von jedem Raum aus.<\/p>\n<h3>Intuitiv durch Design<\/h3>\n<p>Das neue Modell zeichnet sich durch ein verfeinertes Industriedesign mit kompakter Form und mattem Finish in Schwarz oder Wei\u00df aus. Ein Glas-Touchpanel mit N\u00e4herungssensor bietet reaktionsschnelle Steuerung und f\u00fcnf programmierbare Presets, mit denen Nutzer sofort die Wiedergabe starten k\u00f6nnen \u2013 ganz ohne Smartphone oder Tablet. Ob auf einem Sideboard mit Regalboxen oder als Teil eines vollwertigen Heimkinosystems \u2013 der POWERNODE klingt nicht nur gut, er sieht auch gut aus.<\/p>\n<ul>\n<li>Verbesserte DirectDigital-Verst\u00e4rkung mit 100 W x 2 (Stereo) bzw. 80 W x 3 (3.1-System mit Center-Kanal)<\/li>\n<li>HDMI eARC und BluOS f\u00fcr einfache Integration und Zugriff auf Musikdienste<\/li>\n<li>Vollfl\u00e4chiges Glas-Touchpanel mit N\u00e4herungssensor und 5 Schnellzugriffstasten<\/li>\n<li>Umfangreiche Konnektivit\u00e4t: USB-C, optischer und analoger Eingang, aptX Adaptive Bluetooth sowie 6,3 mm Kopfh\u00f6rerausgang mit dediziertem THX AAA-Verst\u00e4rker \u2013 der linearste Kopfh\u00f6rerverst\u00e4rker der Welt<\/li>\n<li>Dirac Live Ready f\u00fcr pr\u00e4zise Raumkorrektur und Klangoptimierun<\/li>\n<\/ul>\n","protected":false},"excerpt":{"rendered":"<p data-start=\"49\" data-end=\"282\" data-is-last-node=\"\" data-is-only-node=\"\">Der <strong data-start=\"53\" data-end=\"81\">Bluesound POWERNODE N331<\/strong> ist ein kompakter Streaming-Vollverst\u00e4rker mit leistungsstarker Endstufe, integriertem BluOS-Multiroom-Streaming und HDMI eARC. Ideal f\u00fcr hochwertige Stereo- und TV-Setups mit minimalem Ger\u00e4teaufwand.<\/p>\n","protected":false},"featured_media":6628,"template":"","meta":{"_acf_changed":false},"product_brand":[472],"product_cat":[275],"product_tag":[],"class_list":{"0":"post-6627","1":"product","2":"type-product","3":"status-publish","4":"has-post-thumbnail","6":"product_brand-bluesound","7":"product_cat-streaming-verstaerker","9":"first","10":"instock","11":"shipping-taxable","12":"product-type-simple"},"acf":[],"_links":{"self":[{"href":"https:\/\/www.jupit.de\/produktwelt\/wp-json\/wp\/v2\/product\/6627","targetHints":{"allow":["GET"]}}],"collection":[{"href":"https:\/\/www.jupit.de\/produktwelt\/wp-json\/wp\/v2\/product"}],"about":[{"href":"https:\/\/www.jupit.de\/produktwelt\/wp-json\/wp\/v2\/types\/product"}],"wp:featuredmedia":[{"embeddable":true,"href":"https:\/\/www.jupit.de\/produktwelt\/wp-json\/wp\/v2\/media\/6628"}],"wp:attachment":[{"href":"https:\/\/www.jupit.de\/produktwelt\/wp-json\/wp\/v2\/media?parent=6627"}],"wp:term":[{"taxonomy":"product_brand","embeddable":true,"href":"https:\/\/www.jupit.de\/produktwelt\/wp-json\/wp\/v2\/product_brand?post=6627"},{"taxonomy":"product_cat","embeddable":true,"href":"https:\/\/www.jupit.de\/produktwelt\/wp-json\/wp\/v2\/product_cat?post=6627"},{"taxonomy":"product_tag","embeddable":true,"href":"https:\/\/www.jupit.de\/produktwelt\/wp-json\/wp\/v2\/product_tag?post=6627"}],"curies":[{"name":"wp","href":"https:\/\/api.w.org\/{rel}","templated":true}]}}