{"id":6605,"date":"2025-06-24T17:39:41","date_gmt":"2025-06-24T15:39:41","guid":{"rendered":"https:\/\/www.jupit.de\/produktwelt\/?post_type=product&#038;p=6605"},"modified":"2026-02-17T15:04:27","modified_gmt":"2026-02-17T14:04:27","slug":"panasonic-tv-65z95beg","status":"publish","type":"product","link":"https:\/\/www.jupit.de\/produktwelt\/produkt\/flachbildfernseher\/panasonic-tv-65z95beg\/","title":{"rendered":"Panasonic TX-65Z95B \u2013 OLED 4K Smart TV perfekt f\u00fcr Wohnr\u00e4ume"},"content":{"rendered":"<h2>Perfektes OLED-Bild auf 65 Zoll \u2013 ideal f\u00fcr Wohnzimmer und Gaming<\/h2>\n<p>Die 65-Zoll-Variante eignet sich hervorragend f\u00fcr helle Wohnr\u00e4ume, in denen ein exakter Schwarzwert und hohe Bewegungssch\u00e4rfe gefragt sind. Dank 144 Hz-Panel, Filmmaker Mode und integriertem Fire TV OS ist der TX-65Z95B sowohl technisch als auch im Bedienkomfort auf h\u00f6chstem Niveau.<\/p>\n<h3 class=\"contents-title__title heading-2\">Herausragende Helligkeit und Farbe \u2013 ein bahnbrechendes OLED-Erlebnis<\/h3>\n<p>Das innovative OLED-Panel mit 4-Schichtstruktur verbessert die Leuchteffizienz f\u00fcr eine \u00fcberragende Helligkeit und einen erweiterten Farbraum. Durch die neue aerodynamische Panasonic W\u00e4rmeableitungstechnologie wird die W\u00e4rme effizient abgef\u00fchrt, um die Leistung zu maximieren. So definiert diese OLED-Generation visuelle Exzellenz neu und bietet beeindruckende Klarheit und lebendige Farben.<\/p>\n<h3 class=\"contents-block__subtitle subtitle-1\">Innovatives Panasonic K\u00fchlsystem f\u00fcr \u00fcberragende Helligkeit<\/h3>\n<p>Inspiriert vom Design von Rennwagen optimiert Panasonics revolution\u00e4res ThermalFlow-System, f\u00fcr das ein Patent angemeldet wurde, den Luftstrom und maximiert so die Helligkeit des Bildschirms. Durch die Verfeinerung der Anordnung der L\u00fcftungs\u00f6ffnungen und das ausgekl\u00fcgelte Innendesign wird ein reibungsloser Luftstrom von unten nach oben gew\u00e4hrleistet. Das Ergebnis: Au\u00dfergew\u00f6hnliche Helligkeit und Klarheit f\u00fcr beeindruckend lebendige Bilder und ein unvergleichliches Seherlebnis.<\/p>\n<h3 class=\"contents-block__subtitle subtitle-1\">Lichtstarkes Panel mit neuer 4-Schicht-Struktur<\/h3>\n<p>Die \u201ePrimary-RGB-Tandem\u201c-Technologie f\u00fchrt ein vierlagiges Design f\u00fcr Rot, Gr\u00fcn und Blau ein und ersetzt damit die herk\u00f6mmliche dreilagige Struktur. Dies optimiert die Lichtwellenl\u00e4ngen, verbessert die Helligkeit um 40 % und steigert die Leuchtkraft sowie die Farbtreue. Das Ergebnis: Un\u00fcbertroffene Farbpr\u00e4zision und ein erweitertes Farbspektrum f\u00fcr eine Bildqualit\u00e4t der n\u00e4chsten Generation.<\/p>\n<h3 class=\"contents-block__subtitle subtitle-1\">Professionelle Bildqualit\u00e4t im eigenen Wohnzimmer<\/h3>\n<p>Der HCX Pro AI-Prozessor MK II in unseren Premium-Fernsehern sorgt f\u00fcr pr\u00e4zise Farben, Kontraste und gestochen scharfe Bilder \u2013 ideal f\u00fcr rasante Action, Sport und Gaming. Mithilfe von KI erkennt der Fernseher, wenn Sie gerade eine Sport\u00fcbertragung ansehen, und passt Bild und Ton f\u00fcr Sie an.<\/p>\n<h3 class=\"contents-block__subtitle subtitle-1\">Freuen Sie sich auf ein 360-Grad-Sounderlebnis<\/h3>\n<p>Unser einzigartiges, integriertes 360\u00b0 Soundscape Pro Audiosystem versetzt Sie direkt vom Sofa mitten ins Geschehen. Mit verst\u00e4rktem Bass durch einen verbesserten Tieft\u00f6ner und den integrierten, nach oben und seitlich abstrahlenden Lautsprechern, \u201eTuned by Technics\u201c, sorgt Dolby Atmos<sup>\u00ae<\/sup> f\u00fcr kraftvollen, mitrei\u00dfenden Klang.<\/p>\n<h3 class=\"contents-block__subtitle subtitle-1\">Array-Lautsprechersystem f\u00fcr ein pr\u00e4zises und raumf\u00fcllendes Klangerlebnis<\/h3>\n<p>Das Array-Lautsprechersystem sorgt f\u00fcr einen pr\u00e4zisen Sound und bringt alle Vorteile unserer einzigartigen, zielgerichteten Klangsteuerung jetzt auch in Ihr Heimkino. Mit diesen kleinen Lautsprechern k\u00f6nnen Sie den Sound punktgenau steuern und Zonen mit unterschiedlichen Lautst\u00e4rken schaffen. Erleben Sie eine noch pr\u00e4zisere Soundqualit\u00e4t und minimieren Sie gleichzeitig m\u00f6gliche Ablenkungen f\u00fcr andere.<\/p>\n<h3 class=\"contents-block__subtitle subtitle-1\">Auto AI<\/h3>\n<p>Auto AI &#8211; Mithilfe k\u00fcnstlicher Intelligenz analysiert der Z95B das eingehende Signal und passt Bild- und Toneinstellungen in Echtzeit an. Auto AI kennt die Einstellungen f\u00fcr Sport, Live-Musik, Kinoszenen und mehr \u2013 und nimmt sie f\u00fcr Sie vor. Lehnen Sie sich einfach zur\u00fcck und genie\u00dfen Sie die Vorstellung.<\/p>\n<h3 class=\"contents-block__subtitle subtitle-1\">4K-Fine-Remaster f\u00fcr h\u00f6here Aufl\u00f6sung<\/h3>\n<p>Dual Super Resolution \u2013 Verbesserte Aufl\u00f6sung und Farb\u00fcberg\u00e4nge werden durch die Super Resolution-Technologie der n\u00e4chsten Generation mit Unterst\u00fctzung von KI erreicht. Panasonic hat zwei Hochkonvertierungstechnologien, KI und mathematische Modelle, kombiniert, um sch\u00e4rfere und gleichzeitig nat\u00fcrlichere Bilder zu liefern, insbesondere bei Inhalten mit Full HD und darunter.<\/p>\n<h3 class=\"contents-block__subtitle subtitle-1\">KI-HDR-Remaster f\u00fcr kontrastreiche HDR-Bilder<\/h3>\n<p>KI-HDR-Remaster \u2013 Erleben Sie dynamischere Bilder sowohl bei der Live-Fernseh\u00fcbertragung und als auch beim Streaming. Diese Technologie wandelt konventionelle Fernsehbilder in kontrastreichere Bilder um, indem sie einen Konvertierungsalgorithmus verwendet, der urspr\u00fcnglich mit AI entwickelt wurde.<\/p>\n<h3 class=\"contents-block__subtitle subtitle-1\">Genie\u00dfen Sie Ihre Favoriten. Steuern Sie Ihr Smart Home.<\/h3>\n<p>Erleben Sie ultimatives Entertainment mit Smart Home Kontroll-Funktionen und erstklassiger Bild und Soundqualit\u00e4t. Das ist Panasonic TV Premium mit integriertem Fire TV: Entdecken Sie japanische Technologie, exzellente Bild- und Tonqualit\u00e4t, innovative Gaming-Features und vieles mehr.<\/p>\n<h3 class=\"contents-block__subtitle subtitle-1\">Alle Ihre Lieblingsinhalte an einem Ort<\/h3>\n<p>Fire TV vereint Netflix, Prime Video, Disney+, Live-TV und vieles mehr an einem zentralen Ort, damit Sie Ihre Lieblingsserien, -filme und -sendungen schnell und ohne langes Scrollen finden. Dar\u00fcber hinaus passen der Netflix Calibrated Mode und der Prime Video Calibrated Mode die Bildeinstellungen automatisch an die Original-Masterfassung an \u2013 f\u00fcr ein Seherlebnis genau nach der Vision der Filmschaffenden.<\/p>\n<h3 class=\"contents-block__subtitle subtitle-1\">Freih\u00e4ndige und komfortable Bedienung<\/h3>\n<p>Spielen Sie Ihre Lieblingsfilme ab, ohne zur Fernbedienung zu greifen: Mit Alexa und der Freisprechfunktion Ihres TVs steuern Sie Wiedergabe, Musik, Timer, Smart-Home-Ger\u00e4te und mehr \u2013 ganz einfach per Sprachbefehl.<\/p>\n<h3 class=\"contents-title__title heading-2\">Formvollendetes Design \u2013 passend f\u00fcr jeden Raum<\/h3>\n<p>Dieser TV mit seiner au\u00dfergew\u00f6hnlichen Bildqualit\u00e4t wurde auch als stilvolles Designobjekt f\u00fcr Ihr Zuhause konzipiert. Mit stoffbezogenen Premium-Lautsprechern vereint der Fernseher Funktion und Eleganz. Dank seines schlanken Profils, der flachen R\u00fcckseite, der ThermalFlow-K\u00fchlung und der optimierten Lautsprecherplatzierung \u00fcberzeugt er mit beeindruckender Bilddarstellung und hervorragendem Klang \u2013 Technologie und Design in perfekter Harmonie.<\/p>\n<h3 class=\"contents-block__subtitle subtitle-1\">Optimale Helligkeit und Farbe unter allen Bedingungen<\/h3>\n<p>Multi HDR-Format: Durch die Unterst\u00fctzung aller HDR-Formate (High Dynamic Range) gew\u00e4hrleisten unsere Premium-Fernseher die bestm\u00f6gliche Leistung \u2013 unabh\u00e4ngig von der Bildquelle. Helligkeit und Farbe werden szenenweise optimiert; egal ob die Quelle HLG, HDR10, HDR10+ Adaptive oder das neue Dolby Vision-Format mit Precision Detail ist.<\/p>\n<h3 class=\"contents-block__subtitle subtitle-1\">Filmmaker Mode der n\u00e4chsten Generation mit intelligenter Sensorik<\/h3>\n<p>Erleben Sie Ihre Lieblingsfilme jetzt wie von den Filmschaffenden beabsichtigt. Der Filmmaker Mode der n\u00e4chsten Generation nutzt unsere intelligente Sensortechnologie zur Anpassung der Farbtemperatur und der Umgebungshelligkeit, um sicherzustellen, dass jeder Film den kreativen Ideen der Regisseurin oder des Regisseurs entspricht, selbst in hellen Umgebungen.<\/p>\n<h3 class=\"contents-block__subtitle subtitle-1\">Gro\u00dfer Bildschirm, atemberaubende Geschwindigkeit, Aufl\u00f6sung und Dynamik f\u00fcr jedes Spiel<\/h3>\n<p>Dank Game Mode Extreme sind unsere neuen 4K OLED-Fernseher mit HCX Pro AI MK II- Prozessor bereit f\u00fcr Action. Das neu entwickelte 144Hz-Panel unterst\u00fctzt HFR (High Frame Rates) und VRR (Variable Refresh Rates) und bietet hochaufl\u00f6sende, ruckelfreie Grafiken \u2013 f\u00fcr ein cineastisches Erlebnis und Gaming auf h\u00f6chstem Niveau.<\/p>\n<h3 class=\"contents-block__subtitle subtitle-1\">Einfache und intuitive Einrichtung f\u00fcr Spielekonsolen<\/h3>\n<p>Ab sofort k\u00f6nnen Sie Game Settings einfacher und intuitiver bedienen. Verbinden Sie Ihre Spielkonsole \u00fcber HDMI mit dem Fernseher. Das neue Game Control Board zeigt Ihnen Game relevante Informationen und bietet Ihnen gleichzeitg einen bequemen Zugriff auf Ihre Game-Einstellungen. F\u00fcr ein noch reibungsloseres Spielerlebnis k\u00f6nnen Sie diese Funktion direkt aufrufen, indem Sie sie der \u201eMy APP\u201c -Taste zuweisen.<\/p>\n<h3 class=\"contents-block__subtitle subtitle-1\">Gro\u00dfartiger Sound f\u00fcr all Ihre Lieblingsspiele<\/h3>\n<p>Der Game Sound Mode erm\u00f6glicht das Umschalten zwischen verschiedenen Soundmodi, um den Sound f\u00fcr jedes Spiel zu optimieren. Der RPG-Modus sorgt f\u00fcr ein realistisches und intensives Spielerlebnis. Der FPS-Modus stellt die Audioposition in den Mittelpunkt, so dass Sie beim Spielen selbst leiseste Ger\u00e4usche Ihrer Feinde h\u00f6ren k\u00f6nnen und so stets die Oberhand behalten.<\/p>\n<h3 class=\"contents-block__subtitle subtitle-1\">Erstklassiges, ruckelfreies Gaming-Erlebnis<\/h3>\n<p>Die Z95B-Serie unterst\u00fctzt sowohl AMD FreeSync\u2122 Premium als auch NVIDIA<sup>\u00ae<\/sup> G-SYNC<sup>\u00ae<\/sup> kompatible Technologien. Diese sind darauf ausgelegt, auf den neuesten leistungsstarken Displays ein herausragendes Gaming-Erlebnis zu bieten. Freuen Sie sich auf ein ruckfreies Gaming-Erlebnis in 4K auf dem gro\u00dfen, kontrastreichen Display und tauchen Sie in fremde Welten ein.<\/p>\n<h3 class=\"contents-title__title heading-2\">Flexibler TV-Empfang mit dem Penta Tuner<\/h3>\n<p>F\u00fcnffacher TV-Empfang: Zus\u00e4tzlich zu Satellit, Kabel und Antenne unterst\u00fctzt der Penta-Tuner zwei weitere Signaltypen. Beim Empfang \u00fcber das Internet (IPTV) und das Heimnetzwerk (TV&gt;IP) k\u00f6nnen Sie den Standort Ihres Fernsehers unabh\u00e4ngig von der Antennensteckdose w\u00e4hlen. So genie\u00dfen Sie erstklassiges Fernsehvergn\u00fcgen in jedem Raum \u2013 ohne einen zus\u00e4tzlichen TV-Anschluss.<\/p>\n","protected":false},"excerpt":{"rendered":"<p>Der Panasonic TX-65Z95B (in 55\u201d, 65\u201c und 77\u201c erh\u00e4ltlich) ist die perfekte Wahl f\u00fcr alle, die Kinoqualit\u00e4t im Wohnzimmer genie\u00dfen m\u00f6chten. Mit 65 Zoll bietet er die optimale Gr\u00f6\u00dfe f\u00fcr mittlere Sitzabst\u00e4nde und kombiniert modernste OLED-Paneltechnik mit pr\u00e4ziser Farbsteuerung und dynamischem 4K-HDR-Kontrast. Ob Streaming, Gaming oder Live-TV \u2013 das Bild bleibt fl\u00fcssig, hell und nat\u00fcrlich.<\/p>\n","protected":false},"featured_media":6607,"template":"","meta":{"_acf_changed":false},"product_brand":[583],"product_cat":[281],"product_tag":[],"class_list":{"0":"post-6605","1":"product","2":"type-product","3":"status-publish","4":"has-post-thumbnail","6":"product_brand-panasonic","7":"product_cat-flachbildfernseher","9":"first","10":"instock","11":"shipping-taxable","12":"product-type-simple"},"acf":[],"_links":{"self":[{"href":"https:\/\/www.jupit.de\/produktwelt\/wp-json\/wp\/v2\/product\/6605","targetHints":{"allow":["GET"]}}],"collection":[{"href":"https:\/\/www.jupit.de\/produktwelt\/wp-json\/wp\/v2\/product"}],"about":[{"href":"https:\/\/www.jupit.de\/produktwelt\/wp-json\/wp\/v2\/types\/product"}],"wp:featuredmedia":[{"embeddable":true,"href":"https:\/\/www.jupit.de\/produktwelt\/wp-json\/wp\/v2\/media\/6607"}],"wp:attachment":[{"href":"https:\/\/www.jupit.de\/produktwelt\/wp-json\/wp\/v2\/media?parent=6605"}],"wp:term":[{"taxonomy":"product_brand","embeddable":true,"href":"https:\/\/www.jupit.de\/produktwelt\/wp-json\/wp\/v2\/product_brand?post=6605"},{"taxonomy":"product_cat","embeddable":true,"href":"https:\/\/www.jupit.de\/produktwelt\/wp-json\/wp\/v2\/product_cat?post=6605"},{"taxonomy":"product_tag","embeddable":true,"href":"https:\/\/www.jupit.de\/produktwelt\/wp-json\/wp\/v2\/product_tag?post=6605"}],"curies":[{"name":"wp","href":"https:\/\/api.w.org\/{rel}","templated":true}]}}