{"id":6601,"date":"2025-06-21T13:22:48","date_gmt":"2025-06-21T11:22:48","guid":{"rendered":"https:\/\/www.jupit.de\/produktwelt\/?post_type=product&#038;p=6601"},"modified":"2026-02-03T18:49:12","modified_gmt":"2026-02-03T17:49:12","slug":"wiim-ultra","status":"publish","type":"product","link":"https:\/\/www.jupit.de\/produktwelt\/produkt\/streamer\/wiim-ultra\/","title":{"rendered":"WiiM Ultra"},"content":{"rendered":"<h2>WiiM Ultra &#8211; das neue audiophile Streaming-Flaggschiff von WiiM.<\/h2>\n<h3>Der High-Res-Wireless-Streamer kann all deine Hifi-Ger\u00e4te kabellos multiroomf\u00e4hig machen.<\/h3>\n<p>Der WiiM Ultra ist das neue audiophile Streaming-Flaggschiff von WiiM. Der High-Res-Wireless-Streamer kann all deine Hifi-Ger\u00e4te \u2013 Plattenspieler, Fernseher, CD-Player, und mehr kabellos multiroomf\u00e4hig machen. Zum H\u00f6ren schlie\u00dft du den WiiM Ultra einfach an deine Aktivlautsprecher, Subwoofer oder deinen Verst\u00e4rker an \u2013 oder kopple deine Bluetooth-Kopfh\u00f6rer \u2013 und schon genie\u00dft du Musik nicht nur vom WiiM Ultra, sondern sogar von Ger\u00e4ten, die du an ein anderes WiiM-Ger\u00e4t irgendwo im Haus oder der Wohnung angeschlossen hast! Mit seinen hochentwickelten, hochaufl\u00f6senden Audiof\u00e4higkeiten wie dem leistungsf\u00e4higen Analog-Digital-Wandler und der effizienten Raumkorrektur erm\u00f6glicht es dir der WiiM Ultra, all deine Lieblingsmusik von Spotify, Amazon Music, Deezer, Qobuz, TIDAL, Pandora, iHeartRadio, TuneIn und SoundCloud, Podcasts und H\u00f6rb\u00fccher mit einem au\u00dfergew\u00f6hnlich sauberen, detaillierten und vielschichtigen Klang zu genie\u00dfen.<\/p>\n<p><strong>Streame alles!<\/strong><br \/>\nSelbstverst\u00e4ndlich unterst\u00fctzt der WiiM Ultra Spotify Connect, TIDAL Connect, Google Chromecast Audio (CastLite), Alexa (built-in), DLNA, Roon und Squeezelite.<\/p>\n<p><strong>Hinweis:<\/strong> Wie der WiiM Amp Pro richtet sich der WiiM Ultra aufgrund seiner \u00fcberragenden Klangqualit\u00e4t dank hochwertigster Bauteile und Signalverarbeitung an Musikliebhaber, die ihre Musik so hochaufl\u00f6send wie m\u00f6glich streamen. AirPlay mit seiner limitierten Aufl\u00f6sung ist bei diesen beiden Ger\u00e4ten nicht zertifiziert, so dass AirPlay und Siri beim WiiM Amp Pro und WiiM Ultra nicht verf\u00fcgbar sind. Usern, die gerne AirPlay nutzen m\u00f6chten, empfehlen wir die Schwestermodelle <a href=\"https:\/\/wiim-audio.de\/products\/wiim-pro-plus\">WiiM Pro Plus <\/a>und <a href=\"https:\/\/wiim-audio.de\/products\/wiim-amp-streaming-amp\">WiiM Amp<\/a>.<\/p>\n<p><strong>Beste Komponenten<\/strong><br \/>\nIm WiiM Ultra kommen besonders hochwertige, audiophile Komponenten zum Einsatz. Seine hohe Verarbeitungsqualit\u00e4t, das stabile Aluminiumgeh\u00e4use, die reichhaltige Auswahl an Audioanschl\u00fcssen und der gestochen scharfe 3,5-Zoll-Farb-Touchscreen machen ihn zu einem in seiner Klasse einzigartig luxuri\u00f6sen Werkzeug.<\/p>\n<p><strong>H\u00f6rt aufs Wort oder die App<\/strong><br \/>\nDu kannst deinen WiiM-Streamer ganz einfach und bequem \u00fcber die WiiM Home App steuern. Wenn du lieber die Sprachsteuerung nutzt, ist WiiM mit Assistenten wie Siri, Alexa und Google kompatibel. Der WiiM Voice Remote Controller bietet eine weitere Alternative zur drahtlosen Steuerung und erh\u00f6ht den Komfort der WiiM Produkte.<\/p>\n<p><strong>Features<\/strong><\/p>\n<ul>\n<li>3,5 Zoll Farb-Touchscreen-Display<\/li>\n<li>Spotify Connect, TIDAL Connect, Google Chromecast Audio (CastLite), Alexa built-in, DLNA, Roon ready, Squeezelite<\/li>\n<li>Premium 32-bit\/384kHz ES9038 Q2M Sabre-DAC<\/li>\n<li>Kopfh\u00f6rerverst\u00e4rkerchip TPA6120A2<\/li>\n<li>Wi-Fi 6E<\/li>\n<li>Bluetooth 5.3<\/li>\n<li>RJ45 Ethernet-Schnittstelle<\/li>\n<\/ul>\n<p><strong>Technische Daten<\/strong><\/p>\n<ul>\n<li>Eing\u00e4nge:\n<ul>\n<li>HDMI ARC-Eingang<\/li>\n<li>Optischer S\/PDIF-Eingang<\/li>\n<li>Phono-In<\/li>\n<li>AUX Line-In<\/li>\n<\/ul>\n<\/li>\n<li>Ausg\u00e4nge:\n<ul>\n<li>Line-Out: 1<\/li>\n<li>Optischer S\/PDIF-Ausgang<\/li>\n<li>Koaxialer S\/PDIF-Ausgang<\/li>\n<li>USB-A<\/li>\n<li>Trigger 12V<\/li>\n<\/ul>\n<\/li>\n<li>Signal-Rauschabstand: 120 dB<\/li>\n<li>Verzerrungen: THD+N &lt;0,00018 %<\/li>\n<li>Ma\u00dfe (B x T x H): 205 x 205 x 73 mm<\/li>\n<li>Gewicht: 1,3 kg<\/li>\n<\/ul>\n<p><strong>Mitgeliefertes Zubeh\u00f6r<\/strong><\/p>\n<ul>\n<li>Signalkabel RCA 150 cm<\/li>\n<li>Tos Link Kabel 150 cm<\/li>\n<li>HDMI Kabel 150 cm<\/li>\n<li>Phono Ground Adapter (Klemme) 2,5mm auf 3,5mm<\/li>\n<li>Fernbedienung mit Sprachsteuerung<\/li>\n<li>Netzkabel 200 cm<\/li>\n<\/ul>\n","protected":false},"excerpt":{"rendered":"<h2><strong>WiiM Ultra &#8211; <\/strong>Wireless-Streamer<\/h2>\n<p><strong>Highlights:<\/strong><\/p>\n<ul>\n<li>WiiM Ultra ist ein leistungsstarker Musikstreamer mit einem hochwertigen 32 Bit\/384 kHz SABRE-DAC (E5903802M)<\/li>\n<li>Umfangreiche Ein- und Ausg\u00e4nge bieten ungeahnte Freiheiten<\/li>\n<li>Beste, stabile Konnektivit\u00e4t dank zwei Antennen f\u00fcr WiFi 6E und Bluetooth 5.3<\/li>\n<li>Ein elegantes, hochwertig verarbeitetes Aluminiumgeh\u00e4use<\/li>\n<li>Ein scharfes 3,5\u2033-Touchscreen-Display mit Echtglasabdeckung<\/li>\n<li>Ein physischer Lautst\u00e4rkedrehregler<\/li>\n<li>Die integrierte Raumkorrektur nimmt pr\u00e4zise akustische Messungen des H\u00f6rraums vor und erstellt eine ma\u00dfgeschneiderte Frequenzganganpassung f\u00fcr Lautsprecher und Subwoofer<\/li>\n<li>Streaming von Hi-Res-Musik mit bit-perfekter digitaler Ausgabe oder analogem Audio, rauschfrei und ohne Verzerrungen!<\/li>\n<li>Gapless playback von Hi-Res-Musik mit bis zu 24-bit\/192 kHz \u00fcber USB, SPDIF, Koax, Line, und Kopfh\u00f6rerausgang<\/li>\n<\/ul>\n","protected":false},"featured_media":6602,"template":"","meta":{"_acf_changed":false},"product_brand":[580],"product_cat":[269],"product_tag":[],"class_list":{"0":"post-6601","1":"product","2":"type-product","3":"status-publish","4":"has-post-thumbnail","6":"product_brand-wiim","7":"product_cat-streamer","9":"first","10":"instock","11":"shipping-taxable","12":"product-type-simple"},"acf":[],"_links":{"self":[{"href":"https:\/\/www.jupit.de\/produktwelt\/wp-json\/wp\/v2\/product\/6601","targetHints":{"allow":["GET"]}}],"collection":[{"href":"https:\/\/www.jupit.de\/produktwelt\/wp-json\/wp\/v2\/product"}],"about":[{"href":"https:\/\/www.jupit.de\/produktwelt\/wp-json\/wp\/v2\/types\/product"}],"wp:featuredmedia":[{"embeddable":true,"href":"https:\/\/www.jupit.de\/produktwelt\/wp-json\/wp\/v2\/media\/6602"}],"wp:attachment":[{"href":"https:\/\/www.jupit.de\/produktwelt\/wp-json\/wp\/v2\/media?parent=6601"}],"wp:term":[{"taxonomy":"product_brand","embeddable":true,"href":"https:\/\/www.jupit.de\/produktwelt\/wp-json\/wp\/v2\/product_brand?post=6601"},{"taxonomy":"product_cat","embeddable":true,"href":"https:\/\/www.jupit.de\/produktwelt\/wp-json\/wp\/v2\/product_cat?post=6601"},{"taxonomy":"product_tag","embeddable":true,"href":"https:\/\/www.jupit.de\/produktwelt\/wp-json\/wp\/v2\/product_tag?post=6601"}],"curies":[{"name":"wp","href":"https:\/\/api.w.org\/{rel}","templated":true}]}}