{"id":6577,"date":"2025-06-17T15:16:34","date_gmt":"2025-06-17T13:16:34","guid":{"rendered":"https:\/\/www.jupit.de\/produktwelt\/?post_type=product&#038;p=6577"},"modified":"2026-01-22T07:17:03","modified_gmt":"2026-01-22T06:17:03","slug":"vortex-hfo-plug-sigma","status":"publish","type":"product","link":"https:\/\/www.jupit.de\/produktwelt\/produkt\/zubehoer\/vortex-hfo-plug-sigma\/","title":{"rendered":"Vortex HFO Plugs Sigma (Paar)"},"content":{"rendered":"<h2>Vortex HFO Plugs Sigma &#8211; Test im &#8222;H\u00f6rerlebnis&#8220;<\/h2>\n<h3>\u201eKein zur\u00fcck mehr\u201d<\/h3>\n<p>Im renommierten <strong>HiFi-Magazin \u201eH\u00f6rerlebnis\u201c<\/strong> hat Marco Kolks die beeindruckenden Vortex HiFi HFO Plugs Sigma ausf\u00fchrlich getestet. Der Autor betont eindrucksvoll, dass eine hochwertige Musikwiedergabe vor allem eines schaffen muss: \u201eEmotionen in uns wachrufen\u201c. Genau hier setzen die HFO Plugs Sigma an, indem sie gezielt Hochfrequenzst\u00f6rungen (HF) minimieren, welche laut Kolks die gr\u00f6\u00dften \u201eKlangteufel\u201c im heimischen H\u00f6rraum darstellen.<\/p>\n<p>Kolks hebt besonders hervor, dass die meisten St\u00f6rungsquellen, von Computern bis zu Mikrowellenger\u00e4ten, \u201eim eigenen Haushalt, wenn nicht sogar in der eigenen Hifi-Anlage zu finden\u201c sind. Die einzigartige Wirkung der HFO Plugs Sigma ergibt sich vor allem aus der speziell informierten kleinen Antenne, deren Position klanglich zwar keine Rolle spielt, jedoch entscheidend f\u00fcr die Wirkung ist: \u201eSchraubt man die Antenne vom Sockel ab, ist der gr\u00f6\u00dfte Teil der Wirkung weg.\u201c<\/p>\n<p>In praktischen H\u00f6rtests stellte Kolks eine eindrucksvolle Verbesserung fest, die sich vor allem in einer frappierenden R\u00e4umlichkeit \u00e4u\u00dfert. \u201eTiefenstaffelung, Ortbarkeit und Abbildungsgr\u00f6\u00dfe sind genauer, konturierter, viel plastischer\u201c, beschreibt Kolks das Klangerlebnis. Besonders betont er die emotionale Tiefe, die durch die Verwendung der Plugs entsteht: \u201eMit den HF-Optimizern sp\u00fcrt man die Seelentiefe in jedem einzelnen Ton.\u201c<\/p>\n<p>Weiterhin beeindruckt zeigte sich Kolks von der Souver\u00e4nit\u00e4t, mit der subtile musikalische Unterschiede herausgearbeitet werden: \u201eDas gr\u00f6\u00dfte Verdienst der HFO Plugs Sigma ist vielleicht, dass die Noten regelrecht aufbl\u00fchen und verklingen wie auf einer Live-B\u00fchne.\u201c Dies gilt laut Kolks nicht nur f\u00fcr exzellente Neuaufnahmen, sondern \u00fcberraschend auch f\u00fcr \u00e4ltere Einspielungen.<\/p>\n<p>Schlie\u00dflich res\u00fcmiert Kolks voller Euphorie, dass f\u00fcr diejenigen, die einmal den Klang mit den HFO Plugs Sigma erlebt haben, \u201ekein zur\u00fcck mehr\u201c gibt. Die Vortex-Produkte lassen die Musikwiedergabe nicht nur besser klingen, sondern sorgen daf\u00fcr, dass man auf einer \u201esprichw\u00f6rtlichen Vortex-Wolke\u201c schwebt, was einen audiophilen Genuss weit jenseits dessen erm\u00f6glicht, \u201ewas man sich von der Anschaffung neuer Ger\u00e4te verspricht\u201c.<\/p>\n<p>Der angegebene Preis von \u20ac 799,- bezieht sich auf ein Set (= 2 St\u00fcck) der HFO Plugs.<\/p>\n","protected":false},"excerpt":{"rendered":"<p>Wenn aus Musik Emotionen werden sollen, sind die Entst\u00f6rprodukte von VORTEX HIFI ein perfekter Begleiter. Diese Erfahrungen sowie die Einsch\u00e4tzungen zahlreicher JUPIT-Kunden und HiFi-Club Mitglieder zeigen, worum es bei den Produkten von Vortex HiFi geht:<\/p>\n<p>Den Menschen dazu zu bef\u00e4higen, Musik in ihrer Tiefe ganzheitlich wahrzunehmen und umfassend zu empfinden! Mit den innovativen Produkten von Vortex zur Minimierung der mittlerweile allgegenw\u00e4rtigen NF- und HF-Strahlung (\u201eElektrosmog\u201c) ist es in der heutigen problematischen h\u00e4uslichen Umgebung m\u00f6glich, wieder ein livehaftiges und nat\u00fcrliches H\u00f6rerlebnis zu schaffen.Eine gut aufeinander abgestimmte HiFi-Kette bleibt selbstverst\u00e4ndlich die Basis! Ein optimales Musik-Erlebnis entsteht allerdings erst durch den gezielten Einsatz von Entst\u00f6rprodukten.<\/p>\n<p>Wenn Sie Interesse an diesem \u201eanderen Weg\u201c der Klangverbesserung und des Musikempfindens haben, stehen Ihnen das Jupit Team und die HIFI-Club Mitglieder gerne mit Ihren Erfahrungen zur Seite. Vereinbaren Sie Ihren pers\u00f6nlichen Vorf\u00fchrtermin.<\/p>\n<p><strong>Marie von Vortex zeigt Dir die Anwendung der HFO Plugs<\/strong><\/p>\n<p><strong>Einfach und verst\u00e4ndlich erkl\u00e4rt<\/strong><\/p>\n<p><a href=\"https:\/\/youtu.be\/PTXgOUnaJtM\">https:\/\/youtu.be\/PTXgOUnaJtM<\/a><\/p>\n<p>&nbsp;<\/p>\n<p>&nbsp;<\/p>\n<p>&nbsp;<\/p>\n","protected":false},"featured_media":6578,"template":"","meta":{"_acf_changed":false},"product_brand":[568],"product_cat":[264],"product_tag":[],"class_list":{"0":"post-6577","1":"product","2":"type-product","3":"status-publish","4":"has-post-thumbnail","6":"product_brand-vortex","7":"product_cat-zubehoer","9":"first","10":"instock","11":"shipping-taxable","12":"product-type-simple"},"acf":[],"_links":{"self":[{"href":"https:\/\/www.jupit.de\/produktwelt\/wp-json\/wp\/v2\/product\/6577","targetHints":{"allow":["GET"]}}],"collection":[{"href":"https:\/\/www.jupit.de\/produktwelt\/wp-json\/wp\/v2\/product"}],"about":[{"href":"https:\/\/www.jupit.de\/produktwelt\/wp-json\/wp\/v2\/types\/product"}],"wp:featuredmedia":[{"embeddable":true,"href":"https:\/\/www.jupit.de\/produktwelt\/wp-json\/wp\/v2\/media\/6578"}],"wp:attachment":[{"href":"https:\/\/www.jupit.de\/produktwelt\/wp-json\/wp\/v2\/media?parent=6577"}],"wp:term":[{"taxonomy":"product_brand","embeddable":true,"href":"https:\/\/www.jupit.de\/produktwelt\/wp-json\/wp\/v2\/product_brand?post=6577"},{"taxonomy":"product_cat","embeddable":true,"href":"https:\/\/www.jupit.de\/produktwelt\/wp-json\/wp\/v2\/product_cat?post=6577"},{"taxonomy":"product_tag","embeddable":true,"href":"https:\/\/www.jupit.de\/produktwelt\/wp-json\/wp\/v2\/product_tag?post=6577"}],"curies":[{"name":"wp","href":"https:\/\/api.w.org\/{rel}","templated":true}]}}