{"id":6574,"date":"2025-06-17T14:33:55","date_gmt":"2025-06-17T12:33:55","guid":{"rendered":"https:\/\/www.jupit.de\/produktwelt\/?post_type=product&#038;p=6574"},"modified":"2026-02-04T16:08:51","modified_gmt":"2026-02-04T15:08:51","slug":"vortex-ground-optimizer-2-mkii","status":"publish","type":"product","link":"https:\/\/www.jupit.de\/produktwelt\/produkt\/zubehoer\/vortex-ground-optimizer-2-mkii\/","title":{"rendered":"Vortex Ground Optimizer 2 mkII"},"content":{"rendered":"<h1>Vortex Ground Optimizer 2 mkII &#8211; Ihr M\u00fclleimer f\u00fcr Massest\u00f6rungen.<\/h1>\n<h2>F\u00fcr einen sauberen Klang braucht es eine saubere Masse.<\/h2>\n<p>Seit HiFi \u2013 Ger\u00e4te konstruiert werden besch\u00e4ftigen sich Entwickler mit den St\u00f6rungen auf der Masse der Ger\u00e4te. Die Masse ist in jedem Fall der Bezugspunkt f\u00fcr die Schaltung also die Grundlage f\u00fcr den Aufbau des Signals. Zum Zweiten wird die Masse als Schirmpotential der angeschlossenen Kabel verwendet. Alle St\u00f6rungen die im Ger\u00e4t auf die Masse gelangen werden durch den Schirm abgestrahlt und alle St\u00f6rungen die Auf den Schirm gelangen, gelangen auch auf den Bezugspunkt \u2013 eben die Masse.<\/p>\n<p><strong>Dies schafft Signalfehler und erzeugt St\u00f6rungen im menschlichen Nervensystemen \u2013 Dirty Power Effekte.<\/strong><\/p>\n<h4>Wirbelph\u00e4nomene erzeugen schlechten Klang<\/h4>\n<p>Die medizinische Forschung zeigt den Einfluss von h\u00f6hergradigen Oberwellen auf das H\u00f6rsystem. Dabei Untersuchte die Umweltbiologin Prof. Dr. Magda Havas die Oberwellen von ca. 2.000Hz bis 150.000 Hz. Unter anderem beschreibt Sie hier Starke Ohrger\u00e4usche \u2013 also das Versagen des H\u00f6rsystems. Wir fanden eindeutige klangliche \u00c4nderungen selbst bis in den Gigahertzbereich bei Bauteilen. Unsere \u00fcber 35-j\u00e4hrige Forschung bez\u00fcglich Bauteilen und Kabeln sowie deren Verbindungen zeigen, eindeutig, dass Wirbelph\u00e4nomene zu biologisch relevanten Feldern f\u00fchren.<\/p>\n<h4>Wellenwiderst\u00e4nde und perfekte Impedanzen in HF-Bereich<\/h4>\n<p>Daher optimierten wir die Ground Optimizer Ableitungen \u00fcber perfekte Wellenwiderst\u00e4nde um Reflexionen und so starke Wirbelstr\u00f6me zu vermeiden. Unser Ziel ist es einen optimaleren Klang zu erreichen und nicht einen vordergr\u00fcndigen messtechnischen Effekt.<\/p>\n<p>Ob Wirbelstr\u00f6me und so Wirbelfelder bei der Feldabstrahlung der Ger\u00e4te entstehen oder Wirbelstr\u00f6me in einer Ableitung auf Erde ist Ihrem Geh\u00f6r im Ergebnis egal \u2013 das H\u00f6ren ist so oder so gest\u00f6rt. Am besten sieht man dies beim Vergleich von Schutzklasse 1 Ger\u00e4ten mit Erdung und Schutzklasse 2 Gr\u00e4ten ohne Erdung. Bei Schutzklasse 1 Ger\u00e4ten mit Erdung messen wir fast keine abgestrahlten Felder. Bei Schutzklasse 2 Ger\u00e4ten messen wir starke Massest\u00f6rungen und starke Felder. Trotz diesen Feldunterschieden sind keiner Kategorie Vorteile im Klang zuzuschreiben. Dies liegt bei den Schutzklasse 1 (mit Schutzerde) an den schlechten, zuf\u00e4lligen und teilweise durch das Geh\u00e4use abflie\u00dfenden St\u00f6rungen welche erhebliche Wirbelstr\u00f6me und wirbelerzeugende Feldabstrahlungen im Inneren erzeugen.<\/p>\n<h4>Das perfekte Feld im Ground Optimizer<\/h4>\n<p>Ein Prinzip unseres Ground Optimizers ist der kontrollierte, wirbelarme Aufbau eines Feldes zur Bindung der Energie. Dies erfolgt in einer Kondensatorgruppe unseres Ground Optimizers. Dieses kontrollierte Feld ist elementar zur Reduzierung der biologischen St\u00f6rungen. Die Qualit\u00e4t dieses Feldes, also die hier entstehenden Potentialwirbel bestimmen elementar die Klangqualit\u00e4t des Ground Optimizers. Bei der Entwicklung konnten wir auf die \u00fcber 30-j\u00e4hrige Erfahrung Norbert Maurers in Bezug auf St\u00f6rungen von Kondensatoren zur\u00fcckgreifen. Schon 1984 meldete Norbert Maurer ein Patent f\u00fcr eine Hochgeschwindigkeits-Frequenzweiche an, in der es prim\u00e4r um HF-Impedanzen und parasit\u00e4re Effekte der Bauteile ging. Erst viel sp\u00e4ter kam die Erkenntnis, dass die Impedanz Optimierung der Kondensatoren eine drastische biologisch relevante Wirbelreduzierung nach sich zog.<\/p>\n<p>Die wirbeltheoretischen Grundlagen f\u00fcr die klangliche\/biologische Relevanz stammen aus den \u00dcberlegungen von Prof. Dr. Konstantin Meyl. Diese Grundlagen erkl\u00e4ren aufgrund der biologischen Wirkung \u00fcber die Potentialwirbel die unterschiedlich klingenden Kondensatoren obwohl die Audiodaten sich nicht relevant \u00e4ndern. Auch klangliche Ver\u00e4nderungen \u00fcber die Zeit lassen sich so erkl\u00e4ren.<\/p>\n<p><strong>Die Vortex HiFi Ground Optimizer sind also komplexe Systeme welche komplexes, \u00fcber 30 Jahre erarbeitetes, spezifisches Know How enthalten.<\/strong><\/p>\n<p><strong>Die Forderung lautet also, die Massest\u00f6rungen soweit wie irgend m\u00f6glich zu reduzieren. Genau dies leistet die revolution\u00e4re Vortex HiFi Ground Optimizer Technik.<\/strong><\/p>\n<p>&nbsp;<\/p>\n","protected":false},"excerpt":{"rendered":"<p>Vortex Ground Optimizer 2 mkII &#8211; Ihr M\u00fclleimer f\u00fcr Massest\u00f6rungen. F\u00fcr einen sauberen Klang braucht es eine saubere Masse. Seit HiFi \u2013 Ger\u00e4te konstruiert werden besch\u00e4ftigen sich Entwickler mit den St\u00f6rungen auf der Masse der Ger\u00e4te. Die Masse ist in jedem Fall der Bezugspunkt f\u00fcr die Schaltung also die Grundlage f\u00fcr den Aufbau des Signals. [&hellip;]<\/p>\n","protected":false},"featured_media":6575,"template":"","meta":{"_acf_changed":false},"product_brand":[568],"product_cat":[264],"product_tag":[570,443,445,571,569],"class_list":{"0":"post-6574","1":"product","2":"type-product","3":"status-publish","4":"has-post-thumbnail","6":"product_brand-vortex","7":"product_cat-zubehoer","8":"product_tag-ground-optimizer","9":"product_tag-hifi","10":"product_tag-jupit","11":"product_tag-sauberer-klang","12":"product_tag-vortex","14":"first","15":"instock","16":"featured","17":"shipping-taxable","18":"product-type-simple"},"acf":[],"_links":{"self":[{"href":"https:\/\/www.jupit.de\/produktwelt\/wp-json\/wp\/v2\/product\/6574","targetHints":{"allow":["GET"]}}],"collection":[{"href":"https:\/\/www.jupit.de\/produktwelt\/wp-json\/wp\/v2\/product"}],"about":[{"href":"https:\/\/www.jupit.de\/produktwelt\/wp-json\/wp\/v2\/types\/product"}],"wp:featuredmedia":[{"embeddable":true,"href":"https:\/\/www.jupit.de\/produktwelt\/wp-json\/wp\/v2\/media\/6575"}],"wp:attachment":[{"href":"https:\/\/www.jupit.de\/produktwelt\/wp-json\/wp\/v2\/media?parent=6574"}],"wp:term":[{"taxonomy":"product_brand","embeddable":true,"href":"https:\/\/www.jupit.de\/produktwelt\/wp-json\/wp\/v2\/product_brand?post=6574"},{"taxonomy":"product_cat","embeddable":true,"href":"https:\/\/www.jupit.de\/produktwelt\/wp-json\/wp\/v2\/product_cat?post=6574"},{"taxonomy":"product_tag","embeddable":true,"href":"https:\/\/www.jupit.de\/produktwelt\/wp-json\/wp\/v2\/product_tag?post=6574"}],"curies":[{"name":"wp","href":"https:\/\/api.w.org\/{rel}","templated":true}]}}