{"id":6510,"date":"2025-06-12T16:41:43","date_gmt":"2025-06-12T14:41:43","guid":{"rendered":"https:\/\/www.jupit.de\/produktwelt\/?post_type=product&#038;p=6510"},"modified":"2026-02-05T15:04:36","modified_gmt":"2026-02-05T14:04:36","slug":"ortofon-2m-blue","status":"publish","type":"product","link":"https:\/\/www.jupit.de\/produktwelt\/produkt\/tonabnehmer\/ortofon-2m-blue\/","title":{"rendered":"Ortofon 2M Blue Tonabnehmer"},"content":{"rendered":"<h2>Mit dem 2M Blue beginnt ernsthaftes Vinylh\u00f6ren.<\/h2>\n<p>Das Ziel jedes Tonabnehmers sollte es sein, den Klang so nah wie m\u00f6glich an der Vision des K\u00fcnstlers wiederzugeben, und das 2M Blue bringt Sie auf dieser Reise zur Klang-Authentizit\u00e4t ein ganzes St\u00fcck weiter.<\/p>\n<div class=\"section__block reading-width rte\">\n<div class=\"metafield-rich_text_field\">\n<p>Um die einfache Installation des Tonabnehmers zu erleichtern und die Kompatibilit\u00e4t mit modernen Plattenspielern zu gew\u00e4hrleisten, bietet die 2M Serie vier verschiedene Produktversionen:<\/p>\n<p>Der 2M ist f\u00fcr die meisten g\u00e4ngigen Plattenspieler auf dem Markt geeignet, der 2M Premounted f\u00fcr Kunden, die eine direkte und einfache Montage an ihrem S-f\u00f6rmigen Tonarm w\u00fcnschen, der 2M Verso f\u00fcr Headshells mit Unterseitenmontage und der 2MR, der speziell f\u00fcr Plattenspieler und Tonarme wie Rega entwickelt wurde und deren Anforderungen an flache Tonabnehmer erf\u00fcllt.<\/p>\n<p>Der Antrieb bietet eine erh\u00f6hte Ausgangsspannung von 5,5 mV, optimierte Klangwiedergabe und ein hohes Ma\u00df an klanglicher Genauigkeit. Der 2M Blue f\u00fcgt mehr Dynamik und Aufl\u00f6sung hinzu, klingt offener und gibt mehr Details wieder im Vergleich zum 2M Red Modell.<\/p>\n<\/div>\n<\/div>\n","protected":false},"excerpt":{"rendered":"<p>Das <strong data-start=\"44\" data-end=\"63\">Ortofon 2M Blue<\/strong> ist ein hochwertiger MM-Tonabnehmer mit elliptischem Diamanten, der durch hohe Detailaufl\u00f6sung, pr\u00e4zise Abtastung und nat\u00fcrliche Klangfarben \u00fcberzeugt. Ideal f\u00fcr anspruchsvolle Vinyl-Liebhaber, die mehr Feinzeichnung und Dynamik aus ihrer Plattensammlung herausholen m\u00f6chten.<\/p>\n","protected":false},"featured_media":6511,"template":"","meta":{"_acf_changed":false},"product_brand":[527],"product_cat":[297],"product_tag":[],"class_list":{"0":"post-6510","1":"product","2":"type-product","3":"status-publish","4":"has-post-thumbnail","6":"product_brand-ortofon","7":"product_cat-tonabnehmer","9":"first","10":"instock","11":"shipping-taxable","12":"product-type-simple"},"acf":[],"_links":{"self":[{"href":"https:\/\/www.jupit.de\/produktwelt\/wp-json\/wp\/v2\/product\/6510","targetHints":{"allow":["GET"]}}],"collection":[{"href":"https:\/\/www.jupit.de\/produktwelt\/wp-json\/wp\/v2\/product"}],"about":[{"href":"https:\/\/www.jupit.de\/produktwelt\/wp-json\/wp\/v2\/types\/product"}],"wp:featuredmedia":[{"embeddable":true,"href":"https:\/\/www.jupit.de\/produktwelt\/wp-json\/wp\/v2\/media\/6511"}],"wp:attachment":[{"href":"https:\/\/www.jupit.de\/produktwelt\/wp-json\/wp\/v2\/media?parent=6510"}],"wp:term":[{"taxonomy":"product_brand","embeddable":true,"href":"https:\/\/www.jupit.de\/produktwelt\/wp-json\/wp\/v2\/product_brand?post=6510"},{"taxonomy":"product_cat","embeddable":true,"href":"https:\/\/www.jupit.de\/produktwelt\/wp-json\/wp\/v2\/product_cat?post=6510"},{"taxonomy":"product_tag","embeddable":true,"href":"https:\/\/www.jupit.de\/produktwelt\/wp-json\/wp\/v2\/product_tag?post=6510"}],"curies":[{"name":"wp","href":"https:\/\/api.w.org\/{rel}","templated":true}]}}