{"id":6498,"date":"2025-06-12T16:06:52","date_gmt":"2025-06-12T14:06:52","guid":{"rendered":"https:\/\/www.jupit.de\/produktwelt\/?post_type=product&#038;p=6498"},"modified":"2026-02-04T12:40:16","modified_gmt":"2026-02-04T11:40:16","slug":"block-hd-120","status":"publish","type":"product","link":"https:\/\/www.jupit.de\/produktwelt\/produkt\/multi-source-player\/block-hd-120\/","title":{"rendered":"Block Audio HD-120 Multi Source Player"},"content":{"rendered":"<div class=\"offcanvas-content-container\">\n<div class=\"product-detail-description-custom\">\n<h2>Das Highlight unter den Bausteinen von Block Audio<\/h2>\n<p>Ob Audio- oder Videoformat, der Block HD-120 kann beides! Genie\u00dfen Sie Ihr Lieblingsalbum in SACD Qualit\u00e4t oder schauen Sie einfach einen Film im 4K Blu-ray Format an. Der HD-120 bietet noch viele weitere unterschiedliche Formate, wie DVD-Audio, um keine W\u00fcnsche offen zu lassen. Damit Bild und Ton \u00fcberragend zur Geltung kommen, verf\u00fcgt der HD-120 \u00fcber unterschiedliche \u00dcbertragungsm\u00f6glichkeiten wie XLR-Balance, HDMI-Audio und HDMI-Video.\u00a0 Der HD-120 ist aus Vollaluminium gefertigt und wird auf der Oberseite mit dem klassischen Block Wappen geziert.\u00a0 Zusammen mit dem Receiver VR-120 wird durch den Control-Data Anschluss \u00fcber die UNDOK-App das Bedienen erm\u00f6glicht .<\/p>\n<div>\n<ul>\n<li>SACD | CD-R \/ CD-RW | DVD-Audio<\/li>\n<li>4K Blu-ray\u00a0 | DVD | HDR10<\/li>\n<li>1 x Stereo Ausgang (Cinch)<\/li>\n<li>1 x Stereo Ausgang Balance XLR<\/li>\n<li>1x Optischer Ausgang<\/li>\n<li>1 x Koaxialer Ausgang<\/li>\n<li>1x TV Anschluss<\/li>\n<li>1x Data control<\/li>\n<li>1x USB 3.0 | 1x USB 2.0<\/li>\n<\/ul>\n<\/div>\n<\/div>\n<\/div>\n","protected":false},"excerpt":{"rendered":"<p>Der <strong data-start=\"41\" data-end=\"57\">BLOCK HD-120<\/strong> ist ein vielseitiger Multi-Source-Player, der Radio, Streaming und klassische Quellen in einem kompakten Ger\u00e4t vereint. Mit Internetradio, DAB+, Bluetooth und Netzwerkfunktionen bietet er komfortablen Musikzugang und ausgewogenen Klang \u2013 ideal als zentrale Musikl\u00f6sung f\u00fcr moderne Wohnr\u00e4ume.<\/p>\n","protected":false},"featured_media":6505,"template":"","meta":{"_acf_changed":false},"product_brand":[556],"product_cat":[276],"product_tag":[],"class_list":{"0":"post-6498","1":"product","2":"type-product","3":"status-publish","4":"has-post-thumbnail","6":"product_brand-block-audio","7":"product_cat-multi-source-player","9":"first","10":"instock","11":"shipping-taxable","12":"product-type-simple"},"acf":[],"_links":{"self":[{"href":"https:\/\/www.jupit.de\/produktwelt\/wp-json\/wp\/v2\/product\/6498","targetHints":{"allow":["GET"]}}],"collection":[{"href":"https:\/\/www.jupit.de\/produktwelt\/wp-json\/wp\/v2\/product"}],"about":[{"href":"https:\/\/www.jupit.de\/produktwelt\/wp-json\/wp\/v2\/types\/product"}],"wp:featuredmedia":[{"embeddable":true,"href":"https:\/\/www.jupit.de\/produktwelt\/wp-json\/wp\/v2\/media\/6505"}],"wp:attachment":[{"href":"https:\/\/www.jupit.de\/produktwelt\/wp-json\/wp\/v2\/media?parent=6498"}],"wp:term":[{"taxonomy":"product_brand","embeddable":true,"href":"https:\/\/www.jupit.de\/produktwelt\/wp-json\/wp\/v2\/product_brand?post=6498"},{"taxonomy":"product_cat","embeddable":true,"href":"https:\/\/www.jupit.de\/produktwelt\/wp-json\/wp\/v2\/product_cat?post=6498"},{"taxonomy":"product_tag","embeddable":true,"href":"https:\/\/www.jupit.de\/produktwelt\/wp-json\/wp\/v2\/product_tag?post=6498"}],"curies":[{"name":"wp","href":"https:\/\/api.w.org\/{rel}","templated":true}]}}