{"id":6493,"date":"2025-06-12T15:28:09","date_gmt":"2025-06-12T13:28:09","guid":{"rendered":"https:\/\/www.jupit.de\/produktwelt\/?post_type=product&#038;p=6493"},"modified":"2026-02-05T16:13:28","modified_gmt":"2026-02-05T15:13:28","slug":"ruark-r1s","status":"publish","type":"product","link":"https:\/\/www.jupit.de\/produktwelt\/produkt\/multimedia\/ruark-r1s\/","title":{"rendered":"Ruark R1S &#8211; Designradio"},"content":{"rendered":"<h2>Ruark R1S Musiksystem<\/h2>\n<p class=\"text-align-center\">Ruark Audio setzt das zeitlose Medium \u201eRadio\u201c mit dem R1S auf ein neues Niveau. Mit integriertem Wi-Fi und Bluetooth-Streaming ist das R1S ein komplettes Musiksystem f\u00fcr die ganzt\u00e4gige Unterhaltung. Das gelungene Design des R1S mit seinen dezenten Rundungen, der eleganten grauen Lackierung und dem handgearbeiteten Frontgrill aus Verbundholz strahlt zeitlose Frische aus. Der Frontgrill wird aus nachhaltigem Material hergestellt, die verwendeten H\u00f6lzer werden sorgf\u00e4ltig gesplei\u00dft, gef\u00e4rbt und neu zusammengesetzt. So entstehen genau die satten Farbt\u00f6ne von langsam wachsenden Harth\u00f6lzern, ohne die negativen \u00f6kologischen Auswirkungen. Das Geh\u00e4use und der Frontgrill harmonieren perfekt mit dem Ruark typischen RotoDial Controller an der Oberseite. Das Farbdisplay unterst\u00fctzt dabei perfekt die umfangreichen technischen F\u00e4higkeiten des R1S.<\/p>\n<p>Neu: Neben der Ausf\u00fchrung in grau ist der Ruark R1S nun auch in schwarz und cremewei\u00df erh\u00e4ltlich!<\/p>\n<h2 class=\"wp-block-heading\">Technische Daten<\/h2>\n<div class=\"woolentorblock-ea4c8e8b-45bc-4af8-bf34-83327723ce52 woolentor-product-short-description\" data-anim-action=\"filter\" data-anim-event=\"hover\" data-anim-triggered=\"false\" data-anim-from=\"filter: grayscale(0%);\" data-anim-to=\"filter: grayscale(0%);\" data-anim-id=\"anim-1\" data-anim-init=\"1\">\n<div class=\"woocommerce-product-details__short-description\">\n<ul>\n<li>Erstklassiger nat\u00fcrlicher Klang<\/li>\n<li>Umfassendes Wi-Fi-Streaming mit Spotify Connect, Deezer und Amazon Music<\/li>\n<li>Bluetooth 5-Empf\u00e4nger der neuesten Generation<\/li>\n<li>SmartRadio-Tuner mit Internet Radio \/ DAB \/ DAB+ \/ UKW<\/li>\n<li>Kombinierter USB-C-Lade- und MP3-Wiedergabeanschluss<\/li>\n<li>Einfache Bedienung \u00fcber OKTIV App f\u00fcr iOS und Android<\/li>\n<li>Fernbedienung mit direktem Zugriff auf Voreinstellungen | ab sofort inklusive<\/li>\n<li>Analoger Eingang \/ Kopfh\u00f6rerausgang<\/li>\n<li>TFT-Farbdisplay mit automatischer Dimmung<\/li>\n<li>Umfassende Doppelalarme<\/li>\n<li>High-Fidelity-Verst\u00e4rker der Class A-B<\/li>\n<li>Ruark Neodym-NS+ Lautsprechereinheit<\/li>\n<li>Einstellbare H\u00f6hen und B\u00e4sse<\/li>\n<li>Ausf\u00fchrungen: Geh\u00e4use Mittelgrau lackiert mit Frontgrill aus \u201eFused Walnut\u201c<\/li>\n<li>Abmessungen: H175 \u00d7 B130 \u00d7 T135 mm<\/li>\n<li>Gewicht: 1,6 kg<\/li>\n<\/ul>\n<\/div>\n<\/div>\n","protected":false},"excerpt":{"rendered":"<p>Das <strong data-start=\"38\" data-end=\"51\">Ruark R1S<\/strong> ist ein kompaktes Premium-Radio mit hochwertigem Klang, elegantem Design und moderner Technik. Mit DAB+, Internetradio, Streaming-Funktionen und intuitiver Bedienung bietet es vielseitigen Musikgenuss im stilvollen Format \u2013 ideal f\u00fcr K\u00fcche, Schlafzimmer oder B\u00fcro.<\/p>\n","protected":false},"featured_media":6494,"template":"","meta":{"_acf_changed":false},"product_brand":[551],"product_cat":[274],"product_tag":[],"class_list":{"0":"post-6493","1":"product","2":"type-product","3":"status-publish","4":"has-post-thumbnail","6":"product_brand-ruark","7":"product_cat-multimedia","9":"first","10":"instock","11":"shipping-taxable","12":"product-type-simple"},"acf":[],"_links":{"self":[{"href":"https:\/\/www.jupit.de\/produktwelt\/wp-json\/wp\/v2\/product\/6493","targetHints":{"allow":["GET"]}}],"collection":[{"href":"https:\/\/www.jupit.de\/produktwelt\/wp-json\/wp\/v2\/product"}],"about":[{"href":"https:\/\/www.jupit.de\/produktwelt\/wp-json\/wp\/v2\/types\/product"}],"wp:featuredmedia":[{"embeddable":true,"href":"https:\/\/www.jupit.de\/produktwelt\/wp-json\/wp\/v2\/media\/6494"}],"wp:attachment":[{"href":"https:\/\/www.jupit.de\/produktwelt\/wp-json\/wp\/v2\/media?parent=6493"}],"wp:term":[{"taxonomy":"product_brand","embeddable":true,"href":"https:\/\/www.jupit.de\/produktwelt\/wp-json\/wp\/v2\/product_brand?post=6493"},{"taxonomy":"product_cat","embeddable":true,"href":"https:\/\/www.jupit.de\/produktwelt\/wp-json\/wp\/v2\/product_cat?post=6493"},{"taxonomy":"product_tag","embeddable":true,"href":"https:\/\/www.jupit.de\/produktwelt\/wp-json\/wp\/v2\/product_tag?post=6493"}],"curies":[{"name":"wp","href":"https:\/\/api.w.org\/{rel}","templated":true}]}}