{"id":6484,"date":"2025-06-12T15:05:34","date_gmt":"2025-06-12T13:05:34","guid":{"rendered":"https:\/\/www.jupit.de\/produktwelt\/?post_type=product&#038;p=6484"},"modified":"2026-02-11T09:03:53","modified_gmt":"2026-02-11T08:03:53","slug":"vincent-sv-737","status":"publish","type":"product","link":"https:\/\/www.jupit.de\/produktwelt\/produkt\/vorfuehrware-zu-sonderpreisen\/vincent-sv-737\/","title":{"rendered":"Vincent SV-737 \u2013 Hybrid-Vollverst\u00e4rker mit R\u00f6hrenvorstufe"},"content":{"rendered":"<h2>Kraftvolle Hybrid-Technik trifft musikalische W\u00e4rme<\/h2>\n<h3>Class-A Hybrid Stereo Vollverst\u00e4rker<\/h3>\n<p>Das neue Flaggschiff unter den Vollverst\u00e4rkern aus dem Haus Vincent. Die Vorstufensektion wurde komplett neu entwickelt und profitiert viel von der Vorstufe SA-T7. Durch das eingebaute Wifi-Modul ist der Verst\u00e4rker streamingf\u00e4hig und kann ins heimische Netzwerk integriert werden.<\/p>\n<div class=\"daten\">\n<div id=\"c1046\">\n<h4>Technische Daten<\/h4>\n<ul class=\"ce-bullets\">\n<li>\u00dcbertragung: 20 Hz &#8211; 20 kHz +\/- 0.3 dB, 20 Hz &#8211; 50 kHz +\/- 1 dB<\/li>\n<li>Leistung RMS \/ 8 Ohm: 2 x 180 Watt<\/li>\n<li>Leistung RMS \/ 4 Ohm: 2 x 300 Watt<\/li>\n<li>Leistung Class A \/ 8 Ohm: 2 x 10 Watt<\/li>\n<li>Klirrfaktor: &lt; 0.02 %<\/li>\n<li>Eingangsempfindlichkeit: 300 mV<\/li>\n<li>Signal-Rauschabstand: &gt; 90 dB<\/li>\n<li>Eingangsimpedanz: 47 kOhm<\/li>\n<li>Max. Leistungsaufnahme: 590 Watt<\/li>\n<li>Eing\u00e4nge: 6 x Stereo RCA, 2 x Optisch, 2 x Coaxial, 1 x Bluetooth, 1 x Stereo Main In<\/li>\n<li>Ausg\u00e4nge: 1 x Stereo Pre Out, 1 x Stereo Rec Out, 4 x 2 Lautsprecherklemmen, 2 x 3,5 mm Klinkenbuchse (Power Control)<\/li>\n<li>R\u00f6hren: 2 x 6N1P, 2 x 6N2P, 1 x 85A2<\/li>\n<li>Abspielbare Digitalformate: WAV, FLAC, APE, LPCM, MP3, ACC, AC3, WMA<\/li>\n<li>Farbe: Schwarz \/ Silber<\/li>\n<li>Gewicht: 21 kg<\/li>\n<li>Abmessungen (BxHxT): 430 x 165 x 430 mm<\/li>\n<\/ul>\n<\/div>\n<\/div>\n","protected":false},"excerpt":{"rendered":"<p>Der <strong data-start=\"177\" data-end=\"195\">Vincent SV-737<\/strong> ist ein leistungsstarker Hybrid-Vollverst\u00e4rker mit R\u00f6hrenvorstufe und kraftvoller Transistor-Endstufe. Er kombiniert warme, musikalische Klangfarben mit hoher Dynamik und souver\u00e4ner Kontrolle \u2013 ideal f\u00fcr anspruchsvolle Stereo-Setups mit Charakter und Leistungsreserven.<\/p>\n","protected":false},"featured_media":6489,"template":"","meta":{"_acf_changed":false},"product_brand":[547],"product_cat":[607],"product_tag":[],"class_list":{"0":"post-6484","1":"product","2":"type-product","3":"status-publish","4":"has-post-thumbnail","6":"product_brand-vincent","7":"product_cat-vorfuehrware-zu-sonderpreisen","9":"first","10":"instock","11":"sale","12":"shipping-taxable","13":"product-type-simple"},"acf":[],"_links":{"self":[{"href":"https:\/\/www.jupit.de\/produktwelt\/wp-json\/wp\/v2\/product\/6484","targetHints":{"allow":["GET"]}}],"collection":[{"href":"https:\/\/www.jupit.de\/produktwelt\/wp-json\/wp\/v2\/product"}],"about":[{"href":"https:\/\/www.jupit.de\/produktwelt\/wp-json\/wp\/v2\/types\/product"}],"wp:featuredmedia":[{"embeddable":true,"href":"https:\/\/www.jupit.de\/produktwelt\/wp-json\/wp\/v2\/media\/6489"}],"wp:attachment":[{"href":"https:\/\/www.jupit.de\/produktwelt\/wp-json\/wp\/v2\/media?parent=6484"}],"wp:term":[{"taxonomy":"product_brand","embeddable":true,"href":"https:\/\/www.jupit.de\/produktwelt\/wp-json\/wp\/v2\/product_brand?post=6484"},{"taxonomy":"product_cat","embeddable":true,"href":"https:\/\/www.jupit.de\/produktwelt\/wp-json\/wp\/v2\/product_cat?post=6484"},{"taxonomy":"product_tag","embeddable":true,"href":"https:\/\/www.jupit.de\/produktwelt\/wp-json\/wp\/v2\/product_tag?post=6484"}],"curies":[{"name":"wp","href":"https:\/\/api.w.org\/{rel}","templated":true}]}}