{"id":6483,"date":"2025-06-12T15:07:29","date_gmt":"2025-06-12T13:07:29","guid":{"rendered":"https:\/\/www.jupit.de\/produktwelt\/?post_type=product&#038;p=6483"},"modified":"2026-02-04T13:02:55","modified_gmt":"2026-02-04T12:02:55","slug":"waterfall-audio-niagara-xt-1","status":"publish","type":"product","link":"https:\/\/www.jupit.de\/produktwelt\/produkt\/lautsprecher\/standlautsprecher\/waterfall-audio-niagara-xt-1\/","title":{"rendered":"Waterfall Audio Niagara XT 1 Standlautsprecher"},"content":{"rendered":"<h2>Niagara XT 1 &#8211; Ein Diamant f\u00fcr Ihren H\u00f6rraum!<\/h2>\n<p class=\"preFade fadeIn\">In den letzten 20 Jahren hat <strong>Waterfall Audio<\/strong> einen unglaublichen Lautsprecher entwickelt und diesen in ein seltenes Kunstwerk in der Branche verwandelt.<br \/>\nDie <strong>Glaslautsprecher<\/strong> f\u00fcgen sich in Ihr individuelles Interieur ein und bringen diese besondere wie\u00a0 unverwechselbare Note der Leichtigkeit mit sich.<br \/>\nDurch ihre <strong>Transparenz<\/strong> f\u00fcgen sie sich mit klassischer Eleganz in jeden Einrichtungsstil ein.<br \/>\nDieses zeitlose <strong>Design<\/strong> schimmert wie ein Diamant im Raum und l\u00e4sst Sie in eine <strong>Klangwelt<\/strong> eintauchen, die Emotionen erwecken. <strong>Garantiert<\/strong>.<br \/>\nAber auch Waterfall Audio\u2019s <strong>Heimkinolautsprecher<\/strong> der Pro Custrom Serie k\u00f6nnen sich nicht nur sehen lassen. Schiere <strong>Dynamik<\/strong> und das bei einer Geh\u00e4usetiefe von gerade einmal 22cm. Probieren Sie es aus.<\/p>\n<div class=\"fe-block fe-block-383456733a132c47651b\">\n<div id=\"block-383456733a132c47651b\" class=\"sqs-block html-block sqs-block-html\" data-blend-mode=\"NORMAL\" data-block-type=\"2\" data-border-radii=\"{&quot;topLeft&quot;:{&quot;unit&quot;:&quot;px&quot;,&quot;value&quot;:0.0},&quot;topRight&quot;:{&quot;unit&quot;:&quot;px&quot;,&quot;value&quot;:0.0},&quot;bottomLeft&quot;:{&quot;unit&quot;:&quot;px&quot;,&quot;value&quot;:0.0},&quot;bottomRight&quot;:{&quot;unit&quot;:&quot;px&quot;,&quot;value&quot;:0.0}}\">\n<div class=\"sqs-block-content\">\n<div class=\"sqs-html-content\">\n<p class=\"preFade fadeIn\">Die Lautsprecher von Waterfall Audio wurden mit den ausgefeiltesten industriellen Verfahren und einer exklusiven \u201eJETSTREAM**-<b>Technologie<\/b>\u201c** (<b>Steuerung<\/b> der D\u00e4mpfung der Lautsprecher in einer nicht ged\u00e4mpften Struktur wie Glas) entwickelt und mit gr\u00f6\u00dfter Sorgfalt in S\u00fcdfrankreich individuell von Hand zusammengebaut.<\/p>\n<p class=\"preFade fadeIn\">Jedes einzelne St\u00fcck spiegelt unsere <strong>Leidenschaft f\u00fcr Exzellenz<\/strong> und Vorstellung von <strong>franz\u00f6sischem Luxus<\/strong> in punkto Akustik wieder. Ein <strong>einzigartiges Design,<\/strong> dass es kein zweites mal auf der Welt gibt.<\/p>\n<\/div>\n<\/div>\n<\/div>\n<\/div>\n","protected":false},"excerpt":{"rendered":"<p>Die <strong data-start=\"57\" data-end=\"89\">Waterfall Audio Niagara XT 1<\/strong> ist ein eleganter Kompaktlautsprecher mit Glasgeh\u00e4use, der au\u00dfergew\u00f6hnliches Design mit klarer, pr\u00e4ziser Klangwiedergabe verbindet. Dank hochwertiger Treibertechnik und resonanzarmer Konstruktion bietet sie detailreichen, dynamischen Sound \u2013 ideal f\u00fcr stilvolle Stereo- und<\/p>\n","protected":false},"featured_media":6485,"template":"","meta":{"_acf_changed":false},"product_brand":[546],"product_cat":[277,299],"product_tag":[],"class_list":{"0":"post-6483","1":"product","2":"type-product","3":"status-publish","4":"has-post-thumbnail","6":"product_brand-waterfall-audio","7":"product_cat-lautsprecher","8":"product_cat-standlautsprecher","10":"first","11":"instock","12":"shipping-taxable","13":"product-type-simple"},"acf":[],"_links":{"self":[{"href":"https:\/\/www.jupit.de\/produktwelt\/wp-json\/wp\/v2\/product\/6483","targetHints":{"allow":["GET"]}}],"collection":[{"href":"https:\/\/www.jupit.de\/produktwelt\/wp-json\/wp\/v2\/product"}],"about":[{"href":"https:\/\/www.jupit.de\/produktwelt\/wp-json\/wp\/v2\/types\/product"}],"wp:featuredmedia":[{"embeddable":true,"href":"https:\/\/www.jupit.de\/produktwelt\/wp-json\/wp\/v2\/media\/6485"}],"wp:attachment":[{"href":"https:\/\/www.jupit.de\/produktwelt\/wp-json\/wp\/v2\/media?parent=6483"}],"wp:term":[{"taxonomy":"product_brand","embeddable":true,"href":"https:\/\/www.jupit.de\/produktwelt\/wp-json\/wp\/v2\/product_brand?post=6483"},{"taxonomy":"product_cat","embeddable":true,"href":"https:\/\/www.jupit.de\/produktwelt\/wp-json\/wp\/v2\/product_cat?post=6483"},{"taxonomy":"product_tag","embeddable":true,"href":"https:\/\/www.jupit.de\/produktwelt\/wp-json\/wp\/v2\/product_tag?post=6483"}],"curies":[{"name":"wp","href":"https:\/\/api.w.org\/{rel}","templated":true}]}}