{"id":6473,"date":"2025-06-11T16:34:41","date_gmt":"2025-06-11T14:34:41","guid":{"rendered":"https:\/\/www.jupit.de\/produktwelt\/?post_type=product&#038;p=6473"},"modified":"2026-02-04T13:05:10","modified_gmt":"2026-02-04T12:05:10","slug":"dynaudio-contour-20i","status":"publish","type":"product","link":"https:\/\/www.jupit.de\/produktwelt\/produkt\/lautsprecher\/kompaktlautsprecher\/dynaudio-contour-20i\/","title":{"rendered":"Dynaudio Contour 20i &#8211; Kompaktlautsprecher"},"content":{"rendered":"<div>\n<h2><strong>H\u00f6ren Sie den Unterschied: Die neue Contour 20i wird Sie zumindest sprichw\u00f6rtlich umhauen.<\/strong><\/h2>\n<\/div>\n<p>Die Contour 20i wurde so konzipiert, um jedes anderen Contour Kompaktmodell, das wir je entwickelt haben, zu \u00fcbertreffen. Und es ist gelungen.<\/p>\n<p>Der neue Hocht\u00f6ner Esotar 2i ist so zu sagen eine turboaufgeladene Version des beliebten Esotar2. Er verf\u00fcgt jetzt \u00fcber eine gr\u00f6\u00dfere Absorptionskammer f\u00fcr eine effektivere D\u00e4mpfung und den einfallsreiche Hexis Dome, der bei Confidence, Core und anderen Modellen zu sehen ist. Zusammen verflachen sie den Frequenzgang und reduzieren unerw\u00fcnschte Resonanzen f\u00fcr noch klarere, glattere H\u00f6hen.<\/p>\n<p>Auch der Tieft\u00f6ner wurde optimiert. Er besteht nach wie vor aus unserem eigenen Magnesium-Silikat-Polymer (MSP)-Material, nat\u00fcrlich wird er immer noch von einer leichten Aluminium-Schwingspule angetrieben und er verwendet immer noch ein bel\u00fcftetes Dual-Ferrit-Magnetsystem &#8211; aber hinter der markanten schwarzen Membran verbirgt sich eine brandneue Zentrierspinne. Diese ist aus Aramidfasern hergestellt und beh\u00e4lt die genialen strukturellen Eigenschaften von fr\u00fcher bei (die Rippen sind unterschiedlich breit, um eine noch feinere Kontrolle \u00fcber die Auslenkung des Konus zu erm\u00f6glichen). Sie w\u00e4ren \u00fcberrascht, welchen klanglichen Unterschied eine so kleine \u00c4nderung machen kann\u2026<\/p>\n<p>Und weil diese Treiber\u00e4nderungen einen inh\u00e4rent flachen Frequenzgang bieten, konnten wir auch die Frequenzweiche vereinfachen. Das ist eine Sache der Sch\u00f6nheit, nicht wahr? Es ist keine zus\u00e4tzliche Impedanzkorrekturschaltung mehr erforderlich &#8211; was einen noch direkteren Signalweg bedeutet. Und einen saubereren Klang.<\/p>\n<div class=\"col-1 span6\">\n<div class=\"content-wrapper-half\">\n<div class=\"content-text\">\n<p>Eine Contour ohne die charakteristische Schallwand zu machen, w\u00e4re wie ein Auto ohne R\u00e4der. Undenkbar. Aber es gibt immer Raum f\u00fcr Verbesserungen &#8211; und unsere Designer lieben es, sich die Beine zu vertreten. Diese Schallwand besteht aus Aluminium und ist in das Geh\u00e4use eingelassen. Die Rundung der Schallwand wird im Chassiskorb fortgef\u00fchrt &#8211; das sieht nicht nur gut aus, sondern reduziert auch unerw\u00fcnschte Hochfrequenz-Beugungseffekte f\u00fcr klarere H\u00f6hen und bietet eine solide Grundlage f\u00fcr die Arbeit der Chassis. Ein solides Fundament bedeutet eine verbesserte Leistung bei hohen Lautst\u00e4rken auch bei niedrigen Frequenzen (auch wenn Ihre Nachbarn uns daf\u00fcr vielleicht nicht danken werden).<\/p>\n<p>Sogar die innere D\u00e4mpfung wurde verbessert &#8211; nach den Erfahrungen von der Evoke und Confidence Serie.<\/p>\n<ul>\n<li class=\"col-spec_range \"><span class=\"spec-label\">Serie<\/span> <span class=\"spec-value\">Contour i<\/span><\/li>\n<li class=\"col-spec_type \"><span class=\"spec-label\">Typ<\/span> <span class=\"spec-value\">Kompaktlautsprecher<\/span><\/li>\n<li class=\"col-spec_sensitivitydb283v1m \"><span class=\"spec-label\">Empfindlichkeit (dB @ 2.83V\/1m)<\/span> <span class=\"spec-value\">86<\/span><\/li>\n<li class=\"col-spec_iecpowerhandlingwatt \"><span class=\"spec-label\">IEC Belastbarkeit (W)<\/span> <span class=\"spec-value\">180<\/span><\/li>\n<li class=\"col-spec_ratedimpedanceohm \"><span class=\"spec-label\">Nennimpedanz (Ohm)<\/span> <span class=\"spec-value\">4<\/span><\/li>\n<li class=\"col-spec_lowercutoffhz3db \"><span class=\"spec-label\">Untere Grenzfrequenz (Hz @ +\/- 3 dB)<\/span> <span class=\"spec-value\">39<\/span><\/li>\n<li class=\"col-spec_uppercutoffkhz3db \"><span class=\"spec-label\">Obere Grenzfrequenz (kHz @ +\/- 3 dB)<\/span> <span class=\"spec-value\">23<\/span><\/li>\n<li class=\"col-spec_boxprinciple \"><span class=\"spec-label\">Geh\u00e4use-Prinzip<\/span> <span class=\"spec-value\">Bass Reflex, r\u00fcckseitig<\/span><\/li>\n<li class=\"col-spec_crossover \"><span class=\"spec-label\">Frequenzweiche<\/span> <span class=\"spec-value\">2-Wege<\/span><\/li>\n<li class=\"col-spec_crossoverfrequencyhz \"><span class=\"spec-label\">\u00dcbergabefrequenz (Hz)<\/span> <span class=\"spec-value\">2200 Hz<\/span><\/li>\n<li class=\"col-spec_crossovertopology compacted\"><span class=\"spec-label\">Crossover-Typologie<\/span> <span class=\"spec-value\">2. Ordnung<\/span><\/li>\n<li class=\"col-spec_tweeter compacted\"><span class=\"spec-label\">Hocht\u00f6ner<\/span> <span class=\"spec-value\">28 mm Esotar 2i mit Hexis<\/span><\/li>\n<li class=\"col-spec_midrangewoofer compacted\"><span class=\"spec-label\">Mittelt\u00f6ner\/Tieft\u00f6ner<\/span> <span class=\"spec-value\">18 cm MSP<\/span><\/li>\n<li class=\"col-spec_weightkg compacted\"><span class=\"spec-label\">Gewicht kg<\/span> <span class=\"spec-value\">14<\/span><\/li>\n<li class=\"col-spec_widthmm compacted\"><span class=\"spec-label\">Breite mm<\/span> <span class=\"spec-value\">215<\/span><\/li>\n<li class=\"col-spec_heightmm compacted\"><span class=\"spec-label\">H\u00f6he mm<\/span> <span class=\"spec-value\">440<\/span><\/li>\n<li class=\"col-spec_depthmm compacted\"><span class=\"spec-label\">Tiefe mm<\/span> <span class=\"spec-value\">360<\/span><\/li>\n<li class=\"col-spec_widthmminclfeetgrill compacted\"><span class=\"spec-label\">Breite mm inkl. F\u00fc\u00dfe\/Bepannung<\/span> <span class=\"spec-value\">215<\/span><\/li>\n<li class=\"col-spec_heightmminclfeetgrill compacted\"><span class=\"spec-label\">H\u00f6he mm inkl. F\u00fc\u00dfe\/Bepannung\/Stand<\/span> <span class=\"spec-value\">440<\/span><\/li>\n<li class=\"col-spec_depthmminclfeetgrill compacted\"><span class=\"spec-label\">Tiefe mm inkl. F\u00fc\u00dfe\/Bepannung\/Stand<\/span> <span class=\"spec-value\">396<\/span><\/li>\n<li class=\"col-spec_grille compacted\"><span class=\"spec-label\">Bespannung<\/span> <span class=\"spec-value\">Schwarz<\/span><\/li>\n<li class=\"col-spec_baffle compacted\"><span class=\"spec-label\">Schallwand<\/span> <span class=\"spec-value\">Schwarz Aluminium<\/span><\/li>\n<\/ul>\n<\/div>\n<\/div>\n<\/div>\n","protected":false},"excerpt":{"rendered":"<p>Die <strong data-start=\"49\" data-end=\"73\">Dynaudio Contour 20i<\/strong> ist ein kompakter High-End-Regallautsprecher mit au\u00dfergew\u00f6hnlicher Detailaufl\u00f6sung, kraftvollem Bassfundament und pr\u00e4ziser Raumabbildung. Dank hochwertiger Treibertechnik und aufwendiger Abstimmung bietet sie audiophile Klangqualit\u00e4t f\u00fcr anspruchsvolle Stereo-Setups auch in kleineren bis mittelgro\u00dfen R\u00e4umen.<\/p>\n","protected":false},"featured_media":6477,"template":"","meta":{"_acf_changed":false},"product_brand":[436],"product_cat":[277,301],"product_tag":[],"class_list":{"0":"post-6473","1":"product","2":"type-product","3":"status-publish","4":"has-post-thumbnail","6":"product_brand-dynaudio","7":"product_cat-lautsprecher","8":"product_cat-kompaktlautsprecher","10":"first","11":"instock","12":"shipping-taxable","13":"product-type-simple"},"acf":[],"_links":{"self":[{"href":"https:\/\/www.jupit.de\/produktwelt\/wp-json\/wp\/v2\/product\/6473","targetHints":{"allow":["GET"]}}],"collection":[{"href":"https:\/\/www.jupit.de\/produktwelt\/wp-json\/wp\/v2\/product"}],"about":[{"href":"https:\/\/www.jupit.de\/produktwelt\/wp-json\/wp\/v2\/types\/product"}],"wp:featuredmedia":[{"embeddable":true,"href":"https:\/\/www.jupit.de\/produktwelt\/wp-json\/wp\/v2\/media\/6477"}],"wp:attachment":[{"href":"https:\/\/www.jupit.de\/produktwelt\/wp-json\/wp\/v2\/media?parent=6473"}],"wp:term":[{"taxonomy":"product_brand","embeddable":true,"href":"https:\/\/www.jupit.de\/produktwelt\/wp-json\/wp\/v2\/product_brand?post=6473"},{"taxonomy":"product_cat","embeddable":true,"href":"https:\/\/www.jupit.de\/produktwelt\/wp-json\/wp\/v2\/product_cat?post=6473"},{"taxonomy":"product_tag","embeddable":true,"href":"https:\/\/www.jupit.de\/produktwelt\/wp-json\/wp\/v2\/product_tag?post=6473"}],"curies":[{"name":"wp","href":"https:\/\/api.w.org\/{rel}","templated":true}]}}