{"id":6472,"date":"2025-06-11T16:33:06","date_gmt":"2025-06-11T14:33:06","guid":{"rendered":"https:\/\/www.jupit.de\/produktwelt\/?post_type=product&#038;p=6472"},"modified":"2026-02-04T13:05:35","modified_gmt":"2026-02-04T12:05:35","slug":"dali-opticon-lcr-mk-ii","status":"publish","type":"product","link":"https:\/\/www.jupit.de\/produktwelt\/produkt\/lautsprecher\/kompaktlautsprecher\/dali-opticon-lcr-mk-ii\/","title":{"rendered":"Dali Opticon LCR MK II &#8211; Wandlautsprecher"},"content":{"rendered":"<h2 id=\"_oHdwadGTDf-wi-gPxfvgwQ0_54\" class=\"LC20lb MBeuO DKV0Md\">OPTICON LCR MK2 | Ein vielseitiger Hi-Fi-Wandlautsprecher<\/h2>\n<p class=\"space-y-8\">Mit luftigen H\u00f6hen, ausdrucksstarken Mitten und \u00fcberraschend tiefgehenden B\u00e4ssen ist der OPTICON LCR MK2 ein Wandlautsprecher, der authentischen Stereo- und Surroundsound in Hi-Fi-Qualit\u00e4t liefert.<\/p>\n<div class=\"flex space-x-3\">\n<div class=\"space-y-1 text-body\/body1\">\n<h3 class=\"font-bold\">Patentierte SMC-Technologie<\/h3>\n<p class=\"font-light text-sm\">Unser patentierter SMC-Magnetmotor minimiert Hysterese, um elektroakustische Verzerrungen deutlich zu reduzieren.<\/p>\n<\/div>\n<\/div>\n<div class=\"flex space-x-3\">\n<div class=\"space-y-1 text-body\/body1\">\n<h3 class=\"font-bold\">Von Hand montiert<\/h3>\n<p class=\"font-light text-sm\">DALI-Stereopaare werden von einem Techniker unter Verwendung von Komponenten aus derselben Charge gebaut und getestet, um eine optische und akustische \u00dcbereinstimmung zu gew\u00e4hrleisten.<\/p>\n<\/div>\n<\/div>\n<div class=\"flex space-x-3\">\n<div class=\"space-y-1 text-body\/body1\">\n<h3 class=\"font-bold\">Made in Denmark<\/h3>\n<p class=\"font-light text-sm\">In unseren d\u00e4nischen Produktionsst\u00e4tten montieren, testen und pr\u00fcfen wir alles von Hand \u2013 vom Zuschnitt des Laminats bis hin zur Oberfl\u00e4chenveredelung.<\/p>\n<\/div>\n<\/div>\n<div class=\"flex space-x-3\">\n<div class=\"space-y-1 text-body\/body1\">\n<h3 class=\"font-bold\">Hybrid-Hocht\u00f6ner<\/h3>\n<p class=\"font-light text-sm\">Unser Hybrid-Hocht\u00f6ner vereint die Klarheit, Geschwindigkeit und Dynamik eines Gewebekalottenhocht\u00f6ners mit den Hochfrequenzdetails und der Finesse eines Planarhocht\u00f6ners.<\/p>\n<\/div>\n<\/div>\n<div class=\"space-y-8\">\n<h3 class=\"text-xl md:text-2xl font-bold text-body\/body3 pb-2 md:pb-4\">Ein flexibler Stereo- und Mehrkanallautsprecher<\/h3>\n<p class=\"text-base font-light text-body\/body1\">Der OPTICON LCR MK2 vereint die besten Technologien der MK2-Serie in einem flachen, wandmontierten Geh\u00e4use. Dieser Mehrzweck-Surround-Lautsprecher kann als linker, mittlerer oder rechter Kanallautsprecher verwendet werden, woraus sich der Name LCR ableitet, und liefert echte Stereo- und Mehrkanal-Hi-Fi-Leistung mit beeindruckenden hohen Frequenzen, einem ausdrucksstarken Mitteltonbereich und \u00fcberraschend weitreichenden B\u00e4ssen.<\/p>\n<h3 class=\"text-xl md:text-2xl font-bold text-body\/body3 pb-2 md:pb-4\">Weniger Verzerrungen mit SMC<\/h3>\n<p class=\"text-base font-light text-body\/body1\">Der OPTICON-LCR-MK2-Tiefmittelt\u00f6ner besteht aus einem gro\u00dfen Ferritmagnetring. Er umgibt einen Polschuh aus SMC \u2013 einem einzigartigen, bei DALI entwickelten Material. Durch die Verwendung von SMC werden durch Hysterese und Wirbelstr\u00f6me verursachte mechanische Verzerrungen erheblich reduziert, was zu einer drastischen Reduzierung der Verzerrungen dritter Ordnung sorgt \u2013 f\u00fcr ein l\u00e4ngeres H\u00f6rvergn\u00fcgen, einen entspannten Mittenbereich und \u00fcberraschend viele Details.<\/p>\n<h3 class=\"text-xl md:text-2xl font-bold text-body\/body3 pb-2 md:pb-4\">Der Meister der weitwinkligen Abstrahlung<\/h3>\n<p class=\"text-base font-light text-body\/body1\">Unser eigens entwickeltes Hybrid-Hocht\u00f6nermodul vereint einen 29 mm gro\u00dfen Weichkalottenhocht\u00f6ner mit einem individuell gestalteten 17 x 45 mm gro\u00dfen Planarhocht\u00f6ner. Beide Treiber sind auf einer Frontabdeckung aus Aluminiumguss montiert, die eine solide Plattform f\u00fcr die Treiber bietet und \u00fcber Elemente zur Abstrahlung verf\u00fcgt \u2013 f\u00fcr eine optimale \u00dcbertragung der hohen Frequenzen au\u00dferhalb des klassischen Stereo-Dreiecks. Unser neues Hybrid-Hocht\u00f6ner verbindet das Beste beider Welten: die Klarheit, Geschwindigkeit und Dynamik eines Kalottenhocht\u00f6ners und die Detailfreudigkeit und Finesse eines Planarhocht\u00f6ners.<\/p>\n<h3 class=\"text-xl md:text-2xl font-bold text-body\/body3 pb-2 md:pb-4\">Verlustarm, wenig Verzerrung und geringe Verf\u00e4rbung<\/h3>\n<p class=\"text-base font-light text-body\/body1\">Der 6\u00bd Zoll gro\u00dfe Tieft\u00f6ner wurde gem\u00e4\u00df unseren Klangprinzipien entwickelt, die auf geringem Verlust, wenig Verzerrung und geringer Verf\u00e4rbung beruhen. Ein idealer Treiber spielt nur das ab, was der Verst\u00e4rker liefert \u2013 nicht mehr, nicht weniger. Jede Komponente wurde sorgf\u00e4ltig entwickelt, um zu diesem Ziel beizutragen, einschlie\u00dflich der Membran aus Papierzellstoff und Holzfasern, die minimale Resonanz gew\u00e4hrleistet und f\u00fcr einen hochaufl\u00f6senden Mitteltonbereich und pr\u00e4zise, \u200b\u200bkoh\u00e4rente B\u00e4sse sorgt.<\/p>\n<h3 class=\"text-xl md:text-2xl font-bold text-body\/body3 pb-2 md:pb-4\">Wir halten uns an strengste Qualit\u00e4tsnormen<\/h3>\n<p class=\"text-base font-light text-body\/body1\">Mit einer 25 mm dicken Schallwand und zus\u00e4tzlichen internen Verstrebungen ist das Geh\u00e4use der OPTICON LCR MK2 extrem steif und sorgt f\u00fcr minimale Fl\u00e4chenresonanz. Um die bestm\u00f6gliche Produktqualit\u00e4t zu gew\u00e4hrleisten, fertigen und testen wir die Lautsprecher der OPTICON-MK2-Serie in unseren Produktionsst\u00e4tten in D\u00e4nemark und f\u00fchren dabei alles vom Zuschnitt und Fr\u00e4sen der Holzlaminatplatten bis hin zur Installation der Treiber und der Frequenzweiche selbst aus.<\/p>\n<\/div>\n","protected":false},"excerpt":{"rendered":"<p>Der <strong data-start=\"51\" data-end=\"77\">DALI Opticon LCR MK II<\/strong> ist ein vielseitiger Lautsprecher f\u00fcr Links-, Center- oder Rechtskan\u00e4le mit klarer Sprachverst\u00e4ndlichkeit und dynamischer Wiedergabe. Dank Hybrid-Hocht\u00f6ner, kraftvollem Tiefmittelt\u00f6ner und hochwertiger Verarbeitung eignet er sich ideal f\u00fcr anspruchsvolle Heimkino- und Stereo-Setups.<\/p>\n","protected":false},"featured_media":6474,"template":"","meta":{"_acf_changed":false},"product_brand":[499],"product_cat":[277,301],"product_tag":[],"class_list":{"0":"post-6472","1":"product","2":"type-product","3":"status-publish","4":"has-post-thumbnail","6":"product_brand-dali","7":"product_cat-lautsprecher","8":"product_cat-kompaktlautsprecher","10":"first","11":"instock","12":"shipping-taxable","13":"product-type-simple"},"acf":[],"_links":{"self":[{"href":"https:\/\/www.jupit.de\/produktwelt\/wp-json\/wp\/v2\/product\/6472","targetHints":{"allow":["GET"]}}],"collection":[{"href":"https:\/\/www.jupit.de\/produktwelt\/wp-json\/wp\/v2\/product"}],"about":[{"href":"https:\/\/www.jupit.de\/produktwelt\/wp-json\/wp\/v2\/types\/product"}],"wp:featuredmedia":[{"embeddable":true,"href":"https:\/\/www.jupit.de\/produktwelt\/wp-json\/wp\/v2\/media\/6474"}],"wp:attachment":[{"href":"https:\/\/www.jupit.de\/produktwelt\/wp-json\/wp\/v2\/media?parent=6472"}],"wp:term":[{"taxonomy":"product_brand","embeddable":true,"href":"https:\/\/www.jupit.de\/produktwelt\/wp-json\/wp\/v2\/product_brand?post=6472"},{"taxonomy":"product_cat","embeddable":true,"href":"https:\/\/www.jupit.de\/produktwelt\/wp-json\/wp\/v2\/product_cat?post=6472"},{"taxonomy":"product_tag","embeddable":true,"href":"https:\/\/www.jupit.de\/produktwelt\/wp-json\/wp\/v2\/product_tag?post=6472"}],"curies":[{"name":"wp","href":"https:\/\/api.w.org\/{rel}","templated":true}]}}