{"id":6462,"date":"2025-06-11T16:14:04","date_gmt":"2025-06-11T14:14:04","guid":{"rendered":"https:\/\/www.jupit.de\/produktwelt\/?post_type=product&#038;p=6462"},"modified":"2026-02-04T13:06:16","modified_gmt":"2026-02-04T12:06:16","slug":"gauder-akustik-arcona-40-mkii-sd","status":"publish","type":"product","link":"https:\/\/www.jupit.de\/produktwelt\/produkt\/lautsprecher\/kompaktlautsprecher\/gauder-akustik-arcona-40-mkii-sd\/","title":{"rendered":"Gauder Akustik Arcona 40 mkII SD"},"content":{"rendered":"<h2>Gauder Akustik Arcona 40 mkII SD Kompaktlautsprecher<\/h2>\n<p>ARCONA SD \u2013 die Einsteiger-Serie mit dem Technologie-Transfer der Referenzlautsprecher von GAUDER AKUSTIK<\/p>\n<p>Genie\u00dfen Sie einzigartige Dynamik, R\u00e4umlichkeit und Impulstreue bei jeder Art von Musik. Die Arcona-Serie bietet deutsche High End Technologie aus unseren gro\u00dfen Serien in der Einsteigerklasse. Wie unsere Topmodelle, besitzt jede Arcona steilflankige und aufwendige Frequenzweichen, best\u00fcckt mit hochwertigen Bauteilen, h\u00f6chstwertigen Anschlussterminals und bester Innenverkabelung. Federf\u00fchrend war bei der Entwicklung ein \u201eunschlagbares Preis-\/Leistungsverh\u00e4ltnis\u201c zu erreichen. Dies ist durch zahlreiche Bewertungen und Preise eindrucksvoll belegt.<\/p>\n<div class=\"u-align-left u-container-align-left u-container-style u-layout-cell u-right-cell u-size-30 u-size-xs-60 u-white u-layout-cell-1\">\n<div class=\"u-container-layout u-valign-middle-lg u-valign-middle-md u-valign-middle-sm u-valign-middle-xl u-container-layout-1\">\n<h3 class=\"u-align-left u-text u-text-1\"><b>Tropfenf\u00f6rmiges Geh\u00e4use<\/b><\/h3>\n<p class=\"u-align-left-xs u-text u-text-2\">Das tropfenf\u00f6rmige Geh\u00e4use verhindert Klangverf\u00e4lschungen durch st\u00f6rende Reflexions- und Beugungseffekte. Zus\u00e4tzlich erh\u00f6ht\u00a0diese Form die Stabilit\u00e4t und vermindert Klangverf\u00e4rbungen durch Geh\u00e4useresonanzen.<\/p>\n<div class=\"u-align-left u-container-align-left u-container-style u-layout-cell u-right-cell u-size-30 u-size-xs-60 u-white u-layout-cell-1\">\n<div class=\"u-container-layout u-valign-middle-lg u-valign-middle-md u-valign-middle-sm u-valign-middle-xl u-container-layout-1\">\n<h3 class=\"u-align-left u-text u-text-1\"><b>Soft-Dome-Hocht\u00f6ner<\/b><\/h3>\n<p class=\"u-align-left-xs u-text u-text-2\">Der in der Arcona Serie verwendete Soft-Dome-Hocht\u00f6ner bringt die Hochtonwiedergabe auf ein neues Niveau. Dieser technische Leckerbissen weist Gewichts- und Antriebswerte in Weltklasseniveau auf.<\/p>\n<div class=\"u-align-left u-container-align-left u-container-style u-layout-cell u-right-cell u-size-30 u-size-xs-60 u-white u-layout-cell-2\">\n<div class=\"u-container-layout u-valign-middle-lg u-valign-middle-md u-valign-middle-sm u-valign-middle-xl u-valign-top-xs u-container-layout-2\">\n<h3 class=\"u-align-left u-text u-text-1\"><b>Patentierte X-Pulse-Membran<\/b><\/h3>\n<p>Gute Lautsprechermembranen m\u00fcssen leicht sein aber dennoch ausreichend steif, um schnellen Musikimpulsen folgen zu k\u00f6nnen.\u00a0Unsere XPulse-Membran besteht aus leichtem Aluminium mit einem superleichten Bienenwabenkunststoff als Tr\u00e4ger.<\/p>\n<div class=\"u-align-left u-container-align-left u-container-style u-layout-cell u-right-cell u-size-30 u-size-xs-60 u-white u-layout-cell-2\">\n<div class=\"u-container-layout u-container-layout-2\">\n<h3 class=\"u-align-left u-text u-text-1\"><b>Bass-Extension<\/b><\/h3>\n<p class=\"u-align-left-xs u-text u-text-2\">Mit dem Bass Extension System bieten wir Ihnen eine einfache M\u00f6glichkeit, die Tiefbass-Wiedergabe zwischen 30 Hz und\u00a0 60 Hz \u200blinear um eine Oktave nach unten zu erweitern, was f\u00fcr die Gr\u00f6\u00dfe der Lautsprecher zu einem enormen Fundament f\u00fchrt. Der Roll Off ist in 6 unterschiedlichen Pegelverl\u00e4ufen \u00fcber die Steckbr\u00fccke bzw. durch die separat erh\u00e4ltlichen Module perfekt einstellbar.<\/p>\n<\/div>\n<\/div>\n<\/div>\n<\/div>\n<\/div>\n<\/div>\n<\/div>\n<\/div>\n<div class=\"u-align-left u-container-align-left u-container-style u-layout-cell u-right-cell u-size-30 u-size-xs-60 u-white u-layout-cell-2\">\n<div class=\"u-container-layout u-valign-middle u-container-layout-2\">\n<h3 class=\"u-align-left u-text u-text-1\"><b>Symmetrische Frequenzweiche<\/b><\/h3>\n<p>Diese Technologie setzen wir bei allen unseren Lautsprechern ein. Bei der symmetrischen Frequenzweiche sitzt der Lautsprecher mit seinem Minuspol nicht wie \u00fcblich direkt auf der Masse sondern wird durch Bauteile (Tiefpass) von der Masse des Systems entkoppelt. Dadurch erreicht man eine stark verringerte R\u00fcckwirkung auf den Verst\u00e4rker. Alle unsere Lautsprecher k\u00f6nnen somit von unterschiedlichen Verst\u00e4rkerfabrikaten leicht betrieben werden. Die klanglichen Vorteile dieses Konzepts \u00e4u\u00dfern sich in einer sehr fein aufgel\u00f6sten Mitten und h\u00f6herer Sprachverst\u00e4ndlichkeit.<\/p>\n<p>Im Bild erkennt man sehr sch\u00f6n den Aufbau eines symmetrischen Filters erster Ordnung. Man ben\u00f6tigt zwei Spulen, die jemals den halben Wert der einen haben. Dieses Prinzip wenden wir auf alle unseren Frequenzweichen an.<\/p>\n<h3>Steilflankige Filter<\/h3>\n<p>Passive Lautsprecher arbeiten in der analogen Welt und haben keine Spannungsversorgung. Das zentrale Element einer passiven Lautsprecherbox mit mehreren Wegen ist die Frequenzweiche. Sie ordnet den einzelnen Wegen ihre Frequenzen zu. Dies geschieht \u00fcber eine mehr oder weniger komplexe Schaltung aus Spulen (Induktivit\u00e4t), Kondensatoren (Kapazit\u00e4t) und Widerst\u00e4nden (Ohmscher Widerstand). Eine Spule sperrt hohe Frequenzen, arbeitet also als Tiefpass und ein Kondensator blockt tiefe Frequenzen, arbeitet also als Hochpass. Ein Widerstand reduziert den Schalldruckpegel eines einzelnen Lautsprecherchassis, arbeitet aber bei allen Frequenzen gleich stark.<\/p>\n<p>Wenn ein analoger, passiver Tiefpass eine Grenzfrequenz von 200 Hz besitzt, hei\u00dft das aber nicht, dass er ab 200 Hz alle h\u00f6heren Frequenzen vollst\u00e4ndig abschneidet sondern, dass er damit anf\u00e4ngt h\u00f6here Frequenzen ab 200 Hz immer st\u00e4rker zu unterdr\u00fccken. Ein Tiefpass 1. Ordnung sperrt zum Beispiel mit 6 dB\/Oktave. Wenn man bedenkt, dass 10 dB weniger immer noch halbe Lautst\u00e4rke bedeutet, merkt man, dass ein solcher Tieft\u00f6ner noch weit in den Mitten- bis Hochtonbereich hineinspielt.<\/p>\n<p>Dagegen helfen Filter h\u00f6herer Ordnung, die mit jeder Ordnung mehr 6 dB\/Oktave steiler d\u00e4mpfen. Ein Tiefpass 3. Ordnung d\u00e4mpft mit 18 dB\/Oktave ben\u00f6tigt dazu aber auch 3 Bauteile.<\/p>\n<p>Was sind die Vorteile von steilflankigen Filtern?<\/p>\n<p>1. Bei flachen Filtern spielen in jedem Frequenzbereich mehrere Chassis gleichzeitig. Da die einzelnen Chassis v\u00f6llig anders gebaut sind, oftmals verschiedene Membranmaterialen und vollkommen unterschiedliche Gr\u00f6\u00dfe haben f\u00fchrt das zu:<br \/>\na. Frequenzgangfehlern, also falscher tonaler Wiedergabe<br \/>\nb. B\u00fcndelungseffekten, verschobener Abstrahlcharakteristik<br \/>\nc. Phasenfehlern, die sich in undefinierter r\u00e4umlicher Abbildung \u00e4u\u00dfern<br \/>\nd. Und Impulsfehlern, die die Musik fad, undynamisch und belanglos klingen lassen<br \/>\ne. Starken Verzerrungen bei h\u00f6herer Lautst\u00e4rke, die sehr unangenehm klingen<br \/>\nf. Zudem ist die Belastbarkeit der einzelnen Chassis elektrisch und auch mechanisch geringer, da sie Frequenzen abstrahlen m\u00fcssen, f\u00fcr die sie nicht konstruiert sind<\/p>\n<p>2. Da die einzelnen Chassis sehr viel h\u00f6heren elektrischen und mechanischen Belastungen ausgesetzt werden, m\u00fcssen diese daf\u00fcr konzipiert und konstruiert werden. Da ein Mittelt\u00f6ner aber grunds\u00e4tzlich andere Bedingungen als ein Tieft\u00f6ner erf\u00fcllen muss, kann bei flachen Filtern immer nur ein Kompromiss-Chassis eingesetzt werden, das weder Tieft\u00f6ner noch Mittelt\u00f6ner ist. Die perfekte Musikwiedergabe ist dadurch mehr oder weniger ausgeschlossen, zumindest aber stark limitiert.<br \/>\nAlle diese Nachteile k\u00f6nnen durch steilflankige Filter vermieden werden. Was sind die Nachteile von steilflankigen Filtern?<br \/>\na. Sie ben\u00f6tigen mehr Bauteile und sind dadurch wesentlich teurer<br \/>\nb. Deren Berechnung ist sehr viel komplizierter und erfordert ausgekl\u00fcgelte mathematische Kenntnisse und Berechnungsm\u00f6glichkeiten<br \/>\nc. Die Gruppenlaufzeit also die Zeit, die ein Signal ben\u00f6tigt, um das Filter zu durchlaufen wird etwas gr\u00f6\u00dfer. Das muss der Konstrukteur nach M\u00f6glichkeit ber\u00fccksichtigen, aber die Verz\u00f6gerungen sind im allgemeinen an der H\u00f6rbarkeitsschwelle, so dass sie nicht ins Gewicht fallen.<\/p>\n<p>Unsere Lautsprecher arbeiten alle mit Steilheiten von 50 dB\/Oktave und mehr. Dadurch werden alle oben beschriebenen Nachteile von flachen Filtern vermieden und wir k\u00f6nnen echte Spezialisten bei den Chassis bauen. Ein immenser Vorteil. Und deshalb klingen unsere Lautsprecher auch so offen, klar, r\u00e4umlich und sie verf\u00fcgen \u00fcber eine breite H\u00f6rzone, so dass Sie im ganzen Raum \u00fcber ein tolles, ausgewogenes Klangbild verf\u00fcgen.<\/p>\n<h3>Warum bauen wir Mehrwege-Lautsprecher?<\/h3>\n<p>Das menschliche H\u00f6rverm\u00f6gen reicht von 16 Hz bis ungef\u00e4hr 16.000 Hz (im jugendlichen Alter), also \u00fcber 10 Oktaven \u2013 eine enorme Bandbreite, wenn man bedenkt, dass das Auge nur 1 Oktave kann. Dementsprechend schwierig ist es auch f\u00fcr einen einzelnen Lautsprecher diese gro\u00dfe Bandbreite wiederzugeben.<\/p>\n<p>Im Bass ben\u00f6tigen wir gro\u00dfe, schwere Membranen mit kleinen Magneten, im Mittelton leichte, viel kleinere Membranen mit starkem Antrieb und im Hochtonbereich sehr kleine, extrem leichte Membranen mit einem m\u00f6glichst starken Antrieb. Dies alles folgt aus den Gesetzen der Mechanik, der Festigkeitslehre und nicht zuletzt der Akustik.<\/p>\n<p>Sie sehen schon, all diese Anforderungen unter einen Hut zu bringen ist unm\u00f6glich. Man muss hier unbedingt Kompromisse eingehen. Ein erster Kompromiss ist, die 10 Oktaven auf zwei Lautsprecherchassis aufzuteilen. Dementsprechend vielf\u00e4ltig sind solche Konstruktionen, da die Gr\u00f6\u00dfenverh\u00e4ltnisse der einzelnen Chassis doch stark variieren k\u00f6nnen. Bei der klassischen Drei-Wege-Box teilen sich drei Spezialisten die 10 Oktaven auf, was schon eine deutliche Verbesserung bringen kann. Ebenso gilt das f\u00fcr Vierwege-Lautsprecherboxen. F\u00fcnf-Wege-Lautsprecher sind \u00e4u\u00dferst selten und bieten dann kaum mehr Vorteile.<\/p>\n<p>Die Frequenzweiche<br \/>\nWie realisiert man nun diese Mehrwege-Lautsprecherboxen?<\/p>\n<p>Damit den einzelnen Spezialisten ihre jeweiligen Frequenzen richtig zugeordnet werden, ben\u00f6tigt man eine Frequenzweiche. Eine Frequenzweiche ist eine Schaltung aus Spulen (Induktivit\u00e4t), Kondensatoren (Kapazit\u00e4t) und Ohmschen Widerst\u00e4nden, die nach bestimmten Regeln zusammengeschaltet werden und dann sogenannte, Tiefp\u00e4sse (lassen nur tiefe Frequenzen durch), Hochp\u00e4sse (lassen nur hohe Frequenzen durch) und Bandp\u00e4sse (lassen nur mittlere Frequenzen durch) bilden.<\/p>\n<p>Leider sind diese Tief-, Hoch- und Bandp\u00e4sse, die man auch analoge, elektrische Filter nennt, nicht unendlich steil, so dass auch noch tiefere und h\u00f6here Frequenzen passieren k\u00f6nnen, dabei allerdings immer mehr abgeschw\u00e4cht werden. Bei den einfachsten Filterschaltungen arbeiten sie mit einer Steilheit von 6 dB\/Oktave: bei jeder Frequenzverdoppelung oder Halbierung wird der Schalldruckpegel um 6 dB leiser. 10 dB entsprechen einer Halbierung der Lautst\u00e4rke. Allerdings haben Untersuchungen gezeigt, dass man T\u00f6ne von -40 dB noch gut wahrnehmen kann. Wenn man also einen Tieft\u00f6ner bei 400 Hz mit einem Filter 1. Ordnung herausnimmt, dann bedeutet das, dass der Basslautsprecher bei 400 Hz 3 dB leiser ist und ab 400 Hz jetzt mit 6 dB\/Oktave herausgeht. Bei 3200 Hz (3 Oktaven) ist er also erst um 18 dB leiser, was ungef\u00e4hr einem Viertel der Lautst\u00e4rke entspricht. Er spielt also noch gut mit und \u00fcberlagert sich dem Signal des Mittelt\u00f6ners. Bei 400 Hz sind beide gleich laut.<\/p>\n<p>Dasselbe spielt sich bei 3.200 Hz ab, wo der Hocht\u00f6ner im Allgemeinen die Musikabstrahlung \u00fcbernimmt. Bei 3.200 Hz sind Mittelt\u00f6ner und Hocht\u00f6ner gleich laut und der Mittelt\u00f6ner f\u00e4llt mit 6 dB\/Oktave ab. Bei 12.800 Hz ist der Mittelt\u00f6ner also etwa um 12 dB leiser, was etwas mehr als der halben Lautst\u00e4rke entspricht. Da die Mitteltonmembranen schwerer und gr\u00f6\u00dfer sind als die Hochtonmembranen, stellen viele Mittelt\u00f6ner die Schallabstrahlung bei 7.000 \u2013 8.000 Hz von selbst langsam ein. Aber eines ist klar: gerade im Bereich von 3.400 Hz aufw\u00e4rts werden die Wellenl\u00e4ngen kleiner als 10 cm und wenn dann zwei Lautsprecherchassis dasselbe Signal abstrahlen, interferieren beide Signale sehr stark und verf\u00e4lschen somit das eigentliche Originalsignal. Das kann nicht gut sein. Man verliert die r\u00e4umliche Information und auch die zeitliche Impulsinformation. Dadurch dass sich jetzt die Eins\u00e4tze der einzelnen Musiker verschleifen verliert die Musik ihren Drive und Knackigkeit. Und das macht Musik doch gerade aus!<\/p>\n<p>Was gibt es hierzu nun f\u00fcr eine L\u00f6sung? Also entweder begn\u00fcgt man sich mit einem Breitb\u00e4nder (was nun wirklich sehr schlecht ist), man akzeptiert das Fehlverhalten (6-dB-Weichen) oder man verwendet Frequenzweichen, die sehr viel steiler trennen, etwa mit 12 dB oder 18 dB.<\/p>\n<p>Wir bei Gauder Akustik gehen da noch einen gro\u00dfen Schritt weiter. Wir haben ein Verfahren entwickelt bei dem die Steilheit unserer Frequenzweichenfilter mehr als 50 dB\/Oktave haben! Nach weniger als einer Oktave sind unsere Einzelchassis bereits \u00fcberhaupt nicht mehr zu h\u00f6ren! Der \u00dcberlapp ist also sehr gering, so dass jedes Chassis nur die Frequenzen abstrahlt die es wirklich kann. Die Interferenzeffekte sind minimiert. Das Impulsverhalten ist nahezu optimal (was die Fachpresse bei jedem Test best\u00e4tigt) und die r\u00e4umliche Abbildung bleibt stabil und gro\u00df. Bei unseren Lautsprechern m\u00fcssen also nicht zwangsweise genau in der Mitte sitzen! Und nat\u00fcrlich ist auch die elektrische Belastbarkeit h\u00f6her, was die Lebensdauer der Einzelchassis dramatisch erh\u00f6ht (u. a. deshalb geben wir Ihnen 10 Jahre volle Garantie bei Registrierung).<\/p>\n<p>Allerdings besitzen unsere Frequenzweich durch die komplexe Beschaltung deutlich mehr als die Konkurrenzprodukte z.B. 64 Bauteile bei unserer Drei-Wege-Box DARC 200), was sie gr\u00f6\u00dfer und viel teurer macht. Zudem m\u00fcssen wir selektierte, qualitativ teure Bauteile verwenden, damit die Schaltungen auch exakt funktionieren. All dies f\u00fchrt zu einem nicht unerheblichen Kostenfaktor, den wir aber selbst f\u00fcr die Arcona 40 akzeptieren, um klanglich einen Meilenstein in jeder Klasse zu setzen.<\/p>\n<p>Welche Nachteile gibt es bei Weichen h\u00f6herer Ordnung?<\/p>\n<p>Die Gruppenlaufzeit, die Zeit also, die ein elektrisches Signal braucht um durch die Weiche zu laufen, vergr\u00f6\u00dfert sich leicht. Dieser Effekt ist aber viel kleiner als Musikinstrumente brauchen um einzuschwingen, dennoch korrigieren wir auch diesen Nachteil durch unsere TDC-Technologie.<\/p>\n<p>Sie sehen also, dass eine aufwendige durchdachte Frequenzweiche das entscheidendste Bauteil eines Mehrwegelautsprechers ist. Deshalb verwenden wir auch so gro\u00dfe M\u00fche und Zeit darauf!<\/p>\n<\/div>\n<\/div>\n","protected":false},"excerpt":{"rendered":"<p>Die <strong data-start=\"61\" data-end=\"97\">Gauder Akustik Arcona 40 mkII SD<\/strong> ist ein hochwertiger Standlautsprecher mit pr\u00e4ziser Abstimmung, exzellenter Impulstreue und kontrolliertem, tiefreichendem Bass. Dank sorgf\u00e4ltig selektierter Treiber und aufwendiger Frequenzweiche bietet sie eine au\u00dfergew\u00f6hnlich klare, nat\u00fcrliche Wiedergabe f\u00fcr anspruchsvolle Stereo-Setups.<\/p>\n","protected":false},"featured_media":6464,"template":"","meta":{"_acf_changed":false},"product_brand":[458],"product_cat":[277,301],"product_tag":[],"class_list":{"0":"post-6462","1":"product","2":"type-product","3":"status-publish","4":"has-post-thumbnail","6":"product_brand-gauder-akustik-lautsprecher","7":"product_cat-lautsprecher","8":"product_cat-kompaktlautsprecher","10":"first","11":"instock","12":"shipping-taxable","13":"product-type-simple"},"acf":[],"_links":{"self":[{"href":"https:\/\/www.jupit.de\/produktwelt\/wp-json\/wp\/v2\/product\/6462","targetHints":{"allow":["GET"]}}],"collection":[{"href":"https:\/\/www.jupit.de\/produktwelt\/wp-json\/wp\/v2\/product"}],"about":[{"href":"https:\/\/www.jupit.de\/produktwelt\/wp-json\/wp\/v2\/types\/product"}],"wp:featuredmedia":[{"embeddable":true,"href":"https:\/\/www.jupit.de\/produktwelt\/wp-json\/wp\/v2\/media\/6464"}],"wp:attachment":[{"href":"https:\/\/www.jupit.de\/produktwelt\/wp-json\/wp\/v2\/media?parent=6462"}],"wp:term":[{"taxonomy":"product_brand","embeddable":true,"href":"https:\/\/www.jupit.de\/produktwelt\/wp-json\/wp\/v2\/product_brand?post=6462"},{"taxonomy":"product_cat","embeddable":true,"href":"https:\/\/www.jupit.de\/produktwelt\/wp-json\/wp\/v2\/product_cat?post=6462"},{"taxonomy":"product_tag","embeddable":true,"href":"https:\/\/www.jupit.de\/produktwelt\/wp-json\/wp\/v2\/product_tag?post=6462"}],"curies":[{"name":"wp","href":"https:\/\/api.w.org\/{rel}","templated":true}]}}