{"id":6456,"date":"2025-05-31T13:27:59","date_gmt":"2025-05-31T11:27:59","guid":{"rendered":"https:\/\/www.jupit.de\/produktwelt\/?post_type=product&#038;p=6456"},"modified":"2026-02-04T12:37:38","modified_gmt":"2026-02-04T11:37:38","slug":"nad-m17-v2i","status":"publish","type":"product","link":"https:\/\/www.jupit.de\/produktwelt\/produkt\/surround-geraete-mehrkanal\/nad-m17-v2i\/","title":{"rendered":"NAD M17 V2i &#8211; Mehrkanal Vorverst\u00e4rker"},"content":{"rendered":"<h2>Der NAD M17 V2I ist die technisch anspruchsvollste Komponente im NAD Programm.<\/h2>\n<p>Der Surround-Vorversta\u0308rker verarbeitet 11.1 Kana\u0308le und unterstu\u0308tzt alle ga\u0308ngigen Mehrkanal-Tonformate inklusive Dolby Atmos<sup>\u00ae<\/sup>, DTS<sup>\u00ae<\/sup> HD\u2122 Master Audio und Dolby<sup>\u00ae<\/sup> TrueHD\u2122. Die Dirac Live<sup>\u00ae<\/sup> Raumkorrektur sichert einen optimalen Klang in jeder Umgebung, das zum Lieferumfang geho\u0308rende BluOS\u2122 Upgrade Kit bindet den M17 V2i in ein LAN\/WLAN- oder Multiroom-Netzwerk ein. Separate D\/A-Wandler fu\u0308r jeden Kanal, eine getrennte Stromversorgung fu\u0308r die analogen und digitalen Sektionen sowie die modulare zukunftssichere MDC-Architektur unterstreichen den hohen Anspruch. Neu an Bord ist AirPlay 2 zur Einbindung in Apple-Netzwerke.<\/p>\n<h3>PERFEKTE SURROUND-PERFORMANCE<\/h3>\n<p>Der AV-Prozessor-Vorverst\u00e4rker M17 V2i er\u00f6ffnet Heimkino-Fans eine nahezu perfekte Surround-Performance. Das gro\u00dfe Touchscreen-Display macht die Bedienung des M17 V2i kinderleicht \u2013 und zu einem echten Vergn\u00fcgen. Live-Konzerte, Soundtracks und Klangeffekte decodiert der M17 V2i in den neuesten Mehrkanal-Techniken.<\/p>\n<h3>MDC \u2013 Zukunftssicheres Modulsystem<\/h3>\n<p>MDC, die Abk\u00fcrzung f\u00fcr Modular Design Construction, ist NADs Ma\u00dfnahme gegen zu schnell veraltende HiFi-Anlagen. Insbesondere die Technologien f\u00fcr A\/V-Ger\u00e4te entwickeln sich in den letzten Jahrzehnten immer schneller. Daher sind Heimkino-Fans, die neue Dateiformate, High Speed HDMI-Verbindungen mit h\u00f6herer Bandbreite oder zus\u00e4tzliche H\u00f6henkan\u00e4le f\u00fcr die Surround-Wiedergabe wie bei Dolby Atmos<sup>\u00ae<\/sup> nutzen m\u00f6chten, gezwungen, ihren A\/V-Receiver oder -Verst\u00e4rker regelm\u00e4\u00dfig auszutauschen. NADs MDC-Prinzip sieht vor, alle alterssensitiven Technologien auf einer hochwertigen Steckkarte zu integrieren, die von einem qualifizierten Techniker schnell und einfach gegen eine neuere Version ausgetauscht werden kann. Zudem erm\u00f6glichen die MDC-Module eine individuelle Best\u00fcckung der entsprechenden NAD Verst\u00e4rker. Zum Lieferumfang des NAD M17 V2i geho\u0308ren die beiden MDC-Module AM 17 und VM 310.<\/p>\n<h3>MQA \u2013 Musik in Studio-Master-Qualit\u00e4t<\/h3>\n<p>MQA ist kein neues Dateiformat, sondern eine innovative M\u00f6glichkeit, gro\u00dfe Musikdateien mit einer komplexen Codierung, einer effizienten Kompressionstechnik und einer digitalen Signatur so zu verpacken, dass sich selbst originale Studio-Master-Aufnahmen im 24 Bit\/ 192 kHz-Format in vergleichsweise kleinen Datenpakete verpacken und online bereitstellen lassen. Die Musikdaten werden hierf\u00fcr in beliebigen Containern wie ALAC, FLAC oder WAV verpackt. Bei der Wiedergabe \u00fcber einen in BluOS<sup>\u00ae<\/sup> integrierten Decoder entpackt der Player die Datei wieder vollst\u00e4ndig und bringt sie ohne Verluste in ihr Ausgangsformat, das Studio-Master File zur\u00fcck.<\/p>\n<h3>Dirac Live<sup>\u00ae<\/sup> \u2013 Software zur Korrektur von Raumakustik und Impulswiedergabe<\/h3>\n<p>Dirac Live<sup>\u00ae<\/sup> ist eine innovative Raumkorrektur, deren Grundfunktion die Einmessung eines Audiosystems auf die Akustik des H\u00f6rraums ist. Doch neben der Anpassung bestimmter Frequenzen verwendet Dirac Live<sup>\u00ae<\/sup> fortschrittlichste Algorithmen, um auch das Impulsverhalten der abgespielten Audiosignale zu analysieren. So werden m\u00f6gliche Abweichungen zwischen den im Originalsignal enthaltenen Impulsen und ihrer Wiedergabe korrigiert, so dass die HiFi-Anlage ausgewogener, nat\u00fcrlicher und r\u00e4umlicher klingt. Der M17 V2i wird mit einer Vollfrequenzversion der Dirac Live<sup>\u00ae<\/sup> Software ausgeliefert.<\/p>\n<h3>Symmetrische Signalverarbeitung mit separater linearer Stromversorgung<\/h3>\n<p>Die Signalverarbeitung erfolgt im M17 V2i wie bei allen professionellen Aufnahmestudios und Live-Beschallungssystemen in allen Kana\u0308len symmetrisch. Verriegelbare XLR-Steckverbinder und eine spezielle Interface-Elektronik ermo\u0308glichen lange Kabelwege ohne sto\u0308rende Einstreuungen oder Signalverluste.<\/p>\n<h3>Flexible Anschlussm\u00f6glichkeiten<\/h3>\n<p>Der M17 V2i versteht sich auf die neuesten HDMI-Funktionen einschlie\u00dflich HDCP 2.2, 4:4:4-Farbauflo\u0308sung, High Dynamic Range-Videounterstu\u0308tzung und CEC\/ARC. Jeweils zwei koaxiale und optische Digitalein- und ausga\u0308nge stehen fu\u0308r digitale Audioquellen bereit, sieben analoge Stereoeinga\u0308nge nehmen die Signale konventioneller HiFi-Komponenten entgegen. Nicht im Haupt-Setup genutzte Kana\u0308le lassen sich fu\u0308r die Wiedergabe in separaten Ho\u0308rzonen nutzen,fu\u0308r diese stehen dann sogar eine separate Quellenwahl und Lautsta\u0308rkeregelung zur Verfu\u0308gung.<\/p>\n<h3>Kompakte Heimkinozentrale<\/h3>\n<p>Der M17 V2i vereint alle Bedien- und Dekodierfunktionen in einem kompakten wie robusten Aluminium-Geha\u0308use. Der A\/V-Vorversta\u0308rker muss nur noch mit einer oder mehreren unserer NAD M28 Siebenkanal-Endstufen verbunden werden. Deren u\u0308beraus leistungsstarke und klangvolle HybridDigital\u2122 Purifi Eigentakt\u2122 Versta\u0308rkerstufen versorgen jeden Lautsprecher problemlos mit der erforderlichen Power.<\/p>\n<h3>BluOS\u2122 \u2013 Multiroom-Streaming in HD Qualit\u00e4t<\/h3>\n<p>BluOS\u2122 ist ein innovatives, kabelloses System, mit dem sich Musik im ganzen Haus streamen l\u00e4sst. Die dazugeh\u00f6rige Bedienoberfl\u00e4che ist eine der weltweit wenigen L\u00f6sungen, um unkomprimierte hochaufl\u00f6sende 24 Bit \/ 192 kHz Musikdaten an die im Netzwerk integrierten Player zu streamen. Dabei nutzt BluOS\u2122 f\u00fcr die \u00dcbertragung der Musik und die Organisation der Plattform ausschlie\u00dflich das lokale Netzwerk \u2013 und wird mit der f\u00fcr Smartphones und Tablets verf\u00fcgbaren BluOS\u2122 App oder einen Windows- oder Mac-Computer gesteuert. Da BluOS\u2122 multiroomf\u00e4hig ist, lassen sich bis zu 64 Zonen einbinden und wahlweise synchron mit einem Audiostream oder individuell mit verschiedenen Programmen in unterschiedlicher Lautst\u00e4rke ansteuern. Bluesound versteht sich auf zahlreiche Dateiformate von MP3 bis zur MQA Studio-Master-Qualit\u00e4t. Ob Streaming-Musikdienste, Ihre eigene Musikbibliothek auf einer Festplatte oder Internet-Radio \u2013 mit BluOS\u2122 haben Sie stets im gesamten Netzwerk Zugriff auf Ihre Lieblingsmusik.<\/p>\n<p>BluOS\u2122 l\u00e4sst sich \u00fcbrigens auch in einige innovative Hausautomationssysteme einbinden, so dass dann neben der intelligenten Steuerung von Beleuchtung, Heizung und weiterer Haustechnik auch die Bedienung eines BluOS\u2122 Multiroom-Systems \u00fcber das Smart Home-Panel m\u00f6glich ist. Die Treibersoftware f\u00fcr die Systeme der Hersteller Control4, Creston, ELAN, iPort, Lutron, Push, RTI und URC steht in der Bluesound Homepage zum Download bereit.<\/p>\n<h3>Individuell programmierbare A\/V-Voreinstellungen<\/h3>\n<p>Das zentrale beru\u0308hrungsempfindliche TFT-Display des M17 V2i macht die Einrichtung und Steuerung des Gera\u0308ts so einfach wie nie zuvor. Alle genutzten Einga\u0308nge lassen sich individuell benennen, dazu stehen fu\u0308nf A\/V-Presets bereit, um die Lautsprecherpegel- und Klangeinstellungen speichern zu ko\u0308nnen, damit das System per Knopfdruck ganz einfach an verschiedene Arten von Programmmaterial angepasst werden kann. Surround-Modi wie Dolby Digital und DTS werden automatisch aktiviert, wenn das Programm entsprechend kodiert ist. Der M17 V2i merkt sich auch Ihre zuletzt verwendeten Einstellungen, wenn er in den und aus dem Standby-Modus geschaltet wird.<\/p>\n<h3>Apple AirPlay 2<\/h3>\n<p>Der M17 V2i la\u0308sst sich per AirPlay 2 in ein Apple-Netzwerk integrieren und dann u\u0308ber Ihren Mac, Ihr iPhone oder Ihr iPad direkt als Wiedergabegera\u0308t fu\u0308r Ihren Musikstream auswa\u0308hlen. Und haben Sie auf Ihrem Apple-Gera\u0308t die Siri Sprachsteuerung aktiviert, genu\u0308gt ein \u201eHey Siri, spiele das aktuelle Paul McCartney-Album\u201c oder \u201eHey Siri, spiele NDR 2\u201c, und Ihr NAD Heimkinosystem startet umgehend die Wiedergabe.<\/p>\n","protected":false},"excerpt":{"rendered":"<p>Der <strong data-start=\"40\" data-end=\"55\">NAD M17 V2i<\/strong> ist ein modular aufgebauter High-End-AV-Vorverst\u00e4rker mit modernster Surround-Verarbeitung, Dirac-Raumkorrektur und umfangreicher HDMI-Ausstattung. Er bietet maximale Flexibilit\u00e4t, pr\u00e4zise Signalverarbeitung und audiophile Klangqualit\u00e4t f\u00fcr anspruchsvolle Heimkino- und Mehrkanal-Setups.<\/p>\n","protected":false},"featured_media":6457,"template":"","meta":{"_acf_changed":false},"product_brand":[503],"product_cat":[567],"product_tag":[],"class_list":{"0":"post-6456","1":"product","2":"type-product","3":"status-publish","4":"has-post-thumbnail","6":"product_brand-nad","7":"product_cat-surround-geraete-mehrkanal","9":"first","10":"instock","11":"shipping-taxable","12":"product-type-simple"},"acf":[],"_links":{"self":[{"href":"https:\/\/www.jupit.de\/produktwelt\/wp-json\/wp\/v2\/product\/6456","targetHints":{"allow":["GET"]}}],"collection":[{"href":"https:\/\/www.jupit.de\/produktwelt\/wp-json\/wp\/v2\/product"}],"about":[{"href":"https:\/\/www.jupit.de\/produktwelt\/wp-json\/wp\/v2\/types\/product"}],"wp:featuredmedia":[{"embeddable":true,"href":"https:\/\/www.jupit.de\/produktwelt\/wp-json\/wp\/v2\/media\/6457"}],"wp:attachment":[{"href":"https:\/\/www.jupit.de\/produktwelt\/wp-json\/wp\/v2\/media?parent=6456"}],"wp:term":[{"taxonomy":"product_brand","embeddable":true,"href":"https:\/\/www.jupit.de\/produktwelt\/wp-json\/wp\/v2\/product_brand?post=6456"},{"taxonomy":"product_cat","embeddable":true,"href":"https:\/\/www.jupit.de\/produktwelt\/wp-json\/wp\/v2\/product_cat?post=6456"},{"taxonomy":"product_tag","embeddable":true,"href":"https:\/\/www.jupit.de\/produktwelt\/wp-json\/wp\/v2\/product_tag?post=6456"}],"curies":[{"name":"wp","href":"https:\/\/api.w.org\/{rel}","templated":true}]}}