{"id":6444,"date":"2025-05-31T12:10:39","date_gmt":"2025-05-31T10:10:39","guid":{"rendered":"https:\/\/www.jupit.de\/produktwelt\/?post_type=product&#038;p=6444"},"modified":"2026-02-04T13:07:25","modified_gmt":"2026-02-04T12:07:25","slug":"lyngdorf-cd-2","status":"publish","type":"product","link":"https:\/\/www.jupit.de\/produktwelt\/produkt\/cd-player\/lyngdorf-cd-2\/","title":{"rendered":"Lyngdorf CD-2 \u2013 High-End CD-Player"},"content":{"rendered":"<h2>Lyngdorf CD2\u00a0 CD-PLAYER<\/h2>\n<p><strong>Dieser Player wurde mit der Erfahrung von mehrfach preisgekr\u00f6nten digitalen Lyngdorf Audio-Verst\u00e4rkern und CD-Playern entwickelt.<\/strong><strong>\u00a0<\/strong><\/p>\n<div class=\"et_pb_column et_pb_column_4_4 et_pb_column_2 et_pb_css_mix_blend_mode_passthrough et-last-child\">\n<div class=\"et_pb_module et_pb_text et_pb_text_1 et_pb_text_align_left et_pb_bg_layout_light\">\n<p class=\"et_pb_text_inner\">Er ist einer der am besten klingenden reinen Audio-CD-Player auf dem Markt.Die CD-2 ist nur f\u00fcr Audio konzipiert. Aus diesem Grund ist die Verwendung eines reinen Audio-Laufwerks einfacher und besser. Alle Multiformat-Laufwerke basieren auf Videodesigns und -takten, und die Audioausgabe wird dann zu Audioausgabetakten neu abgetastet (unkontrolliert). Viele entscheiden sich daf\u00fcr, die Uhr am Antrieb selbst zu optimieren, aber egal, was Sie tun, Erdpotentiale sind schwer zu kontrollieren und die Motorsteuerplatine ist ger\u00e4uschinduzierend.<\/p>\n<p><strong>PERFEKTE STROMVERSORGUNG<\/strong><\/p>\n<p>Das von Lyngdorf Audio entwickelte Schaltnetzteil ist sehr gut geregelt und wird gefiltert und entkoppelt, um eine rauscharme und niederohmige Versorgung der digitalen und analogen Schaltung zu gew\u00e4hrleisten.\u00a0Mit unterschiedlichen Versorgungen von vier unabh\u00e4ngigen Sekund\u00e4rwicklungen am Transformator werden die analogen und digitalen Versorgungen getrennt gehalten, um das digitale Rauschen in der analogen Schaltung zu minimieren.\u00a0Die Erdung ist optimal und das gesamte Chassis ist elektrisch angeschlossen.\u00a0Die R\u00fcckwand ist elektrisch leitend.<\/p>\n<p><strong>D\/A-WANDLER<\/strong><\/p>\n<p>Der D \/ A-Wandlerabschnitt wird verwendet, um eine hochwertige, unsymmetrische und symmetrische Ausgangsstufe anzusteuern.\u00a0Der D \/ A-Wandler basiert auf dem Wolfson WM8740-Chip.\u00a0Dies f\u00fchrt in Kombination mit unserem ausgewogenen Design und sehr feinen audiophilen Operationsverst\u00e4rkern zu hervorragenden Klangqualit\u00e4ten.<\/p>\n<\/div>\n<\/div>\n","protected":false},"excerpt":{"rendered":"<p>Der <strong data-start=\"52\" data-end=\"69\">Lyngdorf CD-2<\/strong> ist ein hochwertiger CD-Player mit pr\u00e4ziser Laufwerksmechanik, sauberer Digitalausgabe und audiophiler Signalverarbeitung. Er wurde f\u00fcr h\u00f6chste Klangtreue entwickelt und eignet sich ideal als zuverl\u00e4ssige CD-Quelle f\u00fcr anspruchsvolle High-End-Stereo-Systeme.<\/p>\n","protected":false},"featured_media":6445,"template":"","meta":{"_acf_changed":false},"product_brand":[447],"product_cat":[285],"product_tag":[],"class_list":{"0":"post-6444","1":"product","2":"type-product","3":"status-publish","4":"has-post-thumbnail","6":"product_brand-lyngdorf","7":"product_cat-cd-player","9":"first","10":"instock","11":"shipping-taxable","12":"product-type-simple"},"acf":[],"_links":{"self":[{"href":"https:\/\/www.jupit.de\/produktwelt\/wp-json\/wp\/v2\/product\/6444","targetHints":{"allow":["GET"]}}],"collection":[{"href":"https:\/\/www.jupit.de\/produktwelt\/wp-json\/wp\/v2\/product"}],"about":[{"href":"https:\/\/www.jupit.de\/produktwelt\/wp-json\/wp\/v2\/types\/product"}],"wp:featuredmedia":[{"embeddable":true,"href":"https:\/\/www.jupit.de\/produktwelt\/wp-json\/wp\/v2\/media\/6445"}],"wp:attachment":[{"href":"https:\/\/www.jupit.de\/produktwelt\/wp-json\/wp\/v2\/media?parent=6444"}],"wp:term":[{"taxonomy":"product_brand","embeddable":true,"href":"https:\/\/www.jupit.de\/produktwelt\/wp-json\/wp\/v2\/product_brand?post=6444"},{"taxonomy":"product_cat","embeddable":true,"href":"https:\/\/www.jupit.de\/produktwelt\/wp-json\/wp\/v2\/product_cat?post=6444"},{"taxonomy":"product_tag","embeddable":true,"href":"https:\/\/www.jupit.de\/produktwelt\/wp-json\/wp\/v2\/product_tag?post=6444"}],"curies":[{"name":"wp","href":"https:\/\/api.w.org\/{rel}","templated":true}]}}