{"id":6439,"date":"2025-05-31T11:57:31","date_gmt":"2025-05-31T09:57:31","guid":{"rendered":"https:\/\/www.jupit.de\/produktwelt\/?post_type=product&#038;p=6439"},"modified":"2026-02-04T13:07:47","modified_gmt":"2026-02-04T12:07:47","slug":"cambridge-cxc-serie-2","status":"publish","type":"product","link":"https:\/\/www.jupit.de\/produktwelt\/produkt\/cd-player\/cambridge-cxc-serie-2\/","title":{"rendered":"Cambridge CXC Serie 2"},"content":{"rendered":"<h2 class=\"text-align-center\">Cambridge CXC Serie 2 CD-Laufwerk<\/h2>\n<h3 class=\"text-align-center\">Leistung, die sich auszahlt<\/h3>\n<p>Du hast jahrelang CDs gesammelt, warum also nicht auch ihnen das CX-Sound-Upgrade verpassen? Das CXC ist ein CD-Laufwerk, das mit DACs und kompatiblen Verst\u00e4rkern zusammenarbeitet \u2013 wie unserem preisgekr\u00f6nten CXA81. Du wirst unglaubliche Details von deinen CDs h\u00f6ren \u2013 vielleicht sogar zum ersten Mal. Das CXC haucht CDs neues Leben ein, damit du noch viele Jahre Freude an ihnen hast.<\/p>\n<div class=\"feature__text gap\">\n<div class=\"feature__text_container\">\n<h3 class=\"feature__text--heading\">Eine Aufgabe\u00a0\u2013 mit Perfektion erf\u00fcllt<\/h3>\n<div class=\"feature__text--body\">\n<p>Das CXC verfolgt ein ganz bestimmtes Ziel: Es wurde entwickelt, um die digitalen Audioinformationen auf CDs mit absoluter Genauigkeit und Konsistenz zu lesen. Dann gibt es das Signal an einen DAC weiter, wie unseren DacMagic 200M oder die hochwertigen DACs in den CX-Verst\u00e4rkern. Jede Komponente im CXC ist darauf ausgerichtet, diese Aufgabe mit Pr\u00e4zision zu erf\u00fcllen.<\/p>\n<h3 class=\"feature__text--heading\">Pr\u00e4zises Abspielen<\/h3>\n<div class=\"feature__text--body\">\n<p>Das Laufwerk im CXC wurde von unseren Ingenieuren urspr\u00fcnglich f\u00fcr unsere High-End-CD-Player entwickelt. Das renommierte S3 Servo ist kein Mehrzwecklaufwerk. Es dreht Audio-CDs mit genau der Geschwindigkeit, die f\u00fcr den Datenabruf erforderlich ist, und verleiht dem CXC eine preisgekr\u00f6nte Klangpr\u00e4zision und Stabilit\u00e4t.<\/p>\n<div class=\"feature__text gap\">\n<div class=\"feature__text_container\">\n<h3 class=\"feature__text--heading\">Das \u00c4u\u00dfere macht den Unterschied<\/h3>\n<div class=\"feature__text--body\">\n<p>Das CXC profitiert von einem akustisch ged\u00e4mpften Metallgeh\u00e4use. Es sorgt daf\u00fcr, dass externe Kr\u00e4fte das digitale Signal nicht st\u00f6ren. Der CXC hat eine Auswahl an S\/PDIF-Digitalausg\u00e4ngen \u2013 einen koaxialen und einen optischen. W\u00e4hle den, der am besten zu deinem DAC passt, sei es ein eigenst\u00e4ndiges oder ein in einen Verst\u00e4rker integriertes Ger\u00e4t.<\/p>\n<div class=\"feature__text gap\">\n<div class=\"feature__text_container\">\n<h3 class=\"feature__text--heading\">Vollst\u00e4ndige Kontrolle<\/h3>\n<div class=\"feature__text--body\">\n<p>Das CXC wird mit einer Fernbedienung geliefert, mit der du genau ausw\u00e4hlen kannst, was du h\u00f6ren willst. Alle Fernbedienungen der CX-Serie k\u00f6nnen alle CX-Komponenten steuern, sodass du nur ein Ger\u00e4t f\u00fcr die wichtigsten Befehle zur Hand haben musst. Alternativ kannst du auch die Bedienelemente an der Vorderseite des CXC verwenden.<\/p>\n<div class=\"feature__text gap\">\n<div class=\"feature__text_container\">\n<h3 class=\"feature__text--heading\">Design f\u00fcrs Leben<\/h3>\n<div class=\"feature__text--body\">\n<p>Eine CD-Sammlung sollte ein Leben lang halten. Wir haben das CXC CD-Laufwerk so entwickelt, dass es dem auch gerecht werden kann. Der ma\u00dfgefertigte S3 Servo ist so gebaut, dass er CDs viele Jahre lang pr\u00e4zise abspielen kann. Dank seiner eleganten, minimalistischen Linien aus Aluminium und Stahl wird dieses zeitlose Design des CXC sowohl physisch als auch \u00e4sthetisch die Zeit m\u00fchelos \u00fcberdauern.<\/p>\n<\/div>\n<\/div>\n<\/div>\n<\/div>\n<\/div>\n<\/div>\n<\/div>\n<\/div>\n<\/div>\n<\/div>\n<\/div>\n<\/div>\n<\/div>\n","protected":false},"excerpt":{"rendered":"<p>Der <strong data-start=\"56\" data-end=\"87\">Cambridge Audio CXC Serie 2<\/strong> ist ein hochwertiger CD-Transport, der sich vollst\u00e4ndig auf die pr\u00e4zise Auslesung von Audio-CDs konzentriert. Mit resonanzarmem Laufwerk, exakter Taktung und robuster Verarbeitung liefert er ein sauberes Digitalsignal f\u00fcr externe DACs oder Verst\u00e4rker \u2013 ideal f\u00fcr anspruchsvolle CD-Wiedergabe im modernen HiFi-System.<\/p>\n","protected":false},"featured_media":6440,"template":"","meta":{"_acf_changed":false},"product_brand":[434],"product_cat":[285],"product_tag":[],"class_list":{"0":"post-6439","1":"product","2":"type-product","3":"status-publish","4":"has-post-thumbnail","6":"product_brand-cambridge-audio","7":"product_cat-cd-player","9":"first","10":"instock","11":"shipping-taxable","12":"product-type-simple"},"acf":[],"_links":{"self":[{"href":"https:\/\/www.jupit.de\/produktwelt\/wp-json\/wp\/v2\/product\/6439","targetHints":{"allow":["GET"]}}],"collection":[{"href":"https:\/\/www.jupit.de\/produktwelt\/wp-json\/wp\/v2\/product"}],"about":[{"href":"https:\/\/www.jupit.de\/produktwelt\/wp-json\/wp\/v2\/types\/product"}],"wp:featuredmedia":[{"embeddable":true,"href":"https:\/\/www.jupit.de\/produktwelt\/wp-json\/wp\/v2\/media\/6440"}],"wp:attachment":[{"href":"https:\/\/www.jupit.de\/produktwelt\/wp-json\/wp\/v2\/media?parent=6439"}],"wp:term":[{"taxonomy":"product_brand","embeddable":true,"href":"https:\/\/www.jupit.de\/produktwelt\/wp-json\/wp\/v2\/product_brand?post=6439"},{"taxonomy":"product_cat","embeddable":true,"href":"https:\/\/www.jupit.de\/produktwelt\/wp-json\/wp\/v2\/product_cat?post=6439"},{"taxonomy":"product_tag","embeddable":true,"href":"https:\/\/www.jupit.de\/produktwelt\/wp-json\/wp\/v2\/product_tag?post=6439"}],"curies":[{"name":"wp","href":"https:\/\/api.w.org\/{rel}","templated":true}]}}