{"id":6436,"date":"2025-05-31T11:51:56","date_gmt":"2025-05-31T09:51:56","guid":{"rendered":"https:\/\/www.jupit.de\/produktwelt\/?post_type=product&#038;p=6436"},"modified":"2026-02-04T13:18:39","modified_gmt":"2026-02-04T12:18:39","slug":"lyngdorf-sda-2400","status":"publish","type":"product","link":"https:\/\/www.jupit.de\/produktwelt\/produkt\/stereo-verstaerker\/endverstaerker\/lyngdorf-sda-2400\/","title":{"rendered":"Lyngdorf SDA-2400 \u2013 Digitale High-End Endstufe"},"content":{"rendered":"<div class=\"et_pb_row et_pb_row_1\">\n<div class=\"et_pb_column et_pb_column_4_4 et_pb_column_1 et_pb_css_mix_blend_mode_passthrough et-last-child\">\n<div class=\"et_pb_module et_pb_text et_pb_text_0 et_pb_text_align_left et_pb_bg_layout_light\">\n<div class=\"et_pb_text_inner\">\n<h2>Lyngdorf SDA-2400 Endstufe<\/h2>\n<h3>DIGITALER STEREO-ENDVERST\u00c4RKER<\/h3>\n<p><strong>VIELSEITIG UND ELEGANT\u00a0<\/strong><\/p>\n<p>Der vielseitige digitale Stereo-Endverst\u00e4rker SDA-2400 verf\u00fcgt \u00fcber analoge und digitale Eing\u00e4nge sowie eine Reihe neuartiger Funktionen, die eine hervorragende Leistung in einer Vielzahl von Anwendungen bieten.<\/p>\n<div class=\"page\" title=\"Page 11\">\n<div class=\"layoutArea\">\n<div class=\"column\">\n<p><strong>PERFEKT F\u00dcR JEDES SETUP<\/strong><\/p>\n<p>Es beinhaltet sowohl optische als auch koaxiale digitale Eing\u00e4nge zus\u00e4tzlich zu den traditionellen symmetrischen und unsymmetrischen analogen Eing\u00e4ngen, um jeder m\u00f6glichen Konfiguration gerecht zu werden. Dieser Leistungsverst\u00e4rker kann in einem traditionellen Stereo- oder Mehrkanal-Setup funktionieren \u2013 aber auch als leistungsstarke Erg\u00e4nzung f\u00fcr Single Standing Media Player und Streaming-Ger\u00e4te mit integriertem Lautst\u00e4rkeregler. Bei Verwendung der digitalen Anschl\u00fcsse treten keine St\u00f6rungen oder Rauschen von externen Quellen auf. Die digitalen Eing\u00e4nge basieren auf dem Wolfson WM8804 PLL-Transceiver f\u00fcr hervorragende dynamische Leistung und verbesserte Toleranz gegen\u00fcber Taktjitter.<\/p>\n<p><strong>SPEZIFIKATIONEN<\/strong><\/p>\n<p>Nennleistung\u00a0:\u00a02 x 400 W bei 4 Ohm, 2 x 200 W bei 8 Ohm<\/p>\n<p>Eing\u00e4nge:\u00a01 x analoger Single-Ended-Cinch, 1 x analoger symmetrischer XLR, 1 x koaxialer Digitalanschluss (\u2264192 kHz \/ 24 Bit), 1 x optischer Digitalanschluss (\u226496 kHz) \/ 24 Bit), * Alle Eing\u00e4nge haben eine Signalerkennung.<\/p>\n<p>Leistungsmodi:\u00a0Eingangserkennung, Immer an<\/p>\n<p>Trigger (12 V):\u00a01 x Eingang, 1 x Ausgang f\u00fcr Daisy Chain<\/p>\n<p>Abmessungen (BxHxT):\u00a045 x 7,3 x 36 cm *, 17,7 x 2,9 x 14,2 in *, * einschlie\u00dflich 1,3 cm \/ 0,5 in Fu\u00df<\/p>\n<p>Finish:\u00a0Eloxiertes Aluminium, mattschwarz<\/p>\n<p>Gewicht: 6,5 kg<\/p>\n<p><strong>INTELLIGENTER STROM<\/strong><\/p>\n<p>Der SDA-2400 wechselt bei Nichtgebrauch automatisch in den Standby-Modus. Wenn der Verst\u00e4rker ein Signal erkennt, schaltet er sich automatisch ein. Sie k\u00f6nnen einstellen, dass es immer eingeschaltet ist, und wenn Ihr angeschlossenes Ger\u00e4t \u00fcber einen 12V-Triggerausgang verf\u00fcgt, kann dies den Leistungszustand des SDA-2400 steuern und sogar mehrere SDA-2400-Verst\u00e4rker hintereinander schalten.<\/p>\n<p><strong>DIGITALE VERST\u00c4RKUNG<\/strong><\/p>\n<p>Lyngdorf ist der Pionier bei digitalen Verst\u00e4rkern, und die Endstufe SDA-2400 ist nicht die typische digitale Endstufe der Klasse D. Es ist besser. Er hat eine sehr geringe und lineare Verzerrung und ein beeindruckendes Signal-Rausch-Verh\u00e4ltnis, was ihn zur perfekten Wahl f\u00fcr diejenigen macht, die den reinsten klingenden Hochleistungsverst\u00e4rker auf dem Markt suchen.<\/p>\n<p>Die Ausgangsstufe verwendet die Pulsbreitenmodulation mit einer patentierten Technologie zur Optimierung der Schaltgeschwindigkeit. Zusammen mit einer festen Schaltgeschwindigkeit von 390 kHz und einer minimalen R\u00fcckkopplungskontrolle sorgt dies f\u00fcr eine geringe und lineare Verzerrung im Vergleich zu herk\u00f6mmlichen Class-D-Verst\u00e4rkern.<\/p>\n<\/div>\n<\/div>\n<\/div>\n<\/div>\n<\/div>\n<\/div>\n<\/div>\n","protected":false},"excerpt":{"rendered":"<p>Die Lyngdorf SDA-2400 ist eine digitale High-End-Endstufe mit hoher Leistung, pr\u00e4ziser Klangkontrolle und effizienter Verst\u00e4rkertechnologie f\u00fcr anspruchsvolle HiFi-Systeme.<\/p>\n","protected":false},"featured_media":6437,"template":"","meta":{"_acf_changed":false},"product_brand":[447],"product_cat":[293],"product_tag":[],"class_list":{"0":"post-6436","1":"product","2":"type-product","3":"status-publish","4":"has-post-thumbnail","6":"product_brand-lyngdorf","7":"product_cat-endverstaerker","9":"first","10":"instock","11":"shipping-taxable","12":"product-type-simple"},"acf":[],"_links":{"self":[{"href":"https:\/\/www.jupit.de\/produktwelt\/wp-json\/wp\/v2\/product\/6436","targetHints":{"allow":["GET"]}}],"collection":[{"href":"https:\/\/www.jupit.de\/produktwelt\/wp-json\/wp\/v2\/product"}],"about":[{"href":"https:\/\/www.jupit.de\/produktwelt\/wp-json\/wp\/v2\/types\/product"}],"wp:featuredmedia":[{"embeddable":true,"href":"https:\/\/www.jupit.de\/produktwelt\/wp-json\/wp\/v2\/media\/6437"}],"wp:attachment":[{"href":"https:\/\/www.jupit.de\/produktwelt\/wp-json\/wp\/v2\/media?parent=6436"}],"wp:term":[{"taxonomy":"product_brand","embeddable":true,"href":"https:\/\/www.jupit.de\/produktwelt\/wp-json\/wp\/v2\/product_brand?post=6436"},{"taxonomy":"product_cat","embeddable":true,"href":"https:\/\/www.jupit.de\/produktwelt\/wp-json\/wp\/v2\/product_cat?post=6436"},{"taxonomy":"product_tag","embeddable":true,"href":"https:\/\/www.jupit.de\/produktwelt\/wp-json\/wp\/v2\/product_tag?post=6436"}],"curies":[{"name":"wp","href":"https:\/\/api.w.org\/{rel}","templated":true}]}}