{"id":6429,"date":"2025-05-31T11:32:04","date_gmt":"2025-05-31T09:32:04","guid":{"rendered":"https:\/\/www.jupit.de\/produktwelt\/?post_type=product&#038;p=6429"},"modified":"2026-02-04T13:19:15","modified_gmt":"2026-02-04T12:19:15","slug":"ta-sdv-3100-hv","status":"publish","type":"product","link":"https:\/\/www.jupit.de\/produktwelt\/produkt\/stereo-verstaerker\/vorverstaerker\/ta-sdv-3100-hv\/","title":{"rendered":"T+A SDV 3100 HV"},"content":{"rendered":"<div class=\"mod__item mod__item--text -wysiwyg\">\n<h1>T+A SDV 3100 HV<\/h1>\n<h2>Der Referenz Streaming DAC Vorverst\u00e4rker<\/h2>\n<p>&nbsp;<\/p>\n<h3><strong>Kopfh\u00f6rerverst\u00e4rker<\/strong><\/h3>\n<p>Weil immer mehr audiophile Musikliebhaber einen hochwertigen Kopfh\u00f6rer verwenden, haben wir einen besonders guten und leistungsf\u00e4higen analogen Kopfh\u00f6rerverst\u00e4rker in HV-Technologie entwickelt, der vollst\u00e4ndig im Class A Betrieb arbeitet und \u00fcberragende Klangeigenschaften hat.<br \/>\nDer SDV 3100 HV wurde mit der Lautst\u00e4rkeregelung des P 3000 HV und einem analogen Eingang ausgestattet. Damit kann er als Vorverst\u00e4rker f\u00fcr eine komplette HV Anlage eingesetzt werden.<\/p>\n<h3><strong>Konstruktion<\/strong><\/h3>\n<p>Die Klangeigenschaften hochwertiger HiFi-Ger\u00e4te werden im Wesentlichen von dem mechanischen Aufbau, der Analogtechnik und der digitalen Signalverarbeitung bestimmt. Nur wenn diese drei Bereiche optimal von den Entwicklern gestaltet werden, kann das Gesamtger\u00e4t h\u00f6chste Anspr\u00fcche erf\u00fcllen.<br \/>\nDeshalb werden alle HV-Ger\u00e4te ohne ferromagnetische Materialien aus massivem Aluminium aufgebaut und verf\u00fcgen \u00fcber eigene Compartments f\u00fcr jede Baugruppe, die durch Aluminiumtrennw\u00e4nde abgeteilt und abgeschirmt sind.<br \/>\nSowohl die den D\/A-Wandlern folgenden klangentscheidenden Strom\/Spannungsumsetzer als auch die analoge Ausgangsstufe sind vollkommen diskret und kanalgetrennt aufgebaut und mit unserer HV-Technologie ausgestattet. Damit ist sichergestellt, dass die angeschlossenen Vor- oder Vollverst\u00e4rker ein optimales Eingangssignal erhalten.<\/p>\n<p><a href=\"\/produktwelt\/wp-content\/uploads\/2025\/05\/imagehifisdvpdt310032020-1.pdf\">imagehifisdvpdt310032020<\/a><\/p>\n<p>&nbsp;<\/p>\n<\/div>\n","protected":false},"excerpt":{"rendered":"<p>T+A SDV 3100 HV Der Referenz Streaming DAC Vorverst\u00e4rker &nbsp; Kopfh\u00f6rerverst\u00e4rker Weil immer mehr audiophile Musikliebhaber einen hochwertigen Kopfh\u00f6rer verwenden, haben wir einen besonders guten und leistungsf\u00e4higen analogen Kopfh\u00f6rerverst\u00e4rker in HV-Technologie entwickelt, der vollst\u00e4ndig im Class A Betrieb arbeitet und \u00fcberragende Klangeigenschaften hat. Der SDV 3100 HV wurde mit der Lautst\u00e4rkeregelung des P 3000 HV [&hellip;]<\/p>\n","protected":false},"featured_media":6433,"template":"","meta":{"_acf_changed":false},"product_brand":[464],"product_cat":[269,284,289],"product_tag":[466,443,452,445,450,465,533],"class_list":{"0":"post-6429","1":"product","2":"type-product","3":"status-publish","4":"has-post-thumbnail","6":"product_brand-ta","7":"product_cat-streamer","8":"product_cat-digital-analog-wandler","9":"product_cat-vorverstaerker","10":"product_tag-dac","11":"product_tag-hifi","12":"product_tag-highend","13":"product_tag-jupit","14":"product_tag-streaming","15":"product_tag-ta","16":"product_tag-vorverstaerker","18":"first","19":"instock","20":"shipping-taxable","21":"product-type-simple"},"acf":[],"_links":{"self":[{"href":"https:\/\/www.jupit.de\/produktwelt\/wp-json\/wp\/v2\/product\/6429","targetHints":{"allow":["GET"]}}],"collection":[{"href":"https:\/\/www.jupit.de\/produktwelt\/wp-json\/wp\/v2\/product"}],"about":[{"href":"https:\/\/www.jupit.de\/produktwelt\/wp-json\/wp\/v2\/types\/product"}],"wp:featuredmedia":[{"embeddable":true,"href":"https:\/\/www.jupit.de\/produktwelt\/wp-json\/wp\/v2\/media\/6433"}],"wp:attachment":[{"href":"https:\/\/www.jupit.de\/produktwelt\/wp-json\/wp\/v2\/media?parent=6429"}],"wp:term":[{"taxonomy":"product_brand","embeddable":true,"href":"https:\/\/www.jupit.de\/produktwelt\/wp-json\/wp\/v2\/product_brand?post=6429"},{"taxonomy":"product_cat","embeddable":true,"href":"https:\/\/www.jupit.de\/produktwelt\/wp-json\/wp\/v2\/product_cat?post=6429"},{"taxonomy":"product_tag","embeddable":true,"href":"https:\/\/www.jupit.de\/produktwelt\/wp-json\/wp\/v2\/product_tag?post=6429"}],"curies":[{"name":"wp","href":"https:\/\/api.w.org\/{rel}","templated":true}]}}