{"id":6426,"date":"2025-05-31T11:14:51","date_gmt":"2025-05-31T09:14:51","guid":{"rendered":"https:\/\/www.jupit.de\/produktwelt\/?post_type=product&#038;p=6426"},"modified":"2026-02-04T15:35:01","modified_gmt":"2026-02-04T14:35:01","slug":"ta-a-3000-hv","status":"publish","type":"product","link":"https:\/\/www.jupit.de\/produktwelt\/produkt\/stereo-verstaerker\/endverstaerker\/ta-a-3000-hv\/","title":{"rendered":"T+A A 3000 HV"},"content":{"rendered":"<div class=\"mod__item mod__item--text -wysiwyg\">\n<h2>T+A A 3000HV &#8211; Der Endverst\u00e4rker<\/h2>\n<p>Die A 3000 HV ist die ideale Leistungsendstufe und Erg\u00e4nzung f\u00fcr den Vorverst\u00e4rker P 3000 HV.<\/p>\n<p>Sie ist als Stereoendstufe ausgelegt, kann aber auch in den Monobetrieb geschaltet werden und besitzt dann die doppelte Stromlieferf\u00e4higkeit und damit auch den doppelten Class A-Bereich. Wir haben bewusst keine Br\u00fcckenschaltung gew\u00e4hlt, sondern den Parallelbetrieb der Endstufen. Dieser Bolide ist nicht nur unglaublich kraftvoll und leistungsf\u00e4hig, sondern verf\u00fcgt dank der HV-Technologie \u00fcber \u00fcberragende Klangeigenschaften, die auch von wesentlich teureren Verst\u00e4rkern kaum zu \u00fcbertreffen sind. Die Aufteilung einer High-End Anlage in separate Vorverst\u00e4rker und Endstufen gibt unseren Entwicklern die M\u00f6glichkeit, ohne R\u00fccksicht auf Platzbedarf und Geh\u00e4useeinschr\u00e4nkungen die bestm\u00f6glichen Schaltungskonzepte und Technologien zu verwirklichen. Das betrifft sowohl die elektronischen Komponenten als auch die mechanische Geh\u00e4usekonstruktion, denn die Anforderungen an Vorverst\u00e4rker sind prinzipiell anders als an Endstufen, wenn man jeweils das bestm\u00f6gliche Klangergebnis erreichen will. Bei den relativ kleinen Signalen, die in Vorverst\u00e4rkern verarbeitet werden, kommt es ganz entscheidend auf die Vermeidung von St\u00f6rungen, Einstreuungen und Interferenzen an, wo hingegen bei den relativ gro\u00dfen Signalen in Endstufen die Stabilit\u00e4t der Spannungsversorgung, die Stromlieferf\u00e4higkeit und die Lastunabh\u00e4ngigkeit viel wichtiger sind.<\/p>\n<h3><strong>Verst\u00e4rkersektion<\/strong><\/h3>\n<p>Der Spannungsverst\u00e4rker ist ein extrem linearer und breitbandiger kreuzgekoppelter Kaskoden-Differenzverst\u00e4rker gefolgt von einer klangpr\u00e4genden Single-Ended Class A-Gro\u00dfsignalstufe.<br \/>\nDie vollsymmetrische Stromverst\u00e4rkerstufe (Ausgangsstufe) ist mit MOSFET-Treibern und neuesten \u201eThermal Tracking\u201c Bipolarausgangstransistoren ausgestattet, diese Kombination liefert ein sehr harmonisches, audiophiles Klangbild mit gleichzeitiger enormer Stromlieferf\u00e4higkeit. In die Endtransistoren sind Temperaturmessdioden integriert, die wir zur Einstellung von absolut konstanten, temperaturunabh\u00e4ngigen Arbeitspunkten der Leistungstransistoren nutzen und damit das Klirrverhalten in jeder Belastungssituation perfekt kontrollieren. Die vollst\u00e4ndige Kompensation aller Signalstr\u00f6me ist uns durch die komplett symmetrische F\u00fchrung aller Stromleiter in Endstufen, Lautsprecherleitungen und Netzteil gelungen. Dadurch gibt es keine magnetischen Streufelder und keine elektromagnetische R\u00fcckkopplung in die Eingangsstufen.<\/p>\n<h3><strong>Anschl\u00fcsse<\/strong><\/h3>\n<p>Die enorme Leistung der Endstufen bedarf besonders hochwertiger, stabiler Lautsprecherklemmen. Sie sind aus vollem Reinmessing gedreht und komplett rhodiniert. Rhodium ist das perfekte Kontaktmaterial: leitf\u00e4hig wie Silber, best\u00e4ndig wie Platin, korrosionsfest wie Gold (leider so teuer wie alle drei zusammen.F\u00fcr sehr hohe Anspr\u00fcche (z.B. bei kritischen Lautsprechern) besteht sogar die M\u00f6glichkeit, mit dem Zusatznetzteil PS 3000 HV die Qualit\u00e4t und Stabilit\u00e4t der Spannungs- und Stromversorgung nochmals zu verbessern.<\/p>\n<h3><strong>Geh\u00e4use Compartment<\/strong><\/h3>\n<p>Die gesamte Leistungselektronik mit Endstufen und Netzteil befindet sich in einem eigenen, abgeschirmten Compartment in der Unterseite des Ger\u00e4tes. Die Trennwand zwischen Ober- und Unterseite ist 10 mm stark und nat\u00fcrlich auch aus Aluminium. Spannungsverst\u00e4rkung (oberes Compartment) und Stromverst\u00e4rkung sind also auf getrennten Platinen in getrennten Geh\u00e4usesektionen untergebracht, um gegenseitige Beeinflussungen zu verhindern. Der getriebene Aufwand geht sogar noch weiter, denn es gibt eine galvanische Trennung zwischen beiden. Dank dieses kompromisslosen Konzeptes gibt es keinerlei R\u00fcckwirkung der Lautsprecherstr\u00f6me in die Spannungsverst\u00e4rkerstufen und v\u00f6llige Freiheit von Lautsprecher-Lasteffekten.<\/p>\n<\/div>\n","protected":false},"excerpt":{"rendered":"<p>Der <strong data-start=\"42\" data-end=\"59\">T+A A 3000 HV<\/strong> ist ein kompromissloser High-End-Vollverst\u00e4rker der HV-Serie mit enormer Leistungsreserve, diskretem Schaltungsaufbau und maximaler Kontrolle. Entwickelt f\u00fcr anspruchsvollste Lautsprecher, vereint er kraftvolle Dynamik mit h\u00f6chster klanglicher Pr\u00e4zision und souver\u00e4ner Musikalit\u00e4t.<\/p>\n","protected":false},"featured_media":6427,"template":"","meta":{"_acf_changed":false},"product_brand":[464],"product_cat":[293],"product_tag":[454],"class_list":{"0":"post-6426","1":"product","2":"type-product","3":"status-publish","4":"has-post-thumbnail","6":"product_brand-ta","7":"product_cat-endverstaerker","8":"product_tag-stereo-verstaerker","10":"first","11":"instock","12":"shipping-taxable","13":"product-type-simple"},"acf":[],"_links":{"self":[{"href":"https:\/\/www.jupit.de\/produktwelt\/wp-json\/wp\/v2\/product\/6426","targetHints":{"allow":["GET"]}}],"collection":[{"href":"https:\/\/www.jupit.de\/produktwelt\/wp-json\/wp\/v2\/product"}],"about":[{"href":"https:\/\/www.jupit.de\/produktwelt\/wp-json\/wp\/v2\/types\/product"}],"wp:featuredmedia":[{"embeddable":true,"href":"https:\/\/www.jupit.de\/produktwelt\/wp-json\/wp\/v2\/media\/6427"}],"wp:attachment":[{"href":"https:\/\/www.jupit.de\/produktwelt\/wp-json\/wp\/v2\/media?parent=6426"}],"wp:term":[{"taxonomy":"product_brand","embeddable":true,"href":"https:\/\/www.jupit.de\/produktwelt\/wp-json\/wp\/v2\/product_brand?post=6426"},{"taxonomy":"product_cat","embeddable":true,"href":"https:\/\/www.jupit.de\/produktwelt\/wp-json\/wp\/v2\/product_cat?post=6426"},{"taxonomy":"product_tag","embeddable":true,"href":"https:\/\/www.jupit.de\/produktwelt\/wp-json\/wp\/v2\/product_tag?post=6426"}],"curies":[{"name":"wp","href":"https:\/\/api.w.org\/{rel}","templated":true}]}}