{"id":6423,"date":"2025-05-31T11:04:49","date_gmt":"2025-05-31T09:04:49","guid":{"rendered":"https:\/\/www.jupit.de\/produktwelt\/?post_type=product&#038;p=6423"},"modified":"2026-02-04T13:20:55","modified_gmt":"2026-02-04T12:20:55","slug":"ta-mp-3100-hv-g3","status":"publish","type":"product","link":"https:\/\/www.jupit.de\/produktwelt\/produkt\/streamer\/ta-mp-3100-hv-g3\/","title":{"rendered":"T+A MP 3100 HV G3"},"content":{"rendered":"<h2>Der Multi Source SACD-Player<\/h2>\n<p>Wir glauben, Quellenvielfalt und audiophile Klangqualit\u00e4t k\u00f6nnen koexistieren.<\/p>\n<p>Deshalb hat unser Team bei der Entwicklung des MP 3100 HV G3 nicht nur die Wiedergabequalit\u00e4t jeder einzelnen Quelle optimiert, sondern die Vielfalt der nutzbaren Quellen als Ganzes durch den Einsatz innovativster Protokolle potenziert. Von unserer Audiophile Streaming Architektur der dritten Generation \u00fcber die getrennte PCM- und DSD-Datenverarbeitung dank der einmaligen Path Separation Technology bis zu einem eigens entwickelten SACD-Laufwerk maximiert der MP 3100 HV G3 alles, was wir bisher getan haben: Klangqualit\u00e4t, Komfort, Quellenvielfalt.<\/p>\n<div id=\"mod_pictext_2-more\" class=\"toggle-container -active\">Eine Vielzahl weiterer Quellen, wie Internetradio, lokale Netzwerkquellen \u00fcber LAN und WLAN, USB Master Mode und ein ausgezeichnet klingender FM, FM-HD und DAB+ Tuner sowie Bluetooth-Anbindung und Connect Diensten zur bequemen \u00dcbertragung von mobilen Endger\u00e4ten machen den MP 3100 HV G3 zu einer Quelle, deren Universalit\u00e4t nur von ihrer Qualit\u00e4t getroffen wird.<br \/>\nF\u00fcr noch mehr Komfort ist der MP 3100 HV G3 in der Lage, DSD-Daten bis zu DSD 512 nicht nur \u00fcber den USB-Eingang des Digital Connecting Boards zu \u00fcbertragen, sondern auch direkt \u00fcber den Streaming Client ohne sch\u00e4dliche Konvertierungen an den True 1-Bit Wandler zur Analogwandlung weiterzugeben.<br \/>\nAn unserem Stammsitz in Herford, Deutschland, in jahrelanger Detailkonzeption entwickelt und dort von Spezialisten in Handarbeit aus aus dem Vollen gefr\u00e4sten Aluminiumteilen zusammengebaut, ist der MP 3100 HV G3 viel mehr als ein Audioger\u00e4t. Er ist die Verk\u00f6rperung eines Anspruchs:<br \/>\nAn Handwerkskunst, Qualit\u00e4t und technischen Fortschritt, der die Musik nie aus den Augen verliert.<\/div>\n<div><\/div>\n<div>\n<div class=\"front__text\">\n<h2><strong><span class=\"white\">Audiophile Streaming <\/span><span class=\"white\">Architektur G3<\/span><\/strong><\/h2>\n<\/div>\n<\/div>\n<div>Unsere Audiophile Streaming-Architektur (ASA G3) der dritten Generation schafft die audiophile Verbindung der HV Serie zur vernetzten Welt. Bei ihrer Entwicklung stand die Maximierung klanglicher Potenziale genauso im Fokus wie die konsequente Erweiterung der Quellenvielfalt. Die Netzwerkplatinen der Streaming Generation 3 verarbeiten eingehende WLAN- und LAN-Signale, welche die Streamer der HV Serie nutzen, um auf Streaming-Dienste wie Deezer, Qobuz und Tidal zuzugreifen. Zus\u00e4tzlich werden lokale Netzwerkdateien mit bis zu 192\/24 (HD) sowie eingehende Streams von mobilen Ger\u00e4ten per Connect oder AirPlay Diensten in audiophiler Qualit\u00e4t wiedergegeben. Neben den komfortablen Connect-Funktionen bietet jedes streamingf\u00e4hige HV Ger\u00e4t auch die M\u00f6glichkeit, unkomprimierte Flac-Dateien \u00fcber die aptX HD Bluetooth-Technologie wiederzugeben. Ein Meilenstein in der Geschichte von T+A ist die F\u00e4higkeit der ASA G3, erstmals DSD-Dateien nativ aus dem Netzwerk abzuspielen. Um die qualitativ bestm\u00f6gliche Wiedergabe zu gew\u00e4hrleisten, wird dieser Stream an den T+A True-1Bit Wandler weitergeleitet, der DSD-Dateien im nativen Bitstream ohne jegliche Qualit\u00e4tsverluste verarbeitet. So verbindet sich eine bequem zu nutzende Quellenvielfalt mit der gewohnt einzigartigen T+A Signalverarbeitungverarbeitung.<\/div>\n<div>\n<h2><strong><span class=\"white\">Path Separation Technology<\/span><\/strong><\/h2>\n<\/div>\n<p>Unsere T+A-Wandlerarchitektur ist auch deshalb einzigartig, weil sie mit dem Paradigma gew\u00f6hnlicher Wandler bricht: DSD-Signale werden nicht nativ, sondern durch die Konvertierung in PCM verarbeitet und \u00fcber den PCM-Modus wiedergeben. Genau diese Konvertierung widerspricht unserer \u00dcberzeugung und legte die Grundlage f\u00fcr die Entwicklung des True-1-Bit-Converter. Er verarbeitet DSD-Dateien nativ ohne sch\u00e4dliche Konvertierungen und gibt sie absolut unverf\u00e4lscht im echten 1 Bit Stream wieder. PCM Signale hingegen werden \u00fcber den ebenfalls propriet\u00e4ren T+A Quadrupelwandler verarbeitet, dessen doppelt symmetrische Schaltung mit acht 32-Bit BurrBrown Wandlern klangliche Nichtlinearit\u00e4ten \u00fcberdurchschnittlich stark kompensiert. Das kaum vorhandene Rauschen wird um nochmals 6 dB abgesenkt. Aus diesem Aufwand resultiert eine verbl\u00fcffende Dynamik und Linearit\u00e4t bei ebenso beeindruckender Klirrfreiheit. Die von T+A entwickelten Bezier Filterpolynome im Quadrupelwandler erm\u00f6glichen die Anpassung der Klangcharakteristik an den individuellen Geschmack aber auch an die Art der Aufnahme. Durch die Nutzung dieser Polynome entsteht ein perfektes Zeitbereichsverhalten f\u00fcr jedes der 6 verf\u00fcgbaren Filter, von denen zwei NOS Stufen sind.<\/p>\n<div>\n<h3><span class=\"white\">CD-SACD Laufwerk<\/span><\/h3>\n<\/div>\n<div>Wir glauben, dass High End die Maximierung des bereits Maximalen bedeutet. Um die Klangqualit\u00e4t auf immer neue H\u00f6hen zu heben sind es die vermeintlichen kleinen Details, die den entscheidenden Unterschied zwischen Sound und echtem T+A Klang machen. Nur wenn ein Laufwerk absolut ruhig l\u00e4uft, werden kleinste Ablesest\u00f6rungen ausgeschlossen, die in der sp\u00e4teren Signalverabreitung nicht mehr zu kompensieren w\u00e4ren. Diese Laufruhe wird durch einen innovativen Tr\u00e4germechanismus gew\u00e4hrleistet, der in einem abgeschirmten Aluminiumgeh\u00e4use ruht, welches nicht aus zusammengesetzten Einzelteilen besteht, sondern aus einem massiven Aluminiumblock gefr\u00e4st ist. Der komplette Mechanismus bewegt sich ausschlie\u00dflich auf zwei pr\u00e4zise tolerierten Linearlagern aus Aluminium, die an einer pr\u00e4zise gemesserten Tr\u00e4gerplatte angebracht sind. Drei Schrauben fixieren das Laufwerk am und entkoppeln es zeitgleich vom Geh\u00e4use. K\u00f6rperschall, Druckwellen oder \u00e4hnlichen St\u00f6rungen ist es nicht mehr m\u00f6glich, in das System einzudringen.<br \/>\nEin drehmomentstarker Synchronmotor bewegt den Laufwerksblock sanft und beinahe ger\u00e4uschlos \u00fcber eine entkoppelte Pr\u00e4zisionsspindel. Zus\u00e4tzlich verst\u00e4rkt und sichert ein Antiresonanzgewicht das Laufwerk, um h\u00f6chste Qualit\u00e4t zu gew\u00e4hrleisten.<\/div>\n<div>\n<h3><span class=\"white\">Signalverarbeitung<\/span><\/h3>\n<\/div>\n<div>Die Klangqualit\u00e4t einer digitalen Quelle h\u00e4ngt ganz entscheidend von der Qualit\u00e4t der digitalen Signalverarbeitung und der Wandlerkonzepte ab. In beiden Bereichen betreiben wir einen einmaligen Aufwand.<br \/>\nDie Daten aller digitalen Quellen, gleichg\u00fcltig ob extern oder intern, durchlaufen je nach Datenformat die gleiche digitale Signalaufbereitung mit all ihren richtungsweisenden Features, wie dem T+A DSP-Oversampling mit optimierten Rechenalgorithmen (f\u00fcr PCM), Taktaufbereitung mit Jittereliminierung, Resynchronisation und Path Separation Technology mit True 1-Bit Wandlung f\u00fcr DSD und Quadrupel Wandlung f\u00fcr PCM.<\/div>\n<div>\n<h3><span class=\"white\">De-Jitter Masterclock<\/span><\/h3>\n<\/div>\n<div>Damit jede Note, jeder Anschlag einer Saite, jedes Hauchen einer Stimme so \u00fcbertragen wird, wie es aufgenommen wurde, m\u00fcssen die Signale unverf\u00e4lscht sein. Jitter bezeichnet eine solche, im Quellger\u00e4t entstehende Verf\u00e4lschung. F\u00fcr die perfekte Wiedergabe m\u00fcssen die Daten vom Jitter befreit werden, bevor sie im DAC in analoge Signale umgesetzt werden. Deshalb haben wir ein aus zwei Stufen bestehendes Konzept f\u00fcr die Jittereliminierung entwickelt. Diese De-Jitter Masterclock bereitet die empfangenen Daten im ersten Schritt auf und decodiert sie. Dabei wird aus dem empfangenen Datenstrom zun\u00e4chst ein Rohtakt zur\u00fcckgewonnen, der in einer ersten Reinigungsstufe mit Hilfe einer PLL-Schaltung von gr\u00f6bstem Jitter des Quellger\u00e4tes und der \u00dcbertragungsstrecke befreit wird. Der Rohtakt wird in der zweiten Stufe von einem Mikroprozessor genauestens untersucht. Nur wenn der Takt hinsichtlich Frequenzlage und Stabilit\u00e4t gewisse Mindestkriterien erf\u00fcllt, werden die D\/A-Wandler auf eine aus genaustens justierten Quarzoszillatoren erzeugte, h\u00f6chst pr\u00e4zise Masterclock mit extrem niedrigem Phasenrauschen umgeschaltet. Dieser Takt ist v\u00f6llig abgekoppelt vom Quellger\u00e4t. Jitterst\u00f6rungen sind somit vollst\u00e4ndig eliminiert. In F\u00e4llen, bei denen das ankommende Signal Untersuchungskriterien verfehlt, \u00fcbernimmt eine 2. PLL-Stufe (2. Jitterbug) die Tiefenreinigung des Signals, die den Restjitter um den Faktor 4 reduziert.<\/div>\n","protected":false},"excerpt":{"rendered":"<p>Der <strong data-start=\"46\" data-end=\"67\">T+A MP 3100 HV G3<\/strong> ist ein High-End-Multiplayer der HV-Serie, der Streaming, CD\/SACD-Wiedergabe und digitale Quellen in Referenzqualit\u00e4t vereint. Mit aufwendiger Signalverarbeitung, hochwertigem Laufwerk und kompromissloser Verarbeitung ist er die ideale Quelle f\u00fcr anspruchsvolle High-End-Systeme.<\/p>\n","protected":false},"featured_media":6448,"template":"","meta":{"_acf_changed":false},"product_brand":[464],"product_cat":[269,285,284,276],"product_tag":[],"class_list":{"0":"post-6423","1":"product","2":"type-product","3":"status-publish","4":"has-post-thumbnail","6":"product_brand-ta","7":"product_cat-streamer","8":"product_cat-cd-player","9":"product_cat-digital-analog-wandler","10":"product_cat-multi-source-player","12":"first","13":"instock","14":"shipping-taxable","15":"product-type-simple"},"acf":[],"_links":{"self":[{"href":"https:\/\/www.jupit.de\/produktwelt\/wp-json\/wp\/v2\/product\/6423","targetHints":{"allow":["GET"]}}],"collection":[{"href":"https:\/\/www.jupit.de\/produktwelt\/wp-json\/wp\/v2\/product"}],"about":[{"href":"https:\/\/www.jupit.de\/produktwelt\/wp-json\/wp\/v2\/types\/product"}],"wp:featuredmedia":[{"embeddable":true,"href":"https:\/\/www.jupit.de\/produktwelt\/wp-json\/wp\/v2\/media\/6448"}],"wp:attachment":[{"href":"https:\/\/www.jupit.de\/produktwelt\/wp-json\/wp\/v2\/media?parent=6423"}],"wp:term":[{"taxonomy":"product_brand","embeddable":true,"href":"https:\/\/www.jupit.de\/produktwelt\/wp-json\/wp\/v2\/product_brand?post=6423"},{"taxonomy":"product_cat","embeddable":true,"href":"https:\/\/www.jupit.de\/produktwelt\/wp-json\/wp\/v2\/product_cat?post=6423"},{"taxonomy":"product_tag","embeddable":true,"href":"https:\/\/www.jupit.de\/produktwelt\/wp-json\/wp\/v2\/product_tag?post=6423"}],"curies":[{"name":"wp","href":"https:\/\/api.w.org\/{rel}","templated":true}]}}