{"id":6406,"date":"2025-05-27T17:02:14","date_gmt":"2025-05-27T15:02:14","guid":{"rendered":"https:\/\/www.jupit.de\/produktwelt\/?post_type=product&#038;p=6406"},"modified":"2026-04-10T10:09:42","modified_gmt":"2026-04-10T08:09:42","slug":"rega-planar-8","status":"publish","type":"product","link":"https:\/\/www.jupit.de\/produktwelt\/produkt\/plattenspieler\/rega-planar-8\/","title":{"rendered":"REGA Planar 8 Plattenspieler"},"content":{"rendered":"<h2>Die Konstruktion des Planar 8 geht auf das Spitzenmodell \u201eNaiad\u201c zur\u00fcck.<\/h2>\n<div class=\"woolentorblock-a6629f8f-ef5d-4890-91f0-8fc122ed57f6 woolentor-product-description\">\n<div class=\"woocommerce_product_description\">\n<p class=\"text-align-center\">Anstatt den urspr\u00fcnglichen RP8 weiter zu verbessern, hat sich Rega fr\u00fchzeitig entschlossen, bei der Entwicklung und Konstruktion des Nachfolgemodells die wesentlichen Merkmale des \u201eNaiad\u201c zu einem wesentlich g\u00fcnstigeren Preis beizubehalten. Unser Ziel war es letztlich, einen Leistungsstand zu schaffen, wie er zuvor auf diesem Preisniveau nicht erh\u00e4ltlich war.<\/p>\n<p>Jeder einzelne Aspekt der Bauart des Planar 8 ist auf eine bestm\u00f6gliche Tonwiedergabe von Schallplatte hin optimiert. Das wird auf Grundlage des extrem leichtgewichtigen Chassis und mit fortschrittlichen Werkstoffen und Techniken auf h\u00f6chstem Niveau erreicht. Der Planar 8 ist serienm\u00e4\u00dfig mit dem neuen RB880 Tonarm und dem Netzteil Neo PSU MK2 ausgestattet, das eine elektronische Drehzahlumschaltung mit Feineinstellung der Geschwindigkeit und hochentwickelter Anti-Vibrationskontrolle aufweist. Damit wird ein hervorragender Gleichlauf durch straffe Motorregelung erreicht. Der \u00e4u\u00dfere Rahmen des RP8 wird beim neuen Modell durch eine elegante abnehmbare Abdeckung ersetzt und die Masse des Plattenspielers so weiter reduziert.<\/p>\n<ul>\n<li class=\"text-align-center\">Handgefertigter Tonarm RB880<\/li>\n<li class=\"text-align-center\">NEO PSU MK2 Netzteil<\/li>\n<li class=\"text-align-center\">Neuer Hochleistungs 24V-Low-Noise-Synchronmotor<\/li>\n<li class=\"text-align-center\">Jeder Motor wird von Hand an sein eigenes NEO-Netzteil angepasst um eine optimale Schwingungsd\u00e4mpfung zu gew\u00e4hrleisten<\/li>\n<li class=\"text-align-center\">Elektronische Drezahlumschaltung mit Geschwindigkeits-Feineinstellung<\/li>\n<li class=\"text-align-center\">Anti-Vibrationskontrolle<\/li>\n<li class=\"text-align-center\">Abnehmbare Abdeckung<\/li>\n<\/ul>\n<h3 class=\"wp-block-heading\">Technische Daten<\/h3>\n<div class=\"woolentorblock-ea4c8e8b-45bc-4af8-bf34-83327723ce52 woolentor-product-short-description\" data-anim-action=\"filter\" data-anim-event=\"hover\" data-anim-triggered=\"false\" data-anim-from=\"filter: grayscale(0%);\" data-anim-to=\"filter: grayscale(0%);\" data-anim-id=\"anim-50\" data-anim-init=\"1\">\n<div class=\"woocommerce-product-details__short-description\">\n<ul>\n<li>Inkl. Tonarm RB 880 mit hochflexiblem, kapazit\u00e4tsarmen Tonarmkabe<\/li>\n<li>Laufruhiger 24 Volt DC-Synchronmotor<\/li>\n<li>Neu entwickelter EBLT Reference Antriebsriemen f\u00fcr idealen Gleichlauf und mehr Pr\u00e4zision<\/li>\n<li>Externes Netzteil Neo PSU MK2 zum Motor gematcht<\/li>\n<li>3-lagiger Glas-Plattenteller mit hoher Schwungmasse<\/li>\n<li>Neues Tellerlager mit niedriger Masse<\/li>\n<li>Skelettartiges extrem leichtes Chassis mit \u201eTanCast 8\u201c PU-Schaumkern<\/li>\n<li>\u201eDouble Brace\u201c Technik: Chassis Verbindung mit einer Phenolharz-Verst\u00e4rkung zwischen Arm und Tellerlager<\/li>\n<li>Inkl. Staubschutzhaube<\/li>\n<li>Ohne TA oder optional mit Apheta 3 vormontiert erh\u00e4ltlich<\/li>\n<li>Abmessungen HxBxT: 125 x 420 x 315 mm<\/li>\n<li>Gewicht: 4,2 kg<\/li>\n<\/ul>\n<\/div>\n<\/div>\n<\/div>\n<\/div>\n","protected":false},"excerpt":{"rendered":"<p>Der <strong data-start=\"42\" data-end=\"59\">REGA Planar 8<\/strong> ist ein kompromisslos konstruierter High-End-Plattenspieler mit extrem leichtem Chassis, pr\u00e4zisem RB880-Tonarm und resonanzarmer Bauweise. Entwickelt f\u00fcr maximale Detailaufl\u00f6sung und musikalische Authentizit\u00e4t, richtet er sich an anspruchsvolle Vinyl-Liebhaber mit h\u00f6chsten Klanganspr\u00fcchen.<\/p>\n","protected":false},"featured_media":6407,"template":"","meta":{"_acf_changed":false},"product_brand":[476],"product_cat":[273],"product_tag":[],"class_list":{"0":"post-6406","1":"product","2":"type-product","3":"status-publish","4":"has-post-thumbnail","6":"product_brand-rega","7":"product_cat-plattenspieler","9":"first","10":"instock","11":"shipping-taxable","12":"product-type-simple"},"acf":[],"_links":{"self":[{"href":"https:\/\/www.jupit.de\/produktwelt\/wp-json\/wp\/v2\/product\/6406","targetHints":{"allow":["GET"]}}],"collection":[{"href":"https:\/\/www.jupit.de\/produktwelt\/wp-json\/wp\/v2\/product"}],"about":[{"href":"https:\/\/www.jupit.de\/produktwelt\/wp-json\/wp\/v2\/types\/product"}],"wp:featuredmedia":[{"embeddable":true,"href":"https:\/\/www.jupit.de\/produktwelt\/wp-json\/wp\/v2\/media\/6407"}],"wp:attachment":[{"href":"https:\/\/www.jupit.de\/produktwelt\/wp-json\/wp\/v2\/media?parent=6406"}],"wp:term":[{"taxonomy":"product_brand","embeddable":true,"href":"https:\/\/www.jupit.de\/produktwelt\/wp-json\/wp\/v2\/product_brand?post=6406"},{"taxonomy":"product_cat","embeddable":true,"href":"https:\/\/www.jupit.de\/produktwelt\/wp-json\/wp\/v2\/product_cat?post=6406"},{"taxonomy":"product_tag","embeddable":true,"href":"https:\/\/www.jupit.de\/produktwelt\/wp-json\/wp\/v2\/product_tag?post=6406"}],"curies":[{"name":"wp","href":"https:\/\/api.w.org\/{rel}","templated":true}]}}