{"id":6401,"date":"2025-05-27T16:39:02","date_gmt":"2025-05-27T14:39:02","guid":{"rendered":"https:\/\/www.jupit.de\/produktwelt\/?post_type=product&#038;p=6401"},"modified":"2026-02-04T13:22:49","modified_gmt":"2026-02-04T12:22:49","slug":"transrotor-max-nero","status":"publish","type":"product","link":"https:\/\/www.jupit.de\/produktwelt\/produkt\/plattenspieler\/transrotor-max-nero\/","title":{"rendered":"Transrotor Max Nero &#8211; Plattenspieler"},"content":{"rendered":"<h2>Transrotor Max Nero &#8211;\u00a0<strong>Schwarz ist nicht nur sch\u00f6n \u2013 sondern auch klangstark<\/strong><\/h2>\n<p>Ist es nur eine Frage der Farbe? Das w\u00e4re f\u00fcr uns kein Impuls gewesen, den Max Nero zu entwickeln. Hier geht es auch um einen Werkstoff, der die Klang-Ingenieure der Welt zu neuen Herausforderungen gerufen hat: Polyoxymethylen, kurz POM. Das Material ist superhart, braucht eine feinmechanische Verarbeitung \u2013 vor allem schluckt POM Resonanzen und erm\u00f6glicht dennoch die hohe Dynamikbereitschaft guter Schallplatten-Pressungen. F\u00fcr uns eine Win-Win-Situation. Passgenau haben wir auch den Motor entworfen. Wie beim Alu-Max gilt auch hier die Chance auf zwei Tonarme, sogar bis 12 Zoll.<\/p>\n<p>Bei uns in der Vorf\u00fchrung spielt der Transtor Max Nero mit dem Netzteil Konstant EINS, dem Rega Tonarm RB-880 und dem MC-Tonabnehmersystem Transrotor Merlo.<\/p>\n<p>In der Basisversion erhalten Sie einen spielfertigen Max Nero aber auch f\u00fcr \u20ac 3.680,-.<\/p>\n","protected":false},"excerpt":{"rendered":"<p>Der <strong data-start=\"48\" data-end=\"71\">Transrotor Max Nero<\/strong> ist ein hochwertiger Plattenspieler mit massivem Acryl-Chassis, pr\u00e4ziser Lagertechnik und ruhigem Laufverhalten. Er verbindet elegantes Design mit klanglicher Stabilit\u00e4t und bildet eine exzellente Basis f\u00fcr anspruchsvolle Vinyl-Wiedergabe mit hochwertigen Tonarmen und Tonabnehmern.<\/p>\n","protected":false},"featured_media":6402,"template":"","meta":{"_acf_changed":false},"product_brand":[528],"product_cat":[273],"product_tag":[],"class_list":{"0":"post-6401","1":"product","2":"type-product","3":"status-publish","4":"has-post-thumbnail","6":"product_brand-transrotor","7":"product_cat-plattenspieler","9":"first","10":"instock","11":"shipping-taxable","12":"product-type-simple"},"acf":[],"_links":{"self":[{"href":"https:\/\/www.jupit.de\/produktwelt\/wp-json\/wp\/v2\/product\/6401","targetHints":{"allow":["GET"]}}],"collection":[{"href":"https:\/\/www.jupit.de\/produktwelt\/wp-json\/wp\/v2\/product"}],"about":[{"href":"https:\/\/www.jupit.de\/produktwelt\/wp-json\/wp\/v2\/types\/product"}],"wp:featuredmedia":[{"embeddable":true,"href":"https:\/\/www.jupit.de\/produktwelt\/wp-json\/wp\/v2\/media\/6402"}],"wp:attachment":[{"href":"https:\/\/www.jupit.de\/produktwelt\/wp-json\/wp\/v2\/media?parent=6401"}],"wp:term":[{"taxonomy":"product_brand","embeddable":true,"href":"https:\/\/www.jupit.de\/produktwelt\/wp-json\/wp\/v2\/product_brand?post=6401"},{"taxonomy":"product_cat","embeddable":true,"href":"https:\/\/www.jupit.de\/produktwelt\/wp-json\/wp\/v2\/product_cat?post=6401"},{"taxonomy":"product_tag","embeddable":true,"href":"https:\/\/www.jupit.de\/produktwelt\/wp-json\/wp\/v2\/product_tag?post=6401"}],"curies":[{"name":"wp","href":"https:\/\/api.w.org\/{rel}","templated":true}]}}