{"id":6389,"date":"2025-05-24T13:53:50","date_gmt":"2025-05-24T11:53:50","guid":{"rendered":"https:\/\/www.jupit.de\/produktwelt\/?post_type=product&#038;p=6389"},"modified":"2026-02-04T13:23:22","modified_gmt":"2026-02-04T12:23:22","slug":"rel-t9-x-subwoofer","status":"publish","type":"product","link":"https:\/\/www.jupit.de\/produktwelt\/produkt\/subwoofer\/rel-t9-x-subwoofer\/","title":{"rendered":"REL T\/9x \u2013 High-Performance Subwoofer"},"content":{"rendered":"<h2>Leistungsstarker Subwoofer mit audiophilem Anspruch f\u00fcr Musik &amp; Heimkino<\/h2>\n<h3 style=\"text-align: left\">Der Flaggschiff-Subwoofer der T-Serie von REL.<\/h3>\n<p style=\"text-align: left\">Unglaublich viel Kraft und Klang in einem sehr kompakten Geh\u00e4use. Mit einem aktiven nach vorne und einem passiven nach unten abstrahlenden, jeweils 25 cm gro\u00dfen Lautsprecher und einem 300 Watt Class A\/B Verst\u00e4rker hat der REL T\/9x enorme Reserven und Tiefgang f\u00fcr einen pr\u00e4zisen, lockeren und druckvollen Bass in unterschiedlichsten Einsatzbereichen. Gleicherma\u00dfen gut f\u00fcr Stereo und Filmton geeignet, was durchaus nahezu ein Alleinstellungs-Merkmal ist.<\/p>\n<p><strong>Optional Wireless ohne Kompression<br \/>\n<\/strong>Mit dem &#8222;Arrow&#8220; (siehe Abbildung 3) steht ein Zubeh\u00f6r zur Verf\u00fcgung, das es erm\u00f6glicht, den Subwoofer ohne Kabel an die Anlage anzubinden und das ohne jede Kompression des Musiksignals.<\/p>\n<p><strong> Technische Daten<br \/>\n<\/strong>Untere Grenzfrequenz: 27 Hz \/ -6 dB<br \/>\nLautsprecherchassis: 1 x aktiv nach vorne und 1 x passiv nach unten<br \/>\nLeistung: 300 Watt<br \/>\nVerst\u00e4rkertyp: Class A\/B<br \/>\nEing\u00e4nge: High Level Neutrik Speakon, Low Level RCA und LFE<br \/>\nAbmessungen (BxHxT): 370 x 340 x 393 mm<br \/>\nGewicht: 20,6 kg<\/p>\n","protected":false},"excerpt":{"rendered":"<p>Der REL T\/9x ist ein leistungsstarker High-End-Subwoofer mit schnellem, pr\u00e4zisem Tiefbass und perfekter Integration in Stereo- und Heimkino-Systeme.<\/p>\n","protected":false},"featured_media":6390,"template":"","meta":{"_acf_changed":false},"product_brand":[515],"product_cat":[267],"product_tag":[721,443,720,718,524,723,717,716,523,724,722],"class_list":{"0":"post-6389","1":"product","2":"type-product","3":"status-publish","4":"has-post-thumbnail","6":"product_brand-rel","7":"product_cat-subwoofer","8":"product_tag-heimkino-subwoofer","9":"product_tag-hifi","10":"product_tag-hifi-subwoofer","11":"product_tag-high-end-subwoofer","12":"product_tag-rel","13":"product_tag-rel-high-level","14":"product_tag-rel-subwoofer","15":"product_tag-rel-t-9x","16":"product_tag-subwoofer","17":"product_tag-subwoofer-fuer-stereo","18":"product_tag-tiefbass","20":"first","21":"instock","22":"shipping-taxable","23":"product-type-simple"},"acf":[],"_links":{"self":[{"href":"https:\/\/www.jupit.de\/produktwelt\/wp-json\/wp\/v2\/product\/6389","targetHints":{"allow":["GET"]}}],"collection":[{"href":"https:\/\/www.jupit.de\/produktwelt\/wp-json\/wp\/v2\/product"}],"about":[{"href":"https:\/\/www.jupit.de\/produktwelt\/wp-json\/wp\/v2\/types\/product"}],"wp:featuredmedia":[{"embeddable":true,"href":"https:\/\/www.jupit.de\/produktwelt\/wp-json\/wp\/v2\/media\/6390"}],"wp:attachment":[{"href":"https:\/\/www.jupit.de\/produktwelt\/wp-json\/wp\/v2\/media?parent=6389"}],"wp:term":[{"taxonomy":"product_brand","embeddable":true,"href":"https:\/\/www.jupit.de\/produktwelt\/wp-json\/wp\/v2\/product_brand?post=6389"},{"taxonomy":"product_cat","embeddable":true,"href":"https:\/\/www.jupit.de\/produktwelt\/wp-json\/wp\/v2\/product_cat?post=6389"},{"taxonomy":"product_tag","embeddable":true,"href":"https:\/\/www.jupit.de\/produktwelt\/wp-json\/wp\/v2\/product_tag?post=6389"}],"curies":[{"name":"wp","href":"https:\/\/api.w.org\/{rel}","templated":true}]}}