{"id":6385,"date":"2025-05-24T12:55:06","date_gmt":"2025-05-24T10:55:06","guid":{"rendered":"https:\/\/www.jupit.de\/produktwelt\/?post_type=product&#038;p=6385"},"modified":"2026-02-04T13:23:51","modified_gmt":"2026-02-04T12:23:51","slug":"monitor-audio-silver-200-7g","status":"publish","type":"product","link":"https:\/\/www.jupit.de\/produktwelt\/produkt\/lautsprecher\/standlautsprecher\/monitor-audio-silver-200-7g\/","title":{"rendered":"Monitor Audio Silver 200 7G &#8211; Standlautsprecher"},"content":{"rendered":"<h2><b>Schlank, elegant und klangstark <\/b><\/h2>\n<p>Die Monitor Audio Silver 200 7G ist die perfekte L\u00f6sung f\u00fcr alle, die von Problemen mit der Aufstellung ihrer Lautsprecher geplagt sind. Sprich: Wenn Sie auf der Suche nach gro\u00dfartigem Klang sind, aber eigentlich gar keinen Platz f\u00fcr Lautsprecher haben, hier ist die L\u00f6sung!<\/p>\n<div id=\"text-6439682a92\" class=\"ch-text\" data-tc-id=\"w-0.042436913740268256\">\n<ul>\n<li>25 Millimeter C-CAM Gold-Hocht\u00f6ner mit UD-Waveguide II<\/li>\n<li>Zwei 5 1\/4&#8243;\/ 13,3 Zentimeter C-CAM RST II-Tief-\/Mittelt\u00f6ner<\/li>\n<li>Innenverkabelung aus versilbertem Kupfer<\/li>\n<li>Auslegerf\u00fc\u00dfe mit Spikes und Pucks<\/li>\n<li>Magnetische Lautsprecherabdeckungen<\/li>\n<li>In f\u00fcnf Geh\u00e4useausf\u00fchrungen erh\u00e4ltlich<\/li>\n<\/ul>\n<h3 id=\"headline-643e784635\" data-tc-id=\"w-0.7855237468026909\">Die Highlights der Monitor Audio Silver 200 7G im \u00dcberblick:<\/h3>\n<div id=\"text-643e784ef7\" class=\"ch-text\" data-tc-id=\"w-0.341524504013869\">\n<ul>\n<li><b>Optimiert f\u00fcr wandnahe Aufstellung <\/b>\u2013 Dezent und doch wundersch\u00f6n<\/li>\n<li><b>Uniform Dispersion Waveguide II <\/b>\u2013 F\u00fcr einen pr\u00e4zisen, brillanten Hochton<\/li>\n<li><b>Rigid Surface Technology (RST) II<\/b> \u2013 Strukturierter, klarer Tief- und Mittelton<\/li>\n<li><b>Neu entwickelte Frequenzweiche <\/b>\u2013 Ausgewogener Klang und tonale Balance<\/li>\n<li><b>Zeitloses, modernes Design<\/b> \u2013 Geh\u00e4use mit Echtholzfurnieren und Lackoberfl\u00e4chen<\/li>\n<\/ul>\n<\/div>\n<\/div>\n","protected":false},"excerpt":{"rendered":"<p>Die <strong data-start=\"56\" data-end=\"87\">Monitor Audio Silver 200 7G<\/strong> ist ein schlanker Standlautsprecher mit ausgewogenem, detailreichem Klang und kraftvollem Bass. Dank moderner Treibertechnologie und pr\u00e4ziser Abstimmung eignet sie sich ideal f\u00fcr mittelgro\u00dfe R\u00e4ume und hochwertige Stereo- sowie Heimkino-Setups.<\/p>\n","protected":false},"featured_media":6386,"template":"","meta":{"_acf_changed":false},"product_brand":[521],"product_cat":[277,299],"product_tag":[],"class_list":{"0":"post-6385","1":"product","2":"type-product","3":"status-publish","4":"has-post-thumbnail","6":"product_brand-monitor-audio","7":"product_cat-lautsprecher","8":"product_cat-standlautsprecher","10":"first","11":"instock","12":"shipping-taxable","13":"product-type-simple"},"acf":[],"_links":{"self":[{"href":"https:\/\/www.jupit.de\/produktwelt\/wp-json\/wp\/v2\/product\/6385","targetHints":{"allow":["GET"]}}],"collection":[{"href":"https:\/\/www.jupit.de\/produktwelt\/wp-json\/wp\/v2\/product"}],"about":[{"href":"https:\/\/www.jupit.de\/produktwelt\/wp-json\/wp\/v2\/types\/product"}],"wp:featuredmedia":[{"embeddable":true,"href":"https:\/\/www.jupit.de\/produktwelt\/wp-json\/wp\/v2\/media\/6386"}],"wp:attachment":[{"href":"https:\/\/www.jupit.de\/produktwelt\/wp-json\/wp\/v2\/media?parent=6385"}],"wp:term":[{"taxonomy":"product_brand","embeddable":true,"href":"https:\/\/www.jupit.de\/produktwelt\/wp-json\/wp\/v2\/product_brand?post=6385"},{"taxonomy":"product_cat","embeddable":true,"href":"https:\/\/www.jupit.de\/produktwelt\/wp-json\/wp\/v2\/product_cat?post=6385"},{"taxonomy":"product_tag","embeddable":true,"href":"https:\/\/www.jupit.de\/produktwelt\/wp-json\/wp\/v2\/product_tag?post=6385"}],"curies":[{"name":"wp","href":"https:\/\/api.w.org\/{rel}","templated":true}]}}