{"id":6382,"date":"2025-05-24T11:28:58","date_gmt":"2025-05-24T09:28:58","guid":{"rendered":"https:\/\/www.jupit.de\/produktwelt\/?post_type=product&#038;p=6382"},"modified":"2026-02-04T16:05:54","modified_gmt":"2026-02-04T15:05:54","slug":"excalibur-gold-tonabnehmer","status":"publish","type":"product","link":"https:\/\/www.jupit.de\/produktwelt\/produkt\/tonabnehmer\/excalibur-gold-tonabnehmer\/","title":{"rendered":"Excalibur Gold &#8211; MC Tonabnehmer"},"content":{"rendered":"<div class=\"wp-block-column col-12 col-sm-8 col-md-9 col-lg-9 is-layout-flow wp-block-column-is-layout-flow\">\n<h2 class=\"woolentorblock-b98feacb-655d-485a-afd6-bfea752b7726 product_title\">EXCALIBUR GOLD | LOW-OUTPUT MC-Tonabnehmersystem<\/h2>\n<div class=\"woolentorblock-a6629f8f-ef5d-4890-91f0-8fc122ed57f6 woolentor-product-description\">\n<div class=\"woocommerce_product_description\">\n<p class=\"text-align-center\">Klassisches MC-System mit niedriger Ausgangsspannung und weiterentwickelter Spulentechnik \u2013 Body Material mehrfach versteift.<\/p>\n<p class=\"text-align-center\">Abtaster: nat\u00fcrlicher Diamant mit Shibata-Nadelschliff. F\u00fcr den Einsatz an MC-tauglichen Phono-Eing\u00e4ngen.<\/p>\n<h4 class=\"wp-block-heading\">Technische Daten<\/h4>\n<div class=\"woolentorblock-ea4c8e8b-45bc-4af8-bf34-83327723ce52 woolentor-product-short-description\" data-anim-action=\"filter\" data-anim-event=\"hover\" data-anim-triggered=\"false\" data-anim-from=\"filter: grayscale(0%);\" data-anim-to=\"filter: grayscale(0%);\" data-anim-id=\"anim-50\" data-anim-init=\"1\">\n<div class=\"woocommerce-product-details__short-description\">\n<ul>\n<li>Frequenzgang: 15~35,000 Hz<\/li>\n<li>Ausgangsspannung: 0,5 mV \/ 1 kHz<\/li>\n<li>Output Balance: &lt; 1,5 dB \/ 1 kHz<\/li>\n<li>Kanaltrennung: 28 dB \/ 1 kHz<\/li>\n<li>Empf. Auflagekraft: 2 g<\/li>\n<li>Impedanz: 30 \u03a9 \/ 1 kHz<\/li>\n<li>Nadelnachgiebigkeit: Mittel 10\u00d710 \u2013 6 cm\/dyne<\/li>\n<li>Load Impedance: &gt; 300 \u03a9<\/li>\n<li>Abtastnadel: Diamant Shibata<\/li>\n<li>Nadeltr\u00e4germaterial: Aluminium<\/li>\n<li>Body Material: mehrfach versteift<\/li>\n<li>Gewicht: 5,2 g<\/li>\n<\/ul>\n<\/div>\n<\/div>\n<\/div>\n<\/div>\n<\/div>\n","protected":false},"excerpt":{"rendered":"<p><strong data-start=\"39\" data-end=\"57\">Excalibur Gold<\/strong> steht f\u00fcr hochwertige Verarbeitung und klangliche Veredelung im High-End-Audio-Umfeld. Mit pr\u00e4ziser Abstimmung und edlen Materialien richtet sich Excalibur Gold an anspruchsvolle Musikliebhaber, die ihrem System mehr Detail, Ruhe und musikalische Feinheit entlocken m\u00f6chten.<\/p>\n","protected":false},"featured_media":6383,"template":"","meta":{"_acf_changed":false},"product_brand":[517],"product_cat":[297],"product_tag":[],"class_list":{"0":"post-6382","1":"product","2":"type-product","3":"status-publish","4":"has-post-thumbnail","6":"product_brand-excalibur","7":"product_cat-tonabnehmer","9":"first","10":"instock","11":"shipping-taxable","12":"product-type-simple"},"acf":[],"_links":{"self":[{"href":"https:\/\/www.jupit.de\/produktwelt\/wp-json\/wp\/v2\/product\/6382","targetHints":{"allow":["GET"]}}],"collection":[{"href":"https:\/\/www.jupit.de\/produktwelt\/wp-json\/wp\/v2\/product"}],"about":[{"href":"https:\/\/www.jupit.de\/produktwelt\/wp-json\/wp\/v2\/types\/product"}],"wp:featuredmedia":[{"embeddable":true,"href":"https:\/\/www.jupit.de\/produktwelt\/wp-json\/wp\/v2\/media\/6383"}],"wp:attachment":[{"href":"https:\/\/www.jupit.de\/produktwelt\/wp-json\/wp\/v2\/media?parent=6382"}],"wp:term":[{"taxonomy":"product_brand","embeddable":true,"href":"https:\/\/www.jupit.de\/produktwelt\/wp-json\/wp\/v2\/product_brand?post=6382"},{"taxonomy":"product_cat","embeddable":true,"href":"https:\/\/www.jupit.de\/produktwelt\/wp-json\/wp\/v2\/product_cat?post=6382"},{"taxonomy":"product_tag","embeddable":true,"href":"https:\/\/www.jupit.de\/produktwelt\/wp-json\/wp\/v2\/product_tag?post=6382"}],"curies":[{"name":"wp","href":"https:\/\/api.w.org\/{rel}","templated":true}]}}