{"id":6374,"date":"2025-05-21T17:50:56","date_gmt":"2025-05-21T15:50:56","guid":{"rendered":"https:\/\/www.jupit.de\/produktwelt\/?post_type=product&#038;p=6374"},"modified":"2026-02-04T13:24:40","modified_gmt":"2026-02-04T12:24:40","slug":"thorens-td-102a","status":"publish","type":"product","link":"https:\/\/www.jupit.de\/produktwelt\/produkt\/plattenspieler\/thorens-td-102a\/","title":{"rendered":"Thorens TD 102A"},"content":{"rendered":"<h1>Thorens TD 102 A Plattenspieler<\/h1>\n<h2>TD 102 A er\u00f6ffnet ein vollkommen neues Kapitel im Bereich der vollautomatischen Plattenspieler von THORENS.<\/h2>\n<div class=\"content\">\n<div class=\"content-text \">\n<h3>THORENS erg\u00e4nzt wiederum das Sortiment und pr\u00e4sentiert mit dem brandneuen Modell TD 102 A nun einen weiteren vollautomatischen Plattenspieler f\u00fcr alle Vinyl-Fans.<\/h3>\n<p>Der TD 102 A er\u00f6ffnet ein vollkommen neues Kapitel im Bereich der vollautomatischen Plattenspieler von THORENS. Die neu entwickelte Mechanik des TD 102 A garantiert einen m\u00f6glichst geringen Reibungswiderstand aller mechanischen Bauteile.<\/p>\n<p>Das Laufwerk wird mit einem ebenfalls neu entwickelten Carbon-Tonarm geliefert, einschlie\u00dflich dem vormontierten Abtastsystem AT VM 95 E von Audio Technica, dem Nachfolgemodell des seit vielen Jahren bekannten und beliebten AT 95 E. Der zuschaltbare integrierte Phono-Vorverst\u00e4rker garantiert eine vollst\u00e4ndige Konnektivit\u00e4t mit allen modernen Audiosystemen.<\/p>\n<p>Der TD 102 A ist wahlweise in den Farben &#8222;Schwarz Hochglanz&#8220; und &#8222;Walnuss Hochglanz&#8220; zu beziehen, wobei bereits in der Entwicklungsphase darauf geachtet wurde, auch hier wieder das f\u00fcr THORENS typische Design hervorzuheben. Eine hohe Klangqualit\u00e4t, sowie eine lange Lebensdauer stellen weitere Pluspunkte dar, f\u00fcr die THORENS seit vielen Jahren steht.<\/p>\n<p>&nbsp;<\/p>\n<\/div>\n<\/div>\n","protected":false},"excerpt":{"rendered":"<p>Thorens TD 102 A Plattenspieler TD 102 A er\u00f6ffnet ein vollkommen neues Kapitel im Bereich der vollautomatischen Plattenspieler von THORENS. THORENS erg\u00e4nzt wiederum das Sortiment und pr\u00e4sentiert mit dem brandneuen Modell TD 102 A nun einen weiteren vollautomatischen Plattenspieler f\u00fcr alle Vinyl-Fans. Der TD 102 A er\u00f6ffnet ein vollkommen neues Kapitel im Bereich der vollautomatischen [&hellip;]<\/p>\n","protected":false},"featured_media":6375,"template":"","meta":{"_acf_changed":false},"product_brand":[513],"product_cat":[273],"product_tag":[443,445,440,514,488],"class_list":{"0":"post-6374","1":"product","2":"type-product","3":"status-publish","4":"has-post-thumbnail","6":"product_brand-thorens","7":"product_cat-plattenspieler","8":"product_tag-hifi","9":"product_tag-jupit","10":"product_tag-plattenspieler","11":"product_tag-thorens","12":"product_tag-vinyl","14":"first","15":"instock","16":"shipping-taxable","17":"product-type-simple"},"acf":[],"_links":{"self":[{"href":"https:\/\/www.jupit.de\/produktwelt\/wp-json\/wp\/v2\/product\/6374","targetHints":{"allow":["GET"]}}],"collection":[{"href":"https:\/\/www.jupit.de\/produktwelt\/wp-json\/wp\/v2\/product"}],"about":[{"href":"https:\/\/www.jupit.de\/produktwelt\/wp-json\/wp\/v2\/types\/product"}],"wp:featuredmedia":[{"embeddable":true,"href":"https:\/\/www.jupit.de\/produktwelt\/wp-json\/wp\/v2\/media\/6375"}],"wp:attachment":[{"href":"https:\/\/www.jupit.de\/produktwelt\/wp-json\/wp\/v2\/media?parent=6374"}],"wp:term":[{"taxonomy":"product_brand","embeddable":true,"href":"https:\/\/www.jupit.de\/produktwelt\/wp-json\/wp\/v2\/product_brand?post=6374"},{"taxonomy":"product_cat","embeddable":true,"href":"https:\/\/www.jupit.de\/produktwelt\/wp-json\/wp\/v2\/product_cat?post=6374"},{"taxonomy":"product_tag","embeddable":true,"href":"https:\/\/www.jupit.de\/produktwelt\/wp-json\/wp\/v2\/product_tag?post=6374"}],"curies":[{"name":"wp","href":"https:\/\/api.w.org\/{rel}","templated":true}]}}