{"id":6369,"date":"2025-05-21T17:42:33","date_gmt":"2025-05-21T15:42:33","guid":{"rendered":"https:\/\/www.jupit.de\/produktwelt\/?post_type=product&#038;p=6369"},"modified":"2026-02-04T13:24:58","modified_gmt":"2026-02-04T12:24:58","slug":"thorens-td-1600-tp-160","status":"publish","type":"product","link":"https:\/\/www.jupit.de\/produktwelt\/produkt\/plattenspieler\/thorens-td-1600-tp-160\/","title":{"rendered":"Thorens TD 1600 mit TP 160 \u2013 High-End Plattenspieler"},"content":{"rendered":"<h2>Thorens TD 1600 TP 160 Plattenspieler<\/h2>\n<h3>Der TD 1600 mit dem neuen Tonarm TP 160, ist eine konsequente Weiterentwicklung des TD1600.<\/h3>\n<p>Er besitzt eine klassische Holzzarge, den zweigeteilten, gedrehten Aluminiumteller mit innenlaufendem, geschliffenem Antriebsriemen. Das externe linear Netzteil TPN 1600 verf\u00fcgt \u00fcber einen leistungsstarken Ringkerntransformator und versorgt den Synchronmotor mit 2x 16V, um einen m\u00f6glichst hohen Gleichlauf des Tellers zu gew\u00e4hrleisten.<\/p>\n<p>Der neue Tonarm TP 160 wurde von dem renommierten Designer Helmut Thiele entwickelt und verf\u00fcgt \u00fcber ein ultrapr\u00e4zises Schneidlager. Dieser J-f\u00f6rmige 9\u201c Tonarm mit SME Headshell-Anschluss nimmt die Formgebung der ber\u00fchmten Studiotonarme auf. Die Klinge f\u00fcr das Horizontallager wird zus\u00e4tzlich \u00fcber Magnete stabilisiert, um eine m\u00f6glichst pr\u00e4zise Abtastung der Schallplatte zu gew\u00e4hrleisten.<\/p>\n<p>Die drei Federn des Subchassis h\u00e4ngen nicht am Top Board, sondern stehen auf dem Boden. Gleichzeitig verhindert ein gespannter Stahlfaden in der Verl\u00e4ngerung der Achse Motorrolle \u2013 Tellerachse seitliches Taumeln und sichert so f\u00fcr ein m\u00f6glichst kolbenf\u00f6rmiges Schwingen des Subchassis.<\/p>\n<p>Die symmetrischen Ausg\u00e4nge (XLR) sorgen f\u00fcr einen professionellen Anschluss. Da das Phono-Signal stark verst\u00e4rkt werden muss, ist es besonders empfindlich gegen elektrische Einstreuungen. Der symmetrische Anschluss, \u00fcber die XLR-Buchsen, sorgt f\u00fcr eine m\u00f6glichst st\u00f6rungsfreie Verbindung zwischen Plattenspieler und Phono-Vorverst\u00e4rker. Um die True Balanced Connection zu nutzen, muss der Plattenspieler mit einem Moving-Coil-(MC)-Tonabnehmer ausgestattet sein.<\/p>\n<p><strong>Features<\/strong><\/p>\n<ul>\n<li>Stabilisiertes Subchassis auf drei Kegelfedern<\/li>\n<li>Schneidlager Tonarm TP 160 mit SME Headshell Connector<\/li>\n<li>Geschliffener Pr\u00e4zisionsriemen<\/li>\n<li>Zweigeteilter Plattenteller<\/li>\n<li>Justierbare Riemenspannung<\/li>\n<li>Elektronisch geregelter Synchronmotor<\/li>\n<li>Symmetrische (XLR) und unsymmetrische (Cinch) Ausg\u00e4nge<\/li>\n<li>Externes linear Netzteil TPN 1600<\/li>\n<\/ul>\n","protected":false},"excerpt":{"rendered":"<p>Der Thorens TD 1600 mit TP 160 Tonarm ist ein hochwertiger High-End-Plattenspieler mit klassischem Subchassis, pr\u00e4ziser Technik und exzellenter Klangqualit\u00e4t f\u00fcr Vinyl-Enthusiasten.<\/p>\n","protected":false},"featured_media":6370,"template":"","meta":{"_acf_changed":false},"product_brand":[513],"product_cat":[273],"product_tag":[],"class_list":{"0":"post-6369","1":"product","2":"type-product","3":"status-publish","4":"has-post-thumbnail","6":"product_brand-thorens","7":"product_cat-plattenspieler","9":"first","10":"instock","11":"shipping-taxable","12":"product-type-simple"},"acf":[],"_links":{"self":[{"href":"https:\/\/www.jupit.de\/produktwelt\/wp-json\/wp\/v2\/product\/6369","targetHints":{"allow":["GET"]}}],"collection":[{"href":"https:\/\/www.jupit.de\/produktwelt\/wp-json\/wp\/v2\/product"}],"about":[{"href":"https:\/\/www.jupit.de\/produktwelt\/wp-json\/wp\/v2\/types\/product"}],"wp:featuredmedia":[{"embeddable":true,"href":"https:\/\/www.jupit.de\/produktwelt\/wp-json\/wp\/v2\/media\/6370"}],"wp:attachment":[{"href":"https:\/\/www.jupit.de\/produktwelt\/wp-json\/wp\/v2\/media?parent=6369"}],"wp:term":[{"taxonomy":"product_brand","embeddable":true,"href":"https:\/\/www.jupit.de\/produktwelt\/wp-json\/wp\/v2\/product_brand?post=6369"},{"taxonomy":"product_cat","embeddable":true,"href":"https:\/\/www.jupit.de\/produktwelt\/wp-json\/wp\/v2\/product_cat?post=6369"},{"taxonomy":"product_tag","embeddable":true,"href":"https:\/\/www.jupit.de\/produktwelt\/wp-json\/wp\/v2\/product_tag?post=6369"}],"curies":[{"name":"wp","href":"https:\/\/api.w.org\/{rel}","templated":true}]}}