{"id":6359,"date":"2025-05-21T17:12:06","date_gmt":"2025-05-21T15:12:06","guid":{"rendered":"https:\/\/www.jupit.de\/produktwelt\/?post_type=product&#038;p=6359"},"modified":"2026-02-04T15:37:10","modified_gmt":"2026-02-04T14:37:10","slug":"lyngdorf-tdai-1120","status":"publish","type":"product","link":"https:\/\/www.jupit.de\/produktwelt\/produkt\/streaming-verstaerker\/lyngdorf-tdai-1120\/","title":{"rendered":"Lyngdorf TDAI-1120"},"content":{"rendered":"<h2>Lyngdorf TDAI-1120 Verst\u00e4rker<\/h2>\n<h3>STREAMING-INTEGRALVERST\u00c4RKER<\/h3>\n<p>Der wundersch\u00f6nen, kompakten Streaming-Integralverst\u00e4rker Lyngdorf TDAI-1120. Dieses kompakte Ger\u00e4t bietet ein H\u00f6chstma\u00df an Flexibilit\u00e4t. Dank seiner geringen Stellfl\u00e4che findet er problemlos \u00fcberall im Haus Platz. Der umfangreiche Funktionsumfang bietet eine gro\u00dfe Vielfalt an Streaming-Optionen. Alle Anwender-freundlichen Funktionen, die man sich w\u00fcnschen kann, sind mit der bew\u00e4hrten digitalen Verst\u00e4rkertechnologie von Lyngdorf Audio und der patentierten RoomPerfect\u2122 Raumkorrektur f\u00fcr das ultimative H\u00f6rerlebnis gepaart.<\/p>\n<div class=\"et_pb_row et_pb_row_3\">\n<div class=\"et_pb_column et_pb_column_4_4 et_pb_column_4 et_pb_css_mix_blend_mode_passthrough et-last-child\">\n<div class=\"et_pb_module et_pb_text et_pb_text_4 et_pb_text_align_left et_pb_bg_layout_light\">\n<div class=\"et_pb_text_inner\">\n<p><strong>DAS ULTIMATIVE H\u00d6RERLEBNIS<\/strong><\/p>\n<p>Der TDAI-1120 ist mit RoomPerfect\u2122 ausgestattet und bietet ein perfektes Musikerlebnis in allen Wohn-r\u00e4umen. Ohne umfangreiche akustische Anpassungen liefert der TDAI-1120 ein Soundsystem mit optimalem Frequenzgang, nahtloser Pegelanpassung und einem Bassmanagement, das die Lautsprecher und Subwoofer perfekt integriert.<\/p>\n<\/div>\n<\/div>\n<div class=\"et_pb_module et_pb_text et_pb_text_5 et_pb_text_align_left et_pb_bg_layout_light\">\n<div class=\"et_pb_text_inner\">\n<p><strong>ZAHLREICHE ANSCHL\u00dcSSE<\/strong><\/p>\n<p>Eine Vielzahl von Ein- und Ausg\u00e4ngen bietet zahlreiche Optionen zum Anschluss Ihrer Audio- und Videoquellen sowie Ihres Lautsprecher-Setups. Vier digitale Eing\u00e4nge erm\u00f6glichen den optimalen Anschluss an Ihre digitalen Audioquellen, w\u00e4hrend ein USB-Eingang den Anschluss von auf externen Medien gespeicherter Musik erm\u00f6glicht.<\/p>\n<p>Es stehen zwei analoge Eing\u00e4nge zur Verf\u00fcgung, von denen einer f\u00fcr die Verwendung mit einem Plattenspieler vorgesehen ist (RIAA-Vorverst\u00e4rker eingebaut). Die Musik kann \u00fcber analoge Single-Ended-Ausg\u00e4nge zur Verwendung als Vorverst\u00e4rker oder mit einem Subwoofer ausgegeben werden.<\/p>\n<\/div>\n<\/div>\n<div class=\"et_pb_module et_pb_text et_pb_text_6 et_pb_text_align_left et_pb_bg_layout_light\">\n<div class=\"et_pb_text_inner\">\n<p>VOLLST\u00c4NDIGE IP-STEUERUNG<\/p>\n<p>Dank der vollst\u00e4ndigen IP-Steuerung k\u00f6nnen Sie den TDAI-1120 mit allen verf\u00fcgbaren Funktionen in alle Arten von Steuersystemen integrieren. Die gesamten Setup- und Kalibrierungsdaten lassen sich auf einem USB-Stick sichern. Mit diesem Backup kann man die Software \u2013 wenn n\u00f6tig \u2013 jederzeit wieder auf den alten Funktionsstaus zur\u00fccksetzen.<\/p>\n<div class=\"et_pb_row et_pb_row_4\">\n<div class=\"et_pb_column et_pb_column_4_4 et_pb_column_5 et_pb_css_mix_blend_mode_passthrough et-last-child\">\n<div class=\"et_pb_text_inner\">\n<p>D\u00c4NISCHES DESIGN<\/p>\n<p>Ein Hommage an das moderne Industriedesign: das Chassis ist im typischen klaren Design von Lyngdorf Audio ausgef\u00fchrt. Aus mattschwarzem Aluminium und Glas gefertigt, strahlt der TDAI-1120 allein oder in Verbindung mit passenden Lyngdorf Audio-Verst\u00e4rkern minimalistisches d\u00e4nisches Design aus. Er hat eine einzigartige, kompakte Gr\u00f6\u00dfe, die es einfach macht, ihn \u00fcberall im Haus zu positionieren.<\/p>\n<div class=\"et_pb_column et_pb_column_2_3 et_pb_column_18 et_pb_css_mix_blend_mode_passthrough et-last-child\">\n<div class=\"et_pb_module et_pb_text et_pb_text_18 et_pb_text_align_left et_pb_bg_layout_light\">\n<div class=\"et_pb_text_inner\">\n<ul>\n<li>Spezifikationen<\/li>\n<li><u>Beschreibung:<\/u> 2-Kanal-Streaming-Verst\u00e4rker<\/li>\n<li><u>Nennleistung:<\/u> 2x 120 W RMS @ 4Ohm \/ 2 x 60 W RMS @ 8Ohm<\/li>\n<li><u>Digitale Eing\u00e4nge (Asynchron):<\/u> 2x Koaxial (\u2264192kHz\/24bit) 2x Optisch (\u226496 kHz\/24bit) 1x HDMI (TV ARC)<\/li>\n<li><u>Analoge Eing\u00e4nge:<\/u> 1x Phono Single Ended RCA (RIAA \/ 47kOhm 100pF), 1x Analog Single Ended RCA (Max. Pegel: 4,0V = 0dBFS) 1x Mikrofoneingang (XLR) f\u00fcr RoomPerfect\u2122 Kalibrierung<\/li>\n<li><u>Analoge Ausgabe:<\/u> 1x Stereo-Analog-Cinch (75 Ohm-Max-Ausgangspegel 4 Veff)<\/li>\n<li><u>Audio-Spezifikationen:<\/u> Frequenzgang: \u00b10,5dB von 20 bis 20.000 Hz, Gesamte harmonische Verzerrung: 0,05% max. von 20 bis 20.000 Hz, THD-N 1w\/8ohm 0,04%, THD-N 1w\/4ohm 0,04%<\/li>\n<li><u>Medienspieler:<\/u> Internet-Radio (vTuner), Spotify Connect, Roon ready, Chromecast eingebaut, DLNA-Unterst\u00fctzung (uPnP), AirPlay2, Bluetooth, Wiedergabe lokaler Dateien (USB)<\/li>\n<li><u>Drahtlose Verbindungen:<\/u> Bluetooth-Konnektivit\u00e4t, Wi-Fi (802.11 n\/ac)<\/li>\n<li><u>Schnittstellen steuern:<\/u> Intuitiver Eingangsw\u00e4hler, Web-Schnittstelle f\u00fcr Setup und Media-Player, Remote-Anwendung f\u00fcr IOS und Android, IP-Steuerung, CEC (HDMI), 1x Trigger-Eingang, 1x Trigger-Ausgang, 1x RJ45-Ethernet-LAN-Anschluss, 1x USB-Anschluss (Typ A)<\/li>\n<li><u>Zubeh\u00f6r:<\/u> RoomPerfect\u2122 Mikrofon, Mikrofonst\u00e4nder, Mikrofonkabel<\/li>\n<li><u>Optionales Zubeh\u00f6r:<\/u> IR-Fernbedienung, Rack-Montagesatz<\/li>\n<li><u>Platzierungsm\u00f6glichkeiten: freistehend<\/u><\/li>\n<li><u>Abmessungen (H x B x T):<\/u> 10,1 x 30 x 26 cm (einschlie\u00dflich Anschl\u00fcsse)<\/li>\n<li><u>Gewicht:<\/u> 8 kg<\/li>\n<li><u>Ausf\u00fchrung:<\/u> Mattschwarz<\/li>\n<\/ul>\n<\/div>\n<\/div>\n<\/div>\n<\/div>\n<\/div>\n<\/div>\n<\/div>\n<\/div>\n<\/div>\n<\/div>\n","protected":false},"excerpt":{"rendered":"<p data-start=\"43\" data-end=\"354\" data-is-last-node=\"\" data-is-only-node=\"\">Der <strong data-start=\"47\" data-end=\"69\">Lyngdorf TDAI-1120<\/strong> ist ein kompakter Streaming-Vollverst\u00e4rker mit digitaler Endstufe, integrierter Netzwerkplattform und der bew\u00e4hrten <strong data-start=\"186\" data-end=\"216\">RoomPerfect\u2122-Raumkorrektur<\/strong>. Er bietet pr\u00e4zisen, kontrollierten Klang, flexible Anschlussm\u00f6glichkeiten und eine elegante All-in-One-L\u00f6sung f\u00fcr moderne Stereo-Setups.<\/p>\n","protected":false},"featured_media":6360,"template":"","meta":{"_acf_changed":false},"product_brand":[447],"product_cat":[275],"product_tag":[],"class_list":{"0":"post-6359","1":"product","2":"type-product","3":"status-publish","4":"has-post-thumbnail","6":"product_brand-lyngdorf","7":"product_cat-streaming-verstaerker","9":"first","10":"instock","11":"shipping-taxable","12":"product-type-simple"},"acf":[],"_links":{"self":[{"href":"https:\/\/www.jupit.de\/produktwelt\/wp-json\/wp\/v2\/product\/6359","targetHints":{"allow":["GET"]}}],"collection":[{"href":"https:\/\/www.jupit.de\/produktwelt\/wp-json\/wp\/v2\/product"}],"about":[{"href":"https:\/\/www.jupit.de\/produktwelt\/wp-json\/wp\/v2\/types\/product"}],"wp:featuredmedia":[{"embeddable":true,"href":"https:\/\/www.jupit.de\/produktwelt\/wp-json\/wp\/v2\/media\/6360"}],"wp:attachment":[{"href":"https:\/\/www.jupit.de\/produktwelt\/wp-json\/wp\/v2\/media?parent=6359"}],"wp:term":[{"taxonomy":"product_brand","embeddable":true,"href":"https:\/\/www.jupit.de\/produktwelt\/wp-json\/wp\/v2\/product_brand?post=6359"},{"taxonomy":"product_cat","embeddable":true,"href":"https:\/\/www.jupit.de\/produktwelt\/wp-json\/wp\/v2\/product_cat?post=6359"},{"taxonomy":"product_tag","embeddable":true,"href":"https:\/\/www.jupit.de\/produktwelt\/wp-json\/wp\/v2\/product_tag?post=6359"}],"curies":[{"name":"wp","href":"https:\/\/api.w.org\/{rel}","templated":true}]}}