{"id":6354,"date":"2025-05-21T15:56:27","date_gmt":"2025-05-21T13:56:27","guid":{"rendered":"https:\/\/www.jupit.de\/produktwelt\/?post_type=product&#038;p=6354"},"modified":"2026-02-04T15:37:43","modified_gmt":"2026-02-04T14:37:43","slug":"yamaha-r-n2000a","status":"publish","type":"product","link":"https:\/\/www.jupit.de\/produktwelt\/produkt\/streaming-verstaerker\/yamaha-r-n2000a\/","title":{"rendered":"Yamaha R-N2000A &#8211; Vollverst\u00e4rker"},"content":{"rendered":"<h2>Yamaha R-N2000A Streaming-Vollverst\u00e4rker<\/h2>\n<h3 id=\"d1559789\">MODERNES HIFI \u2013 ORIGINELL UND INNOVATIV<\/h3>\n<p>Ein moderner HiFi-Baustein f\u00fcr die neue Generation des Musikh\u00f6rens, z. B. hochaufl\u00f6sendes Musikstreaming kombiniert mit bew\u00e4hrter HiFi-Qualit\u00e4t. Der R-N2000A steht in der Tradition der ausgezeichneten Musik- und HiFi-Produkte von Yamaha und verwandelt dein Wohnzimmer in eine Klangwelt von atemberaubender Sch\u00f6nheit.<\/p>\n<div class=\"mbr-col-sm-12 mbr-col-md-12 mbr-col-lg-6 img-text_col-text\">\n<div class=\"wrapper\">\n<h3 class=\"cover-underline\">RINGKERNTRANSFORMATOR<\/h3>\n<p class=\"description\">Der R-N2000A ist normalerweise den High-End-Hi-Fi-Komponenten vorbehalten und profitiert von der technischen Leistung und absoluten Musikalit\u00e4t eines Ringkerntransformators. In Verbindung mit zahlreichen High-End-Hi-Fi-Funktionen und -Komponenten sorgt der Ringkerntransformator daf\u00fcr, dass die emotionale Bandbreite der Musik an den H\u00f6rer weitergegeben wird. Zudem befindet sich zwischen der Unterseite des Transformators und dem inneren Geh\u00e4use ein 3\u00a0mm dicker Messingboden, der die Schwingungen des Transformators eind\u00e4mmt und f\u00fcr einen \u00fcberw\u00e4ltigend r\u00e4umlichen und realistischen Klang sorgt.<\/p>\n<div class=\"mbr-col-sm-12 mbr-col-md-12 mbr-col-lg-6 img-text_col-text\">\n<div class=\"wrapper\">\n<h3 class=\"cover-underline\">HOCHLEISTUNGS-DAC<\/h3>\n<p class=\"description\">F\u00fcr eine klare, transparente Reproduktion des Klangbildes und eine detaillierte Musikalit\u00e4t setzen wir den hochmodernen Digital\/Analog-Wandler ES9026PRO von ESS Technologies ein. Dieser hochwertige DAC erreicht eine hochpr\u00e4zise Signalumwandlung \u00fcber den symmetrischen analogen Audioausgang und eine weiter verbesserte Stromabgabe f\u00fcr den Vierkanalbetrieb, wodurch selbst die subtile Akustik von Konzerts\u00e4len und feine, ausdrucksstarke Nuancen im Klang effektiv wiedergegeben werden.<\/p>\n<div class=\"mbr-col-sm-12 mbr-col-md-12 mbr-col-lg-6 img-text_col-text\">\n<div class=\"wrapper\">\n<h3 class=\"cover-underline\">NIEDEROHMIGES KONZEPT<\/h3>\n<p class=\"description\">Um Energieverluste und eine Verschlechterung des Audiosignals zu vermeiden, verf\u00fcgt der R-N2000A \u00fcber dicke Dr\u00e4hte f\u00fcr die Masseverbindung\u00a0\u2013 ein entscheidendes Merkmal, das die Komponenten als echte Premium-Hi-Fi-Ger\u00e4te ausweist. Au\u00dferdem wird der Ausgang der Endstufe verschraubt, um die Erdung zu verst\u00e4rken, was f\u00fcr die Audioqualit\u00e4t wichtig ist. So entsteht eine offene, nat\u00fcrliche Klangb\u00fchne, die den K\u00fcnstler und den Zuh\u00f6rer n\u00e4her zusammenbringt.<\/p>\n<div class=\"mbr-col-sm-12 mbr-col-md-12 mbr-col-lg-6 img-text_col-text\">\n<div class=\"wrapper\">\n<h3 class=\"cover-underline\">MECHANISCHES KONZEPT F\u00dcR EINEN STABILEN BODEN<\/h3>\n<p class=\"description\">Genau wie das High-End-Hi-Fi-Modell von Yamaha arbeitet auch der R-N2000A mit dem mechanischen Konzept f\u00fcr einen stabilen Boden. Das Konzept beginnt mit der Verschraubung der F\u00fc\u00dfe, die direkt mit dem Hauptgeh\u00e4use verschwei\u00dft sind, und setzt sich fort mit dem gro\u00dfen K\u00fchlk\u00f6rper, dem Leistungstransformator und den Blockkondensatoren, die ebenfalls direkt mit dem Geh\u00e4use verschraubt sind. Dieses Design verhindert unerw\u00fcnschte Schwingungen, was zu einer kraftvollen, ausdrucksstarken Tieftonwiedergabe f\u00fchrt. Sie k\u00f6nnen den intensiven Groove der Musik sp\u00fcren.<\/p>\n<div class=\"mbr-col-sm-12 mbr-col-md-12 mbr-col-lg-6 img-text_col-text\">\n<div class=\"wrapper\">\n<h3 class=\"cover-underline\">VERSILBERTE MESSINGF\u00dcSSE<\/h3>\n<p class=\"description\">Die solide Konstruktion des Verst\u00e4rkers wird durch die schweren, silberfarbenen Messingf\u00fc\u00dfe vervollst\u00e4ndigt, die den satten, fundamentalen Tieftonbereich verst\u00e4rken und mit Musikalit\u00e4t f\u00fcllen.<\/p>\n<div class=\"mbr-col-sm-12 mbr-col-md-12 mbr-col-lg-6 img-text_col-text\">\n<div class=\"wrapper\">\n<h3 class=\"cover-underline\">KOMPLETT SYMMETRISCHER LEISTUNGSVERST\u00c4RKER<\/h3>\n<p class=\"description\">Dank unserer Original-Verst\u00e4rkertechnologie ist der Schaltkreis des Leistungsverst\u00e4rkers einschlie\u00dflich des Netzteils v\u00f6llig unabh\u00e4ngig von der Masse, und der Einfluss winziger Spannungsschwankungen und externer Massest\u00f6rungen wurde vollst\u00e4ndig beseitigt. Dieses Schaltungsdesign bietet eine Reihe von Vorteilen, darunter die perfekte Symmetrie des Pull-Pull-Betriebs in der Ausgangsstufe, das Erreichen eines ausgezeichneten Signal-Rausch-Abstands und eine \u00fcberw\u00e4ltigende Ausdruckskraft, die den Klang eines jeden Musikinstruments perfekt zur Geltung bringt.<\/p>\n<div class=\"mbr-col-sm-12 mbr-col-md-12 mbr-col-lg-6 img-text_col-text\">\n<div class=\"wrapper\">\n<h3 class=\"cover-underline\">SYMMETRISCHE KONSTRUKTION<\/h3>\n<p class=\"description\">Um den Inbegriff der Stereowiedergabe in dieser Komponente zu erreichen, hat der R-N2000A eine perfekt symmetrische, klappbare Konstruktion mit dem Netzteil in der Mitte und den Endstufenbl\u00f6cken an beiden Enden des Hauptger\u00e4ts. Dies verleiht dem Ger\u00e4t eine ideale Gewichtsverteilung und unterdr\u00fcckt unerw\u00fcnschte Effekte zwischen den Kan\u00e4len f\u00fcr eine herausragende Kanaltrennung. Das Ergebnis ist eine bemerkenswert reine Reproduktion aller Klanganteile\u00a0\u2013 genau so, wie sie sind.<\/p>\n<div id=\"d1560718\" class=\"heading-with-border-bottom-h2\">\n<div class=\"container-fluid\">\n<div class=\"page-header\">\n<h3>MUSICCAST<\/h3>\n<p>Der R-N2000A ist mit Yamahas einzigartigem MusicCast-Netzwerksystem ausgestattet. Zudem ist er mit einer Vielzahl von Streaming-Diensten wie Amazon Music HD und Spotify kompatibel, so dass Sie die au\u00dfergew\u00f6hnlich hohe Klangqualit\u00e4t der heutigen hochaufl\u00f6senden und verlustfreien Klangquellen in vollem Umfang und mit absoluter Wiedergabetreue genie\u00dfen k\u00f6nnen. Sie k\u00f6nnen damit auch Apple Music mit Airplay 2 streamen. Und mit dem MusicCast System k\u00f6nnen Sie ganz einfach \u00fcberall in Ihrem Haus Musik h\u00f6ren, indem Sie verschiedene MusicCast Ger\u00e4te mit nur einer App auf Ihrem Smartger\u00e4t verkn\u00fcpfen.<\/p>\n<\/div>\n<\/div>\n<\/div>\n<\/div>\n<\/div>\n<\/div>\n<\/div>\n<\/div>\n<\/div>\n<\/div>\n<\/div>\n<\/div>\n<\/div>\n<\/div>\n<\/div>\n<\/div>\n<\/div>\n","protected":false},"excerpt":{"rendered":"<p>Der <strong data-start=\"44\" data-end=\"63\">Yamaha R-N2000A<\/strong> ist ein hochwertiger Netzwerk-Vollverst\u00e4rker, der klassische HiFi-Technik mit modernem Streaming vereint. Mit kraftvoller Endstufe, ESS-SABRE-DAC, MusicCast-Plattform und YPAO-Raumkorrektur bietet er pr\u00e4zisen, dynamischen Klang f\u00fcr anspruchsvolle Stereo-Setups.<\/p>\n","protected":false},"featured_media":6355,"template":"","meta":{"_acf_changed":false},"product_brand":[433],"product_cat":[275],"product_tag":[],"class_list":{"0":"post-6354","1":"product","2":"type-product","3":"status-publish","4":"has-post-thumbnail","6":"product_brand-yamaha","7":"product_cat-streaming-verstaerker","9":"first","10":"instock","11":"shipping-taxable","12":"product-type-simple"},"acf":[],"_links":{"self":[{"href":"https:\/\/www.jupit.de\/produktwelt\/wp-json\/wp\/v2\/product\/6354","targetHints":{"allow":["GET"]}}],"collection":[{"href":"https:\/\/www.jupit.de\/produktwelt\/wp-json\/wp\/v2\/product"}],"about":[{"href":"https:\/\/www.jupit.de\/produktwelt\/wp-json\/wp\/v2\/types\/product"}],"wp:featuredmedia":[{"embeddable":true,"href":"https:\/\/www.jupit.de\/produktwelt\/wp-json\/wp\/v2\/media\/6355"}],"wp:attachment":[{"href":"https:\/\/www.jupit.de\/produktwelt\/wp-json\/wp\/v2\/media?parent=6354"}],"wp:term":[{"taxonomy":"product_brand","embeddable":true,"href":"https:\/\/www.jupit.de\/produktwelt\/wp-json\/wp\/v2\/product_brand?post=6354"},{"taxonomy":"product_cat","embeddable":true,"href":"https:\/\/www.jupit.de\/produktwelt\/wp-json\/wp\/v2\/product_cat?post=6354"},{"taxonomy":"product_tag","embeddable":true,"href":"https:\/\/www.jupit.de\/produktwelt\/wp-json\/wp\/v2\/product_tag?post=6354"}],"curies":[{"name":"wp","href":"https:\/\/api.w.org\/{rel}","templated":true}]}}