{"id":6342,"date":"2025-05-20T17:45:54","date_gmt":"2025-05-20T15:45:54","guid":{"rendered":"https:\/\/www.jupit.de\/produktwelt\/?post_type=product&#038;p=6342"},"modified":"2026-02-04T13:08:47","modified_gmt":"2026-02-04T12:08:47","slug":"dali-io-12","status":"publish","type":"product","link":"https:\/\/www.jupit.de\/produktwelt\/produkt\/kopfhoerer\/dali-io-12\/","title":{"rendered":"DALI IO-12 \u2013 High-End Over-Ear Kopfh\u00f6rer mit ANC"},"content":{"rendered":"<h2>DALI IO-12 &#8211; Referenz-Kopfh\u00f6rer f\u00fcr Musikgenuss, Reisen &amp; Zuhause<\/h2>\n<p>Vom Kopfb\u00fcgel und den Ohrpolstern aus echtem Leder bis hin zur 50-mm-Papierfasermembran und den bahnbrechenden SMC-Treibern enth\u00fcllen die IO-12s jedes musikalische Detail.<\/p>\n<p class=\"text-3xl md:text-4xl text-body\/body1 pb-2 font-bold\">ECHTER HI-FI-SOUND<\/p>\n<p class=\"text-xl md:text-2xl font-bold text-body\/body3 pb-2 md:pb-4\">H\u00f6chste Anspr\u00fcche an Design und Langlebigkeit.<\/p>\n<p class=\"text-base font-light text-body\/body1\">DALI-IO-12-Kopfh\u00f6rer wurden nach den gleichen Klangprinzipien wie unsere Lautsprecher in Standardgr\u00f6\u00dfe entwickelt und konstruiert. Mit Technologien wie unserem patentierten SMC-Magnetantriebsmaterial, dem verlustarmen Gummisurround, dem steifen Papierfaserkonus und den Geh\u00e4usen mit geringer Resonanz liefern die IO-12 dieselbe verlustarme Klangqualit\u00e4t mit ultimativer Klarheit und dynamischen F\u00e4higkeiten, die Sie von jedem DALI-Lautsprecher erwarten w\u00fcrden. Sie sind echte Hi-Fi-Lautsprecher f\u00fcr Ihren Kopf.<\/p>\n<p class=\"text-3xl md:text-4xl text-body\/body1 pb-2 font-bold\">N\u00c4HER AN DER REALIT\u00c4T<\/p>\n<p class=\"text-xl md:text-2xl font-bold text-body\/body3 pb-2 md:pb-4\">Weltneuheit in der Treibertechnologie<\/p>\n<p class=\"text-base font-light text-body\/body1\">Der IO-12 ist der weltweit erste Kopfh\u00f6rer, der \u00fcber ein SMC-Magnetsystem verf\u00fcgt. Unter Verwendung desselben Materials wie unsere High-End-EPICON-Lautsprecher reduziert der weichmagnetische Verbundwerkstoff Wirbelstr\u00f6me und Hystereseverluste erheblich, um eine ungleichm\u00e4\u00dfige harmonische Verzerrung drastisch zu verringern. Das Ergebnis ist ein kristallklarer, extrem verzerrungsfreier Klang, der Sie der Realit\u00e4t n\u00e4her bringt.<\/p>\n<div class=\"col-span-12 sm:col-start-1 sm:col-span-6 lg:col-start-2 lg:col-span-5 2xl:col-span-4 2xl:col-start-3 flex items-start lg:items-center\">\n<div>\n<p class=\"text-2xl lg:text-3xl text-body\/body1 font-light uppercase\"><strong>Soft Magnetic Composite<\/strong><\/p>\n<p class=\"text-4xl lg:text-5xl text-body\/body1 font-semibold\">Der patentierte SMC von DALI reduziert Verzerrungen und erweckt Musik zum Leben<\/p>\n<div class=\"col-start-1 col-span-12 md:col-start-2 md:col-span-10 lg:col-start-1 lg:col-span-6 xl:col-start-1 xl:col-span-5 flex items-center\">\n<div class=\"\">\n<p class=\"text-3xl md:text-4xl text-body\/body1 pb-2 font-bold\">KABELGEBUNDEN ODER KABELLOS<\/p>\n<p class=\"text-xl md:text-2xl font-bold text-body\/body3 pb-2 md:pb-4\">Die einzigen Kopfh\u00f6rer, die Sie jemals brauchen werden<\/p>\n<p class=\"text-base font-light text-body\/body1\">Ganz gleich, ob Sie \u00fcber die Hi-Fi-Anlage Ihre Vinylsammlung genie\u00dfen oder mit Ihrem Smartphone verbunden unterwegs Musik h\u00f6ren, die DALI IO-12 nutzen fortschrittliche Technologien wie Bluetooth\u00ae aptX Adaptive, um ein erstaunliches Musikerlebnis zu bieten, egal wie Sie sie verwenden.<\/p>\n<div class=\"col-start-1 col-span-12 md:col-start-2 md:col-span-10 lg:col-start-7 lg:col-span-6 xl:col-span-5 xl:col-start-8 flex items-center\">\n<div class=\"\">\n<p class=\"text-3xl md:text-4xl text-body\/body1 pb-2 font-bold\">AUDIOPHILE AKTIVE GER\u00c4USCHUNTERDR\u00dcCKUNG<\/p>\n<p class=\"text-xl md:text-2xl font-bold text-body\/body3 pb-2 md:pb-4\">Lassen Sie die Welt hinter sich.<\/p>\n<p class=\"text-base font-light text-body\/body1\">Schalten Sie alle Ablenkungen aus und genie\u00dfen Sie jedes Detail Ihrer Lieblingsmusik. Unsere hochmoderne aktive Ger\u00e4uschunterdr\u00fcckungstechnologie f\u00fcr Audiophile bietet ein wirklich immersives H\u00f6rerlebnis und blockiert dabei niederfrequente Ger\u00e4usche. Dank der drei AANC-Modi k\u00f6nnen Sie die IO-12 an Ihre Situation anpassen, egal, ob Sie sich zu Hause oder auf dem t\u00e4glichen Weg zur Arbeit entspannen.<\/p>\n<div class=\"col-start-1 col-span-12 md:col-start-2 md:col-span-10 lg:col-start-1 lg:col-span-6 xl:col-start-1 xl:col-span-5 flex items-center\">\n<div class=\"\">\n<p class=\"text-3xl md:text-4xl text-body\/body1 pb-2 font-bold\">35 STUNDEN AKKULAUFZEIT<\/p>\n<p class=\"text-xl md:text-2xl font-bold text-body\/body3 pb-2 md:pb-4\">Erweitertes H\u00f6ren zwischen den Ladevorg\u00e4ngen<\/p>\n<p class=\"text-base font-light text-body\/body1\">Ein fortschrittlicher Lithium-Ionen-Akku liefert bis zu 35 Stunden unvergleichliche Wiedergabe, sodass Sie mit einer einzigen Ladung ausgedehnten Musikgenuss genie\u00dfen k\u00f6nnen. Und dank der LED-Anzeige sowie der Sprachmitteilungen wissen Sie stets, wie viel Akku Ihnen noch bleibt.<\/p>\n<div class=\"col-start-1 col-span-12 md:col-start-2 md:col-span-10 lg:col-start-7 lg:col-span-6 xl:col-span-5 xl:col-start-8 flex items-center\">\n<div class=\"\">\n<p class=\"text-3xl md:text-4xl text-body\/body1 pb-2 font-bold\">DUAL SOUND MODES<\/p>\n<p class=\"text-xl md:text-2xl font-bold text-body\/body3 pb-2 md:pb-4\">Zwei Klangprofile ganz nach Ihrem Geschmack<\/p>\n<p class=\"text-base font-light text-body\/body1\">Passen Sie die Performance mit den Klangmodi \u201eHi-Fi\u201c und \u201eBass\u201c an Ihren eigenen Stil an. Egal, ob Sie Ihre Musik so m\u00f6gen, wie es der K\u00fcnstler beabsichtigt hat, oder ob Sie eine druckvollere, basslastigere Darbietung bevorzugen \u2013 die IO-12 erm\u00f6glichen es Ihnen, Ihre Musik genau so zu h\u00f6ren, wie Sie es m\u00f6chten.<\/p>\n<\/div>\n<\/div>\n<\/div>\n<\/div>\n<\/div>\n<\/div>\n<\/div>\n<\/div>\n<\/div>\n<\/div>\n","protected":false},"excerpt":{"rendered":"<p>Der DALI IO-12 ist ein kabelloser Premium-Over-Ear-Kopfh\u00f6rer mit aktivem Noise Cancelling, nat\u00fcrlichem DALI-Klang und hoher Verarbeitungsqualit\u00e4t \u2013 ideal f\u00fcr Musikliebhaber und Vielh\u00f6rer.<\/p>\n","protected":false},"featured_media":6343,"template":"","meta":{"_acf_changed":false},"product_brand":[499],"product_cat":[278],"product_tag":[],"class_list":{"0":"post-6342","1":"product","2":"type-product","3":"status-publish","4":"has-post-thumbnail","6":"product_brand-dali","7":"product_cat-kopfhoerer","9":"first","10":"instock","11":"shipping-taxable","12":"product-type-simple"},"acf":[],"_links":{"self":[{"href":"https:\/\/www.jupit.de\/produktwelt\/wp-json\/wp\/v2\/product\/6342","targetHints":{"allow":["GET"]}}],"collection":[{"href":"https:\/\/www.jupit.de\/produktwelt\/wp-json\/wp\/v2\/product"}],"about":[{"href":"https:\/\/www.jupit.de\/produktwelt\/wp-json\/wp\/v2\/types\/product"}],"wp:featuredmedia":[{"embeddable":true,"href":"https:\/\/www.jupit.de\/produktwelt\/wp-json\/wp\/v2\/media\/6343"}],"wp:attachment":[{"href":"https:\/\/www.jupit.de\/produktwelt\/wp-json\/wp\/v2\/media?parent=6342"}],"wp:term":[{"taxonomy":"product_brand","embeddable":true,"href":"https:\/\/www.jupit.de\/produktwelt\/wp-json\/wp\/v2\/product_brand?post=6342"},{"taxonomy":"product_cat","embeddable":true,"href":"https:\/\/www.jupit.de\/produktwelt\/wp-json\/wp\/v2\/product_cat?post=6342"},{"taxonomy":"product_tag","embeddable":true,"href":"https:\/\/www.jupit.de\/produktwelt\/wp-json\/wp\/v2\/product_tag?post=6342"}],"curies":[{"name":"wp","href":"https:\/\/api.w.org\/{rel}","templated":true}]}}