{"id":6339,"date":"2025-05-20T17:31:13","date_gmt":"2025-05-20T15:31:13","guid":{"rendered":"https:\/\/www.jupit.de\/produktwelt\/?post_type=product&#038;p=6339"},"modified":"2026-02-04T15:55:47","modified_gmt":"2026-02-04T14:55:47","slug":"roksan-attessa","status":"publish","type":"product","link":"https:\/\/www.jupit.de\/produktwelt\/produkt\/streaming-verstaerker\/roksan-attessa\/","title":{"rendered":"Roksan Attessa"},"content":{"rendered":"<h2>Roksan Attessa Streaming-Vollverst\u00e4rker<\/h2>\n<p>Unser Streaming-Verst\u00e4rker wurde komplett intern von unserem eigenen Ingenieursteam entwickelt und wird \u00fcber die BluOS-App gesteuert.<\/p>\n<p>Die f\u00fcr Ihr Zuhause und Ihren Alltag optimiert ist. Erleben Sie all Ihre Musik und steuern Sie all Ihre Ger\u00e4te \u00fcber ein einziges, intuitives Bedienelement. Musik h\u00f6ren &#8211; vereinfacht und verst\u00e4rkt.<\/p>\n<p>Zugegeben, bei den meisten klassischen Stereoverst\u00e4rkern ist heute nicht mehr viel von Innovationen zu sehen. Vor allem, wenn man aus der Warte eines Heimkinoenthusiasten auf die Sparte schaut, wo eigentlich immer was los ist. 4K-Streaming, neue Tonformate und Anschl\u00fcsse allenthalben. Aber wer gr\u00f6\u00dften Wert auf erstklassige Klangqualit\u00e4t legt, der kommt Ende dann eben doch wieder zu einem vollwertigen Stereoverst\u00e4rker zur\u00fcck.<\/p>\n<h3>Keine Revolution in Sicht \u2013 Aber Evolution auf h\u00f6chstem Niveau.<\/h3>\n<p>Wobei sich eben auch die Welt der Stereoverst\u00e4rker gewandelt hat. Hie\u00df es fr\u00fcher, aus einem kleinen Signal ein gro\u00dfes zu machen, bieten Verst\u00e4rker wie der Roksan Attessa Streaming Amplifier eine ganze Menge spannender Features. Dinge wie einen integrierten DAC, High-Res-Netzwerkstreaming via BluOS, Bluetooth, Analog-, Digital und USB-Anschl\u00fcsse und eine integrierte Phonostufe zum Anschluss des heimischen Plattenspielers. Also praktisch alles, was der moderne Musikliebhaber von heute sich w\u00fcnscht.<\/p>\n<h3>Macht auch optisch eine gute Figur \u2013 Ein Traum aus Stahl und Aluminium<\/h3>\n<p>Was die 80 Watt pro Kanal (bei 8 Ohm, 130 Watt pro Kanal an 4 Ohm) zu leisten im Stande sind, wird an sp\u00e4terer Stelle ausgiebig gepr\u00fcft; erstmal geht\u2019s um die Optik. Und die kann sich wirklich sehen lassen. Auf den neugierigen Betrachter wartet ein Geh\u00e4use aus stabilem Stahlblech mit einer aus dem Vollen gefr\u00e4sten Frontplatte aus Aluminium.<\/p>\n<h3>Hat den Dreh raus \u2013 Und Sie im Handumdrehen ebenfalls<\/h3>\n<p>Die Frontplatte wird dominiert vom gro\u00dfen, gut zu bedienenden Drehregler, der gleich zwei Funktionen erf\u00fcllt. Drehen Sie an ihm, regelt er die Lautst\u00e4rke rauf und runter. Dr\u00fccken Sie den Drehregler ein wenig ins Geh\u00e4use und drehen dann, schalten Sie die Eing\u00e4nge am Verst\u00e4rker durch. Simpel, aber clever!<\/p>\n<p>Dar\u00fcber hinaus gibt es keine klassischen Tasten und Regler mehr, die satt einrasten und einen \u201eanalogen\u201c Charme verspr\u00fchen, sondern drei Tasten zum Steuern der Musikwiedergabe, sowie ein in orange illuminiertes OLED-Display, welches die Lautst\u00e4rke und den aktuell ausgew\u00e4hlten Eingang anzeigt.<\/p>\n<p>Und wenn man mal komplett seine Ruhe haben m\u00f6chte (zum Musik h\u00f6ren), kann man sich des \u00fcberraschend leistungsf\u00e4higen Kopfh\u00f6rerverst\u00e4rkers mit 3,5 Millimeter Klinkenanschlusses bedienen, der dank 7,5 Vrms auch leistungshungrige Kopfh\u00f6rer spielend antreibt.<\/p>\n<h3>Anschluss gesucht \u2013 Und ganz schnell gefunden<\/h3>\n<p>Konsequent umgesetzt ist auch die R\u00fcckseite des Verst\u00e4rkers. Hier warten neben zwei Paar Lautsprecheranschl\u00fcssen zwei optische und zwei koaxiale Digitalanschl\u00fcsse, zwei USB-Anschl\u00fcsse f\u00fcr USB-Sticks und Festplatten sowie den im Lieferumfang enthaltenen WLAN-Dongle (dazu sp\u00e4ter mehr), zwei Paar analoge RCA-Eing\u00e4nge, ein Pre-Out sowie ein Phono-MM-Eingang f\u00fcr Plattenspieler mit standardm\u00e4\u00dfigen 47k Ohm und 56 pf und drei verschiedenen Gain-Einstellungen, um Tonabnehmer von 3 \u2013 12 mV anschlie\u00dfen zu k\u00f6nnen.<\/p>\n<p>Und eine kleine Besonderheit sei noch genannt: Alle Digitaleing\u00e4nge am Attessa Streaming Amplifier sind in der Lage, auch MQA-Audiodateien im Originalformat wiederzugeben. Also zum Beispiel auch \u00fcber den optional erh\u00e4ltlichen Attessa CD-Transport.<\/p>\n<h3>Der Spa\u00df kann beginnen- Mit der Installation der MaestroUnite-App\u2026<\/h3>\n<p>Der Verst\u00e4rker ist zwar direkt nutzbar, sein volles Potenzial erreicht er aber erst, wenn er ins heimische WLAN gebracht wurde und Zugang zum Netzwerk hat. Und das geht ganz einfach \u00fcber die f\u00fcr iOS und Android kostenfrei erh\u00e4ltliche MaestroUnite-App.<\/p>\n<p>\u00dcber die App l\u00e4sst der Verst\u00e4rker sich nicht nur ins Netzwerk integrieren, sondern auch gleich noch entsprechend feinjustieren mit Dingen wie der Benennung der Eing\u00e4nge und Eingangsempfindlichkeit (bzw. Gain), dem Gain f\u00fcr den Kopfh\u00f6reranschluss, Balance und der Wahl des Standby-Modus (Netzwerkstandby oder Energiesparmodus). Und Firmware-Updates lassen sich selbstverst\u00e4ndlich ebenfalls \u00fcber die App erledigen.<\/p>\n<h3>\u2026und weiter geht\u2019s mit der BluOS-App!<\/h3>\n<p>Nach der Ersteinrichtung geht es \u201eans Eingemachte\u201c \u2013 n\u00e4mlich dem Musik h\u00f6ren an sich. Essenzieller Bestandteil daf\u00fcr ist die BluOS-App \u00fcber die sich s\u00e4mtliche relevanten Streamingdienste wie beispielsweise Tidal, Qobuz oder Deezer gesteuert werden k\u00f6nnen, der bequeme Zugriff auf Freigaben im heimischen Netzwerk, Musik auf USB-Laufwerken und nat\u00fcrlich Internetradio.<\/p>\n<p>Die App an sich l\u00e4sst sich einfach bedienen und braucht nur wenige Minuten an Eingew\u00f6hnungszeit, bis man sie vollst\u00e4ndig verstanden hat. Dinge wie die Auswahl der Quellen oder die Einstellung der Lautst\u00e4rke geht also leicht und elegant von der Hand. Ebenfalls ein praktisches Feature: Es lassen sich bei der Eingangswahl des Verst\u00e4rkers drei BluOS-Presets einrichten, \u00fcber die sich beispielsweise Streaming-Playlisten oder Internetradiosender mit einem Klick abrufen lassen. Auch \u00fcber die Fernbedienung oder die Geh\u00e4usefront des Verst\u00e4rkers.<\/p>\n<h3>Watt ist nicht gleich Watt \u2013 Und der Attessa Streaming Amplifier beweist es<\/h3>\n<p>Auf dem Papier wirken 80 Watt Leistung pro Kanal (bei 8 Ohm) in der heutigen Zeit nicht wirklich \u00fcberragend. Vor allem, wenn dann Lautsprecher wie die ATC SCM20s vom Testautor Neil Gader mit schlanken 83 Dezibel Wirkungsgrad angetrieben werden sollen. Aber interessanterweise waren die Lautsprecher ziemlich gl\u00fccklich, vom Attessa angetrieben zu werden \u2013 und die Lautsprecher sind daf\u00fcr bekannt, m\u00fcrrisch zu reagieren, wenn sie nicht mit ausreichend hochwertiger Leistung versorgt werden.<\/p>\n<p>Aber wie so oft: Die Wattzahl ist nur ein Teil der Gleichung \u201eguter Klang\u201c. Und so klingen Verst\u00e4rker mit einer h\u00f6heren Leistung nicht unbedingt besser, sie sehen lediglich auf dem Papier leistungsf\u00e4higer aus\u2026<\/p>\n<h2>Aber wie klingt den der Roksan Attessa Vollverst\u00e4rker denn nun?! \u2013 Fragen wir den Tester!<\/h2>\n<p>Neil beschreibt den Attessa Streaming Amplifier als \u201eone rocking amp\u201c (also als \u201erichtig guten Verst\u00e4rker\u201c) mit einer Vielzahl an Talenten. Den kompletten Testzeitraum \u00fcber war er ein leistungsf\u00e4higes und unkompliziertes \u201eArbeitspferd\u201c ohne nennenswerte Kinderkrankheiten (die sonst bei einem brandneuen Produkt doch gern mal auftreten).<\/p>\n<p>Und das Wichtigste: Klanglich konnte er bei jedem Musikgenre mit fast jeder Aufnahme H\u00f6chstpunktzahlen einfahren. Er spielte unaufgeregt und homogen, ohne einzelne Frequenzb\u00e4nder zu vernachl\u00e4ssigen oder \u00fcberzubetonen oder Obert\u00f6ne und H\u00f6hen zu verf\u00e4lschen. Ob tiefe M\u00e4nnerstimmen oder Sopran, alles klang genau so, wie von der Natur vorgesehen. Der Mittelton klang erwachsen und nat\u00fcrlich, der Bass strukturiert und kontrolliert und der Hochton sanft und vielleicht etwas trockener.<\/p>\n<p>Mit anderen Worten: Der Roksan Attessa Streaming Amplifier klingt weder entspannt noch k\u00fchl oder klinisch; sein Klang ist viel mehr von einer makellosen Klarheit gepr\u00e4gt. Einmal mehr wurde dies im Vergleich mit dem Lumin S1 Netzwerkplayer klar. Der Lumin punktete mit dem dreidimensionaleren Klangbild und dem w\u00e4rmeren, analogen Charakter, der mit der trockeneren, weniger luftigen Gangart des Attessa kontrastierte. Aber als es um die Punkte Abbildungspr\u00e4zision, Homogenit\u00e4t Feindynamik ging, war das Rennen deutlich enger. Und da der Lumin als reiner Netzwerkstreamer allein bereits dreimal so teuer ist, wie ein ganzer Attessa Streaming Amplifier, kann man sich als Besitzer dieses Verst\u00e4rkers in Anbetracht der knappen Entscheidung ganz entspannt zur\u00fccklehnen und guten Gewissens genie\u00dfen.<\/p>\n","protected":false},"excerpt":{"rendered":"<p>Der <strong data-start=\"43\" data-end=\"61\">Roksan Attessa<\/strong> ist ein moderner Streaming-Vollverst\u00e4rker mit klarer Klangabstimmung, kraftvoller Endstufe und zeitgem\u00e4\u00dfem Design. Er verbindet pr\u00e4zise Musikwiedergabe mit einfacher Bedienung und vielseitigen Anschlussm\u00f6glichkeiten und eignet sich ideal f\u00fcr anspruchsvolle Stereo-Setups im modernen Wohnraum.<\/p>\n<p>Auch als reiner Vollverst\u00e4rker ohne Streaming-Modul zum Angebotspreis von \u20ac 999,- erh\u00e4ltlich.<\/p>\n","protected":false},"featured_media":6340,"template":"","meta":{"_acf_changed":false},"product_brand":[497],"product_cat":[275],"product_tag":[],"class_list":{"0":"post-6339","1":"product","2":"type-product","3":"status-publish","4":"has-post-thumbnail","6":"product_brand-roksan","7":"product_cat-streaming-verstaerker","9":"first","10":"instock","11":"sale","12":"shipping-taxable","13":"product-type-simple"},"acf":[],"_links":{"self":[{"href":"https:\/\/www.jupit.de\/produktwelt\/wp-json\/wp\/v2\/product\/6339","targetHints":{"allow":["GET"]}}],"collection":[{"href":"https:\/\/www.jupit.de\/produktwelt\/wp-json\/wp\/v2\/product"}],"about":[{"href":"https:\/\/www.jupit.de\/produktwelt\/wp-json\/wp\/v2\/types\/product"}],"wp:featuredmedia":[{"embeddable":true,"href":"https:\/\/www.jupit.de\/produktwelt\/wp-json\/wp\/v2\/media\/6340"}],"wp:attachment":[{"href":"https:\/\/www.jupit.de\/produktwelt\/wp-json\/wp\/v2\/media?parent=6339"}],"wp:term":[{"taxonomy":"product_brand","embeddable":true,"href":"https:\/\/www.jupit.de\/produktwelt\/wp-json\/wp\/v2\/product_brand?post=6339"},{"taxonomy":"product_cat","embeddable":true,"href":"https:\/\/www.jupit.de\/produktwelt\/wp-json\/wp\/v2\/product_cat?post=6339"},{"taxonomy":"product_tag","embeddable":true,"href":"https:\/\/www.jupit.de\/produktwelt\/wp-json\/wp\/v2\/product_tag?post=6339"}],"curies":[{"name":"wp","href":"https:\/\/api.w.org\/{rel}","templated":true}]}}