{"id":6337,"date":"2025-05-20T17:09:42","date_gmt":"2025-05-20T15:09:42","guid":{"rendered":"https:\/\/www.jupit.de\/produktwelt\/?post_type=product&#038;p=6337"},"modified":"2026-02-04T13:09:14","modified_gmt":"2026-02-04T12:09:14","slug":"audio-analogue-aadac","status":"publish","type":"product","link":"https:\/\/www.jupit.de\/produktwelt\/produkt\/digital-analog-wandler\/audio-analogue-aadac\/","title":{"rendered":"Audio Analogue AADAC Wandler"},"content":{"rendered":"<div class=\"icon-text\">\n<div class=\"icon-text__text\">\n<h2>Er geh\u00f6rt ebenso wie AAcento und AAphono zur PureAA-Reihe.<\/h2>\n<div>Es ist einProdukt, das perfekt in die Philosophie von Audio Analogue passt: einfaches Design,<\/div>\n<div>au\u00dfergew\u00f6hnliche Klangleistung, Sorgfalt in der Verarbeitung und in der Material-<\/div>\n<div>und Komponentenauswahl machen ihn zur perfekten Erg\u00e4nzung f\u00fcr Deine digitalen<\/div>\n<div>Quellen.<\/div>\n<\/div>\n<\/div>\n<div class=\"icon-text\">\n<div class=\"icon-text__icon anim-fade-up\"><\/div>\n<\/div>\n<div class=\"icon-text__text\">\n<div>AAdac hat eine Vielzahl von Funktionen und durch die Einstellungen k\u00f6nnen Sie die<\/div>\n<div>Intensit\u00e4t der LEDs regeln, den Kanalausgleich \u00e4ndern, einen der sieben<\/div>\n<div>verschiedenen digitalen Filter ausw\u00e4hlen und ihn auf Vorverst\u00e4rker-Modus einstellen.<\/div>\n<div>\n<div class=\"content split-anim-fade-up\">\n<div>\n<p dir=\"ltr\">Hochleistungs-D\/A-Wandler bis zu 32bit\/768Khz mit Sabre ES9038. Amanero USB-Konverter bis zu 32bit\/384KHz. Native DSD bis zu 512. 7 verschiedene digitale Filter.<\/p>\n<\/div>\n<div>\n<p dir=\"ltr\">Digitale Eing\u00e4nge SPDIF, Toslink, AES\/EBU. Hochwertiger schnurloser aptX\u00ae Bluetooth-Audio-Eingang (optional). Separate Karten f\u00fcr jede Stufe. Separate Netzteile f\u00fcr digitale und analoge Abschnitte.<\/p>\n<\/div>\n<div>\n<p dir=\"ltr\">Voll ausbalancierte Ausgangsstufe mit diskreten Audiograde-Komponenten, um die digitale Stufe mit sehr geringem Rauschen und sehr geringer Verzerrung perfekt zu unterst\u00fctzen.<\/p>\n<\/div>\n<div>\n<p dir=\"ltr\">Hochwertiger Kopfh\u00f6rerausgang. Kann im direkten (DAC) oder lautst\u00e4rkegeregelten Modus (DAC + Vorverst\u00e4rker) verwendet werden.<\/p>\n<\/div>\n<div>\n<p dir=\"ltr\">Die Treiber, um AAdac verbunden mit einem PC mit Windows-Betriebssystem zu verwenden, k\u00f6nnen unter folgendem Link heruntergeladen werden: <a href=\"http:\/\/amanero.com\/drivers.htm\">http:\/\/amanero.com\/drivers.htm<\/a>. Es sind keine Treiber f\u00fcr MAC-Computer erforderlich. Auf Anfrage kann er mit SW kompatibel zu Maschinen auf Linux-Basis geliefert werden.<\/p>\n<\/div>\n<div>\n<p dir=\"ltr\">Ausgestattet mit einer aus dem Vollen gefr\u00e4sten Fernbedienung aus Aluminium, ist er in den Ausf\u00fchrungen Aluminium Natur oder Schwarz Satin erh\u00e4ltlich.<\/p>\n<\/div>\n<\/div>\n<\/div>\n<\/div>\n","protected":false},"excerpt":{"rendered":"<p>Der <strong data-start=\"49\" data-end=\"73\">Audio Analogue AADAC<\/strong> ist ein hochwertiger Digital-Analog-Wandler mit puristischer Schaltung, diskretem Aufbau und musikalischer Abstimmung. Entwickelt f\u00fcr anspruchsvolle H\u00f6rer, bietet er pr\u00e4zise, nat\u00fcrliche Klangwiedergabe und ist die ideale Erg\u00e4nzung f\u00fcr hochwertige digitale Quellen im High-End-Stereo-System.<\/p>\n","protected":false},"featured_media":6338,"template":"","meta":{"_acf_changed":false},"product_brand":[493],"product_cat":[284],"product_tag":[],"class_list":{"0":"post-6337","1":"product","2":"type-product","3":"status-publish","4":"has-post-thumbnail","6":"product_brand-audio-analogue","7":"product_cat-digital-analog-wandler","9":"first","10":"instock","11":"shipping-taxable","12":"product-type-simple"},"acf":[],"_links":{"self":[{"href":"https:\/\/www.jupit.de\/produktwelt\/wp-json\/wp\/v2\/product\/6337","targetHints":{"allow":["GET"]}}],"collection":[{"href":"https:\/\/www.jupit.de\/produktwelt\/wp-json\/wp\/v2\/product"}],"about":[{"href":"https:\/\/www.jupit.de\/produktwelt\/wp-json\/wp\/v2\/types\/product"}],"wp:featuredmedia":[{"embeddable":true,"href":"https:\/\/www.jupit.de\/produktwelt\/wp-json\/wp\/v2\/media\/6338"}],"wp:attachment":[{"href":"https:\/\/www.jupit.de\/produktwelt\/wp-json\/wp\/v2\/media?parent=6337"}],"wp:term":[{"taxonomy":"product_brand","embeddable":true,"href":"https:\/\/www.jupit.de\/produktwelt\/wp-json\/wp\/v2\/product_brand?post=6337"},{"taxonomy":"product_cat","embeddable":true,"href":"https:\/\/www.jupit.de\/produktwelt\/wp-json\/wp\/v2\/product_cat?post=6337"},{"taxonomy":"product_tag","embeddable":true,"href":"https:\/\/www.jupit.de\/produktwelt\/wp-json\/wp\/v2\/product_tag?post=6337"}],"curies":[{"name":"wp","href":"https:\/\/api.w.org\/{rel}","templated":true}]}}