{"id":6333,"date":"2025-05-20T17:01:07","date_gmt":"2025-05-20T15:01:07","guid":{"rendered":"https:\/\/www.jupit.de\/produktwelt\/?post_type=product&#038;p=6333"},"modified":"2026-02-04T15:40:21","modified_gmt":"2026-02-04T14:40:21","slug":"audio-analogue-puccini","status":"publish","type":"product","link":"https:\/\/www.jupit.de\/produktwelt\/produkt\/stereo-verstaerker\/vollverstaerker\/audio-analogue-puccini\/","title":{"rendered":"Audio Analogue Puccini \u2013 High-End Vollverst\u00e4rker"},"content":{"rendered":"<h2>Kompakter High-End Vollverst\u00e4rker f\u00fcr audiophile Musikliebhaber<\/h2>\n<h3><strong>Zwanzig Jahre Audio Analogue, zwanzig Jahre Puccini:<\/strong><\/h3>\n<div>Die beiden Dinge gehen Hand in Hand. Der Puccini, erster Verst\u00e4rker von Audio Analogue und absoluter Meilenstein der High Fidelity Audio.<\/div>\n<div>Der Traum war es, den besten Puccini aller Zeiten zu kreieren, ein Produkt, das einen Wendepunkt in der Geschichte von Audio Analogue markiert und den Weg f\u00fcr die Produkte der Zukunft ebnet, die mit dem Ziel entwickelt w\u00fcrden, das Maximum an Klangleistung zu bieten und technisch sehr fortschrittlich zu sein.<\/div>\n<div>Das ist sicherlich ein schwieriges Unterfangen und um es zu verwirklichen, war etwas Einzigartiges notwendig, so dass sich eine in den Airtech-Werkst\u00e4tten gegr\u00fcndete Idee konsolidiert hat: einen integrierten Verst\u00e4rker ohne globale R\u00fcckkopplung und daher weniger empfindlich auf die Art der Ladung, die er steuert, ohne Tendenz zu schwanken, ohne Resonanzspitzen in hoher Frequenz zu realisieren, ohne S\u00e4ttigung in den Eingangsstufen und mit einer vollst\u00e4ndig balancierten Schaltung.<\/div>\n<div>\n<div class=\"content split-anim-fade-up\">\n<div>\n<p dir=\"ltr\">Schwermetallgeh\u00e4use, Vorderpanel aus 14mm dickem geb\u00fcrstetem Aluminium, Fernbedienung, Lautst\u00e4rkeregelung durch einen Encoder, der mit den vier digitalen Potentiometern von Analog Devices von hoher Pr\u00e4zision (zwei pro Kanal) kommuniziert.<\/p>\n<\/div>\n<div>\n<p dir=\"ltr\">Lautst\u00e4rke mit vier w\u00e4hlbaren Kurven, die auf der Empfindlichkeit des Lautsprechers basieren. Anzeige der Lautst\u00e4rke und des gew\u00e4hlten Eingangs \u00fcber wei\u00dfe LEDs mit zwei Helligkeitsstufen oder ausgeschaltet.<\/p>\n<\/div>\n<div>\n<p dir=\"ltr\">Eing\u00e4nge mit hochwertigen vergoldeten RCA-Anschl\u00fcssen mit Teflon-Isolierung, direkt an die Eingangskarte geschwei\u00dft und mit Aktivierung durch Signalrelais.<\/p>\n<\/div>\n<div>\n<p dir=\"ltr\">Alle Stufen des Verst\u00e4rkers sind auf unabh\u00e4ngigen Karten. Die Leiterplatten haben vergoldete Kupferbahnen mit doppelter Dicke im Vergleich zu Standardprodukten, um die elektrische Leitf\u00e4higkeit zu erh\u00f6hen.<\/p>\n<\/div>\n<div>\n<p dir=\"ltr\">Schaltung komplett dual-mono.<\/p>\n<\/div>\n<div>\n<p dir=\"ltr\">Transformator von 700VA, sechs Paare des On-Semiconductor Transistors (drei pro Kanal).<\/p>\n<\/div>\n<div>\n<p dir=\"ltr\">Innenverkabelung mit Leitern aus reinem Massivkupfer 7N OCC, Widerst\u00e4nde gem\u00e4\u00df milit\u00e4rischer Normen, Kondensatoren aus Polypropylen von Audiograde, vergoldete Ausgangsanschl\u00fcsse aus Kupfer.<\/p>\n<\/div>\n<div>\n<p dir=\"ltr\">Erh\u00e4ltlich in den Ausf\u00fchrungen Aluminium Natur oder Schwarz Satin.<\/p>\n<\/div>\n<\/div>\n<\/div>\n","protected":false},"excerpt":{"rendered":"<p data-start=\"443\" data-end=\"777\">Der <strong data-start=\"447\" data-end=\"473\">Audio Analogue Puccini<\/strong> ist ein hochwertiger Vollverst\u00e4rker, der sich durch pr\u00e4zise Klangwiedergabe, solides Leistungsverm\u00f6gen und ein elegantes, massiv verarbeitetes Geh\u00e4use auszeichnet. Er verbindet italienisches Design mit audiophiler Technik und bietet h\u00f6chsten H\u00f6rgenuss f\u00fcr Musikliebhaber und anspruchsvolle HiFi-Systeme.<\/p>\n<p data-start=\"779\" data-end=\"1159\">Die Klangabstimmung des Puccini ist ausgewogen und musikalisch, mit kontrolliertem Bass, klaren Mitten und detailreicher Darstellung \u2013 ideal f\u00fcr verschiedenste Musikgenres. Durch seine robuste Bauweise, hochwertige Komponenten und durchdachte Schaltung liefert er stabile Leistung und hervorragende Kontrolle \u00fcber angeschlossene Lautsprecher.<\/p>\n","protected":false},"featured_media":6334,"template":"","meta":{"_acf_changed":false},"product_brand":[493],"product_cat":[290],"product_tag":[],"class_list":{"0":"post-6333","1":"product","2":"type-product","3":"status-publish","4":"has-post-thumbnail","6":"product_brand-audio-analogue","7":"product_cat-vollverstaerker","9":"first","10":"instock","11":"shipping-taxable","12":"product-type-simple"},"acf":[],"_links":{"self":[{"href":"https:\/\/www.jupit.de\/produktwelt\/wp-json\/wp\/v2\/product\/6333","targetHints":{"allow":["GET"]}}],"collection":[{"href":"https:\/\/www.jupit.de\/produktwelt\/wp-json\/wp\/v2\/product"}],"about":[{"href":"https:\/\/www.jupit.de\/produktwelt\/wp-json\/wp\/v2\/types\/product"}],"wp:featuredmedia":[{"embeddable":true,"href":"https:\/\/www.jupit.de\/produktwelt\/wp-json\/wp\/v2\/media\/6334"}],"wp:attachment":[{"href":"https:\/\/www.jupit.de\/produktwelt\/wp-json\/wp\/v2\/media?parent=6333"}],"wp:term":[{"taxonomy":"product_brand","embeddable":true,"href":"https:\/\/www.jupit.de\/produktwelt\/wp-json\/wp\/v2\/product_brand?post=6333"},{"taxonomy":"product_cat","embeddable":true,"href":"https:\/\/www.jupit.de\/produktwelt\/wp-json\/wp\/v2\/product_cat?post=6333"},{"taxonomy":"product_tag","embeddable":true,"href":"https:\/\/www.jupit.de\/produktwelt\/wp-json\/wp\/v2\/product_tag?post=6333"}],"curies":[{"name":"wp","href":"https:\/\/api.w.org\/{rel}","templated":true}]}}