{"id":6329,"date":"2025-05-20T16:51:03","date_gmt":"2025-05-20T14:51:03","guid":{"rendered":"https:\/\/www.jupit.de\/produktwelt\/?post_type=product&#038;p=6329"},"modified":"2026-02-04T16:05:09","modified_gmt":"2026-02-04T15:05:09","slug":"dynaudio-special-forty","status":"publish","type":"product","link":"https:\/\/www.jupit.de\/produktwelt\/produkt\/lautsprecher\/kompaktlautsprecher\/dynaudio-special-forty\/","title":{"rendered":"Dynaudio Special Forty Kompaktlautsprecher"},"content":{"rendered":"<h2>Dynaudio Special Forty <br \/>Modernste Akustiktechnologie im klassischen Dynaudio Design<\/h2>\n<h3>Lorbeeren sind nicht zum Ausruhen da<\/h3>\n<div><strong>Manchmal \u00fcberraschen wir uns selbst. Nach 40 Jahren st\u00e4ndiger Innovation w\u00fcrde sich manch einer wohl damit begn\u00fcgen, sich zur\u00fcckzulehnen und zufrieden auf das Erreichte zu schauen. Nicht so Dynaudio. Tats\u00e4chlich hungern wir regelrecht nach neuen Verfahren und Technologien.<\/strong><\/div>\n<div>\n<p>Etwas Revolution\u00e4res werden Sie hier nicht finden. Stattdessen k\u00f6nnen Sie unsere Vergangenheit entdecken \u2013 und gleichzeitig einen ersten Blick in die Zukunft werfen. Die\u00a0Special Forty ist ein klassisches Dynaudio Produkt: Sie\u00a0beeindruckt durch Handwerkskunst, die Liebe zum Detail und die bedingungslose Liebe zu authentischem Klang, die\u00a0Sie seit jeher von uns erwarten d\u00fcrfen. Dies ist die erste Wahl des Kenners \u2013 ein Paar passiver Hi-Fi-Lautsprecher; nicht mehr und nicht weniger. Aber hier geht es nicht um tr\u00e4nenselige R\u00fcckschau auf vergangene Ruhmestaten \u2013 und vor allem nicht darum, sich mit dem Erreichten zufrieden zu geben. Nein \u2013 wir sehen das Erreichte als Grundlage f\u00fcr den n\u00e4chsten Durchbruch.<\/p>\n<h3><strong>Die gr\u00f6\u00dften Hits \u2026 neu interpretiert<\/strong><\/h3>\n<p>Wir verstehen seit jeher etwas von Kompaktlautsprechern. Und als Referenz an Klassiker wie unsere Special One, die Special Twenty-Five, die Crafft und die Contour 1.3SE haben wir uns bei der Special Forty f\u00fcr ein unverf\u00e4lschtes, klares Konzept entschieden \u2013 auf h\u00f6chstem technischen Niveau.Aber nat\u00fcrlich w\u00e4re dies kein Jubil\u00e4umslautsprecher, wenn er nicht mit einigen unserer gr\u00f6\u00dften Hits aufwarten k\u00f6nnte. Wir h\u00e4tten es uns nat\u00fcrlich einfach machen k\u00f6nnen \u2013 quasi die alte Band zusammenholen und die alten Nummern spielen, ohne M\u00fche, ohne Ver\u00e4nderungen. Stattdessen haben wir unsere Klassiker neu arrangiert, gemischt und gemastert. So, wie sie im Jahr 2017 \u2013 und weit dar\u00fcber hinaus \u2013 klingen sollten. So kommt bei der Special Forty unser klassisches Frequenzweichendesign mit unseren einzigartigen Phase-Alignment- und Impedance-Alignment-Technologien zum Einsatz. Die Frequenzweiche verteilt das Eingangssignal souver\u00e4n auf Tief- und Hocht\u00f6ner. So erh\u00e4lt jedes Chassis nur die ihm zugedachten Frequenzen und kann das Beste daraus machen. Ihre sorgf\u00e4ltig ausgew\u00e4hlten Komponenten sorgen f\u00fcr die Impedanzoptimierung. Und da beide Chassis mit ihren erweiterten Frequenzbereichen eine noch bessere \u00dcberlappung und Integration erm\u00f6glichen, ist das Resultat \u00fcberw\u00e4ltigend.<\/p>\n<h3><strong>The song remains the same<\/strong><\/h3>\n<p><strong>Bei\u00a0der\u00a0Special Forty wird f\u00fcr das Hauptchassis MSP (Magnesium-Silikat-Polymer) verwendet; ein von uns patentiertes Material. MSP zeichnet sich durch die optimale Kombination aus Starrheit, D\u00e4mpfung und Stabilit\u00e4t aus, die f\u00fcr unverf\u00e4lschte Klangwiedergabe erforderlich ist. Und im Gegensatz zu anderen Membranmaterialien ver\u00e4ndert es sich nicht im Laufe der Zeit. Und das hei\u00dft, dass die\u00a0Special Forty sich (und Ihnen) auch noch bei unserem n\u00e4chsten Jubil\u00e4um klanglich treu bleiben wird.<\/strong>Die Membran selbst zeichnet sich durch eine sorgf\u00e4ltigst konzipierte symmetrische Auslenkung aus, die f\u00fcr eine noch bessere Wiedergabe des mittleren Frequenzbereichs sorgt. Dahinter befindet sich die asymmetrische Zentrierspinne; unser passiver harmonischer Gleichrichter.\u00a0Sie minimiert Resonanzen im oberen Frequenzbereich. So wird es m\u00f6glich, nicht nur die Konturen einer Komposition noch genauer wahrzunehmen, sondern sogar einzelne Instrumente in einem Orchester herauszuh\u00f6ren. (Und damit kommen endlich auch einmal die dritten Violinen zu Geh\u00f6r und Anerkennung.) Und wie all unsere MSP-Membranen, so besteht auch diese aus einem St\u00fcck (was an den speziellen Ausgleichsrippen um die zentrale Staubschutzkappe zu erkennen ist). Damit entsteht eine unglaublich zuverl\u00e4ssige Verbindung zur Schwingspule, und die Form wird stabilisiert \u2013 und darauf kommt es an, wenn es dann doch mal richtig laut wird. All das befindet sich in unserem speziellen AirFlow-Korb \u2013 der Komponente, die das gesamte Chassissystem im Lautsprecher an seinem Platz h\u00e4lt. Die Entwicklung dieses Korbs war einer jener \u201eHeureka!\u201c-Momente, die unsere Entwickler in Dynaudio Labs offensichtlich alle paar Tage haben (in unserem Werk auf der anderen Seite der Stra\u00dfe kann man sie oft jubeln h\u00f6ren). Wir hatten sie um eine L\u00f6sung gebeten, bei der die bewegte Luftmenge erh\u00f6ht und interne Reflexionen reduziert werden, ohne dass dies zu Lasten der Starre und Stabilit\u00e4t des Korbes geht. Und so kamen sie zu einer wirklich genialen L\u00f6sung.<strong>K\u00f6nig der Luft(str\u00f6me)<\/strong><\/p>\n<p><strong>Der Esotar-Hocht\u00f6ner spielt in einer eigenen Klasse. Zun\u00e4chst versetzt er die Luft vor der pr\u00e4zisionsbeschichteten Gewebekalotte so in Schwingung, wie dies nur ein nach Dynaudio-Geheimrezept gefertigter Hocht\u00f6ner vermag. Aber auch hinter der B\u00fchne passiert hier technisch Bemerkenswertes.<\/strong>Schauen wir uns die Druckleitung an. Dies ist ein besonders geformtes Entl\u00fcftungsmodul hinter dem Hybrid-Magnetsystem, das uns mehr Freiraum im Geh\u00e4use l\u00e4sst. Dort k\u00f6nnen wir nun mehr D\u00e4mpfungsmaterial unterbringen und den Gegendruck verringern, w\u00e4hrend die Formgebung f\u00fcr eine optimierte Luftzirkulation hinter der Membran sorgt. Kommen wir zum luftgekoppelten Druckentlastungssystem. Es befindet sich unter der Schwingspule und reduziert die Entstehung von unerw\u00fcnschtem Druck, der dessen Bewegung einschr\u00e4nken k\u00f6nnte. Indem hier die Entstehung von Luftblasen verhindert wird, verringert sich die Resonanz \u2013 und weniger Resonanz bedeutet nat\u00fcrlich eine pr\u00e4zisere, detailreichere Wiedergabe.<strong>Magnetflussoptimierung und Signalf\u00fchrung<\/strong><\/p>\n<p><strong>Wir spielen allzu gerne mit den Gesetzen der Physik. Nat\u00fcrlich gewinnt die Physik letzten Endes \u2013 aber wir schaffen es eigentlich fast immer, das Ergebnis zu unseren Gunsten zu beeinflussen. So ist es auch bei unseren Magnetsystemen.<\/strong>Der Magnet verwandelt die elektrische Energie, die von Ihrem Verst\u00e4rker zur Schwingspule flie\u00dft, in mechanische Energie; die Bewegungen der Chassismembran in beide Richtungen. Dies sind (vor allem beim Hocht\u00f6ner) sehr kleine und sehr schnelle Bewegungen. Hier ist viel Finesse erforderlich, um zu gew\u00e4hrleisten, dass all die subtilen Details und die emotionale Kraft der wiedergegebenen Musik den Weg zum Ohr findet.<strong>Hinter dem Tieft\u00f6ner<\/strong><\/p>\n<p><strong>Beim Tieft\u00f6ner manifestiert sich diese Finesse auf zwei Arten: durch das Spiel mit der magnetischen Energie sowie die innerhalb der Schwingspule platzierten Magneten.<\/strong>Andere Hersteller platzieren den Magneten normalerweise um die Schwingspule, sodass diese innen hohl bleibt. Durch die Platzierung des Magneten innerhalb der Schwingspule bleibt die magnetische Energie (beziehungsweise der magnetische Fluss) in der optimalen Position, um die Schwingspule zu lenken \u2013 so, wie es sein soll. Damit k\u00f6nnen wir die gegebene Masse bestm\u00f6glich nutzen. Gleichzeitig werden interne Reflexionen reduziert, da es innerhalb des Chassis weniger Elemente gibt, an denen die Schallwellen reflektiert werden k\u00f6nnten. Zweitens verwenden wir einen Hybridmagneten, mit dem magnetischer Fluss und Schwingspulenbewegung noch besser gesteuert werden k\u00f6nnen. Ein unglaublich kraftvoller Neodym-Magnet sorgt f\u00fcr enorme Auslenkung. Ihm zur Seite steht ein Ferritmagnet, der den Magnetfluss dorthin lenkt, wo er am dringendsten ben\u00f6tigt wird. Das Ergebnis? Symmetrische Auslenkung, verminderte Frequenzverdoppelungen \u2013 und ein noch pr\u00e4ziserer, authentischerer Klang.<strong>2020 Finish Update<\/strong><\/p>\n<p>All diese bemerkenswerte Technologie geh\u00f6rt nat\u00fcrlich in ein au\u00dfergew\u00f6hnliches Geh\u00e4use. Und ob Sie sich hier nun f\u00fcr &#8222;Black Vine&#8220; oder &#8222;Ebony Wave&#8220; entscheiden: Ihre Augen werden ebenso erfreut sein wie Ihre Ohren. Bei unseren Jubil\u00e4umslautsprechern haben wir uns immer wieder etwas Besonderes geleistet. Denken wir an das Geh\u00e4use der Contour 1.3 SE aus edlem Vogelaugenahorn, die wundervoll gemaserte Birke beim Special Twenty-Five und die wundersch\u00f6nen Mocca-, Bordeaux- und Elfenbeinfurniervarianten der Sapphire. Die\u00a0Special Forty geht hier noch einen Schritt weiter. Wir haben das Designteam motiviert, nach vorne zu schauen und etwas v\u00f6llig Neues zu versuchen. Und das haben sie mit gro\u00dfem Erfolg getan. Unkonventionell, emotional und auffallend sollte es sein. Wir wollten, dass die\u00a0Special Forty auch optisch so authentisch und ehrlich wirkt wie die Musik, die sie\u00a0wiedergib und nun \u2013 viel Freude an unserem Geburtstagsgeschenk! Genie\u00dfen Sie die Party (und greifen Sie t\u00fcchtig bei den\u00a0<em>Fastelavnsbollern<\/em> zu; auch von s\u00fc\u00dfem Geb\u00e4ck verstehen die D\u00e4nen etwas).<\/p>\n<\/div>\n","protected":false},"excerpt":{"rendered":"<p>Der neue Jubil\u00e4umslautsprecher Special Forty repr\u00e4sentiert 40 Jahre Spitzenforschung \u2013 und bringt sie mit den bekanntesten Techniken und Technologien von Dynaudio auf den neuesten Stand.<\/p>\n","protected":false},"featured_media":6331,"template":"","meta":{"_acf_changed":false},"product_brand":[436],"product_cat":[277,301],"product_tag":[489,443,445,491,492],"class_list":{"0":"post-6329","1":"product","2":"type-product","3":"status-publish","4":"has-post-thumbnail","6":"product_brand-dynaudio","7":"product_cat-lautsprecher","8":"product_cat-kompaktlautsprecher","9":"product_tag-dynaudio","10":"product_tag-hifi","11":"product_tag-jupit","12":"product_tag-kompaktlautsprecher","13":"product_tag-musik","15":"first","16":"instock","17":"shipping-taxable","18":"product-type-simple"},"acf":[],"_links":{"self":[{"href":"https:\/\/www.jupit.de\/produktwelt\/wp-json\/wp\/v2\/product\/6329","targetHints":{"allow":["GET"]}}],"collection":[{"href":"https:\/\/www.jupit.de\/produktwelt\/wp-json\/wp\/v2\/product"}],"about":[{"href":"https:\/\/www.jupit.de\/produktwelt\/wp-json\/wp\/v2\/types\/product"}],"wp:featuredmedia":[{"embeddable":true,"href":"https:\/\/www.jupit.de\/produktwelt\/wp-json\/wp\/v2\/media\/6331"}],"wp:attachment":[{"href":"https:\/\/www.jupit.de\/produktwelt\/wp-json\/wp\/v2\/media?parent=6329"}],"wp:term":[{"taxonomy":"product_brand","embeddable":true,"href":"https:\/\/www.jupit.de\/produktwelt\/wp-json\/wp\/v2\/product_brand?post=6329"},{"taxonomy":"product_cat","embeddable":true,"href":"https:\/\/www.jupit.de\/produktwelt\/wp-json\/wp\/v2\/product_cat?post=6329"},{"taxonomy":"product_tag","embeddable":true,"href":"https:\/\/www.jupit.de\/produktwelt\/wp-json\/wp\/v2\/product_tag?post=6329"}],"curies":[{"name":"wp","href":"https:\/\/api.w.org\/{rel}","templated":true}]}}