{"id":6325,"date":"2025-05-20T16:36:15","date_gmt":"2025-05-20T14:36:15","guid":{"rendered":"https:\/\/www.jupit.de\/produktwelt\/?post_type=product&#038;p=6325"},"modified":"2026-02-04T13:10:18","modified_gmt":"2026-02-04T12:10:18","slug":"dynaudio-evoke-50","status":"publish","type":"product","link":"https:\/\/www.jupit.de\/produktwelt\/produkt\/lautsprecher\/standlautsprecher\/dynaudio-evoke-50\/","title":{"rendered":"Dynaudio Evoke 50"},"content":{"rendered":"<div>\n<div>\n<h2><strong>Dynaudio Evoke 50 Standlautsprecher<\/strong><\/h2>\n<p>Ein Paar Evoke 50 in einem Raum sind ein unmissverst\u00e4ndliches Statement:\u00a0 \u201eEs ist mir ernst\u201c.\u00a0 Erleben Sie Evoke in Stereo. Erleben Sie Evoke als Mehrkanal-Heimkinosystem. Wie auch immer Sie (mit) Evoke h\u00f6ren: Das Wort \u201eepisch\u201c wird Ihnen naheliegen.<\/p>\n<\/div>\n<div data-expand-text=\"{&quot;show-text&quot;: &quot;Beschreibung anzeigen&quot;, &quot;hide-text&quot;: &quot;Beschreibung verbergen&quot;, &quot;height&quot;: 150}\">\n<div>\n<div>\n<p>Die Evoke 50 ist ein Dreiwege-Standlautsprecher mit einem 28-mm-Gewebehocht\u00f6ner, einem 15-cm-Neodym-Mittelt\u00f6ner und zwei 18-cm-Tieft\u00f6nern.<\/p>\n<h2>Ganz oben der erste H\u00f6hepunkt<\/h2>\n<p>Die Evoke 50 ist mit dem neuesten Hocht\u00f6ner von Dynaudio best\u00fcckt: Cerotar. Dies ist eine konsequent von Grund auf neu entwickelte Komponente. Hier kommen Schl\u00fcsseltechnologien des preisgekr\u00f6nten Esotar Forty Hocht\u00f6ners, aus der fantastischen neuen Contour Serie und der technisch wie klanglich atemberaubenden neuen Confidence zum Einsatz. Unsere Entwickler sind sehr stolz darauf. Und das sollten sie auch sein.<\/p>\n<p>Direkt unter der Precision-Coating-Kalotte befindet sich die innere Kuppel: Hexis. Diese ausgekl\u00fcgelte Komponente befindet sich so nahe an der R\u00fcckseite der Membran, dass sie die Reflektion unerw\u00fcnschte Resonanzfrequenzen zu verhindern mag. Sie gl\u00e4ttet den Frequenzgang und sorgt f\u00fcr klarere, sauberere, seidigere H\u00f6hen. Sie werden also noch mehr Details h\u00f6ren \u2013 und feststellen, dass es in vertrauten Aufnahmen bislang ungeh\u00f6rte Triangeln und Zimbeln zu entdecken gibt.<\/p>\n<p>Herz des Cerotar ist ein v\u00f6llig neues Strontiumcarbonat Ferrite+ Keramikmagnetsystem. Es sorgt f\u00fcr eine h\u00f6here Empfindlichkeit, was aus musikalischer Perspektive schlichtweg mehr klangliche \u201eEhrlichkeit\u201c bedeutet. Anders formuliert: Sie werden h\u00f6ren, was Sie h\u00f6ren sollen. Und weil die Wiedergabe so sanft und nat\u00fcrlich ist, werden Sie viele Stunden lang zuh\u00f6ren k\u00f6nnen, ohne dass Ihre Ohren erm\u00fcden.<\/p>\n<h2><strong>Grundsolides Fundament<\/strong><\/h2>\n<p>Das klangliche Fundament schaffen zwei Esotec+ Tieftonlautsprecher mit jeweils 18 cm Durchmesser. Hier kommen \u2013 wie schon beim Cerotar-Hocht\u00f6ner \u2013 Technologien zum Einsatz, die f\u00fcr unsere hochpreisigen Lautsprecherserien Contour und Confidence entwickelt wurden. Die Evoke ist damit ganz die Tochter einer echten High-End-Familie.<\/p>\n<p>Die Tieft\u00f6ner werden aus dem von uns selbst entwickelten Material MSP (Magnesium-Silikat-Polymer) hergestellt. Seit der Dynaudio Anfangszeit verwenden wir es in unseren Lautsprechermembranen \u2013 und bislang haben nichts anderes gefunden, das in vergleichbarer Weise Leichtigkeit, Steifigkeit und D\u00e4mpfung verbindet. Und was nicht kaputt ist, muss man auch nicht reparieren.<\/p>\n<p>W\u00e4hrend aber nun beim Kompaktlautsprecher Evoke 20 im 18-cm-Tieft\u00f6ner Aluminium verwendet wird, kommt bei der Evoke 50 Kupfer zum Einsatz. Das liegt daran, dass es sich hier um reine Tieft\u00f6ner handelt. Bei diesen ist nicht dieselbe leichtf\u00fc\u00dfige Agilit\u00e4t wie bei einem dedizierten Mittelt\u00f6ner erforderlich, so dass wir die zu bewegende Masse erh\u00f6hen konnten. Die 0,4 mm dicke Membran ist jedoch dieselbe; ebenso wie der Ferrite+ Keramikmagnet. Sie profitieren damit von Kraft\u00a0<em>und<\/em>\u00a0Detailreichtum. Dies ist eine der L\u00f6sungen, die wir durch umfangreiche Analysen und Simulationen in unserer Messanlage Jupiter gefunden haben.<\/p>\n<p>Jede Lautsprechermembran wird aus einem einzigen St\u00fcck MSP hergestellt. Damit bekommen sie genau die richtige Steifigkeit. Gleichzeitig werden die physikalischen Verzerrungen bei der Wiedergabe vermindert. Es entsteht auch eine extrem belastbare physische Verbindung zum Glasfaser-Schwingspulentr\u00e4ger auf der R\u00fcckseite (er ist direkt unter den Balance Ribs angeklebt, die Sie um das Zentrum herum sehen). Das bedeutet, dass noch mehr Bewegungsenergie von der Schwingspule auf die Membran \u00fcbertragen werden kann.<\/p>\n<p>Nomex-Zentrierspinnen sorgen f\u00fcr die korrekte Ausrichtung und Bewegung des gesamten Ensembles. Die aus der neuen Contour abgeleitete Sicke wiederum sorgt f\u00fcr einen gr\u00f6\u00dferen Abstrahlbereich und dementsprechend mehr \u201ePunch\u201c.<\/p>\n<p>Im Sinne gr\u00f6\u00dfter Vielseitigkeit sind die beiden r\u00fcckseitigen Bassreflex\u00f6ffnungen au\u00dferdem mit zweiteiligen Schaumstoffeins\u00e4tzen ausgestattet. Diese erleichtern die klangliche Anpassung, wenn Sie umdekorieren oder umziehen. Sie erlauben drei Abstimmungsvarianten: vollst\u00e4ndig ge\u00f6ffnet, halb offen und vollst\u00e4ndig geschlossen. So k\u00f6nnen Sie die Basswiedergabe des Lautsprechers an dessen Position und die Klangcharakteristik des H\u00f6rraums anpassen.<\/p>\n<h2><strong>Dedizierter Mittelt\u00f6ner<\/strong><\/h2>\n<p>Die Evoke 50 ist der einzige Lautsprecher in dieser Lautsprecherserie, der \u00fcber einen dedizierten Mittelt\u00f6ner verf\u00fcgt. Daher haben sich die Entwickler der Dynaudio Labs hier f\u00fcr etwas Besonderes entschieden. Die 15 cm durchmessende Einheit stammt direkt aus unserer High-End-Produktreihe Contour. Und das hei\u00dft: Sie d\u00fcrfen sich auf einen kraftvollen Neodym-Magneten, eine 0,4 mm d\u00fcnne Membran sowie einen Glasfaser-Schwingspulentr\u00e4ger mit der charakteristischen Dynaudio Aluminiumschwingspule freuen.<\/p>\n<p>Warum Neodym und nicht Ferrite+ wie beim Tieftonlautsprecher? Weil dieses Element leicht und stark ist. Warum Aluminium und nicht Kupfer? Wiederum: weil es leicht ist (und wir beim selben Gewicht mehr Windungen auf der Schwingspule realisieren k\u00f6nnen). Diese Kombination von Eigenschaften erlaubt es unserem Team, die Auslenkung des Chassis mit enormer Pr\u00e4zision zu steuern. So lie\u00df sich auch eine perfekte klangliche Integration zwischen Hoch- und Tieft\u00f6ner realisieren<\/p>\n<p>Tats\u00e4chlich hat das Evoke-Team seine Arbeit hier so gut gemacht, dass Sie von diesem Mittelt\u00f6ner praktisch die Leistung auf dem Niveau einer Contour erwarten d\u00fcrfen.<\/p>\n<h2><strong>Ein einfacher und ehrlicher Stil<\/strong><\/h2>\n<p>Einen derart gro\u00dfen Lautsprecher so zu gestalten, dass er nicht sperrig und kastenf\u00f6rmig wirkt, ist keine leichte Aufgabe \u2013 aber die leitende Designerin Louise Dalgaard hat sich dieser Herausforderung angenommen. Und das Ergebnis ist umwerfend. Dies war das erste Evoke Modell, das auf Papier Gestalt annahm (und anschlie\u00dfend in der 3D-Software, als Tonmodell, als kompletter MDF-Prototyp und schlie\u00dflich auch als ganz reales Produkt).<\/p>\n<p>F\u00fcr Louise Dalgaard und die Mitglieder ihres Teams war es unabdingbar, dass die Evoke 50 in die H\u00e4user und das reale Leben von Menschen passen w\u00fcrde. Sie lie\u00dfen sich von M\u00f6belgestaltern, Innenarchitektur-Showcases und Modellh\u00e4usern inspirieren. Und nat\u00fcrlich sahen sie sich auch in ganz normalen Wohnungen und H\u00e4usern um.<\/p>\n<p>Das Ergebnis ist \u201eInstant Classic\u201c. Modern, \u201eretro\u201c, zeitlos und gleichzeitig topaktuell. Einen solchen Lautsprecher wird der Connaisseur auch noch in 30 Jahren mit Wohlgefallen betrachten \u2013 und m\u00f6glicherweise denken, dass im Vergleich dazu der Rest seiner Habseligkeiten ein wenig trist wirkt.<\/p>\n<p>Die Evoke 50 ist in vier ber\u00fcckend sch\u00f6nen Ausf\u00fchrungen erh\u00e4ltlich. Bei \u201eBlack High Gloss\u201c und \u201eWhite High Gloss\u201c wird ein neues Lackierungsverfahren verwendet, die dem Lautsprecher ein nahezu glasartiges, tiefes Aussehen verleiht. Am anderen Ende des Spektrums liegen die sch\u00f6nen offenen Naturfurniere der Varianten \u201eWalnut Wood\u201c und \u201eBlonde Wood\u201c.<\/p>\n<p>H\u00f6ren Sie Evoke \u2013 und entdecken Sie Ihre Liebe zur Musik noch einmal neu.<\/p>\n<\/div>\n<\/div>\n<\/div>\n<\/div>\n","protected":false},"excerpt":{"rendered":"<p>Die <strong data-start=\"46\" data-end=\"67\">Dynaudio Evoke 50<\/strong> ist ein eleganter Standlautsprecher mit kraftvollem, ausgewogenem Klang und exzellenter Detailaufl\u00f6sung. Mit hochwertigen Treibern, souver\u00e4nem Bassfundament und klarer Raumabbildung eignet sie sich ideal f\u00fcr gr\u00f6\u00dfere Wohnr\u00e4ume und anspruchsvolle Stereo-Setups.<\/p>\n","protected":false},"featured_media":6573,"template":"","meta":{"_acf_changed":false},"product_brand":[436],"product_cat":[277,299],"product_tag":[],"class_list":{"0":"post-6325","1":"product","2":"type-product","3":"status-publish","4":"has-post-thumbnail","6":"product_brand-dynaudio","7":"product_cat-lautsprecher","8":"product_cat-standlautsprecher","10":"first","11":"instock","12":"shipping-taxable","13":"product-type-simple"},"acf":[],"_links":{"self":[{"href":"https:\/\/www.jupit.de\/produktwelt\/wp-json\/wp\/v2\/product\/6325","targetHints":{"allow":["GET"]}}],"collection":[{"href":"https:\/\/www.jupit.de\/produktwelt\/wp-json\/wp\/v2\/product"}],"about":[{"href":"https:\/\/www.jupit.de\/produktwelt\/wp-json\/wp\/v2\/types\/product"}],"wp:featuredmedia":[{"embeddable":true,"href":"https:\/\/www.jupit.de\/produktwelt\/wp-json\/wp\/v2\/media\/6573"}],"wp:attachment":[{"href":"https:\/\/www.jupit.de\/produktwelt\/wp-json\/wp\/v2\/media?parent=6325"}],"wp:term":[{"taxonomy":"product_brand","embeddable":true,"href":"https:\/\/www.jupit.de\/produktwelt\/wp-json\/wp\/v2\/product_brand?post=6325"},{"taxonomy":"product_cat","embeddable":true,"href":"https:\/\/www.jupit.de\/produktwelt\/wp-json\/wp\/v2\/product_cat?post=6325"},{"taxonomy":"product_tag","embeddable":true,"href":"https:\/\/www.jupit.de\/produktwelt\/wp-json\/wp\/v2\/product_tag?post=6325"}],"curies":[{"name":"wp","href":"https:\/\/api.w.org\/{rel}","templated":true}]}}