{"id":6312,"date":"2025-05-15T18:01:59","date_gmt":"2025-05-15T16:01:59","guid":{"rendered":"https:\/\/www.jupit.de\/produktwelt\/?post_type=product&#038;p=6312"},"modified":"2026-02-04T15:40:51","modified_gmt":"2026-02-04T14:40:51","slug":"atoll-in-200-evolution","status":"publish","type":"product","link":"https:\/\/www.jupit.de\/produktwelt\/produkt\/stereo-verstaerker\/vollverstaerker\/atoll-in-200-evolution\/","title":{"rendered":"ATOLL IN 200 Evolution"},"content":{"rendered":"<h2><strong>Der kleine Referenz-Vollverst\u00e4rker von ATOLL <\/strong><strong>IN 200 Evolution<\/strong><\/h2>\n<p>Nicht nur \u00e4u\u00dferlich wurden beste Zutaten (wie die 8mm Frontplatte oder das Stahlgeh\u00e4use mit ergonomischen Bel\u00fcftungs\u00f6ffnungen) f\u00fcr diesen Verst\u00e4rker verwendet, auch das Innenleben strotzt nur so vor Leistungsf\u00e4higkeit. Der Doppel-Mono Aufbau garantiert beste Kanaltrennung, diskrete, symmetrisch aufgebaute Ein- und Ausgangsstufen sorgen f\u00fcr ATOLL-typischen Klang, zwei \u00fcberdimensionierte Netzteile versorgen die Endstufe deren Verst\u00e4rkung (sowie alle anderen Funktionen des IN200) bequem \u00fcber die im Lieferumfang enthaltene IR-Fernbedienung justiert werden kann.<\/p>\n<p>Die Lautst\u00e4rke sowie Zuspielger\u00e4te werden \u00fcber Drehkn\u00f6pfe ausgew\u00e4hlt (\u00fcber die IR-Fernbedienung auch direkt), das stromsparende und St\u00f6rarme OLED-Display informiert \u00fcber alle wichtigen Statusinformationen. F\u00fcr eine nahtlose Integration in Mehrkanalanlagen wurde auch gesorgt: der BY-PASS Eingang umschifft die Vorstufe und erlaubt die Verwendung des IN200 als reine Stereo-Endstufe.<\/p>\n<p>Und durch den\u00a0Trigger-Ausgang k\u00f6nnen Sie auch komfortabel eine Endstufe fernsteuern, zB, wenn Sie Ihre Lautsprecher im Bi-Amping betreiben wollen!<\/p>\n<p>Wer den IN200 auch gleich als <strong>Digital-Schaltzentrale <\/strong>verwenden m\u00f6chte kann ihn mit dem optionalen Digitalboard ausstatten.<br \/>\nDieses verf\u00fcgt \u00fcber einen AKM-Wandler sowie einem XMOS-Interface Chip und erm\u00f6glicht ein umfangreiches B\u00fcndel an Funktionen:<\/p>\n<ul role=\"list\">\n<li>2x coaxialer SPDIF-Eingang (bis 24\/192k)<\/li>\n<li>2x optischer SPDIF-Eingang (bis 24\/192k)<\/li>\n<li>Bluetooth Empf\u00e4nger (direkt digital an den AKM Wandler gekoppelt)<\/li>\n<li>USB-B Eingang mit XMOS verarbeitet:<\/li>\n<li>PCM: 16\/44k &#8211; 32\/384k asynchron<\/li>\n<li>DSD: DSD64 &amp; DSD128<\/li>\n<\/ul>\n<h2 class=\"heading-19\">Technische Daten<\/h2>\n<div class=\"w-richtext\">\n<ul role=\"list\">\n<li>Leistung Wrms \/ Kanal \/ 8 \u03a9: 120 W<\/li>\n<li>Leistung Wrms \/ Kanal \/ 4 \u03a9: 200 W<\/li>\n<li>Stromversorgung (VA): 2x 340 + 10<\/li>\n<li>Kondensatorkapazit\u00e4t (\u00b5F): 59&#8217;220<\/li>\n<li>Anzahl der Eing\u00e4nge: 5 + 1 Bypass<\/li>\n<li>Anzahl der Ausg\u00e4nge: 2 Pre-Out<\/li>\n<li>Trigger: 12V 3.5mm Klinke<\/li>\n<li>Eingangsimpedanz (k\u03a9): 220<\/li>\n<li>Empfindlichkeit (mV): 100<\/li>\n<li>Anstiegszeit (\u00b5s): 2.5<\/li>\n<li>\u00dcbertragungsbereich: 5 Hz &#8211; 100 kHz<\/li>\n<li>THD @ 1kHz, 10W: &lt; 0.05%<\/li>\n<li>Rauschabstand (dBA): 100<\/li>\n<li>Gewicht (kg): 12<\/li>\n<li>Abmessungen (mm): 440x95x309<\/li>\n<\/ul>\n<\/div>\n","protected":false},"excerpt":{"rendered":"<p>Der <strong data-start=\"233\" data-end=\"259\">ATOLL IN 200 Evolution<\/strong> ist ein kompakter Referenz-Vollverst\u00e4rker, der hohe Leistung, klangliche Pr\u00e4zision und modulare Erweiterbarkeit in einem eleganten Geh\u00e4use vereint. Mit kr\u00e4ftigem Netzteil, diskret aufgebauten Endstufen und optionalen Digital- und Phonomodulen bietet er audiophile Performance f\u00fcr anspruchsvolle Stereo-Setups.<\/p>\n","protected":false},"featured_media":6313,"template":"","meta":{"_acf_changed":false},"product_brand":[438],"product_cat":[290],"product_tag":[],"class_list":{"0":"post-6312","1":"product","2":"type-product","3":"status-publish","4":"has-post-thumbnail","6":"product_brand-atoll","7":"product_cat-vollverstaerker","9":"first","10":"instock","11":"shipping-taxable","12":"product-type-simple"},"acf":[],"_links":{"self":[{"href":"https:\/\/www.jupit.de\/produktwelt\/wp-json\/wp\/v2\/product\/6312","targetHints":{"allow":["GET"]}}],"collection":[{"href":"https:\/\/www.jupit.de\/produktwelt\/wp-json\/wp\/v2\/product"}],"about":[{"href":"https:\/\/www.jupit.de\/produktwelt\/wp-json\/wp\/v2\/types\/product"}],"wp:featuredmedia":[{"embeddable":true,"href":"https:\/\/www.jupit.de\/produktwelt\/wp-json\/wp\/v2\/media\/6313"}],"wp:attachment":[{"href":"https:\/\/www.jupit.de\/produktwelt\/wp-json\/wp\/v2\/media?parent=6312"}],"wp:term":[{"taxonomy":"product_brand","embeddable":true,"href":"https:\/\/www.jupit.de\/produktwelt\/wp-json\/wp\/v2\/product_brand?post=6312"},{"taxonomy":"product_cat","embeddable":true,"href":"https:\/\/www.jupit.de\/produktwelt\/wp-json\/wp\/v2\/product_cat?post=6312"},{"taxonomy":"product_tag","embeddable":true,"href":"https:\/\/www.jupit.de\/produktwelt\/wp-json\/wp\/v2\/product_tag?post=6312"}],"curies":[{"name":"wp","href":"https:\/\/api.w.org\/{rel}","templated":true}]}}